{"id":72,"date":"2024-06-11T15:41:08","date_gmt":"2024-06-11T15:41:08","guid":{"rendered":"https:\/\/rfid-laundry-tag.com\/?post_type=product&#038;p=72"},"modified":"2024-06-11T16:35:12","modified_gmt":"2024-06-11T16:35:12","slug":"pps-nfc-laundry-tag-ntag213","status":"publish","type":"product","link":"https:\/\/rfid-laundry-tag.com\/pt\/pps-nfc-laundry-tag-ntag213\/","title":{"rendered":"Etiqueta de lavanderia PPS NFC-Ntag213"},"content":{"rendered":"<div class=\"J_module\">\n<div class=\"ife-detail-decorate-table\">\n<table class=\"has-title all magic-6\">\n<tbody>\n<tr>\n<td colspan=\"1\" rowspan=\"1\">\n<div class=\"magic-7\" data-spm-anchor-id=\"a2700.details.0.i45.77607d98vZbcDU\"><span class=\"magic-8\" style=\"color: #363535;\">Nome do item<\/span><\/div>\n<\/td>\n<td colspan=\"1\" rowspan=\"1\">\n<div class=\"magic-9\">Etiqueta de lavanderia PPS NFC-Ntag213<\/div>\n<\/td>\n<\/tr>\n<tr>\n<td colspan=\"1\" rowspan=\"1\">\n<div class=\"magic-7\"><span class=\"magic-10\" data-spm-anchor-id=\"a2700.pc-decorate.0.i10.28d333330XLbTD\"><span class=\"magic-8\">Material<\/span><\/span><\/div>\n<\/td>\n<td colspan=\"1\" rowspan=\"1\">\n<div class=\"magic-9\"><span class=\"magic-8\">PPS<\/span><\/div>\n<\/td>\n<\/tr>\n<tr>\n<td colspan=\"1\" rowspan=\"1\">\n<div class=\"magic-7\"><span class=\"magic-8\">Cor<\/span><\/div>\n<\/td>\n<td colspan=\"1\" rowspan=\"1\">\n<div class=\"magic-9\"><span class=\"magic-8\">Preto, Amarelo etc.<\/span><\/div>\n<\/td>\n<\/tr>\n<tr>\n<td colspan=\"1\" rowspan=\"1\">Quantidade m\u00ednima<\/td>\n<td colspan=\"1\" rowspan=\"1\">500 unidades<\/td>\n<\/tr>\n<tr>\n<td colspan=\"1\" rowspan=\"1\">\n<div class=\"magic-7\"><span class=\"magic-8\">Fabricante\/Chip<\/span><\/div>\n<\/td>\n<td colspan=\"1\" rowspan=\"1\">\n<div class=\"magic-9\"><span class=\"magic-8\">NXP Ntag213 <\/span><\/div>\n<\/td>\n<\/tr>\n<tr>\n<td colspan=\"1\" rowspan=\"1\">\n<div class=\"magic-7\"><span class=\"magic-8\">Frequ\u00eancia<\/span><\/div>\n<\/td>\n<td colspan=\"1\" rowspan=\"1\">\n<div class=\"magic-9\"><span class=\"magic-8\">13,56 MHz<\/span><\/div>\n<\/td>\n<\/tr>\n<tr>\n<td colspan=\"1\" rowspan=\"1\">\n<div class=\"magic-7\"><span class=\"magic-8\">Mem\u00f3ria<\/span><\/div>\n<\/td>\n<td colspan=\"1\" rowspan=\"1\">\n<div class=\"magic-9\"><span class=\"magic-8\">144 bytes<\/span><\/div>\n<\/td>\n<\/tr>\n<tr>\n<td colspan=\"1\" rowspan=\"1\">\n<div class=\"magic-7\"><span class=\"magic-8\">Ler dist\u00e2ncia<\/span><\/div>\n<\/td>\n<td colspan=\"1\" rowspan=\"1\">\n<div class=\"magic-9\"><span class=\"magic-8\">1 ~ 5 cm<\/span><\/div>\n<\/td>\n<\/tr>\n<tr>\n<td colspan=\"1\" rowspan=\"1\">\n<div class=\"magic-7\"><span class=\"magic-8\">Modo de trabalho<\/span><\/div>\n<\/td>\n<td colspan=\"1\" rowspan=\"1\">\n<div class=\"magic-9\"><span class=\"magic-8\">passiva<\/span><\/div>\n<\/td>\n<\/tr>\n<tr>\n<td colspan=\"1\" rowspan=\"1\">\n<div class=\"magic-7\"><span class=\"magic-8\">Temperatura de trabalho<\/span><\/div>\n<\/td>\n<td colspan=\"1\" rowspan=\"1\">\n<div class=\"magic-9\"><span class=\"magic-8\">-25\u2103~+110\u2103<\/span><\/div>\n<\/td>\n<\/tr>\n<tr>\n<td colspan=\"1\" rowspan=\"1\">\n<div class=\"magic-7\"><span class=\"magic-8\">Temperatura de armazenamento<\/span><\/div>\n<\/td>\n<td colspan=\"1\" rowspan=\"1\">\n<div class=\"magic-9\"><span class=\"magic-8\">-40\u2103~+85\u2103<\/span><\/div>\n<\/td>\n<\/tr>\n<tr>\n<td colspan=\"1\" rowspan=\"1\">\n<div class=\"magic-7\">\n<div><span class=\"magic-8\">\u00a0<\/span><\/div>\n<p><span class=\"magic-8\">Resist\u00eancia \u00e0 temperatura de curto prazo<\/span><\/p>\n<\/div>\n<\/td>\n<td colspan=\"1\" rowspan=\"1\">\n<div class=\"magic-9\"><span class=\"magic-8\">lavagem: 90\u2103, 15 minutos; pr\u00e9-secagem do conversor: 180\u2103, 30 minutos, 200 vezes; passar a ferro: 180\u2103, 10 segundos, 200 vezes; alta<br \/>\nesteriliza\u00e7\u00e3o de temperatura: 135\u2103, 20 minutos<\/span><\/div>\n<\/td>\n<\/tr>\n<tr>\n<td colspan=\"1\" rowspan=\"1\">\n<div class=\"magic-7\"><span class=\"magic-8\">Caracter\u00edsticas<\/span><\/div>\n<\/td>\n<td colspan=\"1\" rowspan=\"1\">\n<div class=\"magic-9\"><span class=\"magic-8\">imperme\u00e1vel, lav\u00e1vel e resistente a altas temperaturas<\/span><\/div>\n<\/td>\n<\/tr>\n<tr>\n<td colspan=\"1\" rowspan=\"1\">\n<div class=\"magic-7\"><span class=\"magic-8\">Vida<\/span><\/div>\n<\/td>\n<td colspan=\"1\" rowspan=\"1\">\n<div class=\"magic-9\"><span class=\"magic-8\">lavar 200 vezes ou 3 anos<\/span><\/div>\n<\/td>\n<\/tr>\n<tr>\n<td colspan=\"1\" rowspan=\"1\">\n<div class=\"magic-7\"><span class=\"magic-8\">Formul\u00e1rios<\/span><\/div>\n<\/td>\n<td colspan=\"1\" rowspan=\"1\">\n<div class=\"magic-9\"><span class=\"magic-8\">gerenciamento e rastreamento de lavanderia<\/span><\/div>\n<\/td>\n<\/tr>\n<\/tbody>\n<\/table>\n<\/div>\n<\/div>\n<div class=\"J_module\">\n<div class=\"detail-decorate-json-renderer-container\">\n<div class=\"magic-1\">\n<div>\n<div><\/div>\n<div class=\"auto-hide-last-sibling-br paragraph_1252f paragraph-element\"><strong>Chip NTAG213 da etiqueta de lavanderia NFC<\/strong><\/div>\n<ul class=\"auto-hide-last-sibling-br\">\n<li>Fabricante: NXP Semiconductors<\/li>\n<li>Tipo de chip: NTAG213 (ISO\/IEC 14443 A)<\/li>\n<li>Mem\u00f3ria: 144 bytes de mem\u00f3ria total, divididos em 42 p\u00e1ginas (4 bytes cada)<\/li>\n<li>Permitir leitura e escrita<\/li>\n<li>Recurso de espelho UID ASCII<\/li>\n<li>Assinatura de Originalidade Integrada<\/li>\n<li>Compat\u00edvel com NFC Forum Tipo 2 Tag<\/li>\n<\/ul>\n<\/div>\n<div class=\"magic-2\">\n<div class=\"auto-hide-last-sibling-br paragraph_1252f paragraph-element\">\n<div class=\"auto-hide-last-sibling-br paragraph_1252f paragraph-element\">As etiquetas de lavanderia PPS NFC com chips NTAG213 s\u00e3o uma excelente escolha para ambientes que exigem alta durabilidade e rastreamento confi\u00e1vel, como lavanderias comerciais e industriais, armaz\u00e9ns e empresas de log\u00edstica. Com seu robusto inv\u00f3lucro de pl\u00e1stico PPS, elas podem resistir efetivamente a desafios ambientais como umidade, \u00f3leos, produtos qu\u00edmicos, altas press\u00f5es e altas temperaturas.<\/div>\n<p>&nbsp;<\/p>\n<div class=\"auto-hide-last-sibling-br paragraph_1252f paragraph-element\">As principais vantagens da etiqueta de lavanderia NFC com chips NTAG213 incluem:<\/div>\n<p>&nbsp;<\/p>\n<div class=\"auto-hide-last-sibling-br paragraph_1252f paragraph-element\"><strong>Mem\u00f3ria protegida por senha:<\/strong>\u00a0Com o recurso de prote\u00e7\u00e3o por senha do NTAG213, voc\u00ea pode proteger os dados armazenados na etiqueta, adicionando uma camada extra de seguran\u00e7a para evitar acesso ou altera\u00e7\u00f5es n\u00e3o autorizadas.<\/div>\n<p>&nbsp;<\/p>\n<div class=\"auto-hide-last-sibling-br paragraph_1252f paragraph-element\"><strong>Excelente dist\u00e2ncia de digitaliza\u00e7\u00e3o:<\/strong>\u00a0Embora o NFC tenha sido projetado para comunica\u00e7\u00e3o de curto alcance, o chip NTAG213 foi desenvolvido para fornecer uma excelente dist\u00e2ncia de digitaliza\u00e7\u00e3o, permitindo um rastreamento de itens mais r\u00e1pido e preciso.<\/div>\n<p>&nbsp;<\/p>\n<div class=\"auto-hide-last-sibling-br paragraph_1252f paragraph-element\"><strong>Recurso anticolis\u00e3o real:<\/strong>\u00a0Este recurso permite que o dispositivo leitor escaneie e interaja com v\u00e1rias tags simultaneamente. Isso \u00e9 \u00fatil em situa\u00e7\u00f5es em que um grande n\u00famero de itens precisa ser rastreado de uma vez, como em lotes de roupas para lavar ou paletes em dep\u00f3sitos.<\/div>\n<p>&nbsp;<\/p>\n<div class=\"auto-hide-last-sibling-br paragraph_1252f paragraph-element\"><strong>Aplica\u00e7\u00e3o flex\u00edvel:<\/strong>\u00a0As etiquetas NFC PPS Laundry podem ser costuradas em tecidos ou fixadas em diversas superf\u00edcies, o que as torna vers\u00e1teis para rastrear n\u00e3o apenas roupas de cama, mas tamb\u00e9m ferramentas, equipamentos ou quaisquer outros itens que precisem suportar condi\u00e7\u00f5es adversas.<\/div>\n<div class=\"auto-hide-last-sibling-br paragraph_1252f paragraph-element\"><\/div>\n<\/div>\n<\/div>\n<\/div>\n<\/div>\n<\/div>","protected":false},"excerpt":{"rendered":"<div class=\"auto-hide-last-sibling-br paragraph_1252f paragraph-element\">A etiqueta de lavanderia RFID PPS, mais conhecida como etiqueta de lavanderia NFC, foi projetada expressamente para aplica\u00e7\u00f5es que necessitam de uma etiqueta robusta capaz de suportar condi\u00e7\u00f5es operacionais rigorosas. Atualmente, o mercado convencional gravita em torno dos transponders de lavanderia UHF. No entanto, algumas circunst\u00e2ncias exigem etiquetas NFC para lavanderia compat\u00edveis com aplicativos m\u00f3veis. Esses transponders de lavanderia estilo bot\u00e3o RFID atendem com efici\u00eancia a esses requisitos.<\/div>","protected":false},"featured_media":73,"template":"","meta":{"_kad_post_transparent":"default","_kad_post_title":"","_kad_post_layout":"default","_kad_post_sidebar_id":"","_kad_post_content_style":"default","_kad_post_vertical_padding":"default","_kad_post_feature":"","_kad_post_feature_position":"","_kad_post_header":false,"_kad_post_footer":false,"_kad_post_classname":""},"product_brand":[],"product_cat":[21,17],"product_tag":[37,42,35],"class_list":{"0":"post-72","1":"product","2":"type-product","3":"status-publish","4":"has-post-thumbnail","6":"product_cat-pps-rfid-laundry-tag","7":"product_cat-nfc-rfid-laundry-tag","8":"product_tag-nfc-button","9":"product_tag-pps-nfc-laundry-tag","10":"product_tag-rfid-button","12":"first","13":"instock","14":"shipping-taxable","15":"product-type-simple","16":"entry","17":"content-bg","18":"loop-entry"},"_links":{"self":[{"href":"https:\/\/rfid-laundry-tag.com\/pt\/wp-json\/wp\/v2\/product\/72","targetHints":{"allow":["GET"]}}],"collection":[{"href":"https:\/\/rfid-laundry-tag.com\/pt\/wp-json\/wp\/v2\/product"}],"about":[{"href":"https:\/\/rfid-laundry-tag.com\/pt\/wp-json\/wp\/v2\/types\/product"}],"version-history":[{"count":0,"href":"https:\/\/rfid-laundry-tag.com\/pt\/wp-json\/wp\/v2\/product\/72\/revisions"}],"wp:featuredmedia":[{"embeddable":true,"href":"https:\/\/rfid-laundry-tag.com\/pt\/wp-json\/wp\/v2\/media\/73"}],"wp:attachment":[{"href":"https:\/\/rfid-laundry-tag.com\/pt\/wp-json\/wp\/v2\/media?parent=72"}],"wp:term":[{"taxonomy":"product_brand","embeddable":true,"href":"https:\/\/rfid-laundry-tag.com\/pt\/wp-json\/wp\/v2\/product_brand?post=72"},{"taxonomy":"product_cat","embeddable":true,"href":"https:\/\/rfid-laundry-tag.com\/pt\/wp-json\/wp\/v2\/product_cat?post=72"},{"taxonomy":"product_tag","embeddable":true,"href":"https:\/\/rfid-laundry-tag.com\/pt\/wp-json\/wp\/v2\/product_tag?post=72"}],"curies":[{"name":"wp","href":"https:\/\/api.w.org\/{rel}","templated":true}]}}