{"id":70,"date":"2024-06-11T14:43:51","date_gmt":"2024-06-11T14:43:51","guid":{"rendered":"https:\/\/rfid-laundry-tag.com\/?post_type=product&#038;p=70"},"modified":"2024-06-14T13:38:47","modified_gmt":"2024-06-14T13:38:47","slug":"uhf-rfid-laundry-tag-pps-material","status":"publish","type":"product","link":"https:\/\/rfid-laundry-tag.com\/pt\/uhf-rfid-laundry-tag-pps-material\/","title":{"rendered":"Etiqueta de lavanderia UHF RFID | Material PPS"},"content":{"rendered":"<div class=\"J_module\">\n<div class=\"ife-detail-decorate-table\">\n<table class=\"has-title all magic-6\">\n<tbody>\n<tr>\n<td colspan=\"1\" rowspan=\"1\">\n<div class=\"magic-7\" data-spm-anchor-id=\"a2700.details.0.i45.77607d98vZbcDU\"><span class=\"magic-8\" style=\"color: #363535;\">Nome do item<\/span><\/div>\n<\/td>\n<td colspan=\"1\" rowspan=\"1\">\n<div class=\"magic-9\"><span class=\"magic-8\">Etiqueta de lavanderia UHF RFID PPS<\/span><\/div>\n<\/td>\n<\/tr>\n<tr>\n<td colspan=\"1\" rowspan=\"1\">\n<div class=\"magic-7\"><span class=\"magic-10\" data-spm-anchor-id=\"a2700.pc-decorate.0.i10.28d333330XLbTD\"><span class=\"magic-8\">Material<\/span><\/span><\/div>\n<\/td>\n<td colspan=\"1\" rowspan=\"1\">\n<div class=\"magic-9\"><span class=\"magic-8\">PPS<\/span><\/div>\n<\/td>\n<\/tr>\n<tr>\n<td colspan=\"1\" rowspan=\"1\">\n<div class=\"magic-7\"><span class=\"magic-8\">Cor<\/span><\/div>\n<\/td>\n<td colspan=\"1\" rowspan=\"1\">\n<div class=\"magic-9\"><span class=\"magic-8\">Preto<\/span><\/div>\n<\/td>\n<\/tr>\n<tr>\n<td colspan=\"1\" rowspan=\"1\">Quantidade m\u00ednima<\/td>\n<td colspan=\"1\" rowspan=\"1\">500 unidades<\/td>\n<\/tr>\n<tr>\n<td colspan=\"1\" rowspan=\"1\">\n<div class=\"magic-7\"><span class=\"magic-8\">Fabricante\/Chip<\/span><\/div>\n<\/td>\n<td colspan=\"1\" rowspan=\"1\">\n<div class=\"magic-9\"><span class=\"magic-8\">NXP UCODE 8, UCODE 9<\/span><\/div>\n<\/td>\n<\/tr>\n<tr>\n<td colspan=\"1\" rowspan=\"1\">\n<div class=\"magic-7\"><span class=\"magic-8\">Frequ\u00eancia<\/span><\/div>\n<\/td>\n<td colspan=\"1\" rowspan=\"1\">\n<div class=\"magic-9\"><span class=\"magic-8\">860-960MHz\/<\/span><\/div>\n<\/td>\n<\/tr>\n<tr>\n<td colspan=\"1\" rowspan=\"1\">\n<div class=\"magic-7\"><span class=\"magic-8\">Mem\u00f3ria<\/span><\/div>\n<\/td>\n<td colspan=\"1\" rowspan=\"1\">\n<div class=\"magic-9\"><span class=\"magic-8\">96 bits\/128 bits<\/span><\/div>\n<\/td>\n<\/tr>\n<tr>\n<td colspan=\"1\" rowspan=\"1\">\n<div class=\"magic-7\"><span class=\"magic-8\">Ler dist\u00e2ncia<\/span><\/div>\n<\/td>\n<td colspan=\"1\" rowspan=\"1\">\n<div class=\"magic-9\"><span class=\"magic-8\">1-6m<\/span><\/div>\n<\/td>\n<\/tr>\n<tr>\n<td colspan=\"1\" rowspan=\"1\">\n<div class=\"magic-7\"><span class=\"magic-8\">Modo de trabalho<\/span><\/div>\n<\/td>\n<td colspan=\"1\" rowspan=\"1\">\n<div class=\"magic-9\"><span class=\"magic-8\">passiva<\/span><\/div>\n<\/td>\n<\/tr>\n<tr>\n<td colspan=\"1\" rowspan=\"1\">\n<div class=\"magic-7\"><span class=\"magic-8\">Temperatura de trabalho<\/span><\/div>\n<\/td>\n<td colspan=\"1\" rowspan=\"1\">\n<div class=\"magic-9\"><span class=\"magic-8\">-25\u2103~+110\u2103<\/span><\/div>\n<\/td>\n<\/tr>\n<tr>\n<td colspan=\"1\" rowspan=\"1\">\n<div class=\"magic-7\"><span class=\"magic-8\">Temperatura de armazenamento<\/span><\/div>\n<\/td>\n<td colspan=\"1\" rowspan=\"1\">\n<div class=\"magic-9\"><span class=\"magic-8\">-40\u2103~+85\u2103<\/span><\/div>\n<\/td>\n<\/tr>\n<tr>\n<td colspan=\"1\" rowspan=\"1\">\n<div class=\"magic-7\">\n<div><span class=\"magic-8\">\u00a0<\/span><\/div>\n<p><span class=\"magic-8\">Resist\u00eancia \u00e0 temperatura de curto prazo<\/span><\/p>\n<\/div>\n<\/td>\n<td colspan=\"1\" rowspan=\"1\">\n<div class=\"magic-9\"><span class=\"magic-8\">lavagem: 90\u2103, 15 minutos; pr\u00e9-secagem do conversor: 180\u2103, 30 minutos, 200 vezes; passar a ferro: 180\u2103, 10 segundos, 200 vezes; alta<br \/>\nesteriliza\u00e7\u00e3o de temperatura: 135\u2103, 20 minutos<\/span><\/div>\n<\/td>\n<\/tr>\n<tr>\n<td colspan=\"1\" rowspan=\"1\">\n<div class=\"magic-7\"><span class=\"magic-8\">Caracter\u00edsticas<\/span><\/div>\n<\/td>\n<td colspan=\"1\" rowspan=\"1\">\n<div class=\"magic-9\"><span class=\"magic-8\">imperme\u00e1vel, lav\u00e1vel e resistente a altas temperaturas<\/span><\/div>\n<\/td>\n<\/tr>\n<tr>\n<td colspan=\"1\" rowspan=\"1\">\n<div class=\"magic-7\"><span class=\"magic-8\">Vida<\/span><\/div>\n<\/td>\n<td colspan=\"1\" rowspan=\"1\">\n<div class=\"magic-9\"><span class=\"magic-8\">lavar 200 vezes ou 3 anos<\/span><\/div>\n<\/td>\n<\/tr>\n<tr>\n<td colspan=\"1\" rowspan=\"1\">\n<div class=\"magic-7\"><span class=\"magic-8\">Formul\u00e1rios<\/span><\/div>\n<\/td>\n<td colspan=\"1\" rowspan=\"1\">\n<div class=\"magic-9\"><span class=\"magic-8\">gerenciamento e rastreamento de lavanderia<\/span><\/div>\n<\/td>\n<\/tr>\n<\/tbody>\n<\/table>\n<\/div>\n<\/div>\n<div class=\"J_module\">\n<div class=\"detail-decorate-json-renderer-container\">\n<div class=\"magic-1\">\n<div class=\"magic-2\">\n<div class=\"magic-3\">\n<div><\/div>\n<div class=\"magic-4\">\n<div><strong>Etiqueta de bot\u00e3o RFID<\/strong><\/div>\n<div><\/div>\n<\/div>\n<\/div>\n<div>\n<div class=\"auto-hide-last-sibling-br paragraph_1252f paragraph-element\">As etiquetas de lavanderia resistentes a altas temperaturas PPS servem como uma excelente solu\u00e7\u00e3o de rastreamento para ambientes comerciais, como cantinas e restaurantes, onde grandes volumes de lou\u00e7as s\u00e3o constantemente manuseados.<\/div>\n<\/div>\n<div>\n<div><\/div>\n<\/div>\n<\/div>\n<p><strong>Op\u00e7\u00f5es de chip:<\/strong><\/p>\n<p><strong>UCODE 8 da NXP<\/strong> e UCODE 8m ICs s\u00e3o produtos da fam\u00edlia UCODE. UCODE 8\/8m oferecem alto desempenho e recursos para uso nas aplica\u00e7\u00f5es de marca\u00e7\u00e3o RFID mais exigentes.<\/p>\n<p>Particularmente bem adequado para aplica\u00e7\u00f5es de gerenciamento de invent\u00e1rio, como por exemplo Varejo e Moda, com seu desempenho RF comprovado para qualquer fator de forma, o UCODE 8\/8m permite longa dist\u00e2ncia de leitura e invent\u00e1rio r\u00e1pido de popula\u00e7\u00e3o densa de etiquetas RFID. Com seu design de banda larga, ele oferece a possibilidade de fabricar verdadeira etiqueta RFID global com alto desempenho em rela\u00e7\u00e3o \u00e0s regulamenta\u00e7\u00f5es mundiais.<\/p>\n<p>O dispositivo tamb\u00e9m fornece um recurso de autoajuste, um sinalizador de status do produto para o aplicativo Electronic Article Surveillance (EAS), EPC de 96 bits pr\u00e9-serializado, identificador de marca e o comando EPC Gen2v2 Claim Untraceable.<\/p>\n<div id=\"featuresXsp\" class=\"features-list toggle-opacity in\">\n<div class=\"features-xsp\">\n<div class=\"collapse-mobile ste-list\">\n<h3>Principais caracter\u00edsticas<\/h3>\n<ul class=\"boxes\">\n<li>Sensibilidade de leitura -23dBm<\/li>\n<li>Sensibilidade de grava\u00e7\u00e3o -18dBm<\/li>\n<li>Funcionalidade inovadora\n<ul>\n<li>Autoajuste<\/li>\n<li>Salvaguarda da Mem\u00f3ria<\/li>\n<li>Indetect\u00e1vel<\/li>\n<li>Pr\u00e9-serializa\u00e7\u00e3o para EPC de 96 bits<\/li>\n<li>Sinalizador de status de produto integrado (PSF)<\/li>\n<\/ul>\n<\/li>\n<li>Compat\u00edvel com antena de fenda \u00fanica<\/li>\n<li>EPC de at\u00e9 128 bits<\/li>\n<li>Identifica\u00e7\u00e3o de etiqueta exclusiva (TID) de 96 bits bloqueada de f\u00e1brica, incluindo n\u00famero de s\u00e9rie exclusivo de 48 bits<\/li>\n<li>EPC Gen2v2<\/li>\n<\/ul>\n<\/div>\n<div class=\"collapse-mobile ste-list\">\n<h3>Mem\u00f3ria<\/h3>\n<ul class=\"boxes\">\n<li>128 bits\/96 bits (UCODE 8\/UCODE 8m) de mem\u00f3ria EPC<\/li>\n<li>Suporta pr\u00e9-serializa\u00e7\u00e3o para EPC de 96 bits<\/li>\n<li>Identificador de Tag de 96 bits (TID) bloqueado de f\u00e1brica<\/li>\n<li>N\u00famero de s\u00e9rie exclusivo de 48 bits codificado de f\u00e1brica em TID<\/li>\n<li>Mem\u00f3ria de usu\u00e1rio de 0 bits\/32 bits (UCODE 8\/UCODE 8m)<\/li>\n<li>Senha de elimina\u00e7\u00e3o de 32 bits para desabilitar permanentemente a tag<\/li>\n<li>Senha de acesso de 32 bits<\/li>\n<li>Ampla faixa de temperatura operacional: -40\u00a0<sup>\u00b0<\/sup>C at\u00e9 +85\u00a0<sup>\u00b0<\/sup>C<\/li>\n<li>EPC Gen2v2<\/li>\n<\/ul>\n<p><strong>UCODE 9 da NXP<\/strong><\/p>\n<p>Com o UCODE 9, as exigentes aplica\u00e7\u00f5es de marca\u00e7\u00e3o RFID RAIN ganham um impulso, permitindo que varejistas e empresas de log\u00edstica inteligente acelerem sua ado\u00e7\u00e3o de IoT.<\/p>\n<p>Com seu desempenho aumentado, o UCODE 9 permite contagens de invent\u00e1rio mais eficientes. Al\u00e9m disso, o UCODE 9 permite a reutiliza\u00e7\u00e3o dos designs de antena inlay UCODE 8 existentes, o que oferece um caminho de migra\u00e7\u00e3o f\u00e1cil do UCODE 8 para o UCODE 9.<\/p>\n<p>Seu maior desempenho de chip permite designs de incrusta\u00e7\u00f5es menores, o que ajuda a reduzir o uso de pl\u00e1stico e alum\u00ednio, promovendo assim a sustentabilidade ambiental.<\/p>\n<div class=\"collapse-mobile ste-list\">\n<h3>Principais caracter\u00edsticas<\/h3>\n<ul class=\"boxes\">\n<li>Sensibilidade de leitura: -24 dBm<\/li>\n<li>Sensibilidade de grava\u00e7\u00e3o: -22 dBm<\/li>\n<li>Velocidade de codifica\u00e7\u00e3o: 32 bits em 0,96 ms<\/li>\n<li>Substitui\u00e7\u00e3o de antena drop-in para UCODE 8<\/li>\n<li>Autoajuste<\/li>\n<li>Salvaguarda da mem\u00f3ria<\/li>\n<li>Pr\u00e9-serializa\u00e7\u00e3o de EPC de 96 bits<\/li>\n<\/ul>\n<\/div>\n<div class=\"collapse-mobile ste-list\">\n<h3>Mem\u00f3ria<\/h3>\n<ul class=\"boxes\">\n<li>96 bits de mem\u00f3ria EPC<\/li>\n<li>Suporta pr\u00e9-serializa\u00e7\u00e3o de EPC de 96 bits<\/li>\n<li>Identificador de Tag de 96 bits (TID) bloqueado de f\u00e1brica<\/li>\n<li>N\u00famero de s\u00e9rie exclusivo de 48 bits codificado de f\u00e1brica em TID<\/li>\n<li>Senha de elimina\u00e7\u00e3o de 32 bits para desabilitar permanentemente a tag<\/li>\n<li>Ampla faixa de temperatura operacional: -40 \u00b0C at\u00e9 +85 \u00b0C<\/li>\n<li>Resist\u00eancia ao ciclo de grava\u00e7\u00e3o de 100k<\/li>\n<li>20 anos de reten\u00e7\u00e3o de dados<\/li>\n<\/ul>\n<\/div>\n<div class=\"collapse-mobile ste-list\">\n<h3>Recursos suportados<\/h3>\n<ul class=\"boxes\">\n<li>Todos os comandos obrigat\u00f3rios da especifica\u00e7\u00e3o EPC global Gen2 v2.1 s\u00e3o implementados, incluindo:\n<ul>\n<li>Comando de matar<\/li>\n<\/ul>\n<\/li>\n<li>Os seguintes comandos opcionais s\u00e3o implementados em conformidade com a especifica\u00e7\u00e3o EPC\n<ul>\n<li>Bloco de grava\u00e7\u00e3o (2 palavras, 32 bits)<\/li>\n<\/ul>\n<\/li>\n<li>Autoajuste para otimiza\u00e7\u00e3o automatizada do desempenho de tags<\/li>\n<li>Bloqueio permanente<\/li>\n<\/ul>\n<\/div>\n<\/div>\n<div class=\"collapse-mobile ste-list\"><\/div>\n<\/div>\n<\/div>\n<div class=\"magic-2\">\n<div>\n<div class=\"auto-hide-last-sibling-br paragraph_1252f paragraph-element\"><\/div>\n<div class=\"auto-hide-last-sibling-br paragraph_1252f paragraph-element\"><strong>Aplica\u00e7\u00f5es de etiqueta de bot\u00e3o RFID<\/strong><\/div>\n<ol class=\"auto-hide-last-sibling-br\">\n<li>\n<div class=\"auto-hide-last-sibling-br paragraph_1252f paragraph-element\">Lavanderias Industriais: No setor industrial, rastrear grandes quantidades de roupa torna-se uma tarefa f\u00e1cil com o uso de bot\u00f5es RFID para etiquetas de lavanderia.<\/div>\n<\/li>\n<li>\n<div class=\"auto-hide-last-sibling-br paragraph_1252f paragraph-element\">Hospitais e hot\u00e9is: Estes estabelecimentos lidam frequentemente com opera\u00e7\u00f5es de lavandaria de elevado volume, onde estas etiquetas provaram ser fundamentais para melhorar a efici\u00eancia e a gest\u00e3o de invent\u00e1rio.<\/div>\n<\/li>\n<li>\n<div class=\"auto-hide-last-sibling-br paragraph_1252f paragraph-element\">Aluguel de roupa de cama: as empresas que prestam servi\u00e7os de aluguel de roupa de cama utilizam essas etiquetas para simplificar o gerenciamento de estoque e manter o controle de qualidade.<\/div>\n<\/li>\n<\/ol>\n<div class=\"auto-hide-last-sibling-br paragraph_1252f paragraph-element\"><\/div>\n<\/div>\n<\/div>\n<\/div>\n<\/div>\n<\/div>","protected":false},"excerpt":{"rendered":"<div class=\"auto-hide-last-sibling-br paragraph_1252f paragraph-element\">Comumente reconhecida como etiqueta de bot\u00e3o RFID, a etiqueta de lavanderia UHF RFID \u00e9 um dispositivo dur\u00e1vel e personalizado, destinado a fun\u00e7\u00f5es que exigem etiquetas resilientes sob condi\u00e7\u00f5es severas. Os transponders de lavanderia UHF atualmente lideram o mercado, embora haja casos em que as etiquetas de bot\u00e3o RFID que sincronizam com aplicativos m\u00f3veis s\u00e3o necess\u00e1rias. Esses transponders de lavanderia RFID em formato de bot\u00e3o atendem perfeitamente a essa conta. Com sua adaptabilidade e desempenho excepcional, eles oferecem imensos benef\u00edcios no rastreamento e identifica\u00e7\u00e3o de t\u00eaxteis industriais e lavanderia em v\u00e1rios setores.<\/div>","protected":false},"featured_media":71,"template":"","meta":{"_kad_post_transparent":"default","_kad_post_title":"","_kad_post_layout":"default","_kad_post_sidebar_id":"","_kad_post_content_style":"default","_kad_post_vertical_padding":"default","_kad_post_feature":"","_kad_post_feature_position":"","_kad_post_header":false,"_kad_post_footer":false,"_kad_post_classname":""},"product_brand":[],"product_cat":[21,16],"product_tag":[41,35,33,30],"class_list":{"0":"post-70","1":"product","2":"type-product","3":"status-publish","4":"has-post-thumbnail","6":"product_cat-pps-rfid-laundry-tag","7":"product_cat-uhf-rfid-laundry-tags","8":"product_tag-pps-uhf-rfid-laundry-tag","9":"product_tag-rfid-button","10":"product_tag-rfid-laundry-tag-button","11":"product_tag-uhf-rfid-laundry-tag","13":"first","14":"instock","15":"shipping-taxable","16":"product-type-simple","17":"entry","18":"content-bg","19":"loop-entry"},"_links":{"self":[{"href":"https:\/\/rfid-laundry-tag.com\/pt\/wp-json\/wp\/v2\/product\/70","targetHints":{"allow":["GET"]}}],"collection":[{"href":"https:\/\/rfid-laundry-tag.com\/pt\/wp-json\/wp\/v2\/product"}],"about":[{"href":"https:\/\/rfid-laundry-tag.com\/pt\/wp-json\/wp\/v2\/types\/product"}],"version-history":[{"count":1,"href":"https:\/\/rfid-laundry-tag.com\/pt\/wp-json\/wp\/v2\/product\/70\/revisions"}],"predecessor-version":[{"id":150,"href":"https:\/\/rfid-laundry-tag.com\/pt\/wp-json\/wp\/v2\/product\/70\/revisions\/150"}],"wp:featuredmedia":[{"embeddable":true,"href":"https:\/\/rfid-laundry-tag.com\/pt\/wp-json\/wp\/v2\/media\/71"}],"wp:attachment":[{"href":"https:\/\/rfid-laundry-tag.com\/pt\/wp-json\/wp\/v2\/media?parent=70"}],"wp:term":[{"taxonomy":"product_brand","embeddable":true,"href":"https:\/\/rfid-laundry-tag.com\/pt\/wp-json\/wp\/v2\/product_brand?post=70"},{"taxonomy":"product_cat","embeddable":true,"href":"https:\/\/rfid-laundry-tag.com\/pt\/wp-json\/wp\/v2\/product_cat?post=70"},{"taxonomy":"product_tag","embeddable":true,"href":"https:\/\/rfid-laundry-tag.com\/pt\/wp-json\/wp\/v2\/product_tag?post=70"}],"curies":[{"name":"wp","href":"https:\/\/api.w.org\/{rel}","templated":true}]}}