{"id":62,"date":"2024-06-10T16:32:32","date_gmt":"2024-06-10T16:32:32","guid":{"rendered":"https:\/\/rfid-laundry-tag.com\/?post_type=product&#038;p=62"},"modified":"2024-06-10T16:32:32","modified_gmt":"2024-06-10T16:32:32","slug":"rfid-laundry-tag-button","status":"publish","type":"product","link":"https:\/\/rfid-laundry-tag.com\/pt\/rfid-laundry-tag-button\/","title":{"rendered":"Bot\u00e3o de etiqueta de lavanderia RFID"},"content":{"rendered":"<div class=\"J_module\">\n<div class=\"ife-detail-decorate-table\">\n<table class=\"has-title all magic-6\">\n<tbody>\n<tr>\n<td colspan=\"1\" rowspan=\"1\">\n<div class=\"magic-7\" data-spm-anchor-id=\"a2700.details.0.i45.77607d98vZbcDU\"><span class=\"magic-8\" style=\"color: #363535;\">Nome do item<\/span><\/div>\n<\/td>\n<td colspan=\"1\" rowspan=\"1\">\n<div class=\"magic-9\"><span class=\"magic-8\">Bot\u00e3o de etiqueta de lavanderia RFID<\/span><\/div>\n<\/td>\n<\/tr>\n<tr>\n<td colspan=\"1\" rowspan=\"1\">\n<div class=\"magic-7\"><span class=\"magic-10\" data-spm-anchor-id=\"a2700.pc-decorate.0.i10.28d333330XLbTD\"><span class=\"magic-8\">Material<\/span><\/span><\/div>\n<\/td>\n<td colspan=\"1\" rowspan=\"1\">\n<div class=\"magic-9\"><span class=\"magic-8\">PPS<\/span><\/div>\n<\/td>\n<\/tr>\n<tr>\n<td colspan=\"1\" rowspan=\"1\">\n<div class=\"magic-7\"><span class=\"magic-8\">Cor<\/span><\/div>\n<\/td>\n<td colspan=\"1\" rowspan=\"1\">\n<div class=\"magic-9\"><span class=\"magic-8\">Preto, Amarelo etc.<\/span><\/div>\n<\/td>\n<\/tr>\n<tr>\n<td colspan=\"1\" rowspan=\"1\">Quantidade m\u00ednima<\/td>\n<td colspan=\"1\" rowspan=\"1\">500 unidades<\/td>\n<\/tr>\n<tr>\n<td colspan=\"1\" rowspan=\"1\">\n<div class=\"magic-7\"><span class=\"magic-8\">Fabricante\/Chip<\/span><\/div>\n<\/td>\n<td colspan=\"1\" rowspan=\"1\">\n<div class=\"magic-9\"><span class=\"magic-8\">NXP UCODE 8, UCODE 9\/NTAG213\/EM4305, T5577 etc.<\/span><\/div>\n<\/td>\n<\/tr>\n<tr>\n<td colspan=\"1\" rowspan=\"1\">\n<div class=\"magic-7\"><span class=\"magic-8\">Frequ\u00eancia<\/span><\/div>\n<\/td>\n<td colspan=\"1\" rowspan=\"1\">\n<div class=\"magic-9\"><span class=\"magic-8\">860-960MHz\/13,56MHz\/125KHz<\/span><\/div>\n<\/td>\n<\/tr>\n<tr>\n<td colspan=\"1\" rowspan=\"1\">\n<div class=\"magic-7\"><span class=\"magic-8\">Mem\u00f3ria<\/span><\/div>\n<\/td>\n<td colspan=\"1\" rowspan=\"1\">\n<div class=\"magic-9\"><span class=\"magic-8\">96 bits\/128 bits\/144 bytes<\/span><\/div>\n<\/td>\n<\/tr>\n<tr>\n<td colspan=\"1\" rowspan=\"1\">\n<div class=\"magic-7\"><span class=\"magic-8\">Ler dist\u00e2ncia<\/span><\/div>\n<\/td>\n<td colspan=\"1\" rowspan=\"1\">\n<div class=\"magic-9\"><span class=\"magic-8\">1-6m\/1~5cm\/1~2cm<\/span><\/div>\n<\/td>\n<\/tr>\n<tr>\n<td colspan=\"1\" rowspan=\"1\">\n<div class=\"magic-7\"><span class=\"magic-8\">Modo de trabalho<\/span><\/div>\n<\/td>\n<td colspan=\"1\" rowspan=\"1\">\n<div class=\"magic-9\"><span class=\"magic-8\">passiva<\/span><\/div>\n<\/td>\n<\/tr>\n<tr>\n<td colspan=\"1\" rowspan=\"1\">\n<div class=\"magic-7\"><span class=\"magic-8\">Temperatura de trabalho<\/span><\/div>\n<\/td>\n<td colspan=\"1\" rowspan=\"1\">\n<div class=\"magic-9\"><span class=\"magic-8\">-25\u2103~+110\u2103<\/span><\/div>\n<\/td>\n<\/tr>\n<tr>\n<td colspan=\"1\" rowspan=\"1\">\n<div class=\"magic-7\"><span class=\"magic-8\">Temperatura de armazenamento<\/span><\/div>\n<\/td>\n<td colspan=\"1\" rowspan=\"1\">\n<div class=\"magic-9\"><span class=\"magic-8\">-40\u2103~+85\u2103<\/span><\/div>\n<\/td>\n<\/tr>\n<tr>\n<td colspan=\"1\" rowspan=\"1\">\n<div class=\"magic-7\">\n<div><span class=\"magic-8\">\u00a0<\/span><\/div>\n<p><span class=\"magic-8\">Resist\u00eancia \u00e0 temperatura de curto prazo<\/span><\/div>\n<\/td>\n<td colspan=\"1\" rowspan=\"1\">\n<div class=\"magic-9\"><span class=\"magic-8\">lavagem: 90\u2103, 15 minutos; pr\u00e9-secagem do conversor: 180\u2103, 30 minutos, 200 vezes; passar a ferro: 180\u2103, 10 segundos, 200 vezes; alta<br \/>\nesteriliza\u00e7\u00e3o de temperatura: 135\u2103, 20 minutos<\/span><\/div>\n<\/td>\n<\/tr>\n<tr>\n<td colspan=\"1\" rowspan=\"1\">\n<div class=\"magic-7\"><span class=\"magic-8\">Caracter\u00edsticas<\/span><\/div>\n<\/td>\n<td colspan=\"1\" rowspan=\"1\">\n<div class=\"magic-9\"><span class=\"magic-8\">imperme\u00e1vel, lav\u00e1vel e resistente a altas temperaturas<\/span><\/div>\n<\/td>\n<\/tr>\n<tr>\n<td colspan=\"1\" rowspan=\"1\">\n<div class=\"magic-7\"><span class=\"magic-8\">Vida<\/span><\/div>\n<\/td>\n<td colspan=\"1\" rowspan=\"1\">\n<div class=\"magic-9\"><span class=\"magic-8\">lavar 200 vezes ou 3 anos<\/span><\/div>\n<\/td>\n<\/tr>\n<tr>\n<td colspan=\"1\" rowspan=\"1\">\n<div class=\"magic-7\"><span class=\"magic-8\">Formul\u00e1rios<\/span><\/div>\n<\/td>\n<td colspan=\"1\" rowspan=\"1\">\n<div class=\"magic-9\"><span class=\"magic-8\">gerenciamento e rastreamento de lavanderia<\/span><\/div>\n<\/td>\n<\/tr>\n<\/tbody>\n<\/table>\n<\/div>\n<\/div>\n<div class=\"J_module\">\n<div class=\"detail-decorate-json-renderer-container\">\n<div class=\"magic-1\">\n<div class=\"magic-2\">\n<div class=\"magic-3\">\n<div><\/div>\n<div class=\"magic-4\"><span class=\"magic-5\" style=\"color: #2196ed;\"><b class=\"magic-10\">Bot\u00e3o de etiqueta de lavanderia RFID<\/b><\/span><\/p>\n<div><\/div>\n<\/div>\n<\/div>\n<div>\n<div class=\"auto-hide-last-sibling-br paragraph_1252f paragraph-element\">As etiquetas de lavanderia resistentes a altas temperaturas PPS servem como uma excelente solu\u00e7\u00e3o de rastreamento para ambientes comerciais, como cantinas e restaurantes, onde grandes volumes de lou\u00e7as s\u00e3o constantemente manuseados:<\/div>\n<p><br class=\"container_e695a wrapper_ad07b undefined\" \/><\/p>\n<ol class=\"auto-hide-last-sibling-br\">\n<li>\n<div class=\"auto-hide-last-sibling-br paragraph_1252f paragraph-element\">Rastreamento impec\u00e1vel: fixar cada pe\u00e7a de lou\u00e7a com uma etiqueta RFID que cont\u00e9m informa\u00e7\u00f5es de identifica\u00e7\u00e3o exclusivas (como tipo de item, fabricante e data de compra) permite o rastreamento do progresso de cada item durante o processo de lavagem de lou\u00e7a por meio de leitores RFID.<\/div>\n<\/li>\n<li>\n<div class=\"auto-hide-last-sibling-br paragraph_1252f paragraph-element\">Alta Durabilidade: Ser submetido a altas temperaturas e produtos qu\u00edmicos agressivos n\u00e3o \u00e9 um desafio para as etiquetas RFID resistentes a altas temperaturas PPS. Elas s\u00e3o meticulosamente projetadas para suportar tais condi\u00e7\u00f5es, tornando-as uma escolha ideal para rastrear utens\u00edlios de mesa em instala\u00e7\u00f5es comerciais de lavagem de lou\u00e7as.<\/div>\n<\/li>\n<li>\n<div class=\"auto-hide-last-sibling-br paragraph_1252f paragraph-element\">Gest\u00e3o Eficiente de Estoque: Uma vez limpas, higienizadas e armazenadas para reutiliza\u00e7\u00e3o, as etiquetas RFID podem rastrear facilmente a disponibilidade e a localiza\u00e7\u00e3o de cada item. Isso garante um suprimento suficientemente constante de lou\u00e7as limpas, eliminando a possibilidade de escassez ou manuseio incorreto.<\/div>\n<\/li>\n<li>\n<div class=\"auto-hide-last-sibling-br paragraph_1252f paragraph-element\">Log\u00edstica aprimorada: a implementa\u00e7\u00e3o de etiquetas RFID da PPS Laundry simplifica o gerenciamento de invent\u00e1rio e procedimentos log\u00edsticos em ambientes de alta temperatura, como instala\u00e7\u00f5es comerciais de lavagem de lou\u00e7a.<\/div>\n<\/li>\n<\/ol>\n<div class=\"auto-hide-last-sibling-br paragraph_1252f paragraph-element\"><strong>Benef\u00edcios do bot\u00e3o de lavanderia RFID<\/strong><\/div>\n<ol class=\"auto-hide-last-sibling-br\">\n<li>\n<div class=\"auto-hide-last-sibling-br paragraph_1252f paragraph-element\">Rastreamento eficiente: os bot\u00f5es de etiquetas RFID para lavanderia simplificam o rastreamento de artigos de vestu\u00e1rio durante todo o processo de lavanderia, aumentando a efici\u00eancia operacional e a produtividade.<\/div>\n<\/li>\n<li>\n<div class=\"auto-hide-last-sibling-br paragraph_1252f paragraph-element\">Incentiva a automa\u00e7\u00e3o: esses bot\u00f5es ajudam a reduzir a necessidade de trabalho manual e poss\u00edveis erros associados a ele, promovendo um sistema eficiente e automatizado.<\/div>\n<\/li>\n<li>\n<div class=\"auto-hide-last-sibling-br paragraph_1252f paragraph-element\">Dur\u00e1veis: especialmente projetados para suportar condi\u00e7\u00f5es adversas de lavagem, esses bot\u00f5es s\u00e3o resistentes a altas temperaturas, press\u00e3o e produtos qu\u00edmicos, garantindo longevidade.<\/div>\n<\/li>\n<\/ol>\n<div class=\"auto-hide-last-sibling-br paragraph_1252f paragraph-element\"><strong>Caracter\u00edsticas da etiqueta de lavanderia RFID<\/strong><\/div>\n<ol class=\"auto-hide-last-sibling-br\">\n<li>\n<div class=\"auto-hide-last-sibling-br paragraph_1252f paragraph-element\">Identifica\u00e7\u00e3o \u00fanica: cada etiqueta cont\u00e9m informa\u00e7\u00f5es de identifica\u00e7\u00e3o exclusivas, facilitando o rastreamento perfeito de pe\u00e7as individuais.<\/div>\n<\/li>\n<li>\n<div class=\"auto-hide-last-sibling-br paragraph_1252f paragraph-element\">Resist\u00eancia a altas temperaturas: os bot\u00f5es de etiquetas RFID para lavanderia s\u00e3o projetados para suportar altas temperaturas, o que os torna ideais para uso em lavanderias.<\/div>\n<\/li>\n<li>\n<div class=\"auto-hide-last-sibling-br paragraph_1252f paragraph-element\">Recursos NFC: algumas etiquetas v\u00eam equipadas com funcionalidade NFC, permitindo que sejam escaneadas usando aplicativos m\u00f3veis, possibilitando rastreamento e gerenciamento remotos.<\/div>\n<\/li>\n<\/ol>\n<div class=\"auto-hide-last-sibling-br paragraph_1252f paragraph-element\"><strong>Aplica\u00e7\u00f5es do bot\u00e3o RFID para lavanderia<\/strong><\/div>\n<ol class=\"auto-hide-last-sibling-br\">\n<li>\n<div class=\"auto-hide-last-sibling-br paragraph_1252f paragraph-element\">Lavanderias Industriais: No setor industrial, rastrear grandes quantidades de roupa torna-se uma tarefa f\u00e1cil com o uso de bot\u00f5es RFID para etiquetas de lavanderia.<\/div>\n<\/li>\n<li>\n<div class=\"auto-hide-last-sibling-br paragraph_1252f paragraph-element\">Hospitais e hot\u00e9is: Estes estabelecimentos lidam frequentemente com opera\u00e7\u00f5es de lavandaria de elevado volume, onde estas etiquetas provaram ser fundamentais para melhorar a efici\u00eancia e a gest\u00e3o de invent\u00e1rio.<\/div>\n<\/li>\n<li>\n<div class=\"auto-hide-last-sibling-br paragraph_1252f paragraph-element\">Aluguel de roupa de cama: as empresas que prestam servi\u00e7os de aluguel de roupa de cama utilizam essas etiquetas para simplificar o gerenciamento de estoque e manter o controle de qualidade.<\/div>\n<\/li>\n<\/ol>\n<div class=\"auto-hide-last-sibling-br paragraph_1252f paragraph-element\"><strong>Produ\u00e7\u00e3o de bot\u00e3o de etiqueta de lavanderia RFID<\/strong><\/div>\n<div class=\"auto-hide-last-sibling-br paragraph_1252f paragraph-element\">O processo de produ\u00e7\u00e3o dos bot\u00f5es RFID Laundry Tag envolve a incorpora\u00e7\u00e3o de um chip RFID em um inv\u00f3lucro de pl\u00e1stico ou resina para garantir que ele seja \u00e0 prova d&#039;\u00e1gua e possa suportar as condi\u00e7\u00f5es adversas de um ambiente de lavanderia. Tecnologias avan\u00e7adas s\u00e3o usadas durante a produ\u00e7\u00e3o para garantir que as etiquetas possam suportar altas temperaturas, press\u00e3o e exposi\u00e7\u00e3o a produtos qu\u00edmicos. Cada etiqueta \u00e9 programada com um n\u00famero de identifica\u00e7\u00e3o exclusivo para fins de rastreamento durante sua vida \u00fatil.<\/div>\n<\/div>\n<\/div>\n<\/div>\n<\/div>\n<\/div>","protected":false},"excerpt":{"rendered":"<div class=\"auto-hide-last-sibling-br paragraph_1252f paragraph-element\">O RFID Laundry Button, ou mais comumente conhecido como PPS RFID Laundry Tag, foi projetado especificamente para atender a aplica\u00e7\u00f5es que exigem uma etiqueta dur\u00e1vel, capaz de suportar condi\u00e7\u00f5es severas de trabalho.<\/div>\n<div class=\"auto-hide-last-sibling-br paragraph_1252f paragraph-element\">Atualmente, a maior parte do mercado est\u00e1 inclinada para o uso de transponders de lavanderia UHF. No entanto, certos cen\u00e1rios tamb\u00e9m exigem o uso de etiquetas NFC para lavanderia que suportam aplicativos m\u00f3veis. Os transponders de lavanderia RFID de bot\u00e3o atendem com efici\u00eancia a essas necessidades.<\/div>\n<div class=\"auto-hide-last-sibling-br paragraph_1252f paragraph-element\">Sua versatilidade e desempenho robusto os tornam significativamente \u00fateis na identifica\u00e7\u00e3o e rastreamento de lavanderias industriais e t\u00eaxteis em v\u00e1rios setores. Especialmente prevalentes em hot\u00e9is, hospitais e empresas que fornecem servi\u00e7os de aluguel de roupas de cama, essas etiquetas altamente dur\u00e1veis s\u00e3o instrumentais para melhorar a efici\u00eancia operacional e a produtividade geral.<\/div>","protected":false},"featured_media":63,"template":"","meta":{"_kad_post_transparent":"default","_kad_post_title":"","_kad_post_layout":"default","_kad_post_sidebar_id":"","_kad_post_content_style":"default","_kad_post_vertical_padding":"default","_kad_post_feature":"","_kad_post_feature_position":"","_kad_post_header":false,"_kad_post_footer":false,"_kad_post_classname":""},"product_brand":[],"product_cat":[21],"product_tag":[35,34,33],"class_list":{"0":"post-62","1":"product","2":"type-product","3":"status-publish","4":"has-post-thumbnail","6":"product_cat-pps-rfid-laundry-tag","7":"product_tag-rfid-button","8":"product_tag-rfid-laundry-button","9":"product_tag-rfid-laundry-tag-button","11":"first","12":"instock","13":"shipping-taxable","14":"product-type-simple","15":"entry","16":"content-bg","17":"loop-entry"},"_links":{"self":[{"href":"https:\/\/rfid-laundry-tag.com\/pt\/wp-json\/wp\/v2\/product\/62","targetHints":{"allow":["GET"]}}],"collection":[{"href":"https:\/\/rfid-laundry-tag.com\/pt\/wp-json\/wp\/v2\/product"}],"about":[{"href":"https:\/\/rfid-laundry-tag.com\/pt\/wp-json\/wp\/v2\/types\/product"}],"version-history":[{"count":0,"href":"https:\/\/rfid-laundry-tag.com\/pt\/wp-json\/wp\/v2\/product\/62\/revisions"}],"wp:featuredmedia":[{"embeddable":true,"href":"https:\/\/rfid-laundry-tag.com\/pt\/wp-json\/wp\/v2\/media\/63"}],"wp:attachment":[{"href":"https:\/\/rfid-laundry-tag.com\/pt\/wp-json\/wp\/v2\/media?parent=62"}],"wp:term":[{"taxonomy":"product_brand","embeddable":true,"href":"https:\/\/rfid-laundry-tag.com\/pt\/wp-json\/wp\/v2\/product_brand?post=62"},{"taxonomy":"product_cat","embeddable":true,"href":"https:\/\/rfid-laundry-tag.com\/pt\/wp-json\/wp\/v2\/product_cat?post=62"},{"taxonomy":"product_tag","embeddable":true,"href":"https:\/\/rfid-laundry-tag.com\/pt\/wp-json\/wp\/v2\/product_tag?post=62"}],"curies":[{"name":"wp","href":"https:\/\/api.w.org\/{rel}","templated":true}]}}