{"id":59,"date":"2024-06-10T15:13:24","date_gmt":"2024-06-10T15:13:24","guid":{"rendered":"https:\/\/rfid-laundry-tag.com\/?post_type=product&#038;p=59"},"modified":"2024-09-08T05:25:57","modified_gmt":"2024-09-08T05:25:57","slug":"uhf-laundry-tag-nxp-u-code-9-chip","status":"publish","type":"product","link":"https:\/\/rfid-laundry-tag.com\/pt\/uhf-laundry-tag-nxp-u-code-9-chip\/","title":{"rendered":"Etiqueta de lavanderia UHF | Chip NXP U CODE 9"},"content":{"rendered":"<div class=\"auto-hide-last-sibling-br paragraph_1252f paragraph-element\">\n<div data-spm-anchor-id=\"a2700.details.0.i57.23b419c7xXORP0\">\n<div class=\"auto-hide-last-sibling-br paragraph_1252f paragraph-element\"><strong>Principais caracter\u00edsticas das nossas etiquetas de lavanderia UHF:<\/strong><\/div>\n<p>&nbsp;<\/p>\n<div class=\"auto-hide-last-sibling-br paragraph_1252f paragraph-element\">- Efici\u00eancia: As etiquetas oferecem um desempenho exemplar, alcan\u00e7ando o equil\u00edbrio perfeito entre custo-benef\u00edcio e efic\u00e1cia.<\/div>\n<p>&nbsp;<\/p>\n<div class=\"auto-hide-last-sibling-br paragraph_1252f paragraph-element\">- Confiabilidade: A consist\u00eancia no desempenho permanece firme mesmo ap\u00f3s centenas de ciclos de lavagem.<\/div>\n<p>&nbsp;<\/p>\n<div class=\"auto-hide-last-sibling-br paragraph_1252f paragraph-element\">- Flexibilidade: Essas etiquetas s\u00e3o flex\u00edveis, finas e macias, o que as torna f\u00e1ceis de costurar, embalar ou selar a quente em itens t\u00eaxteis.<\/div>\n<p>&nbsp;<\/p>\n<div class=\"auto-hide-last-sibling-br paragraph_1252f paragraph-element\">- Produ\u00e7\u00e3o escal\u00e1vel: garantimos um poderoso rendimento de produ\u00e7\u00e3o de at\u00e9 4 milh\u00f5es de etiquetas por m\u00eas, passando todas elas por uma rigorosa inspe\u00e7\u00e3o antes da entrega final.<\/div>\n<p>&nbsp;<\/p>\n<div class=\"auto-hide-last-sibling-br paragraph_1252f paragraph-element\">- Durabilidade: Nossas etiquetas v\u00eam com uma garantia que promete durabilidade de at\u00e9 200 ciclos de lavagem industrial.<\/div>\n<p>&nbsp;<\/p>\n<div class=\"auto-hide-last-sibling-br paragraph_1252f paragraph-element\">Em ess\u00eancia, nossas etiquetas de lavanderia UHF apresentam uma combina\u00e7\u00e3o imbat\u00edvel de durabilidade, custo-benef\u00edcio e desempenho confi\u00e1vel, tornando-as a escolha ideal para todas as suas necessidades de etiquetagem t\u00eaxtil.<\/div>\n<div><\/div>\n<\/div>\n<\/div>\n<div>\n<table style=\"border-collapse: collapse; width: 618px; height: 1159px;\" border=\"0\" width=\"634\" cellspacing=\"0\" cellpadding=\"0\">\n<tbody>\n<tr style=\"height: 39.00pt;\">\n<td class=\"et2\" style=\"height: 39.00pt; width: 380.40pt; border-right: .5pt solid #000000;\" colspan=\"3\" width=\"634\" height=\"65\">Especifica\u00e7\u00f5es<\/td>\n<\/tr>\n<tr style=\"height: 27.60pt;\">\n<td class=\"et5\" style=\"height: 27.60pt; width: 106.20pt;\" width=\"177\" height=\"46\">Conformidade<\/td>\n<td class=\"et5\" style=\"width: 274.20pt;\" colspan=\"2\" width=\"457\">EPC Classe 1 Gen2, ISO18000-6C<\/td>\n<\/tr>\n<tr style=\"height: 41.40pt;\">\n<td class=\"et5\" style=\"height: 41.40pt; width: 106.20pt;\" width=\"177\" height=\"69\">Frequ\u00eancia<\/td>\n<td class=\"et5\" style=\"width: 274.20pt;\" colspan=\"2\" width=\"457\">860~928 MHz, FCC, ETIS ou personalizado<\/td>\n<\/tr>\n<tr style=\"height: 41.40pt;\">\n<td class=\"et5\" style=\"height: 41.40pt; width: 106.20pt;\" width=\"177\" height=\"69\">Tipo<\/td>\n<td class=\"et6\" style=\"width: 274.20pt; border-right: .5pt solid #000000;\" colspan=\"2\" width=\"457\">Tipo de costura, tipo de aquecimento, tipo de suspens\u00e3o<\/td>\n<\/tr>\n<tr style=\"height: 27.60pt;\">\n<td class=\"et5\" style=\"height: 27.60pt; width: 106.20pt;\" width=\"177\" height=\"46\">Microchip<\/td>\n<td class=\"et5\" style=\"width: 274.20pt;\" colspan=\"2\" width=\"457\">NXP UCODE 8, UCOCE 9<\/td>\n<\/tr>\n<tr style=\"height: 41.40pt;\">\n<td class=\"et5\" style=\"height: 55.80pt; width: 106.20pt;\" rowspan=\"2\" width=\"177\" height=\"93\">Mem\u00f3ria<\/td>\n<td class=\"et5\" style=\"width: 274.20pt;\" colspan=\"2\" width=\"457\">UCODE 8: EPC 96\/128 bits, Usu\u00e1rio 0\/32 bits, acesso<\/td>\n<\/tr>\n<tr style=\"height: 14.40pt;\">\n<td class=\"et5\" style=\"width: 274.20pt;\" colspan=\"2\" width=\"457\">UCODE 9: EPC 96 bits, Usu\u00e1rio 0 bits, senha de acesso 0 bits, senha 32 bits<\/td>\n<\/tr>\n<tr style=\"height: 27.60pt;\">\n<td class=\"et5\" style=\"height: 27.60pt; width: 106.20pt;\" width=\"177\" height=\"46\">Tamanho<\/td>\n<td class=\"et5\" style=\"width: 75.60pt;\" width=\"126\">55x12x1,6 mm<\/td>\n<td class=\"et5\" style=\"width: 198.60pt;\" width=\"331\">70x15x1,6 mm<\/td>\n<\/tr>\n<tr style=\"height: 27.60pt;\">\n<td class=\"et5\" style=\"height: 27.60pt; width: 106.20pt;\" width=\"177\" height=\"46\">Faixa de leitura<\/td>\n<td class=\"et5\" style=\"width: 75.60pt;\" width=\"126\">At\u00e9 5m<\/td>\n<td class=\"et5\" style=\"width: 198.60pt;\" width=\"331\">At\u00e9 7m<\/td>\n<\/tr>\n<tr style=\"height: 27.60pt;\">\n<td class=\"et5\" style=\"height: 27.60pt; width: 106.20pt;\" width=\"177\" height=\"46\">Armazenamento de dados<\/td>\n<td class=\"et5\" style=\"width: 274.20pt;\" colspan=\"2\" width=\"457\">50 anos<\/td>\n<\/tr>\n<tr style=\"height: 27.60pt;\">\n<td class=\"et5\" style=\"height: 27.60pt; width: 106.20pt;\" width=\"177\" height=\"46\">Vida<\/td>\n<td class=\"et5\" style=\"width: 274.20pt;\" colspan=\"2\" width=\"457\">200 ciclos de lavagem ou 2 anos<\/td>\n<\/tr>\n<tr style=\"height: 41.40pt;\">\n<td class=\"et5\" style=\"height: 41.40pt; width: 106.20pt;\" width=\"177\" height=\"69\">Material<\/td>\n<td class=\"et5\" style=\"width: 274.20pt;\" colspan=\"2\" width=\"457\">Tecido misto de algod\u00e3o 65% \/ poli\u00e9ster 30%<\/td>\n<\/tr>\n<tr style=\"height: 27.60pt;\">\n<td class=\"et5\" style=\"height: 27.60pt; width: 106.20pt;\" width=\"177\" height=\"46\">Peso do produto<\/td>\n<td class=\"et5\" style=\"width: 274.20pt;\" colspan=\"2\" width=\"457\">Cerca de 0,4~0,5g<\/td>\n<\/tr>\n<tr style=\"height: 27.60pt;\">\n<td class=\"et5\" style=\"height: 27.60pt; width: 106.20pt;\" width=\"177\" height=\"46\">Formato de entrega<\/td>\n<td class=\"et5\" style=\"width: 274.20pt;\" colspan=\"2\" width=\"457\">100-300 pe\u00e7as em separado<\/td>\n<\/tr>\n<tr style=\"height: 27.60pt;\">\n<td class=\"et5\" style=\"height: 27.60pt; width: 106.20pt;\" width=\"177\" height=\"46\">Pacote<\/td>\n<td class=\"et5\" style=\"width: 274.20pt;\" colspan=\"2\" width=\"457\">Embalagem antiest\u00e1tica \/ caixa de papel\u00e3o<\/td>\n<\/tr>\n<tr style=\"height: 14.40pt;\">\n<td class=\"et5\" style=\"height: 14.40pt; width: 106.20pt;\" width=\"177\" height=\"24\">Cor<\/td>\n<td class=\"et5\" style=\"width: 274.20pt;\" colspan=\"2\" width=\"457\">Branco<\/td>\n<\/tr>\n<tr style=\"height: 14.40pt;\">\n<td class=\"et8\" style=\"height: 14.40pt; width: 380.40pt;\" colspan=\"3\" width=\"634\" height=\"24\">Desempenho Eletr\u00f4nico<\/td>\n<\/tr>\n<tr style=\"height: 41.40pt;\">\n<td class=\"et5\" style=\"height: 220.80pt; width: 106.20pt;\" rowspan=\"5\" width=\"177\" height=\"368\">Desempenho do ciclo de lavagem<\/td>\n<td class=\"et5\" style=\"width: 274.20pt;\" colspan=\"2\" width=\"457\">Lavagem: +90\u00b0C (194\u00b0F) \/ 60 minutos<\/td>\n<\/tr>\n<tr style=\"height: 55.20pt;\">\n<td class=\"et5\" style=\"width: 274.20pt;\" colspan=\"2\" width=\"457\">Secagem: +180\u00b0C (356\u00b0F) \/ 3 minutos (prensa de desidrata\u00e7\u00e3o: 35 bar)<\/td>\n<\/tr>\n<tr style=\"height: 41.40pt;\">\n<td class=\"et5\" style=\"width: 274.20pt;\" colspan=\"2\" width=\"457\">Passadeira: 195\u00b0C (383\u00b0F) \/ 30 segundos &lt; 18 barras<\/td>\n<\/tr>\n<tr style=\"height: 27.60pt;\">\n<td class=\"et5\" style=\"width: 274.20pt;\" colspan=\"2\" width=\"457\">Prensa extratora de \u00e1gua: 60 bares<\/td>\n<\/tr>\n<tr style=\"height: 55.20pt;\">\n<td class=\"et5\" style=\"width: 274.20pt;\" colspan=\"2\" width=\"457\">Processo de esteriliza\u00e7\u00e3o: +134\u00b0C (273\u00b0F) \/ 20 minutos<\/td>\n<\/tr>\n<tr style=\"height: 69.00pt;\">\n<td class=\"et5\" style=\"height: 69.00pt; width: 106.20pt;\" width=\"177\" height=\"115\">Vida<\/td>\n<td class=\"et5\" style=\"width: 274.20pt;\" colspan=\"2\" width=\"457\">200 vezes de lavagem industrial com secagem por prensa de extra\u00e7\u00e3o de \u00e1gua<\/td>\n<\/tr>\n<tr style=\"height: 41.40pt;\">\n<td class=\"et5\" style=\"height: 41.40pt; width: 106.20pt;\" width=\"177\" height=\"69\">Resistente a produtos qu\u00edmicos<\/td>\n<td class=\"et5\" style=\"width: 274.20pt;\" colspan=\"2\" width=\"457\">100% \u00e0 prova de solu\u00e7\u00f5es de lavanderia normais.<\/td>\n<\/tr>\n<\/tbody>\n<\/table>\n<\/div>\n<h3 class=\"wp-block-heading\">Instala\u00e7\u00e3o<\/h3>\n<p><strong>Marca\u00e7\u00e3o de pontos<\/strong>: Para ser costurado na bainha de um tecido. Costure a etiqueta de lavanderia longe das linhas de dobra.<br \/>\n<strong>Selagem a quente<\/strong>: Para ser selado a quente diretamente no tecido a +200\u00b0C (392\u00b0F), por 12~14s.<br \/>\n<strong>Em bolsa<\/strong>: Para ser costurado como uma etiqueta de cuidados padr\u00e3o. Costure a etiqueta de lavanderia longe das linhas de dobra.<\/p>\n<div class=\"auto-hide-last-sibling-br paragraph_1252f paragraph-element\">As etiquetas RFID lav\u00e1veis para lavanderia s\u00e3o integrais para uma s\u00e9rie de ind\u00fastrias, fornecendo rastreamento eficiente de ativos, gerenciamento de invent\u00e1rio e melhorando a produtividade operacional geral. Aqui est\u00e3o algumas de suas aplica\u00e7\u00f5es em diferentes setores:<\/div>\n<ol class=\"auto-hide-last-sibling-br\">\n<li>\n<div class=\"auto-hide-last-sibling-br paragraph_1252f paragraph-element\"><strong>Assist\u00eancia m\u00e9dica<\/strong>: Hospitais e outras instala\u00e7\u00f5es m\u00e9dicas usam etiquetas RFID para roupas de cama para gerenciar enormes estoques de len\u00e7\u00f3is, toalhas, uniformes e roupas cir\u00fargicas. Isso ajuda a reduzir perdas, gerenciar ciclos de lavanderia e garantir que roupas de cama limpas e frescas estejam sempre dispon\u00edveis conforme necess\u00e1rio.<\/div>\n<\/li>\n<li>\n<div class=\"auto-hide-last-sibling-br paragraph_1252f paragraph-element\"><strong>Hot\u00e9is<\/strong>: Gerenciar roupas de cama \u00e9 uma tarefa enorme na ind\u00fastria hoteleira, onde milhares de itens, de roupas de cama a toalhas, cortinas e roup\u00f5es, est\u00e3o em circula\u00e7\u00e3o. As etiquetas RFID para roupas de cama simplificam o rastreamento, garantindo limpeza e substitui\u00e7\u00e3o oportunas, e ajudam a detectar e prevenir roubos.<\/div>\n<\/li>\n<li>\n<div class=\"auto-hide-last-sibling-br paragraph_1252f paragraph-element\"><strong>Restaurantes<\/strong>: Na ind\u00fastria de servi\u00e7os aliment\u00edcios, as etiquetas RFID podem monitorar o uso e a limpeza de uniformes, toalhas de mesa, guardanapos e aventais de chef. Isso pode melhorar os padr\u00f5es de limpeza e ajudar a manter uma apar\u00eancia polida e profissional.<\/div>\n<\/li>\n<li>\n<div class=\"auto-hide-last-sibling-br paragraph_1252f paragraph-element\"><strong>Ind\u00fastrias de vestu\u00e1rio de moda<\/strong>: As etiquetas RFID desempenham um papel enorme no rastreamento de itens por toda a cadeia de suprimentos, da produ\u00e7\u00e3o ao varejo. Elas podem fornecer informa\u00e7\u00f5es valiosas como origem, hist\u00f3rico de viagem e at\u00e9 mesmo detalhes sobre o tecido e instru\u00e7\u00f5es de cuidados.<\/div>\n<\/li>\n<li>\n<div class=\"auto-hide-last-sibling-br paragraph_1252f paragraph-element\"><strong>Vestu\u00e1rio de trabalho\/vestu\u00e1rio retardante de fogo<\/strong>: As empresas podem usar etiquetas RFID para rastrear e gerenciar itens de vestu\u00e1rio especiais. Isso pode incluir garantir que roupas retardantes de fogo ou outras roupas de prote\u00e7\u00e3o sejam inspecionadas regularmente, limpas adequadamente e substitu\u00eddas conforme necess\u00e1rio.<\/div>\n<\/li>\n<li>\n<div class=\"auto-hide-last-sibling-br paragraph_1252f paragraph-element\"><strong>Cal\u00e7ados e M\u00e1scaras<\/strong>: Especialmente importante em setores como sa\u00fade e constru\u00e7\u00e3o, onde a seguran\u00e7a \u00e9 cr\u00edtica, o rastreamento do uso, limpeza e manuten\u00e7\u00e3o de itens como m\u00e1scaras e cal\u00e7ados de seguran\u00e7a pode ser simplificado com o uso de etiquetas RFID.<\/div>\n<\/li>\n<li>\n<div class=\"auto-hide-last-sibling-br paragraph_1252f paragraph-element\"><strong>Tapetes e esfreg\u00f5es<\/strong>: Para empresas que prestam servi\u00e7os de limpeza ou gerenciam grandes instala\u00e7\u00f5es, etiquetas RFID em tapetes e esfreg\u00f5es podem ajudar a rastrear o uso e a manuten\u00e7\u00e3o, garantindo ferramentas limpas e eficazes o tempo todo.<\/div>\n<\/li>\n<\/ol>","protected":false},"excerpt":{"rendered":"<p>As etiquetas de lavanderia UHF apresentam uma capacidade excepcional de funcionar consistentemente, apesar da exposi\u00e7\u00e3o a processos rigorosos de lavanderia, que incluem esteriliza\u00e7\u00e3o, lavagem aquecida, limpeza, secagem e passagem a ferro. Elas s\u00e3o constru\u00eddas para suportar centenas de ciclos de lavanderia e ainda manter o desempenho RFID de alto n\u00edvel. Essa consist\u00eancia, mesmo ap\u00f3s in\u00fameras lavagens, garante rastreamento eficiente e gerenciamento de estoque durante toda a vida \u00fatil de roupas de cama, roupas e outros itens t\u00eaxteis.<\/p>","protected":false},"featured_media":61,"template":"","meta":{"_kad_post_transparent":"default","_kad_post_title":"","_kad_post_layout":"default","_kad_post_sidebar_id":"","_kad_post_content_style":"default","_kad_post_vertical_padding":"default","_kad_post_feature":"","_kad_post_feature_position":"","_kad_post_header":false,"_kad_post_footer":false,"_kad_post_classname":""},"product_brand":[],"product_cat":[19,16],"product_tag":[25,32,28],"class_list":{"0":"post-59","1":"product","2":"type-product","3":"status-publish","4":"has-post-thumbnail","6":"product_cat-textile-rfid-laundry-tag","7":"product_cat-uhf-rfid-laundry-tags","8":"product_tag-rfid-laundrytags","9":"product_tag-uhf-laundry-tag","10":"product_tag-washable-rfid-tags","12":"first","13":"instock","14":"shipping-taxable","15":"product-type-simple","16":"entry","17":"content-bg","18":"loop-entry"},"_links":{"self":[{"href":"https:\/\/rfid-laundry-tag.com\/pt\/wp-json\/wp\/v2\/product\/59","targetHints":{"allow":["GET"]}}],"collection":[{"href":"https:\/\/rfid-laundry-tag.com\/pt\/wp-json\/wp\/v2\/product"}],"about":[{"href":"https:\/\/rfid-laundry-tag.com\/pt\/wp-json\/wp\/v2\/types\/product"}],"version-history":[{"count":1,"href":"https:\/\/rfid-laundry-tag.com\/pt\/wp-json\/wp\/v2\/product\/59\/revisions"}],"predecessor-version":[{"id":1946,"href":"https:\/\/rfid-laundry-tag.com\/pt\/wp-json\/wp\/v2\/product\/59\/revisions\/1946"}],"wp:featuredmedia":[{"embeddable":true,"href":"https:\/\/rfid-laundry-tag.com\/pt\/wp-json\/wp\/v2\/media\/61"}],"wp:attachment":[{"href":"https:\/\/rfid-laundry-tag.com\/pt\/wp-json\/wp\/v2\/media?parent=59"}],"wp:term":[{"taxonomy":"product_brand","embeddable":true,"href":"https:\/\/rfid-laundry-tag.com\/pt\/wp-json\/wp\/v2\/product_brand?post=59"},{"taxonomy":"product_cat","embeddable":true,"href":"https:\/\/rfid-laundry-tag.com\/pt\/wp-json\/wp\/v2\/product_cat?post=59"},{"taxonomy":"product_tag","embeddable":true,"href":"https:\/\/rfid-laundry-tag.com\/pt\/wp-json\/wp\/v2\/product_tag?post=59"}],"curies":[{"name":"wp","href":"https:\/\/api.w.org\/{rel}","templated":true}]}}