{"id":54,"date":"2024-06-10T14:55:28","date_gmt":"2024-06-10T14:55:28","guid":{"rendered":"https:\/\/rfid-laundry-tag.com\/?post_type=product&#038;p=54"},"modified":"2024-09-26T04:26:47","modified_gmt":"2024-09-26T04:26:47","slug":"rfid-tag-for-linen-laundry","status":"publish","type":"product","link":"https:\/\/rfid-laundry-tag.com\/pt\/rfid-tag-for-linen-laundry\/","title":{"rendered":"Etiqueta RFID para lavanderia de linho"},"content":{"rendered":"<div>\n<div class=\"auto-hide-last-sibling-br paragraph_1252f paragraph-element\">\n<h1><strong>Etiqueta RFID para lavanderia de linho<\/strong><\/h1>\n<p><strong>F\u00edsico:<\/strong><\/p>\n<p>Material: poli\u00e9ster 100%<\/p>\n<p>Tamanho: 70 mm\u00d715 mm x1,5 mm<\/p>\n<p>Chip:NXP U C\u00d3DIGO U8,U9 etc.<\/p>\n<p>M\u00e9todo de instala\u00e7\u00e3o da etiqueta: Tipo de costura, Passar a ferro<\/p>\n<p>Protocolo:ISO18ooo-6C<\/p>\n<p>Passar a ferro: 15 segundos, a 210\u2103<\/p>\n<p>Exposi\u00e7\u00e3o: 2,5 bar<\/p>\n<p>Secagem: 15 minutos a 180\u00b0C<\/p>\n<p>Lavagem: 15 minutos a 90\u2103<\/p>\n<p>Ciclos de lavagem: 200+ ciclos ou 3 anos<\/p>\n<p>Condi\u00e7\u00e3o de armazenamento: -20-80\u2103,5-95%RH<\/p>\n<p>&nbsp;<\/p>\n<\/div>\n<div class=\"auto-hide-last-sibling-br paragraph_1252f paragraph-element\">O que diferencia distintamente nossas etiquetas de lavanderia UHF RFID da variedade de outras etiquetas de linho no mercado \u00e9 sua apar\u00eancia lisa e l\u00facida. Elas s\u00e3o impressionantemente finas, com uma espessura impercept\u00edvel de 0,55 mm, tornando-as as etiquetas mais finas dispon\u00edveis no mercado. Em resumo, nossas etiquetas oferecem uma solu\u00e7\u00e3o UHF RFID progressiva para roupas, apresentando uma combina\u00e7\u00e3o ideal de acessibilidade, robustez e sutileza.<\/div>\n<\/div>\n<div><\/div>\n<div class=\"auto-hide-last-sibling-br paragraph_1252f paragraph-element\">\n<div data-spm-anchor-id=\"a2700.details.0.i57.23b419c7xXORP0\"><span data-spm-anchor-id=\"a2700.details.0.i75.23b419c7xXORP0\"><b>Recurso:<\/b><br \/>\n1) Tecnologia UHF para ler centenas de tags simultaneamente.<br \/>\n2) Dist\u00e2ncia de leitura superior a 2,4 metros.<br \/>\n3) Novo design mec\u00e2nico para melhor desempenho em roupas planas.<br \/>\n4) Adequado para extratores de alta press\u00e3o at\u00e9 60 bar.<br \/>\n5) Adequado para esteriliza\u00e7\u00e3o em autoclave.<br \/>\n6) Material pequeno, macio e flex\u00edvel, ideal para tecidos, roupas de cama, vestu\u00e1rio e acess\u00f3rios.<\/span><\/div>\n<\/div>\n<div data-spm-anchor-id=\"a2700.details.0.i57.23b419c7xXORP0\"><\/div>\n<div data-spm-anchor-id=\"a2700.details.0.i57.23b419c7xXORP0\">\n<p><img fetchpriority=\"high\" decoding=\"async\" class=\"wp-image-55\" src=\"https:\/\/rfid-laundry-tag.com\/wp-content\/uploads\/2024\/06\/4-300x275.png\" alt=\"RFID Tag for linen laundry\" width=\"605\" height=\"555\" srcset=\"https:\/\/rfid-laundry-tag.com\/wp-content\/uploads\/2024\/06\/4-300x275.png 300w, https:\/\/rfid-laundry-tag.com\/wp-content\/uploads\/2024\/06\/4-600x550.png 600w, https:\/\/rfid-laundry-tag.com\/wp-content\/uploads\/2024\/06\/4-13x12.png 13w, https:\/\/rfid-laundry-tag.com\/wp-content\/uploads\/2024\/06\/4.png 750w\" sizes=\"(max-width: 605px) 100vw, 605px\" \/><\/p>\n<\/div>\n<h3 class=\"wp-block-heading\">Instala\u00e7\u00e3o<\/h3>\n<p><strong>Marca\u00e7\u00e3o de pontos<\/strong>: Para ser costurado na bainha de um tecido. Costure a etiqueta de lavanderia longe das linhas de dobra.<br \/>\n<strong>Selagem a quente<\/strong>: Para ser selado a quente diretamente no tecido a +200\u00b0C (392\u00b0F), por 12~14s.<br \/>\n<strong>Em bolsa<\/strong>: Para ser costurado como uma etiqueta de cuidados padr\u00e3o. Costure a etiqueta de lavanderia longe das linhas de dobra.<\/p>\n<h3>Benef\u00edcios do uso de etiquetas RFID na gest\u00e3o de lavanderias<\/h3>\n<p>Incorporar etiquetas RFID em suas opera\u00e7\u00f5es de lavanderia leva a uma maior efici\u00eancia. O rastreamento autom\u00e1tico permite o gerenciamento de invent\u00e1rio em tempo real, minimizando perdas e liberando tempo dos funcion\u00e1rios. Essas\u00a0<strong>etiquetas RFID t\u00eaxteis<\/strong>\u00a0oferecer \u00e0s empresas e resid\u00eancias a capacidade de gerenciar e rastrear roupas de cama, vestu\u00e1rio e outros itens de lavanderia com precis\u00e3o sem precedentes, melhorando a qualidade do servi\u00e7o e a satisfa\u00e7\u00e3o do cliente.<\/p>\n<div class=\"auto-hide-last-sibling-br paragraph_1252f paragraph-element\">\n<div class=\"auto-hide-last-sibling-br paragraph_1252f paragraph-element\">As etiquetas RFID para lavanderia de roupas de cama s\u00e3o indispens\u00e1veis em uma mir\u00edade de ind\u00fastrias, impulsionando crucialmente o rastreamento eficiente de ativos, gerenciamento de invent\u00e1rio e impulsionando a efici\u00eancia operacional geral. Aqui est\u00e1 um vislumbre de sua aplica\u00e7\u00e3o em v\u00e1rios setores:<\/div>\n<ul class=\"auto-hide-last-sibling-br\">\n<li>\n<div class=\"auto-hide-last-sibling-br paragraph_1252f paragraph-element\">Assist\u00eancia m\u00e9dica: Hospitais e outras instala\u00e7\u00f5es m\u00e9dicas utilizam etiquetas RFID para roupas de cama para gerenciar vastos estoques de roupas de cama, toalhas, uniformes e roupas cir\u00fargicas. Isso ajuda a minimizar perdas, gerenciar ciclos de lavanderia e garantir que roupas de cama limpas e frescas estejam constantemente dispon\u00edveis conforme a necessidade.<\/div>\n<\/li>\n<li>\n<div class=\"auto-hide-last-sibling-br paragraph_1252f paragraph-element\">Hot\u00e9is: Na ind\u00fastria hoteleira, gerenciar roupas de cama \u00e9 uma tarefa colossal, com milhares de itens como roupas de cama, toalhas, cortinas e roup\u00f5es em circula\u00e7\u00e3o. As etiquetas RFID para roupas de cama ajudam a agilizar essa tarefa, garantindo limpeza e substitui\u00e7\u00e3o oportunas e auxiliando na detec\u00e7\u00e3o e preven\u00e7\u00e3o de roubos.<\/div>\n<\/li>\n<li>\n<div class=\"auto-hide-last-sibling-br paragraph_1252f paragraph-element\">Restaurantes: Dentro do setor de servi\u00e7os aliment\u00edcios, as etiquetas RFID ajudam a monitorar a utiliza\u00e7\u00e3o e a limpeza de uniformes, toalhas de mesa, guardanapos e aventais de chef. Isso pode aumentar os padr\u00f5es de limpeza e ajudar a manter uma apar\u00eancia profissional e organizada.<\/div>\n<\/li>\n<li>\n<div class=\"auto-hide-last-sibling-br paragraph_1252f paragraph-element\">Ind\u00fastrias de vestu\u00e1rio de moda: No burburinho da moda, as etiquetas RFID desempenham um papel substancial no rastreamento de itens em toda a cadeia de suprimentos, da produ\u00e7\u00e3o \u00e0 exibi\u00e7\u00e3o no varejo. Elas podem oferecer informa\u00e7\u00f5es valiosas, como origem, hist\u00f3rico de viagem e at\u00e9 mesmo detalhes intrincados sobre o tecido e instru\u00e7\u00f5es de cuidados.<\/div>\n<\/li>\n<li>\n<div class=\"auto-hide-last-sibling-br paragraph_1252f paragraph-element\">Vestu\u00e1rio de trabalho\/retardante de fogo: etiquetas RFID s\u00e3o usadas por empresas para rastrear e gerenciar itens de vestu\u00e1rio especiais. Isso inclui garantir que roupas retardantes de fogo ou outras roupas de prote\u00e7\u00e3o sejam regularmente verificadas, limpas adequadamente e substitu\u00eddas quando necess\u00e1rio.<\/div>\n<\/li>\n<li>\n<div class=\"auto-hide-last-sibling-br paragraph_1252f paragraph-element\">Cal\u00e7ados e m\u00e1scaras: muito importantes em setores como sa\u00fade e constru\u00e7\u00e3o, onde a seguran\u00e7a n\u00e3o pode ser comprometida, o rastreamento do uso, limpeza e manuten\u00e7\u00e3o de itens como m\u00e1scaras e cal\u00e7ados de seguran\u00e7a \u00e9 simplificado com o uso de etiquetas RFID.<\/div>\n<\/li>\n<li>\n<div class=\"auto-hide-last-sibling-br paragraph_1252f paragraph-element\">Tapetes e esfreg\u00f5es: empresas que fornecem servi\u00e7os de limpeza ou gerenciam grandes instala\u00e7\u00f5es podem se beneficiar de etiquetas RFID em tapetes e esfreg\u00f5es. Eles poder\u00e3o rastrear o uso e a manuten\u00e7\u00e3o, garantindo ferramentas limpas e eficientes o tempo todo.<\/div>\n<\/li>\n<\/ul>\n<h3>Compras ecologicamente corretas<\/h3>\n<p>Nossas etiquetas RFID s\u00e3o projetadas com a ecologia em mente. Ao minimizar o manuseio manual e reduzir itens perdidos, voc\u00ea pode ajudar a reduzir a pegada de carbono associada \u00e0s opera\u00e7\u00f5es de lavanderia.\u00a0<strong>Etiquetas de lavanderia RFID<\/strong>\u00a0podem ser reciclados ao final do seu ciclo de vida, contribuindo para pr\u00e1ticas sustent\u00e1veis.<\/p>\n<h3>O que \u00e9 a tecnologia UHF RFID?<\/h3>\n<p>RFID (Radio Frequency Identification) \u00e9 uma tecnologia que usa campos eletromagn\u00e9ticos para identificar e rastrear automaticamente etiquetas presas a objetos. O UHF RFID opera dentro da faixa de Ultra Alta Frequ\u00eancia, permitindo dist\u00e2ncias de leitura maiores e identifica\u00e7\u00e3o mais r\u00e1pida, tornando-o ideal para aplica\u00e7\u00f5es de lavanderia. As etiquetas UHF RFID podem ser costuradas ou presas a roupas e len\u00e7\u00f3is, permitindo rastreamento eficiente durante todo o processo de lavagem.<\/p>\n<h3>Perguntas Frequentes (FAQs)<\/h3>\n<p><strong>P1: As etiquetas RFID para lavanderia s\u00e3o compat\u00edveis com todos os sistemas de lavanderia?<\/strong><br \/>\n<strong>A1:<\/strong>\u00a0Sim, nossas etiquetas RFID s\u00e3o projetadas para funcionar perfeitamente com leitores RFID padr\u00e3o usados em lavanderias.<\/p>\n<p><strong>P2: Como posso reciclar etiquetas RFID usadas?<\/strong><br \/>\n<strong>A2:<\/strong>\u00a0Ap\u00f3s o ciclo de vida, voc\u00ea pode nos devolver as etiquetas para reciclagem ou verificar as instala\u00e7\u00f5es locais que lidam com lixo eletr\u00f4nico.<\/p>\n<p><strong>P3: Posso etiquetar itens de lavanderia para uso pessoal?<\/strong><br \/>\n<strong>A3:<\/strong>\u00a0Absolutamente! Essas etiquetas tamb\u00e9m podem ser usadas em resid\u00eancias para controlar a lavanderia da fam\u00edlia de forma eficiente.<\/p>\n<h3>Por que nos escolher para suas solu\u00e7\u00f5es RFID?<\/h3>\n<p>Com anos de experi\u00eancia em tecnologia RFID, fornecemos solu\u00e7\u00f5es de alta qualidade, dur\u00e1veis e inovadoras, sob medida para a ind\u00fastria de lavanderia. Nossos produtos s\u00e3o projetados para atender a v\u00e1rias necessidades operacionais, mantendo a acessibilidade e a responsabilidade ambiental.<\/p>\n<p>Convidamos voc\u00ea a transformar suas opera\u00e7\u00f5es de lavanderia hoje mesmo investindo em nossas etiquetas de lavanderia UHF RFID para roupas de cama. Com resultados comprovados na melhoria da efici\u00eancia, gerenciamento de t\u00eaxteis e garantia de responsabilidade, essas etiquetas n\u00e3o s\u00e3o apenas um investimento em tecnologia, mas um investimento em paz de esp\u00edrito.<\/p>\n<h3>Conclus\u00e3o<\/h3>\n<p>Ao abra\u00e7ar o futuro da gest\u00e3o de lavanderia, integrar a tecnologia UHF RFID em suas opera\u00e7\u00f5es aumentar\u00e1 significativamente sua efici\u00eancia e confiabilidade. N\u00e3o perca a chance de elevar suas capacidades de processamento de lavanderia.<\/p>\n<\/div>","protected":false},"excerpt":{"rendered":"<div class=\"auto-hide-last-sibling-br paragraph_1252f paragraph-element\">Aumente a efici\u00eancia da lavanderia com nossas etiquetas UHF RFID dur\u00e1veis, projetadas para roupas de cama e vestu\u00e1rio. Lav\u00e1veis, resistentes \u00e0 temperatura e ideais para rastreamento!<\/div>\n<div><\/div>\n<div class=\"auto-hide-last-sibling-br paragraph_1252f paragraph-element\"><\/div>","protected":false},"featured_media":58,"template":"","meta":{"_kad_post_transparent":"default","_kad_post_title":"","_kad_post_layout":"default","_kad_post_sidebar_id":"","_kad_post_content_style":"default","_kad_post_vertical_padding":"default","_kad_post_feature":"","_kad_post_feature_position":"","_kad_post_header":false,"_kad_post_footer":false,"_kad_post_classname":""},"product_brand":[],"product_cat":[19],"product_tag":[25,285,30,28],"class_list":{"0":"post-54","1":"product","2":"type-product","3":"status-publish","4":"has-post-thumbnail","6":"product_cat-textile-rfid-laundry-tag","7":"product_tag-rfid-laundrytags","8":"product_tag-rfid-tag","9":"product_tag-uhf-rfid-laundry-tag","10":"product_tag-washable-rfid-tags","12":"first","13":"instock","14":"shipping-taxable","15":"product-type-simple","16":"entry","17":"content-bg","18":"loop-entry"},"_links":{"self":[{"href":"https:\/\/rfid-laundry-tag.com\/pt\/wp-json\/wp\/v2\/product\/54","targetHints":{"allow":["GET"]}}],"collection":[{"href":"https:\/\/rfid-laundry-tag.com\/pt\/wp-json\/wp\/v2\/product"}],"about":[{"href":"https:\/\/rfid-laundry-tag.com\/pt\/wp-json\/wp\/v2\/types\/product"}],"version-history":[{"count":3,"href":"https:\/\/rfid-laundry-tag.com\/pt\/wp-json\/wp\/v2\/product\/54\/revisions"}],"predecessor-version":[{"id":2684,"href":"https:\/\/rfid-laundry-tag.com\/pt\/wp-json\/wp\/v2\/product\/54\/revisions\/2684"}],"wp:featuredmedia":[{"embeddable":true,"href":"https:\/\/rfid-laundry-tag.com\/pt\/wp-json\/wp\/v2\/media\/58"}],"wp:attachment":[{"href":"https:\/\/rfid-laundry-tag.com\/pt\/wp-json\/wp\/v2\/media?parent=54"}],"wp:term":[{"taxonomy":"product_brand","embeddable":true,"href":"https:\/\/rfid-laundry-tag.com\/pt\/wp-json\/wp\/v2\/product_brand?post=54"},{"taxonomy":"product_cat","embeddable":true,"href":"https:\/\/rfid-laundry-tag.com\/pt\/wp-json\/wp\/v2\/product_cat?post=54"},{"taxonomy":"product_tag","embeddable":true,"href":"https:\/\/rfid-laundry-tag.com\/pt\/wp-json\/wp\/v2\/product_tag?post=54"}],"curies":[{"name":"wp","href":"https:\/\/api.w.org\/{rel}","templated":true}]}}