{"id":43,"date":"2024-06-03T16:12:18","date_gmt":"2024-06-03T16:12:18","guid":{"rendered":"https:\/\/rfid-laundry-tag.com\/?post_type=product&#038;p=43"},"modified":"2024-09-08T05:39:52","modified_gmt":"2024-09-08T05:39:52","slug":"uhf-rfid-textile-laundry-tag","status":"publish","type":"product","link":"https:\/\/rfid-laundry-tag.com\/pt\/uhf-rfid-textile-laundry-tag\/","title":{"rendered":"Etiqueta de lavanderia t\u00eaxtil UHF RFID"},"content":{"rendered":"<h2>Etiqueta de lavanderia t\u00eaxtil UHF RFID<\/h2>\n<div class=\"auto-hide-last-sibling-br paragraph_1252f paragraph-element\">\n<p><b><span class=\"magic-14\" data-spm-anchor-id=\"a2700.details.0.i55.23b419c7xXORP0\">Etiquetas de lavanderia de tecido RFID.<\/span><\/b><\/p>\n<p>Etiquetas de lavanderia de tecido RFID s\u00e3o comumente usadas em opera\u00e7\u00f5es de lavanderia industrial, roupas de cama de hotel e uniformes m\u00e9dicos. Essas etiquetas s\u00e3o altamente resilientes e podem suportar altas temperaturas, tornando-as capazes de sobreviver a mais de 200 ciclos de lavagem.<\/p>\n<div data-spm-anchor-id=\"a2700.details.0.i57.23b419c7xXORP0\"><span data-spm-anchor-id=\"a2700.details.0.i75.23b419c7xXORP0\"><b>Recurso:<\/b><br \/>\n1) Tecnologia UHF para ler centenas de tags simultaneamente.<br \/>\n2) Dist\u00e2ncia de leitura superior a 2,4 metros.<br \/>\n3) Novo design mec\u00e2nico para melhor desempenho em roupas planas.<br \/>\n4) Adequado para extratores de alta press\u00e3o at\u00e9 60 bar.<br \/>\n5) Adequado para esteriliza\u00e7\u00e3o em autoclave.<br \/>\n6) Material pequeno, macio e flex\u00edvel, ideal para tecidos, roupas de cama, vestu\u00e1rio e acess\u00f3rios.<\/span><\/div>\n<\/div>\n<div data-spm-anchor-id=\"a2700.details.0.i57.23b419c7xXORP0\"><\/div>\n<div data-spm-anchor-id=\"a2700.details.0.i57.23b419c7xXORP0\">\n<div class=\"text-title\"><span data-spm-anchor-id=\"a2700.details.0.i77.23b419c7xXORP0\">F\u00edsico:<\/span><\/div>\n<div class=\"text-content\" data-spm-anchor-id=\"a2700.details.0.i54.23b419c7xXORP0\">\n<div>Tamanho: 70 mm\u00d715 mm x1,5 mm<\/div>\n<div>Chip: UHF<\/div>\n<div>M\u00e9todo de instala\u00e7\u00e3o da etiqueta: Costura, Passar a ferro<\/div>\n<div>Protocolo:ISO18ooo-6C EPC C1G2<\/div>\n<div>Passar a ferro: 15 segundos, a 210\u2103<\/div>\n<div>Exposi\u00e7\u00e3o: 2,5 bar<\/div>\n<div>Secagem: 15 minutos a 180\u00b0C<\/div>\n<div><span data-spm-anchor-id=\"a2700.details.0.i78.23b419c7xXORP0\">Lavagem: 15 minutos a 90\u2103<\/span><\/div>\n<div>Ciclos de lavagem: 200+ ciclos ou 3 anos<br \/>\nCondi\u00e7\u00e3o de armazenamento: -20-80\u2103,5-95%RH<\/div>\n<\/div>\n<\/div>\n<h3 class=\"wp-block-heading\">Instala\u00e7\u00e3o<\/h3>\n<p><strong>Marca\u00e7\u00e3o de pontos<\/strong>: Para ser costurado na bainha de um tecido. Costure a etiqueta de lavanderia longe das linhas de dobra.<br \/>\n<strong>Selagem a quente<\/strong>: Para ser selado a quente diretamente no tecido a +200\u00b0C (392\u00b0F), por 12~14s.<br \/>\n<strong>Em bolsa<\/strong>: Para ser costurado como uma etiqueta de cuidados padr\u00e3o. Costure a etiqueta de lavanderia longe das linhas de dobra.<\/p>\n<div class=\"auto-hide-last-sibling-br paragraph_1252f paragraph-element\">\u00a0As etiquetas de lavanderia t\u00eaxtil UHF RFID s\u00e3o integrais para uma s\u00e9rie de ind\u00fastrias, fornecendo rastreamento eficiente de ativos, gerenciamento de invent\u00e1rio e melhorando a produtividade operacional geral. Aqui est\u00e3o algumas de suas aplica\u00e7\u00f5es em diferentes setores:<\/div>\n<ol class=\"auto-hide-last-sibling-br\">\n<li>\n<div class=\"auto-hide-last-sibling-br paragraph_1252f paragraph-element\"><strong>Assist\u00eancia m\u00e9dica<\/strong>: Hospitais e outras instala\u00e7\u00f5es m\u00e9dicas usam etiquetas RFID para roupas de cama para gerenciar enormes estoques de len\u00e7\u00f3is, toalhas, uniformes e roupas cir\u00fargicas. Isso ajuda a reduzir perdas, gerenciar ciclos de lavanderia e garantir que roupas de cama limpas e frescas estejam sempre dispon\u00edveis conforme necess\u00e1rio.<\/div>\n<\/li>\n<li>\n<div class=\"auto-hide-last-sibling-br paragraph_1252f paragraph-element\"><strong>Hot\u00e9is<\/strong>: Gerenciar roupas de cama \u00e9 uma tarefa enorme na ind\u00fastria hoteleira, onde milhares de itens, de roupas de cama a toalhas, cortinas e roup\u00f5es, est\u00e3o em circula\u00e7\u00e3o. As etiquetas RFID para roupas de cama simplificam o rastreamento, garantindo limpeza e substitui\u00e7\u00e3o oportunas, e ajudam a detectar e prevenir roubos.<\/div>\n<\/li>\n<li>\n<div class=\"auto-hide-last-sibling-br paragraph_1252f paragraph-element\"><strong>Restaurantes<\/strong>: Na ind\u00fastria de servi\u00e7os aliment\u00edcios, as etiquetas RFID podem monitorar o uso e a limpeza de uniformes, toalhas de mesa, guardanapos e aventais de chef. Isso pode melhorar os padr\u00f5es de limpeza e ajudar a manter uma apar\u00eancia polida e profissional.<\/div>\n<\/li>\n<li>\n<div class=\"auto-hide-last-sibling-br paragraph_1252f paragraph-element\"><strong>Ind\u00fastrias de vestu\u00e1rio de moda<\/strong>: As etiquetas RFID desempenham um papel enorme no rastreamento de itens por toda a cadeia de suprimentos, da produ\u00e7\u00e3o ao varejo. Elas podem fornecer informa\u00e7\u00f5es valiosas como origem, hist\u00f3rico de viagem e at\u00e9 mesmo detalhes sobre o tecido e instru\u00e7\u00f5es de cuidados.<\/div>\n<\/li>\n<li>\n<div class=\"auto-hide-last-sibling-br paragraph_1252f paragraph-element\"><strong>Vestu\u00e1rio de trabalho\/vestu\u00e1rio retardante de fogo<\/strong>: As empresas podem usar etiquetas RFID para rastrear e gerenciar itens de vestu\u00e1rio especiais. Isso pode incluir garantir que roupas retardantes de fogo ou outras roupas de prote\u00e7\u00e3o sejam inspecionadas regularmente, limpas adequadamente e substitu\u00eddas conforme necess\u00e1rio.<\/div>\n<\/li>\n<li>\n<div class=\"auto-hide-last-sibling-br paragraph_1252f paragraph-element\"><strong>Cal\u00e7ados e M\u00e1scaras<\/strong>: Especialmente importante em setores como sa\u00fade e constru\u00e7\u00e3o, onde a seguran\u00e7a \u00e9 cr\u00edtica, o rastreamento do uso, limpeza e manuten\u00e7\u00e3o de itens como m\u00e1scaras e cal\u00e7ados de seguran\u00e7a pode ser simplificado com o uso de etiquetas RFID.<\/div>\n<\/li>\n<li>\n<div class=\"auto-hide-last-sibling-br paragraph_1252f paragraph-element\"><strong>Tapetes e esfreg\u00f5es<\/strong>: Para empresas que prestam servi\u00e7os de limpeza ou gerenciam grandes instala\u00e7\u00f5es, etiquetas RFID em tapetes e esfreg\u00f5es podem ajudar a rastrear o uso e a manuten\u00e7\u00e3o, garantindo ferramentas limpas e eficazes o tempo todo.<\/div>\n<\/li>\n<\/ol>","protected":false},"excerpt":{"rendered":"<p><b>Etiquetas de lavanderia RFID <\/b>s\u00e3o projetados especificamente para uso em hot\u00e9is, hospitais, lavanderias e gerenciamento de cobertores de companhias a\u00e9reas. Essas etiquetas est\u00e3o dispon\u00edveis em tr\u00eas materiais principais: PPS, silicone e tecido.<\/p>","protected":false},"featured_media":44,"template":"","meta":{"_kad_post_transparent":"default","_kad_post_title":"","_kad_post_layout":"default","_kad_post_sidebar_id":"","_kad_post_content_style":"default","_kad_post_vertical_padding":"default","_kad_post_feature":"","_kad_post_feature_position":"","_kad_post_header":false,"_kad_post_footer":false,"_kad_post_classname":""},"product_brand":[],"product_cat":[19,16],"product_tag":[25,23,27,26],"class_list":{"0":"post-43","1":"product","2":"type-product","3":"status-publish","4":"has-post-thumbnail","6":"product_cat-textile-rfid-laundry-tag","7":"product_cat-uhf-rfid-laundry-tags","8":"product_tag-rfid-laundrytags","9":"product_tag-rfid-linen-tags","10":"product_tag-uhf-rfid-textile-laundry-tag","11":"product_tag-washable-uhf-rfid-laundry-tag","13":"first","14":"instock","15":"shipping-taxable","16":"product-type-simple","17":"entry","18":"content-bg","19":"loop-entry"},"_links":{"self":[{"href":"https:\/\/rfid-laundry-tag.com\/pt\/wp-json\/wp\/v2\/product\/43","targetHints":{"allow":["GET"]}}],"collection":[{"href":"https:\/\/rfid-laundry-tag.com\/pt\/wp-json\/wp\/v2\/product"}],"about":[{"href":"https:\/\/rfid-laundry-tag.com\/pt\/wp-json\/wp\/v2\/types\/product"}],"version-history":[{"count":2,"href":"https:\/\/rfid-laundry-tag.com\/pt\/wp-json\/wp\/v2\/product\/43\/revisions"}],"predecessor-version":[{"id":1305,"href":"https:\/\/rfid-laundry-tag.com\/pt\/wp-json\/wp\/v2\/product\/43\/revisions\/1305"}],"wp:featuredmedia":[{"embeddable":true,"href":"https:\/\/rfid-laundry-tag.com\/pt\/wp-json\/wp\/v2\/media\/44"}],"wp:attachment":[{"href":"https:\/\/rfid-laundry-tag.com\/pt\/wp-json\/wp\/v2\/media?parent=43"}],"wp:term":[{"taxonomy":"product_brand","embeddable":true,"href":"https:\/\/rfid-laundry-tag.com\/pt\/wp-json\/wp\/v2\/product_brand?post=43"},{"taxonomy":"product_cat","embeddable":true,"href":"https:\/\/rfid-laundry-tag.com\/pt\/wp-json\/wp\/v2\/product_cat?post=43"},{"taxonomy":"product_tag","embeddable":true,"href":"https:\/\/rfid-laundry-tag.com\/pt\/wp-json\/wp\/v2\/product_tag?post=43"}],"curies":[{"name":"wp","href":"https:\/\/api.w.org\/{rel}","templated":true}]}}