{"id":40,"date":"2024-06-03T15:49:08","date_gmt":"2024-06-03T15:49:08","guid":{"rendered":"https:\/\/rfid-laundry-tag.com\/?post_type=product&#038;p=40"},"modified":"2024-09-08T05:31:52","modified_gmt":"2024-09-08T05:31:52","slug":"washable-uhf-rfid-laundry-tag","status":"publish","type":"product","link":"https:\/\/rfid-laundry-tag.com\/pt\/washable-uhf-rfid-laundry-tag\/","title":{"rendered":"Etiqueta de lavanderia UHF RFID lav\u00e1vel"},"content":{"rendered":"<h2>Lav\u00e1vel <strong>UHF<\/strong> Etiqueta RFID para lavanderia<\/h2>\n<p>A etiqueta RFID para lavanderia feita de material t\u00eaxtil com dimens\u00f5es de 70*15 mm e equipada com um chip NXP U CODE 9 \u00e9 uma ferramenta simplificada projetada para rastreamento e gerenciamento eficientes de tecidos como roupas de cama, uniformes, toalhas e muito mais.<\/p>\n<div class=\"auto-hide-last-sibling-br paragraph_1252f paragraph-element\">Principais caracter\u00edsticas:<\/div>\n<ol class=\"auto-hide-last-sibling-br\">\n<li>\n<div class=\"auto-hide-last-sibling-br paragraph_1252f paragraph-element\"><strong>Material e tamanho<\/strong>:Esta etiqueta RFID \u00e9 feita de um material compat\u00edvel com tecidos e mede 70 mm por 15 mm, um tamanho ideal para etiquetar discretamente v\u00e1rios tipos de tecidos sem afetar suas qualidades est\u00e9ticas ou t\u00e1teis.<\/div>\n<\/li>\n<li>\n<div class=\"auto-hide-last-sibling-br paragraph_1252f paragraph-element\"><strong>Chip RFID<\/strong>: O chip NXP U CODE 9 incorporado garante alto desempenho e funcionalidade confi\u00e1vel. Este microchip facilita a transmiss\u00e3o de dados de longa dist\u00e2ncia e possui uma ampla capacidade de mem\u00f3ria para armazenar informa\u00e7\u00f5es de itens.<\/div>\n<\/li>\n<li>\n<div class=\"auto-hide-last-sibling-br paragraph_1252f paragraph-element\"><strong>Durabilidade<\/strong>: Apesar da constru\u00e7\u00e3o t\u00eaxtil macia e flex\u00edvel, esta etiqueta de lavanderia RFID foi projetada para suportar processos vigorosos de lavagem, passagem e prensagem. Ela pode suportar \u00e1gua, calor e press\u00e3o, mantendo sua integridade e fun\u00e7\u00e3o apesar dos ciclos repetitivos de lavanderia industrial.<\/div>\n<\/li>\n<li>\n<div class=\"auto-hide-last-sibling-br paragraph_1252f paragraph-element\"><strong>Efici\u00eancia<\/strong>: A tecnologia de chip NXP U CODE 9 permite a digitaliza\u00e7\u00e3o r\u00e1pida e precisa da etiqueta, mesmo em cen\u00e1rios de leitura em massa. Isso resulta em processamento r\u00e1pido, reduzindo o tempo de opera\u00e7\u00e3o e melhorando a produtividade no gerenciamento t\u00eaxtil.<\/div>\n<\/li>\n<li>\n<div class=\"auto-hide-last-sibling-br paragraph_1252f paragraph-element\"><strong>Aplicativo<\/strong>: Basicamente, essas etiquetas RFID s\u00e3o costuradas ou seladas a quente em tecidos antes de serem colocadas em servi\u00e7o. Uma vez fixadas, o gerenciamento automatizado de invent\u00e1rio, o controle de processo e a preven\u00e7\u00e3o de perdas podem ser facilitados com facilidade devido \u00e0 capacidade de rastreamento sem fio que essas etiquetas fornecem.<\/div>\n<\/li>\n<\/ol>\n<h3 class=\"wp-block-heading\">Instala\u00e7\u00e3o<\/h3>\n<p><strong>Marca\u00e7\u00e3o de pontos<\/strong>: Para ser costurado na bainha de um tecido. Costure a etiqueta de lavanderia longe das linhas de dobra.<br \/>\n<strong>Selagem a quente<\/strong>: Para ser selado a quente diretamente no tecido a +200\u00b0C (392\u00b0F), por 12~14s.<br \/>\n<strong>Em bolsa<\/strong>: Para ser costurado como uma etiqueta de cuidados padr\u00e3o. Costure a etiqueta de lavanderia longe das linhas de dobra.<\/p>\n<figure id=\"attachment_42\" aria-describedby=\"caption-attachment-42\" style=\"width: 718px\" class=\"wp-caption alignnone\"><img fetchpriority=\"high\" decoding=\"async\" class=\"wp-image-42\" src=\"https:\/\/rfid-laundry-tag.com\/wp-content\/uploads\/2024\/06\/srchttp___cbu01.alicdn.com_img_ibank_2019_649_165_12443561946_2073715636.jpgreferhttp___cbu01.alicdn-300x160.webp\" alt=\"Washable UHF RFID Laundry Tag\" width=\"718\" height=\"383\" srcset=\"https:\/\/rfid-laundry-tag.com\/wp-content\/uploads\/2024\/06\/srchttp___cbu01.alicdn.com_img_ibank_2019_649_165_12443561946_2073715636.jpgreferhttp___cbu01.alicdn-300x160.webp 300w, https:\/\/rfid-laundry-tag.com\/wp-content\/uploads\/2024\/06\/srchttp___cbu01.alicdn.com_img_ibank_2019_649_165_12443561946_2073715636.jpgreferhttp___cbu01.alicdn-600x320.webp 600w, https:\/\/rfid-laundry-tag.com\/wp-content\/uploads\/2024\/06\/srchttp___cbu01.alicdn.com_img_ibank_2019_649_165_12443561946_2073715636.jpgreferhttp___cbu01.alicdn-18x10.webp 18w, https:\/\/rfid-laundry-tag.com\/wp-content\/uploads\/2024\/06\/srchttp___cbu01.alicdn.com_img_ibank_2019_649_165_12443561946_2073715636.jpgreferhttp___cbu01.alicdn.webp 750w\" sizes=\"(max-width: 718px) 100vw, 718px\" \/><figcaption id=\"caption-attachment-42\" class=\"wp-caption-text\">Etiqueta de lavanderia UHF RFID lav\u00e1vel<\/figcaption><\/figure>\n<div class=\"auto-hide-last-sibling-br paragraph_1252f paragraph-element\"><strong>Etiquetas RFID para linho<\/strong> s\u00e3o integrais a uma s\u00e9rie de ind\u00fastrias, fornecendo rastreamento eficiente de ativos, gerenciamento de invent\u00e1rio e melhorando a produtividade operacional geral. Aqui est\u00e3o algumas de suas aplica\u00e7\u00f5es em diferentes setores:<\/div>\n<ol class=\"auto-hide-last-sibling-br\">\n<li>\n<div class=\"auto-hide-last-sibling-br paragraph_1252f paragraph-element\"><strong>Assist\u00eancia m\u00e9dica<\/strong>: Hospitais e outras instala\u00e7\u00f5es m\u00e9dicas usam etiquetas RFID para roupas de cama para gerenciar enormes estoques de len\u00e7\u00f3is, toalhas, uniformes e roupas cir\u00fargicas. Isso ajuda a reduzir perdas, gerenciar ciclos de lavanderia e garantir que roupas de cama limpas e frescas estejam sempre dispon\u00edveis conforme necess\u00e1rio.<\/div>\n<\/li>\n<li>\n<div class=\"auto-hide-last-sibling-br paragraph_1252f paragraph-element\"><strong>Hot\u00e9is<\/strong>: Gerenciar roupas de cama \u00e9 uma tarefa enorme na ind\u00fastria hoteleira, onde milhares de itens, de roupas de cama a toalhas, cortinas e roup\u00f5es, est\u00e3o em circula\u00e7\u00e3o. As etiquetas RFID para roupas de cama simplificam o rastreamento, garantindo limpeza e substitui\u00e7\u00e3o oportunas, e ajudam a detectar e prevenir roubos.<\/div>\n<\/li>\n<li>\n<div class=\"auto-hide-last-sibling-br paragraph_1252f paragraph-element\"><strong>Restaurantes<\/strong>: Na ind\u00fastria de servi\u00e7os aliment\u00edcios, as etiquetas RFID podem monitorar o uso e a limpeza de uniformes, toalhas de mesa, guardanapos e aventais de chef. Isso pode melhorar os padr\u00f5es de limpeza e ajudar a manter uma apar\u00eancia polida e profissional.<\/div>\n<\/li>\n<li>\n<div class=\"auto-hide-last-sibling-br paragraph_1252f paragraph-element\"><strong>Ind\u00fastrias de vestu\u00e1rio de moda<\/strong>: As etiquetas RFID desempenham um papel enorme no rastreamento de itens por toda a cadeia de suprimentos, da produ\u00e7\u00e3o ao varejo. Elas podem fornecer informa\u00e7\u00f5es valiosas como origem, hist\u00f3rico de viagem e at\u00e9 mesmo detalhes sobre o tecido e instru\u00e7\u00f5es de cuidados.<\/div>\n<\/li>\n<li>\n<div class=\"auto-hide-last-sibling-br paragraph_1252f paragraph-element\"><strong>Vestu\u00e1rio de trabalho\/vestu\u00e1rio retardante de fogo<\/strong>: As empresas podem usar etiquetas RFID para rastrear e gerenciar itens de vestu\u00e1rio especiais. Isso pode incluir garantir que roupas retardantes de fogo ou outras roupas de prote\u00e7\u00e3o sejam inspecionadas regularmente, limpas adequadamente e substitu\u00eddas conforme necess\u00e1rio.<\/div>\n<\/li>\n<li>\n<div class=\"auto-hide-last-sibling-br paragraph_1252f paragraph-element\"><strong>Cal\u00e7ados e M\u00e1scaras<\/strong>: Especialmente importante em setores como sa\u00fade e constru\u00e7\u00e3o, onde a seguran\u00e7a \u00e9 cr\u00edtica, o rastreamento do uso, limpeza e manuten\u00e7\u00e3o de itens como m\u00e1scaras e cal\u00e7ados de seguran\u00e7a pode ser simplificado com o uso de etiquetas RFID.<\/div>\n<\/li>\n<li>\n<div class=\"auto-hide-last-sibling-br paragraph_1252f paragraph-element\"><strong>Tapetes e esfreg\u00f5es<\/strong>: Para empresas que prestam servi\u00e7os de limpeza ou gerenciam grandes instala\u00e7\u00f5es, etiquetas RFID em tapetes e esfreg\u00f5es podem ajudar a rastrear o uso e a manuten\u00e7\u00e3o, garantindo ferramentas limpas e eficazes o tempo todo.<\/div>\n<\/li>\n<\/ol>","protected":false},"excerpt":{"rendered":"<h3 class=\"wp-block-heading\">Etiqueta de lavanderia UHF RFID lav\u00e1vel<\/h3>\n<p>1, flex\u00edvel, fino, suave e robusto.<br \/>\n2, longo alcance de leitura e desempenho de leitura em massa.<br \/>\n3, garantido para 200 ciclos de lavagem trabalhando atrav\u00e9s de esteriliza\u00e7\u00e3o, desidrata\u00e7\u00e3o, processador de ferro t\u00e9rmico sob press\u00e3o 60 bares, aquecimento de 200\u00b0C.<br \/>\n4, adequado para costura, selagem t\u00e9rmica, bolsa ou suspens\u00e3o.<br \/>\n5, servi\u00e7o sob demanda: logotipo do laser com codifica\u00e7\u00e3o EPC no chip RFID.<\/p>","protected":false},"featured_media":41,"template":"","meta":{"_kad_post_transparent":"default","_kad_post_title":"","_kad_post_layout":"default","_kad_post_sidebar_id":"","_kad_post_content_style":"default","_kad_post_vertical_padding":"default","_kad_post_feature":"","_kad_post_feature_position":"","_kad_post_header":false,"_kad_post_footer":false,"_kad_post_classname":""},"product_brand":[],"product_cat":[19,16],"product_tag":[25,23,26],"class_list":{"0":"post-40","1":"product","2":"type-product","3":"status-publish","4":"has-post-thumbnail","6":"product_cat-textile-rfid-laundry-tag","7":"product_cat-uhf-rfid-laundry-tags","8":"product_tag-rfid-laundrytags","9":"product_tag-rfid-linen-tags","10":"product_tag-washable-uhf-rfid-laundry-tag","12":"first","13":"instock","14":"shipping-taxable","15":"product-type-simple","16":"entry","17":"content-bg","18":"loop-entry"},"_links":{"self":[{"href":"https:\/\/rfid-laundry-tag.com\/pt\/wp-json\/wp\/v2\/product\/40","targetHints":{"allow":["GET"]}}],"collection":[{"href":"https:\/\/rfid-laundry-tag.com\/pt\/wp-json\/wp\/v2\/product"}],"about":[{"href":"https:\/\/rfid-laundry-tag.com\/pt\/wp-json\/wp\/v2\/types\/product"}],"version-history":[{"count":1,"href":"https:\/\/rfid-laundry-tag.com\/pt\/wp-json\/wp\/v2\/product\/40\/revisions"}],"predecessor-version":[{"id":1957,"href":"https:\/\/rfid-laundry-tag.com\/pt\/wp-json\/wp\/v2\/product\/40\/revisions\/1957"}],"wp:featuredmedia":[{"embeddable":true,"href":"https:\/\/rfid-laundry-tag.com\/pt\/wp-json\/wp\/v2\/media\/41"}],"wp:attachment":[{"href":"https:\/\/rfid-laundry-tag.com\/pt\/wp-json\/wp\/v2\/media?parent=40"}],"wp:term":[{"taxonomy":"product_brand","embeddable":true,"href":"https:\/\/rfid-laundry-tag.com\/pt\/wp-json\/wp\/v2\/product_brand?post=40"},{"taxonomy":"product_cat","embeddable":true,"href":"https:\/\/rfid-laundry-tag.com\/pt\/wp-json\/wp\/v2\/product_cat?post=40"},{"taxonomy":"product_tag","embeddable":true,"href":"https:\/\/rfid-laundry-tag.com\/pt\/wp-json\/wp\/v2\/product_tag?post=40"}],"curies":[{"name":"wp","href":"https:\/\/api.w.org\/{rel}","templated":true}]}}