{"id":37,"date":"2024-06-03T15:44:26","date_gmt":"2024-06-03T15:44:26","guid":{"rendered":"https:\/\/rfid-laundry-tag.com\/?post_type=product&#038;p=37"},"modified":"2024-09-27T17:21:11","modified_gmt":"2024-09-27T17:21:11","slug":"laundry-rfid-linen-tags","status":"publish","type":"product","link":"https:\/\/rfid-laundry-tag.com\/pt\/laundry-rfid-linen-tags\/","title":{"rendered":"Etiquetas de linho RFID para lavanderia"},"content":{"rendered":"<h2>Etiquetas de linho RFID para lavanderia<\/h2>\n<p>A etiqueta RFID para lavanderia feita de material t\u00eaxtil com dimens\u00f5es de 70*15 mm e equipada com um chip NXP U CODE 9 \u00e9 uma ferramenta simplificada projetada para rastreamento e gerenciamento eficientes de tecidos como roupas de cama, uniformes, toalhas e muito mais.<\/p>\n<div class=\"auto-hide-last-sibling-br paragraph_1252f paragraph-element\">Principais caracter\u00edsticas:<\/div>\n<ol class=\"auto-hide-last-sibling-br\">\n<li>\n<div class=\"auto-hide-last-sibling-br paragraph_1252f paragraph-element\"><strong>Material e tamanho<\/strong>:Esta etiqueta RFID \u00e9 feita de um material compat\u00edvel com tecidos e mede 70 mm por 15 mm, um tamanho ideal para etiquetar discretamente v\u00e1rios tipos de tecidos sem afetar suas qualidades est\u00e9ticas ou t\u00e1teis.<\/div>\n<\/li>\n<li>\n<div class=\"auto-hide-last-sibling-br paragraph_1252f paragraph-element\"><strong>Chip RFID<\/strong>: O chip NXP U CODE 9 incorporado garante alto desempenho e funcionalidade confi\u00e1vel. Este microchip facilita a transmiss\u00e3o de dados de longa dist\u00e2ncia e possui uma ampla capacidade de mem\u00f3ria para armazenar informa\u00e7\u00f5es de itens.<\/div>\n<\/li>\n<li>\n<div class=\"auto-hide-last-sibling-br paragraph_1252f paragraph-element\"><strong>Durabilidade<\/strong>: Apesar da constru\u00e7\u00e3o t\u00eaxtil macia e flex\u00edvel, esta etiqueta de lavanderia RFID foi projetada para suportar processos vigorosos de lavagem, passagem e prensagem. Ela pode suportar \u00e1gua, calor e press\u00e3o, mantendo sua integridade e fun\u00e7\u00e3o apesar dos ciclos repetitivos de lavanderia industrial.<\/div>\n<\/li>\n<li>\n<div class=\"auto-hide-last-sibling-br paragraph_1252f paragraph-element\"><strong>Efici\u00eancia<\/strong>: A tecnologia de chip NXP U CODE 9 permite a digitaliza\u00e7\u00e3o r\u00e1pida e precisa da etiqueta, mesmo em cen\u00e1rios de leitura em massa. Isso resulta em processamento r\u00e1pido, reduzindo o tempo de opera\u00e7\u00e3o e melhorando a produtividade no gerenciamento t\u00eaxtil.<\/div>\n<\/li>\n<li>\n<div class=\"auto-hide-last-sibling-br paragraph_1252f paragraph-element\"><strong>Aplicativo<\/strong>: Basicamente, essas etiquetas RFID s\u00e3o costuradas ou seladas a quente em tecidos antes de serem colocadas em servi\u00e7o. Uma vez fixadas, o gerenciamento automatizado de invent\u00e1rio, o controle de processo e a preven\u00e7\u00e3o de perdas podem ser facilitados com facilidade devido \u00e0 capacidade de rastreamento sem fio que essas etiquetas fornecem.<\/div>\n<\/li>\n<\/ol>\n<div class=\"auto-hide-last-sibling-br paragraph_1252f paragraph-element\">Por que a rastreabilidade desempenha um papel crucial na ind\u00fastria t\u00eaxtil. Aqui est\u00e1 um resumo dos pontos-chave para \u00eanfase:<\/div>\n<div><\/div>\n<ol class=\"auto-hide-last-sibling-br\">\n<li>\n<div class=\"auto-hide-last-sibling-br paragraph_1252f paragraph-element\">Controle de qualidade: Ao permitir que os fabricantes supervisionem a qualidade de seus tecidos em cada n\u00edvel de produ\u00e7\u00e3o, a rastreabilidade permite a identifica\u00e7\u00e3o e a corre\u00e7\u00e3o precoces de problemas de qualidade.<\/div>\n<\/li>\n<li>\n<div class=\"auto-hide-last-sibling-br paragraph_1252f paragraph-element\">Seguran\u00e7a do produto: a rastreabilidade garante a seguran\u00e7a dos tecidos ao permitir que os fabricantes identifiquem e retirem rapidamente os produtos das prateleiras em caso de produtos qu\u00edmicos nocivos ou defeitos.<\/div>\n<\/li>\n<li>\n<div class=\"auto-hide-last-sibling-br paragraph_1252f paragraph-element\">Conformidade regulat\u00f3ria: a ades\u00e3o a regulamenta\u00e7\u00f5es rigorosas relativas a t\u00eaxteis pode ser garantida pela rastreabilidade, o que ajuda os fabricantes a evitar confrontos legais e manchar sua reputa\u00e7\u00e3o.<\/div>\n<\/li>\n<li>\n<div class=\"auto-hide-last-sibling-br paragraph_1252f paragraph-element\">Transpar\u00eancia da Cadeia de Suprimentos: Os consumidores hoje exigem transpar\u00eancia sobre a origem de seus produtos, o processo de fabrica\u00e7\u00e3o e se pr\u00e1ticas \u00e9ticas e sustent\u00e1veis foram mantidas. A rastreabilidade atende exatamente a essa demanda.<\/div>\n<\/li>\n<li>\n<div class=\"auto-hide-last-sibling-br paragraph_1252f paragraph-element\">Sustentabilidade e Eco-Friendliness: A ind\u00fastria t\u00eaxtil enfrenta uma press\u00e3o substancial para se tornar mais sustent\u00e1vel e limitar os danos ambientais. A rastreabilidade ajuda os fabricantes a rastrear a origem dos materiais e avaliar o impacto ambiental de seus processos de produ\u00e7\u00e3o. Isso pode ajudar a minimizar o desperd\u00edcio e incorporar pr\u00e1ticas mais verdes.<\/div>\n<\/li>\n<li>\n<div class=\"auto-hide-last-sibling-br paragraph_1252f paragraph-element\">Preven\u00e7\u00e3o de falsifica\u00e7\u00f5es: a rastreabilidade \u00e9 fundamental para confirmar a autenticidade do produto, prevenindo assim a falsifica\u00e7\u00e3o e protegendo a reputa\u00e7\u00e3o da marca.<\/div>\n<\/li>\n<li>\n<div class=\"auto-hide-last-sibling-br paragraph_1252f paragraph-element\">Gest\u00e3o Eficiente de Recall: A rastreabilidade permite que os fabricantes identifiquem rapidamente os produtos e consumidores afetados no caso de recalls de produtos devido a preocupa\u00e7\u00f5es com seguran\u00e7a ou qualidade. Isso limita a extens\u00e3o e o impacto dos recalls de produtos.<\/div>\n<\/li>\n<li>\n<div class=\"auto-hide-last-sibling-br paragraph_1252f paragraph-element\">Redu\u00e7\u00e3o de Custos: Sistemas de rastreabilidade ajudam a identificar inefici\u00eancias no processo de produ\u00e7\u00e3o, levando \u00e0 redu\u00e7\u00e3o de custos. Permite que os fabricantes rastreiem materiais e processos, otimizando opera\u00e7\u00f5es e reduzindo desperd\u00edcios.<\/div>\n<\/li>\n<li>\n<div class=\"auto-hide-last-sibling-br paragraph_1252f paragraph-element\">Reputa\u00e7\u00e3o da marca: rastreabilidade e transpar\u00eancia promovem a confian\u00e7a do consumidor, o que pode melhorar significativamente a imagem de uma marca.<\/div>\n<\/li>\n<li>\n<div class=\"auto-hide-last-sibling-br paragraph_1252f paragraph-element\">Gerenciamento de riscos: a rastreabilidade facilita o gerenciamento antecipado de riscos relacionados a interrup\u00e7\u00f5es na cadeia de suprimentos, problemas de qualidade ou recalls de produtos, reduzindo potenciais danos financeiros e de reputa\u00e7\u00e3o em caso de crise.<\/div>\n<\/li>\n<\/ol>\n<div class=\"auto-hide-last-sibling-br paragraph_1252f paragraph-element\">Evidentemente, a rastreabilidade na ind\u00fastria t\u00eaxtil tem benef\u00edcios tremendos. Ela n\u00e3o s\u00f3 melhora a efici\u00eancia operacional, mas tamb\u00e9m atende \u00e0s expectativas do consumidor quanto \u00e0 seguran\u00e7a, qualidade e fornecimento \u00e9tico.<\/div>","protected":false},"excerpt":{"rendered":"<p>Etiquetas de linho RFID dur\u00e1veis: flex\u00edveis, robustas, com longo alcance de leitura. Garantidas para 200 lavagens, adequadas para costura, selagem a quente ou pendurar. Ideais para uso em lavanderia.<\/p>","protected":false},"featured_media":39,"template":"","meta":{"_kad_post_transparent":"default","_kad_post_title":"","_kad_post_layout":"default","_kad_post_sidebar_id":"","_kad_post_content_style":"default","_kad_post_vertical_padding":"default","_kad_post_feature":"","_kad_post_feature_position":"","_kad_post_header":false,"_kad_post_footer":false,"_kad_post_classname":""},"product_brand":[],"product_cat":[19,16],"product_tag":[22,24,25,23],"class_list":{"0":"post-37","1":"product","2":"type-product","3":"status-publish","4":"has-post-thumbnail","6":"product_cat-textile-rfid-laundry-tag","7":"product_cat-uhf-rfid-laundry-tags","8":"product_tag-laundry-rfid-linen-tags","9":"product_tag-laundry-rfid-tags","10":"product_tag-rfid-laundrytags","11":"product_tag-rfid-linen-tags","13":"first","14":"instock","15":"shipping-taxable","16":"product-type-simple","17":"entry","18":"content-bg","19":"loop-entry"},"_links":{"self":[{"href":"https:\/\/rfid-laundry-tag.com\/pt\/wp-json\/wp\/v2\/product\/37","targetHints":{"allow":["GET"]}}],"collection":[{"href":"https:\/\/rfid-laundry-tag.com\/pt\/wp-json\/wp\/v2\/product"}],"about":[{"href":"https:\/\/rfid-laundry-tag.com\/pt\/wp-json\/wp\/v2\/types\/product"}],"version-history":[{"count":3,"href":"https:\/\/rfid-laundry-tag.com\/pt\/wp-json\/wp\/v2\/product\/37\/revisions"}],"predecessor-version":[{"id":2713,"href":"https:\/\/rfid-laundry-tag.com\/pt\/wp-json\/wp\/v2\/product\/37\/revisions\/2713"}],"wp:featuredmedia":[{"embeddable":true,"href":"https:\/\/rfid-laundry-tag.com\/pt\/wp-json\/wp\/v2\/media\/39"}],"wp:attachment":[{"href":"https:\/\/rfid-laundry-tag.com\/pt\/wp-json\/wp\/v2\/media?parent=37"}],"wp:term":[{"taxonomy":"product_brand","embeddable":true,"href":"https:\/\/rfid-laundry-tag.com\/pt\/wp-json\/wp\/v2\/product_brand?post=37"},{"taxonomy":"product_cat","embeddable":true,"href":"https:\/\/rfid-laundry-tag.com\/pt\/wp-json\/wp\/v2\/product_cat?post=37"},{"taxonomy":"product_tag","embeddable":true,"href":"https:\/\/rfid-laundry-tag.com\/pt\/wp-json\/wp\/v2\/product_tag?post=37"}],"curies":[{"name":"wp","href":"https:\/\/api.w.org\/{rel}","templated":true}]}}