{"id":356,"date":"2024-06-28T11:08:54","date_gmt":"2024-06-28T11:08:54","guid":{"rendered":"https:\/\/rfid-laundry-tag.com\/?post_type=product&#038;p=356"},"modified":"2024-08-14T15:55:26","modified_gmt":"2024-08-14T15:55:26","slug":"rfid-windshield-sticker-for-vehicle-tracking","status":"publish","type":"product","link":"https:\/\/rfid-laundry-tag.com\/pt\/rfid-windshield-sticker-for-vehicle-tracking\/","title":{"rendered":"Adesivo RFID para para-brisa para rastreamento de ve\u00edculos"},"content":{"rendered":"<h2>Adesivo RFID para para-brisa para rastreamento de ve\u00edculos<\/h2>\n<div class=\"J_module\">\n<div class=\"ife-detail-decorate-table\">\n<table class=\"all magic-10\">\n<tbody>\n<tr>\n<td colspan=\"1\" rowspan=\"1\">\n<div class=\"magic-11\">Lasca<\/div>\n<\/td>\n<td colspan=\"1\" rowspan=\"1\">\n<div class=\"magic-12\">Alien\u00edgena H9, H10, U9 etc.<\/div>\n<\/td>\n<\/tr>\n<tr>\n<td colspan=\"1\" rowspan=\"1\">\n<div class=\"magic-11\">Frequ\u00eancia<\/div>\n<\/td>\n<td colspan=\"1\" rowspan=\"1\">\n<div class=\"magic-12\">860 \uff5e 960 MHz<\/div>\n<\/td>\n<\/tr>\n<tr>\n<td colspan=\"1\" rowspan=\"1\">\n<div class=\"magic-11\">Material<\/div>\n<\/td>\n<td colspan=\"1\" rowspan=\"1\">\n<div class=\"magic-12\">Papel revestido\/PET\/Papel sint\u00e9tico\/Papel t\u00e9rmico\/personaliza\u00e7\u00e3o<\/div>\n<\/td>\n<\/tr>\n<tr>\n<td colspan=\"1\" rowspan=\"1\">\n<div class=\"magic-11\">Modo de trabalho<\/div>\n<\/td>\n<td colspan=\"1\" rowspan=\"1\">\n<div class=\"magic-12\">Passiva<\/div>\n<\/td>\n<\/tr>\n<tr>\n<td colspan=\"1\" rowspan=\"1\">\n<div class=\"magic-11\">Vida IC<\/div>\n<\/td>\n<td colspan=\"1\" rowspan=\"1\">\n<div class=\"magic-12\">100.000 ciclos de programa\u00e7\u00e3o, 10 anos de reten\u00e7\u00e3o de dados<\/div>\n<\/td>\n<\/tr>\n<tr>\n<td colspan=\"1\" rowspan=\"1\">\n<div class=\"magic-11\">Temperatura\/humidade de opera\u00e7\u00e3o<\/div>\n<\/td>\n<td colspan=\"1\" rowspan=\"1\">\n<div class=\"magic-12\">-25~50\u2103\/20%~80% UR<\/div>\n<\/td>\n<\/tr>\n<tr>\n<td colspan=\"1\" rowspan=\"1\">\n<div class=\"magic-11\">Temperatura\/humidade de armazenamento<\/div>\n<\/td>\n<td colspan=\"1\" rowspan=\"1\">\n<div class=\"magic-12\">+23\u00b0C\u00b15\u00b0C\/ 50%\u00b110% UR (sem condensa\u00e7\u00e3o).<\/div>\n<\/td>\n<\/tr>\n<tr>\n<td colspan=\"1\" rowspan=\"1\">\n<div class=\"magic-11\">Antena<\/div>\n<\/td>\n<td colspan=\"1\" rowspan=\"1\">\n<div class=\"magic-12\">Grava\u00e7\u00e3o de alum\u00ednio, 94,8*8,1 mm<\/div>\n<\/td>\n<\/tr>\n<tr>\n<td colspan=\"1\" rowspan=\"1\">\n<div class=\"magic-11\">Tamanho do r\u00f3tulo\/embutimento \u00famido<\/div>\n<\/td>\n<td colspan=\"1\" rowspan=\"1\">\n<div class=\"magic-12\">98*15mm ou personaliza\u00e7\u00e3o<\/div>\n<\/td>\n<\/tr>\n<tr>\n<td colspan=\"1\" rowspan=\"1\">\n<div class=\"magic-11\">Impress\u00e3o<\/div>\n<\/td>\n<td colspan=\"1\" rowspan=\"1\">\n<div class=\"magic-12\">Impress\u00e3o colorida, logotipo, c\u00f3digo de barras, c\u00f3digo QR, etc.<\/div>\n<\/td>\n<\/tr>\n<tr>\n<td colspan=\"1\" rowspan=\"1\">\n<div class=\"magic-11\">Amostra<\/div>\n<\/td>\n<td colspan=\"1\" rowspan=\"1\">\n<div class=\"magic-12\">A amostra \u00e9 gratuita para seu teste de qualidade<\/div>\n<\/td>\n<\/tr>\n<tr>\n<td colspan=\"1\" rowspan=\"1\">\n<div class=\"magic-11\">Protocolo<\/div>\n<\/td>\n<td colspan=\"1\" rowspan=\"1\">\n<div class=\"magic-12\">ISO\/IEC 18000-6C EPC Classe 1 Gen2<\/div>\n<\/td>\n<\/tr>\n<tr>\n<td colspan=\"1\" rowspan=\"1\">\n<div class=\"magic-11\">Embalagem<\/div>\n<\/td>\n<td colspan=\"1\" rowspan=\"1\">\n<div class=\"magic-12\">1000-5000 pe\u00e7as\/rolo, 4 rolos\/caixa<\/div>\n<\/td>\n<\/tr>\n<tr>\n<td colspan=\"1\" rowspan=\"1\">\n<div class=\"magic-11\">Lugar de origem<\/div>\n<\/td>\n<td colspan=\"1\" rowspan=\"1\">\n<div class=\"magic-12\">Chengdu, China<\/div>\n<\/td>\n<\/tr>\n<tr>\n<td colspan=\"1\" rowspan=\"4\">\n<div class=\"magic-11\">Aplica\u00e7\u00e3o\/Solu\u00e7\u00e3o<\/div>\n<\/td>\n<td colspan=\"1\" rowspan=\"1\">\n<div class=\"magic-12\">Controle de admiss\u00e3o seguro\/Pagamento sem dinheiro Programas de associa\u00e7\u00e3o e fidelidade<\/div>\n<\/td>\n<\/tr>\n<tr>\n<td colspan=\"1\" rowspan=\"1\">\n<div class=\"magic-12\" data-spm-anchor-id=\"a2700.details.0.i80.59c943e8HVzkHD\">Acesso a eventos e branding\/m\u00eddias sociais\/varejo<\/div>\n<\/td>\n<\/tr>\n<tr>\n<td colspan=\"1\" rowspan=\"1\">\n<div class=\"magic-12\">Ambiente\/Jogos e Brinquedos Localiza\u00e7\u00e3o\/Eletr\u00f4nicos\/Feiras de Neg\u00f3cios<\/div>\n<\/td>\n<\/tr>\n<tr>\n<td colspan=\"1\" rowspan=\"1\">\n<div class=\"magic-12\">Eventos\/Solicita\u00e7\u00e3o de chamada\/Cart\u00f5es de visita<\/div>\n<\/td>\n<\/tr>\n<\/tbody>\n<\/table>\n<p>&nbsp;<\/p>\n<\/div>\n<\/div>\n<div class=\"J_module\">\n<div class=\"auto-hide-last-sibling-br paragraph_9dc5f paragraph-element\">\n<p><strong>As aplica\u00e7\u00f5es dos adesivos RFID para para-brisas incluem:<\/strong><\/p>\n<ol>\n<li><strong>Controle de acesso de ve\u00edculos<\/strong>: Os adesivos RFID para para-brisas podem ser usados para entradas e sa\u00eddas automatizadas em estacionamentos, condom\u00ednios fechados, ped\u00e1gios e outras \u00e1reas de acesso controlado.<\/li>\n<li><strong>Rastreamento de Ve\u00edculos<\/strong>: Adesivos RFID para para-brisas podem ser usados para rastrear e gerenciar ve\u00edculos dentro de uma instala\u00e7\u00e3o, como em locadoras de ve\u00edculos ou estacionamentos.<\/li>\n<li><strong>Cobran\u00e7a Eletr\u00f4nica de Ped\u00e1gio<\/strong>: Os adesivos RFID para para-brisas podem ser usados em sistemas eletr\u00f4nicos de cobran\u00e7a de ped\u00e1gio, permitindo que os ve\u00edculos passem pelas cabines de ped\u00e1gio de forma r\u00e1pida e eficiente, sem a necessidade de parar e pagar em dinheiro.<\/li>\n<li><strong>Gest\u00e3o de frotas<\/strong>: Os adesivos RFID para para-brisas podem ser usados para rastrear e gerenciar frotas de ve\u00edculos, permitindo que as empresas monitorem e otimizem suas opera\u00e7\u00f5es.<\/li>\n<li><strong>Gest\u00e3o de estacionamento<\/strong>: Os adesivos RFID para para-brisas podem ser usados para rastrear e gerenciar vagas de estacionamento em estacionamentos ou estruturas, fornecendo informa\u00e7\u00f5es em tempo real sobre vagas de estacionamento dispon\u00edveis.<\/li>\n<li><strong>Identifica\u00e7\u00e3o do ve\u00edculo<\/strong>: Os adesivos RFID para para-brisas podem ser usados para identifica\u00e7\u00e3o de ve\u00edculos em eventos, corridas ou outras situa\u00e7\u00f5es em que seja necess\u00e1ria uma identifica\u00e7\u00e3o r\u00e1pida e precisa.<\/li>\n<\/ol>\n<p>No geral, os adesivos RFID para para-brisas oferecem uma maneira conveniente e eficiente de rastrear e gerenciar ve\u00edculos em uma variedade de aplica\u00e7\u00f5es, proporcionando maior seguran\u00e7a, conveni\u00eancia e automa\u00e7\u00e3o em processos relacionados a ve\u00edculos.<\/p>\n<\/div>\n<div><\/div>\n<div class=\"auto-hide-last-sibling-br paragraph_9dc5f paragraph-element\"><\/div>\n<div><\/div>\n<\/div>\n<div><\/div>\n<div><strong>Por que nos escolher?<\/strong><\/div>\n<div><\/div>\n<div>Somos o principal fornecedor de tecnologia RFID com mais de 11 anos de experi\u00eancia, trazendo efici\u00eancia avan\u00e7ada, confiabilidade e precis\u00e3o para as cadeias de suprimentos globais dos clientes com produtos, solu\u00e7\u00f5es e tecnologias l\u00edderes do setor. Como um fabricante em n\u00edvel global, oferecemos aos clientes uma plataforma de tecnologias fundamentais, incluindo controle de acesso, marca\u00e7\u00e3o de animais, comunica\u00e7\u00e3o de campo pr\u00f3ximo (NFC), v\u00e1rios leitores e solu\u00e7\u00f5es RFID. Nossas solu\u00e7\u00f5es apresentam estruturas de aplicativos altamente configur\u00e1veis e interfaces de usu\u00e1rio elegantes com an\u00e1lises avan\u00e7adas, permitindo intelig\u00eancia de neg\u00f3cios de ponta a ponta e visibilidade de dados em v\u00e1rios setores.<\/div>","protected":false},"excerpt":{"rendered":"<p>Os adesivos RFID para para-brisas s\u00e3o etiquetas RFID projetadas para serem fixadas no para-brisa de um ve\u00edculo para diversos fins de rastreamento e identifica\u00e7\u00e3o.<\/p>","protected":false},"featured_media":357,"template":"","meta":{"_kad_post_transparent":"default","_kad_post_title":"","_kad_post_layout":"default","_kad_post_sidebar_id":"","_kad_post_content_style":"default","_kad_post_vertical_padding":"default","_kad_post_feature":"","_kad_post_feature_position":"","_kad_post_header":false,"_kad_post_footer":false,"_kad_post_classname":""},"product_brand":[],"product_cat":[54],"product_tag":[157,98],"class_list":{"0":"post-356","1":"product","2":"type-product","3":"status-publish","4":"has-post-thumbnail","6":"product_cat-hot-selling-rfid-tags","7":"product_tag-rfid-windshield-sticker-for-vehicle-tracking","8":"product_tag-uhf-rfid-label","10":"first","11":"instock","12":"shipping-taxable","13":"product-type-simple","14":"entry","15":"content-bg","16":"loop-entry"},"_links":{"self":[{"href":"https:\/\/rfid-laundry-tag.com\/pt\/wp-json\/wp\/v2\/product\/356","targetHints":{"allow":["GET"]}}],"collection":[{"href":"https:\/\/rfid-laundry-tag.com\/pt\/wp-json\/wp\/v2\/product"}],"about":[{"href":"https:\/\/rfid-laundry-tag.com\/pt\/wp-json\/wp\/v2\/types\/product"}],"version-history":[{"count":1,"href":"https:\/\/rfid-laundry-tag.com\/pt\/wp-json\/wp\/v2\/product\/356\/revisions"}],"predecessor-version":[{"id":1306,"href":"https:\/\/rfid-laundry-tag.com\/pt\/wp-json\/wp\/v2\/product\/356\/revisions\/1306"}],"wp:featuredmedia":[{"embeddable":true,"href":"https:\/\/rfid-laundry-tag.com\/pt\/wp-json\/wp\/v2\/media\/357"}],"wp:attachment":[{"href":"https:\/\/rfid-laundry-tag.com\/pt\/wp-json\/wp\/v2\/media?parent=356"}],"wp:term":[{"taxonomy":"product_brand","embeddable":true,"href":"https:\/\/rfid-laundry-tag.com\/pt\/wp-json\/wp\/v2\/product_brand?post=356"},{"taxonomy":"product_cat","embeddable":true,"href":"https:\/\/rfid-laundry-tag.com\/pt\/wp-json\/wp\/v2\/product_cat?post=356"},{"taxonomy":"product_tag","embeddable":true,"href":"https:\/\/rfid-laundry-tag.com\/pt\/wp-json\/wp\/v2\/product_tag?post=356"}],"curies":[{"name":"wp","href":"https:\/\/api.w.org\/{rel}","templated":true}]}}