{"id":354,"date":"2024-06-28T10:53:04","date_gmt":"2024-06-28T10:53:04","guid":{"rendered":"https:\/\/rfid-laundry-tag.com\/?post_type=product&#038;p=354"},"modified":"2024-06-28T11:07:24","modified_gmt":"2024-06-28T11:07:24","slug":"custom-nfc-label-iso14443a","status":"publish","type":"product","link":"https:\/\/rfid-laundry-tag.com\/pt\/custom-nfc-label-iso14443a\/","title":{"rendered":"Etiqueta NFC personalizada ISO14443A"},"content":{"rendered":"<div><\/div>\n<h2>Etiqueta NFC personalizada ISO14443A<\/h2>\n<div>\n<table class=\"all magic-9\">\n<tbody>\n<tr>\n<td colspan=\"1\" rowspan=\"1\">\n<div class=\"magic-10\">Material<\/div>\n<\/td>\n<td colspan=\"1\" rowspan=\"1\">\n<div class=\"magic-11\" data-spm-anchor-id=\"a2700.details.0.i85.504d267eS1Hb6u\">PET, PVC, papel revestido, etc.<\/div>\n<\/td>\n<\/tr>\n<tr>\n<td colspan=\"1\" rowspan=\"1\">\n<div class=\"magic-10\">Lasca<\/div>\n<\/td>\n<td colspan=\"1\" rowspan=\"1\">\n<div class=\"magic-11\">Mifare Ultralight ev1, Ultralight C, Ntag213\/Ntag215\/Ntag216 etc.<\/div>\n<\/td>\n<\/tr>\n<tr>\n<td colspan=\"1\" rowspan=\"1\">\n<div class=\"magic-10\">Frequ\u00eancia<\/div>\n<\/td>\n<td colspan=\"1\" rowspan=\"1\">\n<div class=\"magic-11\">13,56 MHz<\/div>\n<\/td>\n<\/tr>\n<tr>\n<td colspan=\"1\" rowspan=\"1\">\n<div class=\"magic-10\">Protocolo<\/div>\n<\/td>\n<td colspan=\"1\" rowspan=\"1\">\n<div class=\"magic-11\">Norma ISO 14443A<\/div>\n<\/td>\n<\/tr>\n<tr>\n<td colspan=\"1\" rowspan=\"1\">\n<div class=\"magic-10\">Tamanho<\/div>\n<\/td>\n<td colspan=\"1\" rowspan=\"1\">\n<div class=\"magic-11\">Di\u00e2metro 25, 30, 35 mm ou tamanho personalizado<\/div>\n<\/td>\n<\/tr>\n<tr>\n<td colspan=\"1\" rowspan=\"1\">\n<div class=\"magic-10\">Recurso<\/div>\n<\/td>\n<td colspan=\"1\" rowspan=\"1\">\n<div class=\"magic-11\">\u00c0 prova d&#039;\u00e1gua, resistente, impress\u00e3o personalizada<\/div>\n<\/td>\n<\/tr>\n<tr>\n<td colspan=\"1\" rowspan=\"1\">\n<div class=\"magic-10\">Amostra<\/div>\n<\/td>\n<td colspan=\"1\" rowspan=\"1\">\n<div class=\"magic-11\">dispon\u00edvel gratuitamente<\/div>\n<\/td>\n<\/tr>\n<tr>\n<td colspan=\"1\" rowspan=\"1\">\n<div class=\"magic-10\">Dist\u00e2ncia de leitura<\/div>\n<\/td>\n<td colspan=\"1\" rowspan=\"1\">\n<div class=\"magic-11\" data-spm-anchor-id=\"a2700.details.0.i84.504d267eS1Hb6u\">0-10cm<\/div>\n<\/td>\n<\/tr>\n<\/tbody>\n<\/table>\n<\/div>\n<div><\/div>\n<div>\n<p>As etiquetas NFC s\u00e3o uma tecnologia vers\u00e1til que pode armazenar v\u00e1rios tipos de informa\u00e7\u00f5es e ser integrada a uma ampla gama de produtos. Com sua capacidade de se comunicar com dispositivos habilitados para NFC, como smartphones, elas encontram uso em aplica\u00e7\u00f5es como controle de acesso f\u00edsico e l\u00f3gico, e-ticketing de transporte p\u00fablico, p\u00f4steres inteligentes, sistemas de carteira eletr\u00f4nica e esquemas de fidelidade. Al\u00e9m disso, a tecnologia de cart\u00e3o h\u00edbrido permite a combina\u00e7\u00e3o de funcionalidade de chip sem contato e de contato em um \u00fanico cart\u00e3o. As etiquetas NFC operam em uma frequ\u00eancia de 13,56 MHz e fazem parte da fam\u00edlia RFID.<\/p>\n<\/div>\n<div class=\"text-content\">\n<div data-spm-anchor-id=\"a2700.details.0.i46.6f4d7d7dnursE7\"><\/div>\n<\/div>\n<div>\n<div class=\"text-content\">\n<div><\/div>\n<div data-spm-anchor-id=\"a2700.details.0.i48.6f4d7d7dnursE7\"><\/div>\n<\/div>\n<\/div>","protected":false},"excerpt":{"rendered":"<p>O r\u00f3tulo NFC personalizado ISO14443A \u00e9 um tipo espec\u00edfico de IC compat\u00edvel com o NFC Forum Type 2 Tag, com 144 bytes de mem\u00f3ria do usu\u00e1rio. Ele foi projetado com versatilidade em mente, adequado para diversas aplica\u00e7\u00f5es em setores como varejo, jogos e eletr\u00f4nicos de consumo, entre outros.<\/p>","protected":false},"featured_media":355,"template":"","meta":{"_kad_post_transparent":"default","_kad_post_title":"","_kad_post_layout":"default","_kad_post_sidebar_id":"","_kad_post_content_style":"default","_kad_post_vertical_padding":"default","_kad_post_feature":"","_kad_post_feature_position":"","_kad_post_header":false,"_kad_post_footer":false,"_kad_post_classname":""},"product_brand":[],"product_cat":[54],"product_tag":[156,155,114],"class_list":{"0":"post-354","1":"product","2":"type-product","3":"status-publish","4":"has-post-thumbnail","6":"product_cat-hot-selling-rfid-tags","7":"product_tag-custom-nfc-label","8":"product_tag-custom-nfc-label-iso14443a","9":"product_tag-nfc-label","11":"first","12":"instock","13":"shipping-taxable","14":"product-type-simple","15":"entry","16":"content-bg","17":"loop-entry"},"_links":{"self":[{"href":"https:\/\/rfid-laundry-tag.com\/pt\/wp-json\/wp\/v2\/product\/354","targetHints":{"allow":["GET"]}}],"collection":[{"href":"https:\/\/rfid-laundry-tag.com\/pt\/wp-json\/wp\/v2\/product"}],"about":[{"href":"https:\/\/rfid-laundry-tag.com\/pt\/wp-json\/wp\/v2\/types\/product"}],"version-history":[{"count":0,"href":"https:\/\/rfid-laundry-tag.com\/pt\/wp-json\/wp\/v2\/product\/354\/revisions"}],"wp:featuredmedia":[{"embeddable":true,"href":"https:\/\/rfid-laundry-tag.com\/pt\/wp-json\/wp\/v2\/media\/355"}],"wp:attachment":[{"href":"https:\/\/rfid-laundry-tag.com\/pt\/wp-json\/wp\/v2\/media?parent=354"}],"wp:term":[{"taxonomy":"product_brand","embeddable":true,"href":"https:\/\/rfid-laundry-tag.com\/pt\/wp-json\/wp\/v2\/product_brand?post=354"},{"taxonomy":"product_cat","embeddable":true,"href":"https:\/\/rfid-laundry-tag.com\/pt\/wp-json\/wp\/v2\/product_cat?post=354"},{"taxonomy":"product_tag","embeddable":true,"href":"https:\/\/rfid-laundry-tag.com\/pt\/wp-json\/wp\/v2\/product_tag?post=354"}],"curies":[{"name":"wp","href":"https:\/\/api.w.org\/{rel}","templated":true}]}}