{"id":352,"date":"2024-06-28T10:26:38","date_gmt":"2024-06-28T10:26:38","guid":{"rendered":"https:\/\/rfid-laundry-tag.com\/?post_type=product&#038;p=352"},"modified":"2024-06-28T10:52:24","modified_gmt":"2024-06-28T10:52:24","slug":"custom-paper-nfc-sticker-ntag213","status":"publish","type":"product","link":"https:\/\/rfid-laundry-tag.com\/pt\/custom-paper-nfc-sticker-ntag213\/","title":{"rendered":"Adesivo NFC de papel personalizado Ntag213"},"content":{"rendered":"<div>\n<div><strong>Adesivos NFC com NXP NTAG213<\/strong> chips s\u00e3o populares para v\u00e1rias aplica\u00e7\u00f5es, como marketing, controle de acesso e autentica\u00e7\u00e3o de produtos. As op\u00e7\u00f5es personaliz\u00e1veis para acabamento, formato, tamanho e impress\u00e3o os tornam vers\u00e1teis para diferentes necessidades.<\/div>\n<\/div>\n<div>O chip e a antena ficam virados para cima sob uma camada superficial de papel branco ou pl\u00e1stico \u00e0 prova d&#039;\u00e1gua para maior durabilidade e resist\u00eancia \u00e0 breve exposi\u00e7\u00e3o \u00e0 \u00e1gua. O adesivo NFC tem uma op\u00e7\u00e3o de camada adesiva na parte traseira para montagem em superf\u00edcies planas n\u00e3o met\u00e1licas.<\/div>\n<div>\n<div><\/div>\n<div><\/div>\n<div class=\"auto-hide-last-sibling-br paragraph_9dc5f paragraph-element\">O chip NTAG213 oferece uma variedade de vantagens, como:<\/div>\n<ul class=\"auto-hide-last-sibling-br\">\n<li>Transfer\u00eancia de energia e dados sem contato<\/li>\n<li>Capacidade de leitura r\u00e1pida<\/li>\n<li>Desempenho de RF aprimorado<\/li>\n<li>Recursos de seguran\u00e7a, incluindo prote\u00e7\u00e3o por senha e fun\u00e7\u00f5es anticolis\u00e3o<\/li>\n<li>Total conformidade com as especifica\u00e7\u00f5es do NFC Forum Tag Tipo 2<\/li>\n<\/ul>\n<\/div>\n<div>\n<table class=\"all magic-9\">\n<tbody>\n<tr>\n<td colspan=\"1\" rowspan=\"1\">\n<div class=\"magic-10\">Material<\/div>\n<\/td>\n<td colspan=\"1\" rowspan=\"1\">\n<div class=\"magic-11\" data-spm-anchor-id=\"a2700.details.0.i85.504d267eS1Hb6u\">PET, PVC, papel revestido, etc.<\/div>\n<\/td>\n<\/tr>\n<tr>\n<td colspan=\"1\" rowspan=\"1\">\n<div class=\"magic-10\">Lasca<\/div>\n<\/td>\n<td colspan=\"1\" rowspan=\"1\">\n<div class=\"magic-11\">Ntag213\/Ntag215\/Ntag216 etc<\/div>\n<\/td>\n<\/tr>\n<tr>\n<td colspan=\"1\" rowspan=\"1\">\n<div class=\"magic-10\">Frequ\u00eancia<\/div>\n<\/td>\n<td colspan=\"1\" rowspan=\"1\">\n<div class=\"magic-11\">13,56 MHz<\/div>\n<\/td>\n<\/tr>\n<tr>\n<td colspan=\"1\" rowspan=\"1\">\n<div class=\"magic-10\">Protocolo<\/div>\n<\/td>\n<td colspan=\"1\" rowspan=\"1\">\n<div class=\"magic-11\">Norma ISO 14443A<\/div>\n<\/td>\n<\/tr>\n<tr>\n<td colspan=\"1\" rowspan=\"1\">\n<div class=\"magic-10\">Tamanho<\/div>\n<\/td>\n<td colspan=\"1\" rowspan=\"1\">\n<div class=\"magic-11\">Di\u00e2metro 25, 30, 35 mm ou tamanho personalizado<\/div>\n<\/td>\n<\/tr>\n<tr>\n<td colspan=\"1\" rowspan=\"1\">\n<div class=\"magic-10\">Recurso<\/div>\n<\/td>\n<td colspan=\"1\" rowspan=\"1\">\n<div class=\"magic-11\">\u00c0 prova d&#039;\u00e1gua, resistente, impress\u00e3o personalizada<\/div>\n<\/td>\n<\/tr>\n<tr>\n<td colspan=\"1\" rowspan=\"1\">\n<div class=\"magic-10\">Amostra<\/div>\n<\/td>\n<td colspan=\"1\" rowspan=\"1\">\n<div class=\"magic-11\">dispon\u00edvel gratuitamente<\/div>\n<\/td>\n<\/tr>\n<tr>\n<td colspan=\"1\" rowspan=\"1\">\n<div class=\"magic-10\">Dist\u00e2ncia de leitura<\/div>\n<\/td>\n<td colspan=\"1\" rowspan=\"1\">\n<div class=\"magic-11\" data-spm-anchor-id=\"a2700.details.0.i84.504d267eS1Hb6u\">0-10cm<\/div>\n<\/td>\n<\/tr>\n<\/tbody>\n<\/table>\n<\/div>\n<div><\/div>\n<div>\n<p>algumas perguntas frequentes sobre adesivos NFC de papel personalizados usando a tecnologia Ntag213:<\/p>\n<ol>\n<li>O que \u00e9 um adesivo NFC?\n<ul>\n<li>Um adesivo NFC \u00e9 uma pequena etiqueta adesiva que cont\u00e9m um chip NFC (Near Field Communication), como o NXP NTAG213, embutido nele. Esses adesivos podem ser escaneados por dispositivos habilitados para NFC para acionar v\u00e1rias a\u00e7\u00f5es ou transmitir informa\u00e7\u00f5es.<\/li>\n<\/ul>\n<\/li>\n<li>Como os adesivos NFC de papel personalizados podem ser usados?\n<ul>\n<li>Os adesivos NFC de papel personalizados podem ser usados para uma variedade de finalidades, incluindo gerenciamento de rastreamento, controle de acesso em instala\u00e7\u00f5es como f\u00e1bricas, armaz\u00e9ns, hot\u00e9is, hospitais e parques de divers\u00e3o, aplica\u00e7\u00f5es de varejo, publicidade, autentica\u00e7\u00e3o de produtos e emiss\u00e3o de bilhetes eletr\u00f4nicos.<\/li>\n<\/ul>\n<\/li>\n<li>Quais op\u00e7\u00f5es de personaliza\u00e7\u00e3o est\u00e3o dispon\u00edveis para adesivos NFC de papel?\n<ul>\n<li>Os adesivos NFC de papel personalizados podem ser impressos com uma escolha de acabamento brilhante ou fosco, em v\u00e1rios formatos e tamanhos. Eles podem incluir logotipos, letras, n\u00fameros e c\u00f3digos de barras nas cores CMYK e preto. Al\u00e9m disso, uma camada adesiva na parte traseira permite f\u00e1cil montagem em superf\u00edcies planas n\u00e3o met\u00e1licas.<\/li>\n<\/ul>\n<\/li>\n<li>Os adesivos NFC de papel s\u00e3o dur\u00e1veis?\n<ul>\n<li>Os adesivos NFC de papel com chips Ntag213 s\u00e3o projetados com uma camada protetora que cobre o chip NFC e a antena, proporcionando durabilidade extra e resist\u00eancia \u00e0 breve exposi\u00e7\u00e3o \u00e0 \u00e1gua. Op\u00e7\u00f5es de pl\u00e1stico \u00e0 prova d&#039;\u00e1gua tamb\u00e9m est\u00e3o dispon\u00edveis para maior durabilidade.<\/li>\n<\/ul>\n<\/li>\n<li>Qual \u00e9 a vantagem de usar a tecnologia NFC em adesivos?\n<ul>\n<li>O uso da tecnologia NFC em adesivos permite intera\u00e7\u00e3o conveniente e sem contato com dispositivos habilitados para NFC. Isso permite compartilhamento r\u00e1pido e f\u00e1cil de informa\u00e7\u00f5es, autentica\u00e7\u00e3o ou acionamento de a\u00e7\u00f5es sem a necessidade de contato f\u00edsico entre dispositivos.<\/li>\n<\/ul>\n<\/li>\n<\/ol>\n<\/div>\n<div class=\"text-content\">\n<div data-spm-anchor-id=\"a2700.details.0.i46.6f4d7d7dnursE7\"><\/div>\n<\/div>\n<div>\n<div class=\"text-content\">\n<div><\/div>\n<div data-spm-anchor-id=\"a2700.details.0.i48.6f4d7d7dnursE7\"><\/div>\n<\/div>\n<\/div>","protected":false},"excerpt":{"rendered":"<p><strong>Adesivo NFC de papel personalizado Ntag213<\/strong> \u00e9 um tipo espec\u00edfico de IC compat\u00edvel com o NFC Forum Type 2 Tag, apresentando 144 bytes de mem\u00f3ria de usu\u00e1rio. Ele foi projetado com versatilidade em mente, adequado para diversas aplica\u00e7\u00f5es em ind\u00fastrias como varejo, jogos e eletr\u00f4nicos de consumo, entre outras.<\/p>","protected":false},"featured_media":353,"template":"","meta":{"_kad_post_transparent":"default","_kad_post_title":"","_kad_post_layout":"default","_kad_post_sidebar_id":"","_kad_post_content_style":"default","_kad_post_vertical_padding":"default","_kad_post_feature":"","_kad_post_feature_position":"","_kad_post_header":false,"_kad_post_footer":false,"_kad_post_classname":""},"product_brand":[],"product_cat":[54],"product_tag":[153,154],"class_list":{"0":"post-352","1":"product","2":"type-product","3":"status-publish","4":"has-post-thumbnail","6":"product_cat-hot-selling-rfid-tags","7":"product_tag-custom-paper-nfc-sticker-ntag213","8":"product_tag-nfc-sticker-ntag213","10":"first","11":"instock","12":"shipping-taxable","13":"product-type-simple","14":"entry","15":"content-bg","16":"loop-entry"},"_links":{"self":[{"href":"https:\/\/rfid-laundry-tag.com\/pt\/wp-json\/wp\/v2\/product\/352","targetHints":{"allow":["GET"]}}],"collection":[{"href":"https:\/\/rfid-laundry-tag.com\/pt\/wp-json\/wp\/v2\/product"}],"about":[{"href":"https:\/\/rfid-laundry-tag.com\/pt\/wp-json\/wp\/v2\/types\/product"}],"version-history":[{"count":0,"href":"https:\/\/rfid-laundry-tag.com\/pt\/wp-json\/wp\/v2\/product\/352\/revisions"}],"wp:featuredmedia":[{"embeddable":true,"href":"https:\/\/rfid-laundry-tag.com\/pt\/wp-json\/wp\/v2\/media\/353"}],"wp:attachment":[{"href":"https:\/\/rfid-laundry-tag.com\/pt\/wp-json\/wp\/v2\/media?parent=352"}],"wp:term":[{"taxonomy":"product_brand","embeddable":true,"href":"https:\/\/rfid-laundry-tag.com\/pt\/wp-json\/wp\/v2\/product_brand?post=352"},{"taxonomy":"product_cat","embeddable":true,"href":"https:\/\/rfid-laundry-tag.com\/pt\/wp-json\/wp\/v2\/product_cat?post=352"},{"taxonomy":"product_tag","embeddable":true,"href":"https:\/\/rfid-laundry-tag.com\/pt\/wp-json\/wp\/v2\/product_tag?post=352"}],"curies":[{"name":"wp","href":"https:\/\/api.w.org\/{rel}","templated":true}]}}