{"id":350,"date":"2024-06-28T10:12:21","date_gmt":"2024-06-28T10:12:21","guid":{"rendered":"https:\/\/rfid-laundry-tag.com\/?post_type=product&#038;p=350"},"modified":"2024-06-28T10:24:29","modified_gmt":"2024-06-28T10:24:29","slug":"anti-metal-nfc-label-nxp-mifare-1k","status":"publish","type":"product","link":"https:\/\/rfid-laundry-tag.com\/pt\/anti-metal-nfc-label-nxp-mifare-1k\/","title":{"rendered":"Etiqueta NFC anti-metal NXP Mifare 1k"},"content":{"rendered":"<h2>Etiqueta NFC anti-metal NXP Mifare 1k<\/h2>\n<table class=\"hight-light-first-column all magic-11\">\n<tbody>\n<tr>\n<td colspan=\"1\" rowspan=\"1\">\n<div class=\"magic-12\" data-spm-anchor-id=\"a2700.details.0.i57.12287cd6Tl6d8d\">Tamanho<\/div>\n<\/td>\n<td colspan=\"4\" rowspan=\"1\">\n<div class=\"magic-13\">Di\u00e2metro 25 mm, di\u00e2metro 30 mm etc.<\/div>\n<\/td>\n<\/tr>\n<tr>\n<td colspan=\"1\" rowspan=\"1\">\n<div class=\"magic-12\">Cor<\/div>\n<\/td>\n<td colspan=\"4\" rowspan=\"1\">\n<div class=\"magic-16\">Preto, Branco, Amarelo, Vermelho ou personalizado<\/div>\n<\/td>\n<\/tr>\n<tr>\n<td colspan=\"1\" rowspan=\"1\">\n<div class=\"magic-12\">Lasca<\/div>\n<\/td>\n<td colspan=\"4\" rowspan=\"1\">\n<div class=\"magic-13\">NTAG213,NTAG215,NTAG216<\/div>\n<\/td>\n<\/tr>\n<tr>\n<td colspan=\"1\" rowspan=\"1\">\n<div class=\"magic-12\">Frequ\u00eancia<\/div>\n<\/td>\n<td colspan=\"4\" rowspan=\"1\">\n<div class=\"magic-13\">13,56 MHz<\/div>\n<\/td>\n<\/tr>\n<tr>\n<td colspan=\"1\" rowspan=\"1\">\n<div class=\"magic-12\">Protocolo<\/div>\n<\/td>\n<td colspan=\"4\" rowspan=\"1\">\n<div class=\"magic-13\">ISO14443A, F\u00f3rum NFC Tipo 2<\/div>\n<\/td>\n<\/tr>\n<tr>\n<td colspan=\"1\" rowspan=\"1\">\n<div class=\"magic-12\">Material<\/div>\n<\/td>\n<td colspan=\"4\" rowspan=\"1\">\n<div class=\"magic-13\">abd\u00f4men<\/div>\n<\/td>\n<\/tr>\n<tr>\n<td colspan=\"1\" rowspan=\"1\">\n<div class=\"magic-12\">Temperatura de opera\u00e7\u00e3o<\/div>\n<\/td>\n<td colspan=\"4\" rowspan=\"1\">\n<div class=\"magic-13\">-20 a 85 graus C<\/div>\n<\/td>\n<\/tr>\n<tr>\n<td colspan=\"1\" rowspan=\"1\">\n<div class=\"magic-12\">Aplicativo<\/div>\n<\/td>\n<td colspan=\"4\" rowspan=\"1\">\n<div class=\"magic-16\">Cadeia de lavanderia, produtos qu\u00edmicos agressivos, dispositivo de pagamento, uso externo, qu\u00edmico, industrial, log\u00edstica, guarda de patrulha, associa\u00e7\u00e3o, cont\u00eainer de transporte, paletes, etc.<\/div>\n<\/td>\n<\/tr>\n<tr>\n<td colspan=\"1\" rowspan=\"1\">\n<div class=\"magic-12\">Classifica\u00e7\u00e3o \u00e0 prova d&#039;\u00e1gua<\/div>\n<\/td>\n<td colspan=\"4\" rowspan=\"1\">\n<div class=\"magic-16\">IP67<\/div>\n<\/td>\n<\/tr>\n<tr>\n<td colspan=\"1\" rowspan=\"1\">\n<div class=\"magic-12\">Faixa de leitura<\/div>\n<\/td>\n<td colspan=\"4\" rowspan=\"1\">\n<div class=\"magic-16\">5-10cm, depende do leitor<\/div>\n<\/td>\n<\/tr>\n<tr>\n<td colspan=\"1\" rowspan=\"1\">\n<div class=\"magic-12\">Artesanato<\/div>\n<\/td>\n<td colspan=\"4\" rowspan=\"1\">\n<div class=\"magic-16\">N\u00famero de s\u00e9rie gravado a laser, c\u00f3digo de barras e assim por diante<\/div>\n<\/td>\n<\/tr>\n<tr>\n<td colspan=\"1\" rowspan=\"1\">\n<div class=\"magic-12\">Montagem<\/div>\n<\/td>\n<td colspan=\"4\" rowspan=\"1\">\n<div class=\"magic-16\">Por adesivo ou parafuso, ou rebites<\/div>\n<\/td>\n<\/tr>\n<\/tbody>\n<\/table>\n<p>&nbsp;<\/p>\n<div class=\"auto-hide-last-sibling-br paragraph_9dc5f paragraph-element\">A etiqueta NFC Anti Metal NXP Mifare 1k tem uma ampla gama de aplica\u00e7\u00f5es em v\u00e1rios campos devido \u00e0 sua flexibilidade e capacidade de operar em superf\u00edcies met\u00e1licas. Veja como elas s\u00e3o utilizadas em diferentes setores:<\/div>\n<div><\/div>\n<ul class=\"auto-hide-last-sibling-br\">\n<li>\n<div class=\"auto-hide-last-sibling-br paragraph_9dc5f paragraph-element\"><strong>Gest\u00e3o Log\u00edstica<\/strong>: Esses adesivos podem ser usados para rastreamento eficiente e localiza\u00e7\u00e3o em tempo real de mercadorias durante o transporte. Eles melhoram a efici\u00eancia da cadeia de suprimentos e simplificam o gerenciamento de log\u00edstica ao oferecer visibilidade cont\u00ednua das remessas.<\/div>\n<\/li>\n<li>\n<div class=\"auto-hide-last-sibling-br paragraph_9dc5f paragraph-element\"><strong>Gest\u00e3o de ativos<\/strong>: Eles desempenham um papel essencial no rastreamento e gerenciamento de ativos da empresa, como m\u00e1quinas, ferramentas e equipamentos de escrit\u00f3rio. Eles permitem a identifica\u00e7\u00e3o e verifica\u00e7\u00e3o r\u00e1pida e precisa de ativos, reduzindo o risco de perda, roubo ou extravio.<\/div>\n<\/li>\n<li>\n<div class=\"auto-hide-last-sibling-br paragraph_9dc5f paragraph-element\"><strong>Gest\u00e3o da cadeia de abastecimento<\/strong>: Os adesivos NFC s\u00e3o usados para rastrear produtos em todas as etapas da cadeia de suprimentos, garantindo transpar\u00eancia e impedindo efetivamente que produtos falsificados entrem no mercado.<\/div>\n<\/li>\n<li>\n<div class=\"auto-hide-last-sibling-br paragraph_9dc5f paragraph-element\"><strong>Gest\u00e3o de Ve\u00edculos<\/strong>: Usados no gerenciamento de ve\u00edculos de frotas, os adesivos oferecem uma maneira f\u00e1cil de rastrear e monitorar os movimentos do ve\u00edculo, garantindo a otimiza\u00e7\u00e3o eficiente das rotas.<\/div>\n<\/li>\n<li>\n<div class=\"auto-hide-last-sibling-br paragraph_9dc5f paragraph-element\"><strong>Gest\u00e3o de Armaz\u00e9ns<\/strong>:Eles simplificam as opera\u00e7\u00f5es ao permitir o rastreamento do estoque em tempo real, tornando o processo de gerenciamento de dep\u00f3sito muito eficiente.<\/div>\n<\/li>\n<li>\n<div class=\"auto-hide-last-sibling-br paragraph_9dc5f paragraph-element\"><strong>Verifica\u00e7\u00e3o do produto<\/strong>: Os adesivos NFC podem ser usados para autenticar produtos, fornecendo uma maneira f\u00e1cil de determinar se um produto \u00e9 genu\u00edno ou falsificado.<\/div>\n<\/li>\n<li>\n<div class=\"auto-hide-last-sibling-br paragraph_9dc5f paragraph-element\"><strong>Rastreamento de ativos<\/strong>: Eles simplificam o processo de rastreamento de ativos em tempo real, o que \u00e9 especialmente \u00fatil para itens de alto valor ou equipamentos importantes que s\u00e3o movidos com frequ\u00eancia.<\/div>\n<\/li>\n<li>\n<div class=\"auto-hide-last-sibling-br paragraph_9dc5f paragraph-element\"><strong>Gest\u00e3o de invent\u00e1rio<\/strong>: Os adesivos auxiliam no gerenciamento de estoque em armaz\u00e9ns ou lojas de varejo, reduzindo verifica\u00e7\u00f5es manuais e garantindo uma contagem precisa.<\/div>\n<\/li>\n<li>\n<div class=\"auto-hide-last-sibling-br paragraph_9dc5f paragraph-element\"><strong>Pagamento<\/strong>: Os adesivos NFC s\u00e3o usados em transa\u00e7\u00f5es sem dinheiro, permitindo pagamentos r\u00e1pidos e seguros com apenas um toque, como em sistemas de pagamento por pulseira.<\/div>\n<\/li>\n<li>\n<div class=\"auto-hide-last-sibling-br paragraph_9dc5f paragraph-element\"><strong>M\u00eddias sociais<\/strong>: Os adesivos NFC podem ser programados para iniciar contas de m\u00eddia social ou hashtags, proporcionando uma experi\u00eancia de m\u00eddia social perfeita e com apenas um toque.<\/div>\n<\/li>\n<li>\n<div class=\"auto-hide-last-sibling-br paragraph_9dc5f paragraph-element\"><strong>Pulseiras<\/strong>: Usado em eventos onde acesso f\u00e1cil e pagamentos seguros s\u00e3o necess\u00e1rios, como festivais de m\u00fasica, feiras e eventos esportivos.<\/div>\n<\/li>\n<\/ul>\n<div class=\"auto-hide-last-sibling-br paragraph_9dc5f paragraph-element\">O acima mencionado \u00e9 apenas um instant\u00e2neo da versatilidade da etiqueta NFC Anti Metal NXP Mifare 1k. As possibilidades s\u00e3o infinitas, com cada aplica\u00e7\u00e3o projetada para trazer mais efici\u00eancia, seguran\u00e7a e conveni\u00eancia.<\/div>\n<div><\/div>\n<div>\n<p>Em metal, as etiquetas RFID tamb\u00e9m est\u00e3o dispon\u00edveis e s\u00e3o projetadas para serem usadas em objetos de metal. Essas etiquetas s\u00e3o tipicamente constru\u00eddas com um suporte adesivo especial ou m\u00e9todo de montagem para garantir a fixa\u00e7\u00e3o adequada \u00e0 superf\u00edcie de metal sem interfer\u00eancia.<\/p>\n<p>Por fim, a escolha entre usar uma etiqueta RFID antimetal ou uma etiqueta RFID em metal depende da aplica\u00e7\u00e3o espec\u00edfica e do tipo de superf\u00edcie met\u00e1lica em que a etiqueta ser\u00e1 montada. \u00c9 importante considerar cuidadosamente o ambiente e os requisitos do seu sistema RFID para garantir o desempenho ideal.<\/p>\n<\/div>","protected":false},"excerpt":{"rendered":"<p>Etiqueta NFC Anti Metal NXP Mifare 1k. Uma etiqueta RFID anti metal \u00e9 projetada especificamente para ser montada em superf\u00edcies de metal. Essas etiquetas s\u00e3o constru\u00eddas com um material de blindagem especial que impede que o metal interfira na funcionalidade da etiqueta. Isso permite uma leitura confi\u00e1vel e precisa da etiqueta RFID, mesmo quando colocada em superf\u00edcies de metal.<\/p>","protected":false},"featured_media":351,"template":"","meta":{"_kad_post_transparent":"default","_kad_post_title":"","_kad_post_layout":"default","_kad_post_sidebar_id":"","_kad_post_content_style":"default","_kad_post_vertical_padding":"default","_kad_post_feature":"","_kad_post_feature_position":"","_kad_post_header":false,"_kad_post_footer":false,"_kad_post_classname":""},"product_brand":[],"product_cat":[54],"product_tag":[152,145,144],"class_list":{"0":"post-350","1":"product","2":"type-product","3":"status-publish","4":"has-post-thumbnail","6":"product_cat-hot-selling-rfid-tags","7":"product_tag-anti-metal-nfc-label-nxp-mifare-1k","8":"product_tag-anti-metal-nfc-tag","9":"product_tag-anti-metal-rfid-nfc-sticker","11":"first","12":"instock","13":"shipping-taxable","14":"product-type-simple","15":"entry","16":"content-bg","17":"loop-entry"},"_links":{"self":[{"href":"https:\/\/rfid-laundry-tag.com\/pt\/wp-json\/wp\/v2\/product\/350","targetHints":{"allow":["GET"]}}],"collection":[{"href":"https:\/\/rfid-laundry-tag.com\/pt\/wp-json\/wp\/v2\/product"}],"about":[{"href":"https:\/\/rfid-laundry-tag.com\/pt\/wp-json\/wp\/v2\/types\/product"}],"version-history":[{"count":0,"href":"https:\/\/rfid-laundry-tag.com\/pt\/wp-json\/wp\/v2\/product\/350\/revisions"}],"wp:featuredmedia":[{"embeddable":true,"href":"https:\/\/rfid-laundry-tag.com\/pt\/wp-json\/wp\/v2\/media\/351"}],"wp:attachment":[{"href":"https:\/\/rfid-laundry-tag.com\/pt\/wp-json\/wp\/v2\/media?parent=350"}],"wp:term":[{"taxonomy":"product_brand","embeddable":true,"href":"https:\/\/rfid-laundry-tag.com\/pt\/wp-json\/wp\/v2\/product_brand?post=350"},{"taxonomy":"product_cat","embeddable":true,"href":"https:\/\/rfid-laundry-tag.com\/pt\/wp-json\/wp\/v2\/product_cat?post=350"},{"taxonomy":"product_tag","embeddable":true,"href":"https:\/\/rfid-laundry-tag.com\/pt\/wp-json\/wp\/v2\/product_tag?post=350"}],"curies":[{"name":"wp","href":"https:\/\/api.w.org\/{rel}","templated":true}]}}