{"id":346,"date":"2024-06-28T09:57:16","date_gmt":"2024-06-28T09:57:16","guid":{"rendered":"https:\/\/rfid-laundry-tag.com\/?post_type=product&#038;p=346"},"modified":"2024-08-14T16:42:15","modified_gmt":"2024-08-14T16:42:15","slug":"iso14443a-on-duty-rfid-token","status":"publish","type":"product","link":"https:\/\/rfid-laundry-tag.com\/pt\/iso14443a-on-duty-rfid-token\/","title":{"rendered":"Token RFID de servi\u00e7o ISO14443A Mifare 1k chip"},"content":{"rendered":"<h2>Token RFID de servi\u00e7o ISO14443A<\/h2>\n<h4>Etiqueta robusta de 13,56 MHz para rastreamento de ativos<\/h4>\n<p>Esta etiqueta de disco ABS preta \u00e9 uma escolha confi\u00e1vel para rastreamento de ativos, oferecendo um design robusto para ambientes exigentes.<\/p>\n<p><strong>Personaliza\u00e7\u00e3o:<\/strong><\/p>\n<ul>\n<li>Oferecemos serigrafia personalizada com seus detalhes especificados. Entre em contato conosco para saber pre\u00e7os e disponibilidade.<\/li>\n<\/ul>\n<p><strong>Caracter\u00edsticas do chip Mifare 1k On Duty RFID Token:<\/strong><\/p>\n<ul>\n<li><strong>Di\u00e2metro:<\/strong> 25mm,30mm,35mm<\/li>\n<li><strong>Grossura:<\/strong> 2,3 mm, 2,5 mm, 3 mm, 4,5 mm etc. (+\/- 0,1 mm)<\/li>\n<li><strong>Buraco:<\/strong>\u00a03,3 mm (+\/- 0,1 mm)<\/li>\n<li><strong>Material:<\/strong>\u00a0ABS, soldado por ultrassom<\/li>\n<li><strong>Peso:<\/strong>\u00a02,0 g<\/li>\n<li><strong>Temperatura de opera\u00e7\u00e3o:<\/strong>\u00a0-25\u00b0C a +70\u00b0C<\/li>\n<li><strong>Sensibilidade:<\/strong>\u00a027microT. RMS em RT para modo de leitura a 125kHz<\/li>\n<\/ul>\n<p><strong>Caracter\u00edsticas do Mifare 1k S50 Classic \/ ISO14443A:<\/strong><\/p>\n<ul>\n<li><strong>Frequ\u00eancia de opera\u00e7\u00e3o:<\/strong>\u00a013,56 MHz<\/li>\n<li><strong>Mem\u00f3ria:<\/strong>\u00a0Leitura\/grava\u00e7\u00e3o de 1 KB EEPROM, organizada em 16 setores de 4 blocos (16 bytes cada)<\/li>\n<li><strong>Tempo t\u00edpico de transa\u00e7\u00e3o:<\/strong>\u00a0&lt;100ms<\/li>\n<li><strong>N\u00famero de s\u00e9rie fixo:<\/strong>\u00a0\u00danico, 4 bytes<\/li>\n<li><strong>Escreva Resist\u00eancia:<\/strong>\u00a0M\u00ednimo 100.000 ciclos<\/li>\n<\/ul>","protected":false},"excerpt":{"rendered":"<p>Este chip dur\u00e1vel preto ISO14443A On Duty RFID Token Mifare 1k faz parte de uma s\u00e9rie de transponders passivos e sem contato desenvolvidos para rastreamento confi\u00e1vel de ativos. Est\u00e1 em conformidade com o padr\u00e3o Mifare 1k S50 Classic \/ ISO14443A e inclui um n\u00famero de identifica\u00e7\u00e3o exclusivo de 4 bytes.<\/p>","protected":false},"featured_media":347,"template":"","meta":{"_kad_post_transparent":"default","_kad_post_title":"","_kad_post_layout":"default","_kad_post_sidebar_id":"","_kad_post_content_style":"default","_kad_post_vertical_padding":"default","_kad_post_feature":"","_kad_post_feature_position":"","_kad_post_header":false,"_kad_post_footer":false,"_kad_post_classname":""},"product_brand":[],"product_cat":[54],"product_tag":[150,126],"class_list":{"0":"post-346","1":"product","2":"type-product","3":"status-publish","4":"has-post-thumbnail","6":"product_cat-hot-selling-rfid-tags","7":"product_tag-iso14443a-on-duty-rfid-token-mifare-1k-chip","8":"product_tag-rfid-patrol-disc-tag","10":"first","11":"instock","12":"shipping-taxable","13":"product-type-simple","14":"entry","15":"content-bg","16":"loop-entry"},"_links":{"self":[{"href":"https:\/\/rfid-laundry-tag.com\/pt\/wp-json\/wp\/v2\/product\/346","targetHints":{"allow":["GET"]}}],"collection":[{"href":"https:\/\/rfid-laundry-tag.com\/pt\/wp-json\/wp\/v2\/product"}],"about":[{"href":"https:\/\/rfid-laundry-tag.com\/pt\/wp-json\/wp\/v2\/types\/product"}],"version-history":[{"count":1,"href":"https:\/\/rfid-laundry-tag.com\/pt\/wp-json\/wp\/v2\/product\/346\/revisions"}],"predecessor-version":[{"id":1332,"href":"https:\/\/rfid-laundry-tag.com\/pt\/wp-json\/wp\/v2\/product\/346\/revisions\/1332"}],"wp:featuredmedia":[{"embeddable":true,"href":"https:\/\/rfid-laundry-tag.com\/pt\/wp-json\/wp\/v2\/media\/347"}],"wp:attachment":[{"href":"https:\/\/rfid-laundry-tag.com\/pt\/wp-json\/wp\/v2\/media?parent=346"}],"wp:term":[{"taxonomy":"product_brand","embeddable":true,"href":"https:\/\/rfid-laundry-tag.com\/pt\/wp-json\/wp\/v2\/product_brand?post=346"},{"taxonomy":"product_cat","embeddable":true,"href":"https:\/\/rfid-laundry-tag.com\/pt\/wp-json\/wp\/v2\/product_cat?post=346"},{"taxonomy":"product_tag","embeddable":true,"href":"https:\/\/rfid-laundry-tag.com\/pt\/wp-json\/wp\/v2\/product_tag?post=346"}],"curies":[{"name":"wp","href":"https:\/\/api.w.org\/{rel}","templated":true}]}}