{"id":340,"date":"2024-06-28T08:50:40","date_gmt":"2024-06-28T08:50:40","guid":{"rendered":"https:\/\/rfid-laundry-tag.com\/?post_type=product&#038;p=340"},"modified":"2024-06-28T09:38:53","modified_gmt":"2024-06-28T09:38:53","slug":"iso15693-rfid-disc-nfc-tag","status":"publish","type":"product","link":"https:\/\/rfid-laundry-tag.com\/pt\/iso15693-rfid-disc-nfc-tag\/","title":{"rendered":"Etiqueta NFC de disco RFID ISO15693"},"content":{"rendered":"<p>A etiqueta NFC de disco RFID ISO15693 foi projetada para suportar condi\u00e7\u00f5es externas e fornecer flexibilidade e confiabilidade na leitura por dispositivos fixos. Os recursos incluem uma dist\u00e2ncia de leitura de mais de 3 cm, um novo design mec\u00e2nico para uso externo e recursos de leitura e grava\u00e7\u00e3o de alta velocidade.<\/p>\n<p>A etiqueta NFC de disco RFID ISO15693 \u00e9 feita de material ABS, tornando-a adequada para gerenciamento de sistema de patrulha e rastreamento de ativos. Essa tecnologia pode melhorar muito os processos de dep\u00f3sito e log\u00edstica.<\/p>\n<table class=\"all magic-8\">\n<tbody>\n<tr>\n<td colspan=\"1\" rowspan=\"1\">\n<div class=\"magic-9\" data-spm-anchor-id=\"a2700.details.0.i71.50be21afmO5Aid\">Lasca<\/div>\n<\/td>\n<td colspan=\"1\" rowspan=\"1\">\n<div class=\"magic-10\">ICODE SLI X (Personalizado)<\/div>\n<\/td>\n<\/tr>\n<tr>\n<td colspan=\"1\" rowspan=\"1\">\n<div class=\"magic-9\">Dimens\u00f5es<\/div>\n<\/td>\n<td colspan=\"1\" rowspan=\"1\">\n<div class=\"magic-10\" data-spm-anchor-id=\"a2700.details.0.i73.50be21afmO5Aid\">25mm,30mm,52mm de di\u00e2metro (personalizado)<\/div>\n<\/td>\n<\/tr>\n<tr>\n<td colspan=\"1\" rowspan=\"1\">\n<div class=\"magic-9\">Grossura<\/div>\n<\/td>\n<td colspan=\"1\" rowspan=\"1\">\n<div class=\"magic-10\">3mm, Tamanho do furo: 5mm de di\u00e2metro<\/div>\n<\/td>\n<\/tr>\n<tr>\n<td colspan=\"1\" rowspan=\"1\">\n<div class=\"magic-9\">Material<\/div>\n<\/td>\n<td colspan=\"1\" rowspan=\"1\">\n<div class=\"magic-10\">abd\u00f4men<\/div>\n<\/td>\n<\/tr>\n<tr>\n<td colspan=\"1\" rowspan=\"1\">\n<div class=\"magic-9\">Classifica\u00e7\u00e3o IP<\/div>\n<\/td>\n<td colspan=\"1\" rowspan=\"1\">\n<div class=\"magic-10\">IP65<\/div>\n<\/td>\n<\/tr>\n<tr>\n<td colspan=\"1\" rowspan=\"1\">\n<div class=\"magic-9\">Aplica\u00e7\u00e3o Temp<\/div>\n<\/td>\n<td colspan=\"1\" rowspan=\"1\">\n<div class=\"magic-10\">-40~80\u00b0<\/div>\n<\/td>\n<\/tr>\n<tr>\n<td colspan=\"1\" rowspan=\"1\">\n<div class=\"magic-9\">Temperatura de opera\u00e7\u00e3o<\/div>\n<\/td>\n<td colspan=\"1\" rowspan=\"1\">\n<div class=\"magic-10\" data-spm-anchor-id=\"a2700.details.0.i72.50be21afmO5Aid\">-40~70\u00b0C<\/div>\n<\/td>\n<\/tr>\n<tr>\n<td colspan=\"1\" rowspan=\"1\">\n<div class=\"magic-9\">Mem\u00f3ria<\/div>\n<\/td>\n<td colspan=\"1\" rowspan=\"1\">\n<div class=\"magic-10\">1K bits (depende do chip)<\/div>\n<\/td>\n<\/tr>\n<tr>\n<td colspan=\"1\" rowspan=\"1\">\n<div class=\"magic-9\">Faixa de frequ\u00eancia com melhor desempenho<\/div>\n<\/td>\n<td colspan=\"1\" rowspan=\"1\">\n<div class=\"magic-10\">13,56 MHz<\/div>\n<\/td>\n<\/tr>\n<tr>\n<td colspan=\"1\" rowspan=\"1\">\n<div class=\"magic-9\">Vida IC<\/div>\n<\/td>\n<td colspan=\"1\" rowspan=\"1\">\n<div class=\"magic-10\">Escrever resist\u00eancia de 100.000 ciclosReten\u00e7\u00e3o de dados<\/div>\n<\/td>\n<\/tr>\n<\/tbody>\n<\/table>","protected":false},"excerpt":{"rendered":"<p>Etiqueta NFC de disco RFID ISO15693 projetada para gerenciamento de ativos, adequada para diversas aplica\u00e7\u00f5es, como gerenciamento de sistemas de patrulha, manufatura, fabrica\u00e7\u00e3o de ve\u00edculos automotores, log\u00edstica e pe\u00e7as recicl\u00e1veis.<\/p>","protected":false},"featured_media":342,"template":"","meta":{"_kad_post_transparent":"default","_kad_post_title":"","_kad_post_layout":"default","_kad_post_sidebar_id":"","_kad_post_content_style":"default","_kad_post_vertical_padding":"default","_kad_post_feature":"","_kad_post_feature_position":"","_kad_post_header":false,"_kad_post_footer":false,"_kad_post_classname":""},"product_brand":[],"product_cat":[54],"product_tag":[148,126],"class_list":{"0":"post-340","1":"product","2":"type-product","3":"status-publish","4":"has-post-thumbnail","6":"product_cat-hot-selling-rfid-tags","7":"product_tag-iso15693-rfid-disc-nfc-tag","8":"product_tag-rfid-patrol-disc-tag","10":"first","11":"instock","12":"shipping-taxable","13":"product-type-simple","14":"entry","15":"content-bg","16":"loop-entry"},"_links":{"self":[{"href":"https:\/\/rfid-laundry-tag.com\/pt\/wp-json\/wp\/v2\/product\/340","targetHints":{"allow":["GET"]}}],"collection":[{"href":"https:\/\/rfid-laundry-tag.com\/pt\/wp-json\/wp\/v2\/product"}],"about":[{"href":"https:\/\/rfid-laundry-tag.com\/pt\/wp-json\/wp\/v2\/types\/product"}],"version-history":[{"count":1,"href":"https:\/\/rfid-laundry-tag.com\/pt\/wp-json\/wp\/v2\/product\/340\/revisions"}],"predecessor-version":[{"id":343,"href":"https:\/\/rfid-laundry-tag.com\/pt\/wp-json\/wp\/v2\/product\/340\/revisions\/343"}],"wp:featuredmedia":[{"embeddable":true,"href":"https:\/\/rfid-laundry-tag.com\/pt\/wp-json\/wp\/v2\/media\/342"}],"wp:attachment":[{"href":"https:\/\/rfid-laundry-tag.com\/pt\/wp-json\/wp\/v2\/media?parent=340"}],"wp:term":[{"taxonomy":"product_brand","embeddable":true,"href":"https:\/\/rfid-laundry-tag.com\/pt\/wp-json\/wp\/v2\/product_brand?post=340"},{"taxonomy":"product_cat","embeddable":true,"href":"https:\/\/rfid-laundry-tag.com\/pt\/wp-json\/wp\/v2\/product_cat?post=340"},{"taxonomy":"product_tag","embeddable":true,"href":"https:\/\/rfid-laundry-tag.com\/pt\/wp-json\/wp\/v2\/product_tag?post=340"}],"curies":[{"name":"wp","href":"https:\/\/api.w.org\/{rel}","templated":true}]}}