{"id":338,"date":"2024-06-28T08:41:45","date_gmt":"2024-06-28T08:41:45","guid":{"rendered":"https:\/\/rfid-laundry-tag.com\/?post_type=product&#038;p=338"},"modified":"2024-07-16T16:20:17","modified_gmt":"2024-07-16T16:20:17","slug":"nxp-mifare-1k-rfid-nfc-inlay-sticker","status":"publish","type":"product","link":"https:\/\/rfid-laundry-tag.com\/pt\/nxp-mifare-1k-rfid-nfc-inlay-sticker\/","title":{"rendered":"Adesivo de embutimento RFID NFC NXP Mifare 1k"},"content":{"rendered":"<table class=\"has-title all magic-13\">\n<tbody>\n<tr>\n<td colspan=\"1\" rowspan=\"1\">\n<div class=\"magic-14\" data-spm-anchor-id=\"a2700.details.0.i37.2ec61361oDo4aX\">Nome do produto<\/div>\n<\/td>\n<td colspan=\"1\" rowspan=\"1\">\n<div class=\"magic-15\">Adesivo de embutimento RFID NFC NXP Mifare 1k<\/div>\n<\/td>\n<\/tr>\n<tr>\n<td colspan=\"1\" rowspan=\"1\">\n<div class=\"magic-14\">Lasca<\/div>\n<\/td>\n<td colspan=\"1\" rowspan=\"1\">\n<div class=\"magic-15\">MIFARE Cl\u00e1ssico\u00ae 1K<\/div>\n<\/td>\n<\/tr>\n<tr>\n<td colspan=\"1\" rowspan=\"1\">\n<div class=\"magic-14\">Frequ\u00eancia<\/div>\n<\/td>\n<td colspan=\"1\" rowspan=\"1\">\n<div class=\"magic-15\">13,56 MHz<\/div>\n<\/td>\n<\/tr>\n<tr>\n<td colspan=\"1\" rowspan=\"1\">\n<div class=\"magic-14\">Dist\u00e2ncia de leitura<\/div>\n<\/td>\n<td colspan=\"1\" rowspan=\"1\">\n<div class=\"magic-15\">1-5 cm<\/div>\n<\/td>\n<\/tr>\n<tr>\n<td colspan=\"1\" rowspan=\"1\">\n<div class=\"magic-14\">Material<\/div>\n<\/td>\n<td colspan=\"1\" rowspan=\"1\">\n<div class=\"magic-15\">Papel revestido<\/div>\n<\/td>\n<\/tr>\n<tr>\n<td colspan=\"1\" rowspan=\"1\">\n<div class=\"magic-14\">Substrato<\/div>\n<\/td>\n<td colspan=\"1\" rowspan=\"1\">\n<div class=\"magic-15\">BICHO DE ESTIMA\u00c7\u00c3O<\/div>\n<\/td>\n<\/tr>\n<tr>\n<td colspan=\"1\" rowspan=\"1\">\n<div class=\"magic-14\">Di\u00e2metro 50 mmTamanho<\/div>\n<\/td>\n<td colspan=\"1\" rowspan=\"1\">\n<div class=\"magic-15\">Dia 25mm ou personaliza\u00e7\u00e3o<\/div>\n<\/td>\n<\/tr>\n<tr>\n<td colspan=\"1\" rowspan=\"1\">\n<div class=\"magic-14\">Modo de trabalho<\/div>\n<\/td>\n<td colspan=\"1\" rowspan=\"1\">\n<div class=\"magic-15\">Passiva<\/div>\n<\/td>\n<\/tr>\n<tr>\n<td colspan=\"1\" rowspan=\"1\">\n<div class=\"magic-14\">Ciclos de Escrita<\/div>\n<\/td>\n<td colspan=\"1\" rowspan=\"1\">\n<div class=\"magic-15\">100000<\/div>\n<\/td>\n<\/tr>\n<tr>\n<td colspan=\"1\" rowspan=\"1\">\n<div class=\"magic-14\">Temperatura de opera\u00e7\u00e3o \/ umidade<\/div>\n<\/td>\n<td colspan=\"1\" rowspan=\"1\">\n<div class=\"magic-15\">-40~70\u2103\/20%~90% UR<\/div>\n<\/td>\n<\/tr>\n<tr>\n<td colspan=\"1\" rowspan=\"1\">\n<div class=\"magic-14\">Temperatura de armazenamento \/ humidade<\/div>\n<\/td>\n<td colspan=\"1\" rowspan=\"1\">\n<div class=\"magic-15\">-20~50\u2103 \/ 20%~90% UR (sem condensa\u00e7\u00e3o).<\/div>\n<\/td>\n<\/tr>\n<tr>\n<td colspan=\"1\" rowspan=\"1\">\n<div class=\"magic-14\">Disponibilidade da amostra<\/div>\n<\/td>\n<td colspan=\"1\" rowspan=\"1\">\n<div class=\"magic-15\">Amostras gr\u00e1tis est\u00e3o dispon\u00edveis mediante solicita\u00e7\u00e3o<\/div>\n<\/td>\n<\/tr>\n<tr>\n<td colspan=\"1\" rowspan=\"1\">\n<div class=\"magic-14\">Embalagem<\/div>\n<\/td>\n<td colspan=\"1\" rowspan=\"1\">\n<div class=\"magic-15\">1000-5000 pe\u00e7as\/rolo, 4 rolos\/caixa<\/div>\n<\/td>\n<\/tr>\n<tr>\n<td colspan=\"1\" rowspan=\"1\">\n<div class=\"magic-14\">\n<p>Aplicativo<\/p>\n<div><\/div>\n<\/div>\n<\/td>\n<td colspan=\"1\" rowspan=\"1\">\n<div class=\"magic-15\" data-spm-anchor-id=\"a2700.details.0.i47.2ec61361oDo4aX\">Controle de admiss\u00e3o seguro\/Pagamento sem dinheiro Programas de associa\u00e7\u00e3o e fidelidade Acesso a eventos e branding\/M\u00eddia social\/Varejo<br \/>\nAmbiente\/Jogos e Brinquedos Localiza\u00e7\u00e3o\/Eletr\u00f4nicos\/Feiras de Neg\u00f3cios\/Eventos\/Solicita\u00e7\u00e3o de Chamada\/Cart\u00f5es de Visita<\/div>\n<\/td>\n<\/tr>\n<\/tbody>\n<\/table>\n<p>&nbsp;<\/p>\n<p><strong>NXP<sup>\u00ae<\/sup>\u00a0desenvolveu o MIFARE<sup>\u00ae<\/sup>\u00a0MF1ICS50 para ser usado em um cart\u00e3o inteligente sem contato de acordo com ISO\/IEC 14443 Tipo A.<\/strong><\/p>\n<p>O MIFARE MF1ICS50 IC \u00e9 usado em aplica\u00e7\u00f5es como emiss\u00e3o de bilhetes de transporte p\u00fablico, onde grandes cidades adotaram o MIFARE como sua solu\u00e7\u00e3o de emiss\u00e3o de bilhetes eletr\u00f4nicos preferida.<\/p>\n<p>Uma fun\u00e7\u00e3o anticolis\u00e3o inteligente permite operar mais de um cart\u00e3o no campo simultaneamente. O algoritmo anticolis\u00e3o seleciona cada cart\u00e3o individualmente e garante que a execu\u00e7\u00e3o de uma transa\u00e7\u00e3o com um cart\u00e3o selecionado seja realizada corretamente sem corrup\u00e7\u00e3o de dados resultante de outros cart\u00f5es no campo.<\/p>\n<p>O MF1ICS50 foi projetado para integra\u00e7\u00e3o simples e conveni\u00eancia do usu\u00e1rio. O que pode permitir que transa\u00e7\u00f5es completas de emiss\u00e3o de bilhetes sejam tratadas em menos de 100 ms. Assim, o usu\u00e1rio do cart\u00e3o MF1ICS50 n\u00e3o \u00e9 for\u00e7ado a parar no leitor, o que leva a um alto rendimento nos port\u00f5es e tempos de embarque reduzidos nos \u00f4nibus. O cart\u00e3o baseado no produto MIFARE tamb\u00e9m pode permanecer na carteira durante a transa\u00e7\u00e3o, mesmo que haja moedas nele.<\/p>\n<p>Algumas perguntas frequentes comuns relacionadas aos adesivos RFID NFC NXP Mifare 1k:<\/p>\n<ol>\n<li>O que \u00e9 um adesivo RFID NFC NXP Mifare 1k?<\/li>\n<\/ol>\n<ul>\n<li>Um adesivo inlay normalmente consiste em um pequeno chip RFID\/NFC e antena embutidos em uma fina camada adesiva. O NXP Mifare 1k se refere ao tipo espec\u00edfico de chip usado no inlay.<\/li>\n<\/ul>\n<ol start=\"2\">\n<li>Quais s\u00e3o as caracter\u00edsticas dos adesivos RFID NFC NXP Mifare 1k?<\/li>\n<\/ol>\n<ul>\n<li>O chip NXP Mifare 1k \u00e9 comumente usado em aplica\u00e7\u00f5es como controle de acesso, transporte e programas de fidelidade. Ele oferece 1 kilobyte de mem\u00f3ria e suporta m\u00faltiplos m\u00e9todos de autentica\u00e7\u00e3o para armazenamento seguro de dados.<\/li>\n<\/ul>\n<ol start=\"3\">\n<li>Como os adesivos RFID NFC NXP Mifare 1k podem ser programados?<\/li>\n<\/ol>\n<ul>\n<li>Esses adesivos embutidos podem ser programados usando dispositivos habilitados para NFC, como smartphones ou leitores RFID\/NFC dedicados. Isso permite a personaliza\u00e7\u00e3o de dados armazenados no chip, como identificadores exclusivos ou chaves de seguran\u00e7a.<\/li>\n<\/ul>\n<ol start=\"4\">\n<li>Quais s\u00e3o os casos de uso t\u00edpicos dos adesivos RFID NFC NXP Mifare 1k?<\/li>\n<\/ol>\n<ul>\n<li>Esses adesivos embutidos s\u00e3o comumente usados para sistemas de pagamento sem contato, cart\u00f5es de controle de acesso, solu\u00e7\u00f5es de emiss\u00e3o de bilhetes e rastreamento de invent\u00e1rio. Eles s\u00e3o vers\u00e1teis e podem ser integrados a v\u00e1rias aplica\u00e7\u00f5es que exigem tecnologia RFID\/NFC.<\/li>\n<\/ul>\n<ol start=\"5\">\n<li>Os adesivos RFID NFC NXP Mifare 1k s\u00e3o seguros?<\/li>\n<\/ol>\n<ul>\n<li>O chip NXP Mifare 1k oferece recursos de seguran\u00e7a integrados, como criptografia e protocolos de autentica\u00e7\u00e3o para impedir acesso n\u00e3o autorizado a dados armazenados no chip. No entanto, a implementa\u00e7\u00e3o adequada de medidas de seguran\u00e7a \u00e9 importante para garantir a seguran\u00e7a geral do sistema.<\/li>\n<\/ul>","protected":false},"excerpt":{"rendered":"<p>NFC inlay com um chip NFC MIFARE Classic EV1 1K (MF1S503yX). Esses inlays s\u00e3o projetados para serem finos e de baixo custo, com o chip e a antena colocados virados para baixo no adesivo. O inlay tem um NUID de 4 bytes e a antena \u00e9 tipicamente detect\u00e1vel ao passar o dedo pela superf\u00edcie.<\/p>","protected":false},"featured_media":339,"template":"","meta":{"_kad_post_transparent":"default","_kad_post_title":"","_kad_post_layout":"default","_kad_post_sidebar_id":"","_kad_post_content_style":"default","_kad_post_vertical_padding":"default","_kad_post_feature":"","_kad_post_feature_position":"","_kad_post_header":false,"_kad_post_footer":false,"_kad_post_classname":""},"product_brand":[],"product_cat":[54,189],"product_tag":[112,147],"class_list":{"0":"post-338","1":"product","2":"type-product","3":"status-publish","4":"has-post-thumbnail","6":"product_cat-hot-selling-rfid-tags","7":"product_cat-rfid-inlay","8":"product_tag-13-56mhz-rfid-inlay","9":"product_tag-nxp-mifare-1k-rfid-nfc-inlay-sticker","11":"first","12":"instock","13":"shipping-taxable","14":"product-type-simple","15":"entry","16":"content-bg","17":"loop-entry"},"_links":{"self":[{"href":"https:\/\/rfid-laundry-tag.com\/pt\/wp-json\/wp\/v2\/product\/338","targetHints":{"allow":["GET"]}}],"collection":[{"href":"https:\/\/rfid-laundry-tag.com\/pt\/wp-json\/wp\/v2\/product"}],"about":[{"href":"https:\/\/rfid-laundry-tag.com\/pt\/wp-json\/wp\/v2\/types\/product"}],"version-history":[{"count":1,"href":"https:\/\/rfid-laundry-tag.com\/pt\/wp-json\/wp\/v2\/product\/338\/revisions"}],"predecessor-version":[{"id":717,"href":"https:\/\/rfid-laundry-tag.com\/pt\/wp-json\/wp\/v2\/product\/338\/revisions\/717"}],"wp:featuredmedia":[{"embeddable":true,"href":"https:\/\/rfid-laundry-tag.com\/pt\/wp-json\/wp\/v2\/media\/339"}],"wp:attachment":[{"href":"https:\/\/rfid-laundry-tag.com\/pt\/wp-json\/wp\/v2\/media?parent=338"}],"wp:term":[{"taxonomy":"product_brand","embeddable":true,"href":"https:\/\/rfid-laundry-tag.com\/pt\/wp-json\/wp\/v2\/product_brand?post=338"},{"taxonomy":"product_cat","embeddable":true,"href":"https:\/\/rfid-laundry-tag.com\/pt\/wp-json\/wp\/v2\/product_cat?post=338"},{"taxonomy":"product_tag","embeddable":true,"href":"https:\/\/rfid-laundry-tag.com\/pt\/wp-json\/wp\/v2\/product_tag?post=338"}],"curies":[{"name":"wp","href":"https:\/\/api.w.org\/{rel}","templated":true}]}}