{"id":334,"date":"2024-06-28T08:07:22","date_gmt":"2024-06-28T08:07:22","guid":{"rendered":"https:\/\/rfid-laundry-tag.com\/?post_type=product&#038;p=334"},"modified":"2024-06-28T08:17:53","modified_gmt":"2024-06-28T08:17:53","slug":"rfid-ntag213-nfc-coin-tag","status":"publish","type":"product","link":"https:\/\/rfid-laundry-tag.com\/pt\/rfid-ntag213-nfc-coin-tag\/","title":{"rendered":"Etiqueta de moeda RFID Ntag213 NFC"},"content":{"rendered":"<p><strong>Etiqueta de moeda RFID Ntag213 NFC<\/strong><\/p>\n<p style=\"text-align: left;\">Informa\u00e7\u00f5es principais: \u00c0 prova de wafer e dur\u00e1vel.<\/p>\n<p style=\"text-align: left;\">Tamanho e personaliza\u00e7\u00e3o do logotipo s\u00e3o aceit\u00e1veis.<\/p>\n<p style=\"text-align: left;\">Impress\u00e3o: cor branca ou logotipo personalizado<\/p>\n<p style=\"text-align: left;\">Tamanho: Di\u00e2metro 25 mm, 30 mm<\/p>\n<p style=\"text-align: left;\">Quantidade m\u00ednima: 1000 pe\u00e7as<\/p>\n<p style=\"text-align: left;\">Chips: Ntag213, Ntag215, Ntag216 etc.<\/p>\n<p style=\"text-align: left;\">Recursos adicionais: logotipo, n\u00famero de s\u00e9rie impresso, c\u00f3digo QR, c\u00f3digos de barras, dados vari\u00e1veis, serializa\u00e7\u00e3o etc.<\/p>\n<table border=\"1\" cellspacing=\"0\" cellpadding=\"0\">\n<tbody>\n<tr>\n<td colspan=\"2\">\n<p align=\"left\">Especifica\u00e7\u00f5es<\/p>\n<\/td>\n<\/tr>\n<tr>\n<td>\n<p align=\"left\">Tipo de etiqueta\/chip<\/p>\n<\/td>\n<td>\n<p align=\"left\">NXP Ntag213<\/p>\n<\/td>\n<\/tr>\n<tr>\n<td>\n<p align=\"left\">Frequ\u00eancia de opera\u00e7\u00e3o<\/p>\n<\/td>\n<td>\n<p align=\"left\">13,56 MHz<\/p>\n<\/td>\n<\/tr>\n<tr>\n<td>\n<p align=\"left\">Faixa de leitura testada<\/p>\n<\/td>\n<td>\n<p align=\"left\">0 \u2013 100 mm dependendo da pot\u00eancia fornecida pelo leitor<\/p>\n<\/td>\n<\/tr>\n<tr>\n<td>\n<p align=\"left\">Multi-Detec\u00e7\u00e3o<\/p>\n<\/td>\n<td>\n<p align=\"left\">Sim<\/p>\n<\/td>\n<\/tr>\n<tr>\n<td>\n<p align=\"left\">Tamanho<\/p>\n<\/td>\n<td>Di\u00e2metro 25mm<\/td>\n<\/tr>\n<tr>\n<td>\n<p align=\"left\">Material<\/p>\n<\/td>\n<td>\n<p align=\"left\">PVC \/ PET \/ Antena etc.<\/p>\n<\/td>\n<\/tr>\n<tr>\n<td>\n<p align=\"left\">Protocolo:<\/p>\n<\/td>\n<td>\n<p align=\"left\">Norma ISO 14443A<\/p>\n<\/td>\n<\/tr>\n<tr>\n<td>\n<p align=\"left\">Especifica\u00e7\u00e3o Ambiental<\/p>\n<\/td>\n<td>\n<p align=\"left\">Prazo de validade 5 anos<\/p>\n<p align=\"left\">Recomendado: -25C a +50C<\/p>\n<p align=\"left\">Condi\u00e7\u00e3o de armazenamento: 20% a 90%RH<\/p>\n<p align=\"left\">Temperatura de opera\u00e7\u00e3o: -40C a +65C<\/p>\n<\/td>\n<\/tr>\n<tr>\n<td>\n<p align=\"left\">Tempos de leitura\/escrita:<\/p>\n<\/td>\n<td>\n<p align=\"left\">100000 vezes<\/p>\n<\/td>\n<\/tr>\n<tr>\n<td>\n<p align=\"left\">Aplicativo:<\/p>\n<\/td>\n<td>\n<p align=\"left\" data-spm-anchor-id=\"a2700.wholesale.0.i54.a0d8206fLph15n\">Transporte p\u00fablico, Gest\u00e3o de acesso, Bilhetes eletr\u00f4nicos, Gest\u00e3o de log\u00edstica e suprimentos, Produ\u00e7\u00e3o, fabrica\u00e7\u00e3o e montagem, Etiqueta de para-brisa, Rastreamento de documentos, Gest\u00e3o de lavanderia, Gest\u00e3o de biblioteca, Identidade animal e assim por diante<\/p>\n<\/td>\n<\/tr>\n<\/tbody>\n<\/table>\n<p>&nbsp;<\/p>\n<p>Esta etiqueta de moeda RFID NFC com adesivo parece ser um produto robusto e confi\u00e1vel, especialmente com os recursos que voc\u00ea mencionou. A incorpora\u00e7\u00e3o de materiais anti-metal, adesivo 3M e soldagem ultrass\u00f4nica melhora seu desempenho em superf\u00edcies met\u00e1licas e garante capacidades \u00e0 prova d&#039;\u00e1gua e anti-arremesso. O uso de uma bobina de fio de cobre puro para estabilidade de frequ\u00eancia \u00e9 uma \u00f3tima escolha, pois permite dist\u00e2ncias de leitura de cart\u00e3o consistentes, mesmo em ambientes desafiadores. No geral, esta tecnologia deve fornecer desempenho confi\u00e1vel e consistente, tornando-a adequada para condi\u00e7\u00f5es adversas.<\/p>\n<p>A etiqueta de moeda RFID Ntag213 NFC \u00e9 uma escolha popular para v\u00e1rias aplica\u00e7\u00f5es, incluindo rastreamento de ativos, controle de acesso e pagamentos sem contato. Ela combina os benef\u00edcios da tecnologia RFID com recursos de Near Field Communication (NFC), permitindo comunica\u00e7\u00e3o perfeita com dispositivos compat\u00edveis a curta dist\u00e2ncia.<\/p>\n<p>O chip Ntag213 embutido na etiqueta de moeda oferece recursos como funcionalidade anticolis\u00e3o, taxas r\u00e1pidas de transfer\u00eancia de dados e compatibilidade com uma ampla gama de dispositivos habilitados para NFC. O tamanho pequeno da etiqueta de moeda, normalmente feita de PVC ou material de PVC transparente, facilita a instala\u00e7\u00e3o em ativos e fornece durabilidade para uso interno e externo. Al\u00e9m disso, sua constru\u00e7\u00e3o \u00e0 prova d&#039;\u00e1gua garante desempenho confi\u00e1vel em v\u00e1rias condi\u00e7\u00f5es ambientais.<\/p>\n<p>No geral, a etiqueta de moeda RFID Ntag213 NFC \u00e9 uma solu\u00e7\u00e3o vers\u00e1til e confi\u00e1vel para implementar a tecnologia RFID e NFC no rastreamento de ativos e outras aplica\u00e7\u00f5es que exigem troca de dados segura e eficiente.<\/p>","protected":false},"excerpt":{"rendered":"<p>A etiqueta de moeda NFC Ntag213 \u00e9 uma escolha s\u00f3lida para rastreamento de ativos devido ao seu tamanho pequeno, facilidade de instala\u00e7\u00e3o e durabilidade. Com material de PVC ou material PET, a mem\u00f3ria do chip \u00e9 de 144 bytes.<\/p>","protected":false},"featured_media":335,"template":"","meta":{"_kad_post_transparent":"default","_kad_post_title":"","_kad_post_layout":"default","_kad_post_sidebar_id":"","_kad_post_content_style":"default","_kad_post_vertical_padding":"default","_kad_post_feature":"","_kad_post_feature_position":"","_kad_post_header":false,"_kad_post_footer":false,"_kad_post_classname":""},"product_brand":[],"product_cat":[54],"product_tag":[145,144],"class_list":{"0":"post-334","1":"product","2":"type-product","3":"status-publish","4":"has-post-thumbnail","6":"product_cat-hot-selling-rfid-tags","7":"product_tag-anti-metal-nfc-tag","8":"product_tag-anti-metal-rfid-nfc-sticker","10":"first","11":"instock","12":"shipping-taxable","13":"product-type-simple","14":"entry","15":"content-bg","16":"loop-entry"},"_links":{"self":[{"href":"https:\/\/rfid-laundry-tag.com\/pt\/wp-json\/wp\/v2\/product\/334","targetHints":{"allow":["GET"]}}],"collection":[{"href":"https:\/\/rfid-laundry-tag.com\/pt\/wp-json\/wp\/v2\/product"}],"about":[{"href":"https:\/\/rfid-laundry-tag.com\/pt\/wp-json\/wp\/v2\/types\/product"}],"version-history":[{"count":0,"href":"https:\/\/rfid-laundry-tag.com\/pt\/wp-json\/wp\/v2\/product\/334\/revisions"}],"wp:featuredmedia":[{"embeddable":true,"href":"https:\/\/rfid-laundry-tag.com\/pt\/wp-json\/wp\/v2\/media\/335"}],"wp:attachment":[{"href":"https:\/\/rfid-laundry-tag.com\/pt\/wp-json\/wp\/v2\/media?parent=334"}],"wp:term":[{"taxonomy":"product_brand","embeddable":true,"href":"https:\/\/rfid-laundry-tag.com\/pt\/wp-json\/wp\/v2\/product_brand?post=334"},{"taxonomy":"product_cat","embeddable":true,"href":"https:\/\/rfid-laundry-tag.com\/pt\/wp-json\/wp\/v2\/product_cat?post=334"},{"taxonomy":"product_tag","embeddable":true,"href":"https:\/\/rfid-laundry-tag.com\/pt\/wp-json\/wp\/v2\/product_tag?post=334"}],"curies":[{"name":"wp","href":"https:\/\/api.w.org\/{rel}","templated":true}]}}