{"id":332,"date":"2024-06-28T07:49:21","date_gmt":"2024-06-28T07:49:21","guid":{"rendered":"https:\/\/rfid-laundry-tag.com\/?post_type=product&#038;p=332"},"modified":"2024-06-28T08:02:32","modified_gmt":"2024-06-28T08:02:32","slug":"waterproof-pvc-ntag215-coin-nfc-tag","status":"publish","type":"product","link":"https:\/\/rfid-laundry-tag.com\/pt\/waterproof-pvc-ntag215-coin-nfc-tag\/","title":{"rendered":"Etiqueta NFC para moedas Ntag215 de PVC \u00e0 prova d&#039;\u00e1gua"},"content":{"rendered":"<p><strong>Etiqueta NFC para moedas Ntag215 de PVC \u00e0 prova d&#039;\u00e1gua<\/strong><\/p>\n<p>O <strong>Etiqueta NFC para moedas Ntag215<\/strong>, feito de PVC (ou PVC transparente), \u00e9 uma excelente op\u00e7\u00e3o para rastreamento de ativos devido a:<\/p>\n<ul>\n<li><strong>Tamanho pequeno:<\/strong>\u00a0F\u00e1cil de instalar em v\u00e1rios ativos sem adicionar volume.<\/li>\n<li><strong>Design \u00e0 prova d&#039;\u00e1gua:<\/strong>\u00a0Adequado para aplica\u00e7\u00f5es internas e externas, mesmo em ambientes adversos.<\/li>\n<li><strong>Chip NFC de 13,56 MHz incorporado:<\/strong>\u00a0Permite transfer\u00eancia confi\u00e1vel de dados e comunica\u00e7\u00e3o com leitores RFID.<\/li>\n<\/ul>\n<p><strong>Principais caracter\u00edsticas:<\/strong><\/p>\n<ul>\n<li><strong>Material:<\/strong>\u00a0PVC (ou PVC transparente)<\/li>\n<li><strong>Lasca:<\/strong>\u00a0Ntag215<\/li>\n<li><strong>Freq\u00fc\u00eancia:<\/strong>\u00a013,56 MHz<\/li>\n<li><strong>Imperme\u00e1vel:<\/strong>\u00a0Sim<\/li>\n<li><strong>Aplica\u00e7\u00f5es:<\/strong>\u00a0Rastreamento de ativos, gerenciamento de invent\u00e1rio, controle de acesso e muito mais.<\/li>\n<\/ul>\n<table border=\"1\" cellspacing=\"0\" cellpadding=\"0\">\n<tbody>\n<tr>\n<td colspan=\"2\">\n<p align=\"left\">Especifica\u00e7\u00f5es<\/p>\n<\/td>\n<\/tr>\n<tr>\n<td>\n<p align=\"left\">Tipo de etiqueta\/chip<\/p>\n<\/td>\n<td>\n<p align=\"left\">NXP Ntag215<\/p>\n<\/td>\n<\/tr>\n<tr>\n<td>\n<p align=\"left\">Frequ\u00eancia de opera\u00e7\u00e3o<\/p>\n<\/td>\n<td>\n<p align=\"left\">13,56 MHz<\/p>\n<\/td>\n<\/tr>\n<tr>\n<td>\n<p align=\"left\">Faixa de leitura testada<\/p>\n<\/td>\n<td>\n<p align=\"left\">0 \u2013 100 mm dependendo da pot\u00eancia fornecida pelo leitor<\/p>\n<\/td>\n<\/tr>\n<tr>\n<td>\n<p align=\"left\">Multi-Detec\u00e7\u00e3o<\/p>\n<\/td>\n<td>\n<p align=\"left\">Sim<\/p>\n<\/td>\n<\/tr>\n<tr>\n<td>\n<p align=\"left\">Tamanho<\/p>\n<\/td>\n<td>Di\u00e2metro 25mm<\/td>\n<\/tr>\n<tr>\n<td>\n<p align=\"left\">Material<\/p>\n<\/td>\n<td>\n<p align=\"left\">PVC \/ PET \/ Antena etc.<\/p>\n<\/td>\n<\/tr>\n<tr>\n<td>\n<p align=\"left\">Protocolo:<\/p>\n<\/td>\n<td>\n<p align=\"left\">Norma ISO 14443A<\/p>\n<\/td>\n<\/tr>\n<tr>\n<td>\n<p align=\"left\">Especifica\u00e7\u00e3o Ambiental<\/p>\n<\/td>\n<td>\n<p align=\"left\">Prazo de validade 5 anos<\/p>\n<p align=\"left\">Recomendado: -25C a +50C<\/p>\n<p align=\"left\">Condi\u00e7\u00e3o de armazenamento: 20% a 90%RH<\/p>\n<p align=\"left\">Temperatura de opera\u00e7\u00e3o: -40C a +65C<\/p>\n<\/td>\n<\/tr>\n<tr>\n<td>\n<p align=\"left\">Tempos de leitura\/escrita:<\/p>\n<\/td>\n<td>\n<p align=\"left\">100000 vezes<\/p>\n<\/td>\n<\/tr>\n<tr>\n<td>\n<p align=\"left\">Aplicativo:<\/p>\n<\/td>\n<td>\n<p align=\"left\" data-spm-anchor-id=\"a2700.wholesale.0.i54.a0d8206fLph15n\">Transporte p\u00fablico, Gest\u00e3o de acesso, Bilhetes eletr\u00f4nicos, Gest\u00e3o de log\u00edstica e suprimentos, Produ\u00e7\u00e3o, fabrica\u00e7\u00e3o e montagem, Etiqueta de para-brisa, Rastreamento de documentos, Gest\u00e3o de lavanderia, Gest\u00e3o de biblioteca, Identidade animal e assim por diante<\/p>\n<\/td>\n<\/tr>\n<\/tbody>\n<\/table>\n<p>&nbsp;<\/p>\n<p><strong>Benef\u00edcios:<\/strong><\/p>\n<ul>\n<li><strong>Seguran\u00e7a aprimorada:<\/strong>\u00a0A tecnologia RFID ajuda a proteger contra roubo e acesso n\u00e3o autorizado.<\/li>\n<li><strong>Efici\u00eancia melhorada:<\/strong>\u00a0O rastreamento em tempo real permite o gerenciamento eficiente de ativos e o controle de estoque.<\/li>\n<li><strong>Custo-efetividade:<\/strong>\u00a0A constru\u00e7\u00e3o dur\u00e1vel e o design \u00e0 prova d&#039;\u00e1gua minimizam os custos de substitui\u00e7\u00e3o.<\/li>\n<li><strong>Aplica\u00e7\u00f5es vers\u00e1teis:<\/strong>\u00a0Adequado para uma ampla gama de ind\u00fastrias e casos de uso.<\/li>\n<\/ul>","protected":false},"excerpt":{"rendered":"<p>A etiqueta NFC de moeda Ntag215 de PVC \u00e0 prova d&#039;\u00e1gua oferece uma solu\u00e7\u00e3o confi\u00e1vel e vers\u00e1til para necessidades de rastreamento de ativos. Seu tamanho compacto, design \u00e0 prova d&#039;\u00e1gua e chip NFC incorporado a tornam uma ferramenta valiosa para organiza\u00e7\u00f5es que buscam otimizar seus processos de gerenciamento de ativos.<\/p>","protected":false},"featured_media":333,"template":"","meta":{"_kad_post_transparent":"default","_kad_post_title":"","_kad_post_layout":"default","_kad_post_sidebar_id":"","_kad_post_content_style":"default","_kad_post_vertical_padding":"default","_kad_post_feature":"","_kad_post_feature_position":"","_kad_post_header":false,"_kad_post_footer":false,"_kad_post_classname":""},"product_brand":[],"product_cat":[54],"product_tag":[145,144],"class_list":{"0":"post-332","1":"product","2":"type-product","3":"status-publish","4":"has-post-thumbnail","6":"product_cat-hot-selling-rfid-tags","7":"product_tag-anti-metal-nfc-tag","8":"product_tag-anti-metal-rfid-nfc-sticker","10":"first","11":"instock","12":"shipping-taxable","13":"product-type-simple","14":"entry","15":"content-bg","16":"loop-entry"},"_links":{"self":[{"href":"https:\/\/rfid-laundry-tag.com\/pt\/wp-json\/wp\/v2\/product\/332","targetHints":{"allow":["GET"]}}],"collection":[{"href":"https:\/\/rfid-laundry-tag.com\/pt\/wp-json\/wp\/v2\/product"}],"about":[{"href":"https:\/\/rfid-laundry-tag.com\/pt\/wp-json\/wp\/v2\/types\/product"}],"version-history":[{"count":0,"href":"https:\/\/rfid-laundry-tag.com\/pt\/wp-json\/wp\/v2\/product\/332\/revisions"}],"wp:featuredmedia":[{"embeddable":true,"href":"https:\/\/rfid-laundry-tag.com\/pt\/wp-json\/wp\/v2\/media\/333"}],"wp:attachment":[{"href":"https:\/\/rfid-laundry-tag.com\/pt\/wp-json\/wp\/v2\/media?parent=332"}],"wp:term":[{"taxonomy":"product_brand","embeddable":true,"href":"https:\/\/rfid-laundry-tag.com\/pt\/wp-json\/wp\/v2\/product_brand?post=332"},{"taxonomy":"product_cat","embeddable":true,"href":"https:\/\/rfid-laundry-tag.com\/pt\/wp-json\/wp\/v2\/product_cat?post=332"},{"taxonomy":"product_tag","embeddable":true,"href":"https:\/\/rfid-laundry-tag.com\/pt\/wp-json\/wp\/v2\/product_tag?post=332"}],"curies":[{"name":"wp","href":"https:\/\/api.w.org\/{rel}","templated":true}]}}