{"id":329,"date":"2024-06-28T07:30:57","date_gmt":"2024-06-28T07:30:57","guid":{"rendered":"https:\/\/rfid-laundry-tag.com\/?post_type=product&#038;p=329"},"modified":"2024-06-28T07:37:14","modified_gmt":"2024-06-28T07:37:14","slug":"mifare-ultralight-ev1-inlay-sticker","status":"publish","type":"product","link":"https:\/\/rfid-laundry-tag.com\/pt\/mifare-ultralight-ev1-inlay-sticker\/","title":{"rendered":"Adesivo de incrusta\u00e7\u00e3o Mifare Ultralight ev1"},"content":{"rendered":"<div>\n<div class=\"auto-hide-last-sibling-br paragraph_9dc5f paragraph-element\"><strong>Adesivos de incrusta\u00e7\u00e3o MIFARE Ultralight EV1<\/strong> s\u00e3o bastante populares e amplamente utilizados, dada a praticidade que trazem e sua compatibilidade com uma ampla gama de dispositivos. Aqui est\u00e3o algumas op\u00e7\u00f5es dispon\u00edveis:<\/div>\n<p><br class=\"container_21264 wrapper_661ac undefined\" \/><\/p>\n<ol class=\"auto-hide-last-sibling-br\">\n<li>\n<div class=\"auto-hide-last-sibling-br paragraph_9dc5f paragraph-element\"><strong>Adesivos de papel NFC MIFARE Ultralight\u00ae EV1 35x35mm<\/strong>: Como etiquetas NFC de papel adesivo, elas v\u00eam com um chip NXP MIFARE Ultralight\u00ae NFC integrado, que \u00e9 compat\u00edvel com smartphones e tablets Android e BlackBerry. Sua capacidade \u00e9 de 41 bytes. Operando de acordo com os padr\u00f5es ISO\/IEC 14443 Tipo-A, esses adesivos infelizmente parecem estar fora de estoque no momento.<\/div>\n<\/li>\n<li><strong>Etiqueta RFID 56x18mm NXP Mifare\u00aeUltralight EV1 50pf | ISO14443A<\/strong>: Esta etiqueta RFID de alta qualidade apresenta o chip NXP Mifare\u00ae Ultralight EV1, que vem com uma capacit\u00e2ncia de 50pF, garantindo um alcance de leitura e desempenho ideais. Totalmente compat\u00edvel com ISO14443A, \u00e9 perfeita para uso em aplica\u00e7\u00f5es de transporte p\u00fablico e programas de fidelidade a ingressos para eventos e solu\u00e7\u00f5es de cidades inteligentes.<\/li>\n<\/ol>\n<\/div>\n<div class=\"text-title\"><strong><span class=\"magic-26\" style=\"font-family: Arial;\" data-spm-anchor-id=\"a2700.details.0.i47.6f4d7d7dnursE7\">Incrusta\u00e7\u00e3o seca<\/span><\/strong><\/div>\n<div class=\"text-content\">\n<p><span class=\"magic-6\" style=\"font-family: Arial;\">Simplificando, RFID dry inlay \u00e9 uma combina\u00e7\u00e3o de chip RFID e antena. Pode ser usado para fazer adesivo NFC, etiqueta RFID, bilhete RFID e v\u00e1rias etiquetas RFID. <\/span><\/p>\n<div data-spm-anchor-id=\"a2700.details.0.i46.6f4d7d7dnursE7\">\n<p><span class=\"magic-6\" style=\"font-family: Arial;\"> A antena de incrusta\u00e7\u00e3o seca \u00e9 de alum\u00ednio gravado, que \u00e9 mais fino em compara\u00e7\u00e3o \u00e0 bobina de cobre. O formato da antena pode ser personalizado e redesenhado sob demanda.<\/span><\/p>\n<p>&nbsp;<\/p>\n<\/div>\n<\/div>\n<div>\n<div class=\"text-title\"><strong><span class=\"magic-26\" style=\"font-family: Arial;\">Incrusta\u00e7\u00e3o molhada<\/span><\/strong><\/div>\n<div class=\"text-content\">\n<p><span class=\"magic-6\" style=\"font-family: Arial;\" data-spm-anchor-id=\"a2700.details.0.i49.6f4d7d7dnursE7\">O inlay seco RFID adicionado com um adesivo \u00e9 chamado de inlay \u00famido. Ele pode ser usado como uma etiqueta RFID ou adesivo NFC diretamente se voc\u00ea n\u00e3o precisar de nenhuma impress\u00e3o na superf\u00edcie. Ser colado nos objetos pode economizar custos e atingir o mesmo prop\u00f3sito. Tamb\u00e9m \u00e9 amplamente aplicado na fabrica\u00e7\u00e3o de etiquetas RFID. A antena do inlay \u00famido \u00e9 de grava\u00e7\u00e3o de alum\u00ednio, que \u00e9 mais fina em compara\u00e7\u00e3o com a bobina de cobre. O formato da antena pode ser personalizado e redesenhado sob demanda.<\/span><\/p>\n<div><strong>Adesivo de incrusta\u00e7\u00e3o Mifare Ultralight ev1<\/strong><\/div>\n<div><\/div>\n<div data-spm-anchor-id=\"a2700.details.0.i48.6f4d7d7dnursE7\">\n<table class=\"hight-light-first-column all magic-14\">\n<tbody>\n<tr>\n<td colspan=\"1\" rowspan=\"1\">\n<div class=\"magic-15\"><b>Material<\/b><\/div>\n<\/td>\n<td colspan=\"1\" rowspan=\"1\">\n<div class=\"magic-16\" data-spm-anchor-id=\"a2700.details.0.i34.21f6414cWQ4Zrf\">Papel\/Papel t\u00e9rmico\/Tecido\/PVC\/PET<\/div>\n<\/td>\n<\/tr>\n<tr>\n<td colspan=\"1\" rowspan=\"1\">\n<div class=\"magic-15\"><b>Tamanho<\/b><\/div>\n<\/td>\n<td colspan=\"1\" rowspan=\"1\">\n<div class=\"magic-16\">18*56mm,25*25mm, 30*30mm, 40*40mm, Dia18mm, Dia20mm, Dia22mm, Dia25mm ou tamanho personalizado.<\/div>\n<\/td>\n<\/tr>\n<tr>\n<td colspan=\"1\" rowspan=\"1\">\n<div class=\"magic-15\"><b>Impress\u00e3o<\/b><\/div>\n<\/td>\n<td colspan=\"1\" rowspan=\"1\">\n<div class=\"magic-16\">N\u00e3o h\u00e1 necessidade de impress\u00e3o<\/div>\n<\/td>\n<\/tr>\n<tr>\n<td colspan=\"1\" rowspan=\"1\">\n<div class=\"magic-15\"><b>Chip dispon\u00edvel<\/b><\/div>\n<\/td>\n<td colspan=\"1\" rowspan=\"1\">\n<div class=\"magic-16\">\n<p><strong>Mifare Ultralight ev1 <\/strong><\/p>\n<\/div>\n<\/td>\n<\/tr>\n<tr>\n<td colspan=\"1\" rowspan=\"1\">\n<div class=\"magic-21\"><b>Protocolo:<\/b><\/div>\n<\/td>\n<td colspan=\"4\" rowspan=\"1\">\n<div class=\"magic-22\">ISO\/IEC 14443 Tipo A<\/div>\n<\/td>\n<\/tr>\n<tr>\n<td colspan=\"1\" rowspan=\"1\">\n<div class=\"magic-26\"><b>Artesanato:<\/b><\/div>\n<\/td>\n<td colspan=\"4\" rowspan=\"1\">\n<div class=\"magic-22\" data-spm-anchor-id=\"a2700.details.0.i33.21f6414cWQ4Zrf\">Impress\u00e3o, c\u00f3digo de barras, c\u00f3digo QR, etc.<\/div>\n<\/td>\n<\/tr>\n<\/tbody>\n<\/table>\n<\/div>\n<\/div>\n<\/div>","protected":false},"excerpt":{"rendered":"<p>O adesivo ou transponder Mifare Ultralight ev1 Inlay, um tipo de componente inacabado, pode ser transformado em v\u00e1rios itens, como t\u00edquetes, crach\u00e1s, etiquetas ou cart\u00f5es. Simultaneamente, esses inlays HF NFC RFID podem ser produzidos em uma variedade de tamanhos, personalizados para atender \u00e0s suas necessidades espec\u00edficas.<\/p>","protected":false},"featured_media":328,"template":"","meta":{"_kad_post_transparent":"default","_kad_post_title":"","_kad_post_layout":"default","_kad_post_sidebar_id":"","_kad_post_content_style":"default","_kad_post_vertical_padding":"default","_kad_post_feature":"","_kad_post_feature_position":"","_kad_post_header":false,"_kad_post_footer":false,"_kad_post_classname":""},"product_brand":[],"product_cat":[54],"product_tag":[112,142,143],"class_list":{"0":"post-329","1":"product","2":"type-product","3":"status-publish","4":"has-post-thumbnail","6":"product_cat-hot-selling-rfid-tags","7":"product_tag-13-56mhz-rfid-inlay","8":"product_tag-mifare-ultralight-ev1-inlay-sticker","9":"product_tag-ultralight-ev1-nfc-inlay-sticker","11":"first","12":"instock","13":"shipping-taxable","14":"product-type-simple","15":"entry","16":"content-bg","17":"loop-entry"},"_links":{"self":[{"href":"https:\/\/rfid-laundry-tag.com\/pt\/wp-json\/wp\/v2\/product\/329","targetHints":{"allow":["GET"]}}],"collection":[{"href":"https:\/\/rfid-laundry-tag.com\/pt\/wp-json\/wp\/v2\/product"}],"about":[{"href":"https:\/\/rfid-laundry-tag.com\/pt\/wp-json\/wp\/v2\/types\/product"}],"version-history":[{"count":0,"href":"https:\/\/rfid-laundry-tag.com\/pt\/wp-json\/wp\/v2\/product\/329\/revisions"}],"wp:featuredmedia":[{"embeddable":true,"href":"https:\/\/rfid-laundry-tag.com\/pt\/wp-json\/wp\/v2\/media\/328"}],"wp:attachment":[{"href":"https:\/\/rfid-laundry-tag.com\/pt\/wp-json\/wp\/v2\/media?parent=329"}],"wp:term":[{"taxonomy":"product_brand","embeddable":true,"href":"https:\/\/rfid-laundry-tag.com\/pt\/wp-json\/wp\/v2\/product_brand?post=329"},{"taxonomy":"product_cat","embeddable":true,"href":"https:\/\/rfid-laundry-tag.com\/pt\/wp-json\/wp\/v2\/product_cat?post=329"},{"taxonomy":"product_tag","embeddable":true,"href":"https:\/\/rfid-laundry-tag.com\/pt\/wp-json\/wp\/v2\/product_tag?post=329"}],"curies":[{"name":"wp","href":"https:\/\/api.w.org\/{rel}","templated":true}]}}