{"id":3242,"date":"2026-01-13T13:41:34","date_gmt":"2026-01-13T13:41:34","guid":{"rendered":"https:\/\/rfid-laundry-tag.com\/?post_type=product&#038;p=3242"},"modified":"2026-03-12T10:03:35","modified_gmt":"2026-03-12T10:03:35","slug":"mifare-s50-rfid-inlay","status":"publish","type":"product","link":"https:\/\/rfid-laundry-tag.com\/pt\/mifare-s50-rfid-inlay\/","title":{"rendered":"Inlay RFID MIFARE S50"},"content":{"rendered":"<h2>Inlay RFID MIFARE S50<\/h2>\n<p><span class=\"ng-star-inserted\">O <a href=\"https:\/\/rfid-laundry-tag.com\/pt\/rfid-inlay\/\">MIFARE S50\u00a0<\/a><\/span><strong class=\"ng-star-inserted\"><span class=\"ng-star-inserted\">Embutimento RFID<\/span><\/strong><span class=\"ng-star-inserted\">\u00a0\u00e9 uma solu\u00e7\u00e3o de ponta projetada para otimizar suas opera\u00e7\u00f5es, aprimorar a seguran\u00e7a e elevar a experi\u00eancia do usu\u00e1rio em diversas aplica\u00e7\u00f5es. Essa tecnologia poderosa e discreta permite que voc\u00ea gerencie acessos, processe pagamentos, rastreie ativos e interaja com clientes de maneiras inovadoras sem esfor\u00e7o. Este produto vale a pena, pois oferece confiabilidade, compatibilidade e facilidade de integra\u00e7\u00e3o incompar\u00e1veis, tornando-o a escolha ideal para empresas que buscam aproveitar o poder da RFID. Seja para implementar um controle de acesso seguro, criar um sistema de pagamento sem dinheiro eficiente ou revolucionar a gest\u00e3o de estoque, o <a href=\"https:\/\/rfid-laundry-tag.com\/pt\/rfid-inlay\/\">MIFARE S50\u00a0<\/a><\/span><strong class=\"ng-star-inserted\"><span class=\"ng-star-inserted\">Embutimento RFID<\/span><\/strong><span class=\"ng-star-inserted\">\u00a0Oferece o desempenho e a versatilidade que voc\u00ea precisa para ter sucesso. Em outras palavras, este produto \u00e9 indispens\u00e1vel.<\/span><\/p>\n<table class=\"has-title all magic-13\">\n<tbody>\n<tr>\n<td colspan=\"1\" rowspan=\"1\">\n<div class=\"magic-14\" data-spm-anchor-id=\"a2700.details.0.i37.2ec61361oDo4aX\">Nome do produto<\/div>\n<\/td>\n<td colspan=\"1\" rowspan=\"1\">\n<div class=\"magic-15\">Inlay RFID MIFARE S50<\/div>\n<\/td>\n<\/tr>\n<tr>\n<td colspan=\"1\" rowspan=\"1\">\n<div class=\"magic-14\">Lasca<\/div>\n<\/td>\n<td colspan=\"1\" rowspan=\"1\">\n<div class=\"magic-15\">MIFARE Cl\u00e1ssico\u00ae 1K<\/div>\n<\/td>\n<\/tr>\n<tr>\n<td colspan=\"1\" rowspan=\"1\">\n<div class=\"magic-14\">Frequ\u00eancia<\/div>\n<\/td>\n<td colspan=\"1\" rowspan=\"1\">\n<div class=\"magic-15\">13,56 MHz<\/div>\n<\/td>\n<\/tr>\n<tr>\n<td colspan=\"1\" rowspan=\"1\">\n<div class=\"magic-14\">Dist\u00e2ncia de leitura<\/div>\n<\/td>\n<td colspan=\"1\" rowspan=\"1\">\n<div class=\"magic-15\">1-5 cm<\/div>\n<\/td>\n<\/tr>\n<tr>\n<td colspan=\"1\" rowspan=\"1\">\n<div class=\"magic-14\">Material<\/div>\n<\/td>\n<td colspan=\"1\" rowspan=\"1\">\n<div class=\"magic-15\">Papel revestido<\/div>\n<\/td>\n<\/tr>\n<tr>\n<td colspan=\"1\" rowspan=\"1\">\n<div class=\"magic-14\">Substrato<\/div>\n<\/td>\n<td colspan=\"1\" rowspan=\"1\">\n<div class=\"magic-15\">BICHO DE ESTIMA\u00c7\u00c3O<\/div>\n<\/td>\n<\/tr>\n<tr>\n<td colspan=\"1\" rowspan=\"1\">\n<div class=\"magic-14\">Di\u00e2metro 50 mmTamanho<\/div>\n<\/td>\n<td colspan=\"1\" rowspan=\"1\">\n<div class=\"magic-15\">Dia 25mm ou personaliza\u00e7\u00e3o<\/div>\n<\/td>\n<\/tr>\n<tr>\n<td colspan=\"1\" rowspan=\"1\">\n<div class=\"magic-14\">Modo de trabalho<\/div>\n<\/td>\n<td colspan=\"1\" rowspan=\"1\">\n<div class=\"magic-15\">Passiva<\/div>\n<\/td>\n<\/tr>\n<tr>\n<td colspan=\"1\" rowspan=\"1\">\n<div class=\"magic-14\">Ciclos de Escrita<\/div>\n<\/td>\n<td colspan=\"1\" rowspan=\"1\">\n<div class=\"magic-15\">100000<\/div>\n<\/td>\n<\/tr>\n<tr>\n<td colspan=\"1\" rowspan=\"1\">\n<div class=\"magic-14\">Temperatura de opera\u00e7\u00e3o \/ umidade<\/div>\n<\/td>\n<td colspan=\"1\" rowspan=\"1\">\n<div class=\"magic-15\">-40~70\u2103\/20%~90% UR<\/div>\n<\/td>\n<\/tr>\n<tr>\n<td colspan=\"1\" rowspan=\"1\">\n<div class=\"magic-14\">Temperatura de armazenamento \/ humidade<\/div>\n<\/td>\n<td colspan=\"1\" rowspan=\"1\">\n<div class=\"magic-15\">-20~50\u2103 \/ 20%~90% UR (sem condensa\u00e7\u00e3o).<\/div>\n<\/td>\n<\/tr>\n<tr>\n<td colspan=\"1\" rowspan=\"1\">\n<div class=\"magic-14\">Disponibilidade da amostra<\/div>\n<\/td>\n<td colspan=\"1\" rowspan=\"1\">\n<div class=\"magic-15\">Amostras gr\u00e1tis est\u00e3o dispon\u00edveis mediante solicita\u00e7\u00e3o<\/div>\n<\/td>\n<\/tr>\n<tr>\n<td colspan=\"1\" rowspan=\"1\">\n<div class=\"magic-14\">Embalagem<\/div>\n<\/td>\n<td colspan=\"1\" rowspan=\"1\">\n<div class=\"magic-15\">1000-5000 pe\u00e7as\/rolo, 4 rolos\/caixa<\/div>\n<\/td>\n<\/tr>\n<tr>\n<td colspan=\"1\" rowspan=\"1\">\n<div class=\"magic-14\">\n<p>Aplicativo<\/p>\n<div><\/div>\n<\/div>\n<\/td>\n<td colspan=\"1\" rowspan=\"1\">\n<div class=\"magic-15\" data-spm-anchor-id=\"a2700.details.0.i47.2ec61361oDo4aX\">Controle de admiss\u00e3o seguro\/Pagamento sem dinheiro Programas de associa\u00e7\u00e3o e fidelidade Acesso a eventos e branding\/M\u00eddia social\/Varejo<br \/>\nAmbiente\/Jogos e Brinquedos Localiza\u00e7\u00e3o\/Eletr\u00f4nicos\/Feiras de Neg\u00f3cios\/Eventos\/Solicita\u00e7\u00e3o de Chamada\/Cart\u00f5es de Visita<\/div>\n<\/td>\n<\/tr>\n<\/tbody>\n<\/table>\n<p>&nbsp;<\/p>\n<p>O MIFARE S50<a href=\"https:\/\/rfid-laundry-tag.com\/pt\/rfid-inlay\/\"> Embutimento RFID\u00a0<\/a>\u00e9 uma solu\u00e7\u00e3o vers\u00e1til projetada para atender \u00e0s crescentes demandas de aplica\u00e7\u00f5es modernas. Operando na frequ\u00eancia de 13,56 MHz, este inlay habilitado para NFC ret\u00e9m todos os recursos essenciais da tecnologia MIFARE Classic, ao mesmo tempo em que fornece funcionalidade amig\u00e1vel ao usu\u00e1rio. Com seu tamanho compacto de 25 mm de di\u00e2metro e 0,5 mm de espessura, ele est\u00e1 dispon\u00edvel em um formato pr\u00e1tico de etiqueta de moeda em branco, tornando-o f\u00e1cil de anexar e utilizar em v\u00e1rias aplica\u00e7\u00f5es. Quer voc\u00ea esteja procurando solu\u00e7\u00f5es RFID para sistemas de pagamento, controle de acesso ou identifica\u00e7\u00e3o, o MIFARE Classic 1K Inlay oferece confiabilidade e desempenho inigual\u00e1veis.<\/p>\n<h3>Por que escolher o inlay RFID MIFARE S50?<\/h3>\n<ul>\n<li><strong>F\u00e1cil integra\u00e7\u00e3o<\/strong>: Ideal para uma variedade de aplica\u00e7\u00f5es, desde sistemas de pagamento at\u00e9 emiss\u00e3o de ingressos para eventos, esse inlay se integra perfeitamente \u00e0s plataformas existentes.<\/li>\n<li><strong>Solu\u00e7\u00e3o econ\u00f4mica<\/strong>: Com pre\u00e7o baixo, alta qualidade e design dur\u00e1vel, ele apresenta uma op\u00e7\u00e3o econ\u00f4mica sem comprometer o desempenho.<\/li>\n<li><strong>Amigo do usu\u00e1rio<\/strong>: O formato do adesivo em branco permite f\u00e1cil etiquetagem e aplica\u00e7\u00f5es personalizadas, melhorando a experi\u00eancia do usu\u00e1rio.<\/li>\n<\/ul>\n<h3>Tecnologia NFC explicada<\/h3>\n<p>A tecnologia NFC (Near Field Communication) constitui a espinha dorsal do <strong>MIFARE Classic 1K embutido<\/strong>. Ao utilizar essa tecnologia, o inlay permite a troca de dados sem contato entre dispositivos. Essa funcionalidade n\u00e3o se limita apenas \u00e0 intera\u00e7\u00e3o entre cart\u00e3o e leitor, mas tamb\u00e9m facilita pagamentos m\u00f3veis e controle de acesso seguro.<\/p>\n<h3>Principais benef\u00edcios do MIFARE Classic 1K<\/h3>\n<ul>\n<li><strong>Seguran\u00e7a aprimorada<\/strong>: Com um UID exclusivo de 4 bytes, o MIFARE Classic 1K Inlay ajuda a evitar a duplica\u00e7\u00e3o de dados, adicionando uma camada extra de seguran\u00e7a aos seus aplicativos.<\/li>\n<li><strong>Versatilidade<\/strong>: Adequado para diversas aplica\u00e7\u00f5es sem contato, do varejo ao transporte, melhorando o envolvimento do usu\u00e1rio.<\/li>\n<li><strong>Compatibilidade<\/strong>: Totalmente compat\u00edvel com o leitor\/gravador ACR122U, juntamente com outros dispositivos MIFARE Classic, tornando-o uma ferramenta universal no seu arsenal NFC.<\/li>\n<\/ul>\n<h3>Instru\u00e7\u00f5es de uso<\/h3>\n<p>Para usar o inlay RFID MIFARE S50, basta fix\u00e1-lo na superf\u00edcie desejada usando a fita adesiva fornecida. Certifique-se de que a superf\u00edcie esteja limpa e seca para uma ader\u00eancia ideal. Uma vez fixado, o inlay pode ser lido e gravado usando um dispositivo habilitado para NFC ou um leitor compat\u00edvel, como o ACR122U.<\/p>\n<h3>Impacto Ambiental<\/h3>\n<p>O inlay RFID MIFARE S50 \u00e9 fabricado com respeito ao meio ambiente. A utiliza\u00e7\u00e3o de materiais dur\u00e1veis e recicl\u00e1veis garante que, ao mesmo tempo que atende \u00e0s suas necessidades pessoais ou empresariais, voc\u00ea tamb\u00e9m adote pr\u00e1ticas ecologicamente corretas.<\/p>\n<h2 class=\"ng-star-inserted\"><strong class=\"ng-star-inserted\"><span class=\"ng-star-inserted\">Etiquetas e inlays RFID: possibilidades de aplica\u00e7\u00e3o ilimitadas<\/span><\/strong><\/h2>\n<p class=\"ng-star-inserted\"><span class=\"ng-star-inserted\">O inlay RFID MIFARE S50<\/span><span class=\"ng-star-inserted\">\u00a0\u00c9 uma solu\u00e7\u00e3o vers\u00e1til que pode ser usada em uma ampla gama de aplica\u00e7\u00f5es, incluindo:<\/span><\/p>\n<ul class=\"ng-star-inserted\">\n<li class=\"ng-star-inserted\">\n<p class=\"ng-star-inserted\"><strong class=\"ng-star-inserted\"><span class=\"ng-star-inserted\">Controle de acesso seguro:<\/span><\/strong><span class=\"ng-star-inserted\">\u00a0Conceda acesso apenas a pessoal autorizado e impe\u00e7a a entrada de pessoas n\u00e3o autorizadas. Ideal para escrit\u00f3rios, eventos e \u00e1reas restritas.<\/span><\/p>\n<\/li>\n<li class=\"ng-star-inserted\">\n<p class=\"ng-star-inserted\"><strong class=\"ng-star-inserted\"><span class=\"ng-star-inserted\">Pagamento sem dinheiro:<\/span><\/strong><span class=\"ng-star-inserted\">\u00a0Viabilize pagamentos seguros e sem complica\u00e7\u00f5es em ambientes de circuito fechado, como parques tem\u00e1ticos, resorts e campus corporativos.<\/span><\/p>\n<\/li>\n<li class=\"ng-star-inserted\">\n<p class=\"ng-star-inserted\"><strong class=\"ng-star-inserted\"><span class=\"ng-star-inserted\">Programas de Fidelidade e de Associados:<\/span><\/strong><span class=\"ng-star-inserted\">\u00a0Acompanhe a atividade dos membros, recompense os clientes fi\u00e9is e personalize as experi\u00eancias.<\/span><\/p>\n<\/li>\n<li class=\"ng-star-inserted\">\n<p class=\"ng-star-inserted\"><strong class=\"ng-star-inserted\"><span class=\"ng-star-inserted\">Acesso e identidade visual do evento:<\/span><\/strong><span class=\"ng-star-inserted\">\u00a0Simplifique o processo de entrada, colete dados valiosos e aumente o engajamento dos participantes.<\/span><\/p>\n<\/li>\n<li class=\"ng-star-inserted\">\n<p class=\"ng-star-inserted\"><strong class=\"ng-star-inserted\"><span class=\"ng-star-inserted\">Redes sociais:<\/span><\/strong><span class=\"ng-star-inserted\">\u00a0Crie experi\u00eancias interativas incorporando elementos visuais em materiais promocionais, permitindo que os usu\u00e1rios se conectem com sua marca online.<\/span><\/p>\n<\/li>\n<li class=\"ng-star-inserted\">\n<p class=\"ng-star-inserted\"><strong class=\"ng-star-inserted\"><span class=\"ng-star-inserted\">Ambiente de varejo:<\/span><\/strong><span class=\"ng-star-inserted\">\u00a0Gerencie o estoque, previna furtos e obtenha informa\u00e7\u00f5es valiosas sobre o comportamento do cliente.<\/span><\/p>\n<\/li>\n<li class=\"ng-star-inserted\">\n<p class=\"ng-star-inserted\"><strong class=\"ng-star-inserted\"><span class=\"ng-star-inserted\">Jogos e brinquedos:<\/span><\/strong><span class=\"ng-star-inserted\">\u00a0Adicione uma nova dimens\u00e3o de interatividade e envolvimento a brinquedos e jogos.<\/span><\/p>\n<\/li>\n<li class=\"ng-star-inserted\">\n<p class=\"ng-star-inserted\"><strong class=\"ng-star-inserted\"><span class=\"ng-star-inserted\">Localiza\u00e7\u00e3o:<\/span><\/strong><span class=\"ng-star-inserted\">\u00a0Rastreie ativos, monitore movimenta\u00e7\u00f5es e melhore a efici\u00eancia log\u00edstica.<\/span><\/p>\n<\/li>\n<li class=\"ng-star-inserted\">\n<p class=\"ng-star-inserted\"><strong class=\"ng-star-inserted\"><span class=\"ng-star-inserted\">Eletr\u00f4nica:<\/span><\/strong><span class=\"ng-star-inserted\">\u00a0Incorporar inlays em dispositivos eletr\u00f4nicos para autentica\u00e7\u00e3o, rastreamento e medidas antifalsifica\u00e7\u00e3o.<\/span><\/p>\n<\/li>\n<li class=\"ng-star-inserted\">\n<p class=\"ng-star-inserted\"><strong class=\"ng-star-inserted\"><span class=\"ng-star-inserted\">Feiras\/Eventos Comerciais:<\/span><\/strong><span class=\"ng-star-inserted\">\u00a0Facilitar a gera\u00e7\u00e3o de leads, acompanhar os interesses dos participantes e proporcionar experi\u00eancias interativas.<\/span><\/p>\n<\/li>\n<li class=\"ng-star-inserted\">\n<p class=\"ng-star-inserted\"><strong class=\"ng-star-inserted\"><span class=\"ng-star-inserted\">Solicita\u00e7\u00e3o de chamada:<\/span><\/strong><span class=\"ng-star-inserted\">\u00a0Permita que os usu\u00e1rios solicitem informa\u00e7\u00f5es ou assist\u00eancia com um simples toque.<\/span><\/p>\n<\/li>\n<li class=\"ng-star-inserted\">\n<p class=\"ng-star-inserted\"><strong class=\"ng-star-inserted\"><span class=\"ng-star-inserted\">Cart\u00f5es de visita:<\/span><\/strong><span class=\"ng-star-inserted\">\u00a0Transforme os tradicionais cart\u00f5es de visita em ferramentas interativas para networking e compartilhamento de informa\u00e7\u00f5es.<\/span><\/p>\n<\/li>\n<\/ul>\n<h2>Perguntas frequentes<\/h2>\n<ul>\n<li><strong>Qual \u00e9 o alcance do inlay RFID MIFARE S50?<\/strong><br \/>\nO alcance efetivo \u00e9 normalmente de cerca de 10 cm ao utilizar dispositivos leitores NFC t\u00edpicos.<\/li>\n<li><strong>Posso personalizar o inlay RFID MIFARE S50?<\/strong><br \/>\nSim, os inlays podem ser impressos ou codificados com dados personalizados, tornando-os adequados para diversas aplica\u00e7\u00f5es.<\/li>\n<li><strong>O inserto RFID MIFARE S50 \u00e9 \u00e0 prova d&#039;\u00e1gua?<\/strong><br \/>\nEmbora os incrusta\u00e7\u00f5es sejam projetados para suportar condi\u00e7\u00f5es ambientais moderadas, \u00e9 recomend\u00e1vel evitar exposi\u00e7\u00e3o prolongada \u00e0 \u00e1gua para manter a funcionalidade ideal.<\/li>\n<\/ul>","protected":false},"excerpt":{"rendered":"<p>O MIFARE S50 RFID Inlay \u00e9 uma solu\u00e7\u00e3o NFC vers\u00e1til com 1K de mem\u00f3ria para aplica\u00e7\u00f5es seguras e sem contato em diversos ambientes.<\/p>","protected":false},"featured_media":3243,"template":"","meta":{"_kad_post_transparent":"default","_kad_post_title":"","_kad_post_layout":"default","_kad_post_sidebar_id":"","_kad_post_content_style":"default","_kad_post_vertical_padding":"default","_kad_post_feature":"","_kad_post_feature_position":"","_kad_post_header":false,"_kad_post_footer":false,"_kad_post_classname":""},"product_brand":[],"product_cat":[189],"product_tag":[398,111,194,393,108,399],"class_list":{"0":"post-3242","1":"product","2":"type-product","3":"status-publish","4":"has-post-thumbnail","6":"product_cat-rfid-inlay","7":"product_tag-mifare-s50-rfid-inlay","8":"product_tag-nfc-inlay","9":"product_tag-nfc-rfid-inlay","10":"product_tag-nfc-wet-inlay-sticker-tag-clear","11":"product_tag-rfid-inlay","12":"product_tag-rfid-inlay-factory","14":"first","15":"instock","16":"shipping-taxable","17":"product-type-simple","18":"entry","19":"content-bg","20":"loop-entry"},"_links":{"self":[{"href":"https:\/\/rfid-laundry-tag.com\/pt\/wp-json\/wp\/v2\/product\/3242","targetHints":{"allow":["GET"]}}],"collection":[{"href":"https:\/\/rfid-laundry-tag.com\/pt\/wp-json\/wp\/v2\/product"}],"about":[{"href":"https:\/\/rfid-laundry-tag.com\/pt\/wp-json\/wp\/v2\/types\/product"}],"version-history":[{"count":1,"href":"https:\/\/rfid-laundry-tag.com\/pt\/wp-json\/wp\/v2\/product\/3242\/revisions"}],"predecessor-version":[{"id":3247,"href":"https:\/\/rfid-laundry-tag.com\/pt\/wp-json\/wp\/v2\/product\/3242\/revisions\/3247"}],"wp:featuredmedia":[{"embeddable":true,"href":"https:\/\/rfid-laundry-tag.com\/pt\/wp-json\/wp\/v2\/media\/3243"}],"wp:attachment":[{"href":"https:\/\/rfid-laundry-tag.com\/pt\/wp-json\/wp\/v2\/media?parent=3242"}],"wp:term":[{"taxonomy":"product_brand","embeddable":true,"href":"https:\/\/rfid-laundry-tag.com\/pt\/wp-json\/wp\/v2\/product_brand?post=3242"},{"taxonomy":"product_cat","embeddable":true,"href":"https:\/\/rfid-laundry-tag.com\/pt\/wp-json\/wp\/v2\/product_cat?post=3242"},{"taxonomy":"product_tag","embeddable":true,"href":"https:\/\/rfid-laundry-tag.com\/pt\/wp-json\/wp\/v2\/product_tag?post=3242"}],"curies":[{"name":"wp","href":"https:\/\/api.w.org\/{rel}","templated":true}]}}