{"id":324,"date":"2024-06-28T06:46:40","date_gmt":"2024-06-28T06:46:40","guid":{"rendered":"https:\/\/rfid-laundry-tag.com\/?post_type=product&#038;p=324"},"modified":"2024-08-14T16:46:59","modified_gmt":"2024-08-14T16:46:59","slug":"nxp-ntag213-nfc-inlay-144byte","status":"publish","type":"product","link":"https:\/\/rfid-laundry-tag.com\/pt\/nxp-ntag213-nfc-inlay-144byte\/","title":{"rendered":"NXP Ntag213 NFC Inlay 144Byte"},"content":{"rendered":"<div>\n<div>NXP Ntag213 NFC Inlay 144Byte<\/div>\n<div><\/div>\n<div>Os inlays RFID NFC desempenham um papel substancial na opera\u00e7\u00e3o otimizada de sistemas baseados em radiofrequ\u00eancia.<\/div>\n<div>No contexto do NXP Ntag213 NFC Inlay com capacidade de 144 bytes, isso pode ser especialmente verdadeiro.<\/div>\n<div>Essas incrusta\u00e7\u00f5es v\u00eam em duas formas, \u00famida e seca, cada uma servindo a uma finalidade \u00fanica.<\/div>\n<div><\/div>\n<div><\/div>\n<div class=\"auto-hide-last-sibling-br paragraph_9dc5f paragraph-element\">O chip NTAG213 oferece uma variedade de vantagens, como:<\/div>\n<p>&nbsp;<\/p>\n<ul class=\"auto-hide-last-sibling-br\">\n<li>Transfer\u00eancia de energia e dados sem contato<\/li>\n<li>Capacidade de leitura r\u00e1pida<\/li>\n<li>Desempenho de RF aprimorado<\/li>\n<li>Recursos de seguran\u00e7a, incluindo prote\u00e7\u00e3o por senha e fun\u00e7\u00f5es anticolis\u00e3o<\/li>\n<li>Total conformidade com as especifica\u00e7\u00f5es do NFC Forum Tag Tipo 2<\/li>\n<\/ul>\n<\/div>\n<div>\n<table class=\"all magic-9\">\n<tbody>\n<tr>\n<td colspan=\"1\" rowspan=\"1\">\n<div class=\"magic-10\">Material<\/div>\n<\/td>\n<td colspan=\"1\" rowspan=\"1\">\n<div class=\"magic-11\" data-spm-anchor-id=\"a2700.details.0.i85.504d267eS1Hb6u\">PET, PVC, papel revestido, etc.<\/div>\n<\/td>\n<\/tr>\n<tr>\n<td colspan=\"1\" rowspan=\"1\">\n<div class=\"magic-10\">Lasca<\/div>\n<\/td>\n<td colspan=\"1\" rowspan=\"1\">\n<div class=\"magic-11\">Ntag213\/Ntag215\/Ntag216 etc<\/div>\n<\/td>\n<\/tr>\n<tr>\n<td colspan=\"1\" rowspan=\"1\">\n<div class=\"magic-10\">Frequ\u00eancia<\/div>\n<\/td>\n<td colspan=\"1\" rowspan=\"1\">\n<div class=\"magic-11\">13,56 MHz<\/div>\n<\/td>\n<\/tr>\n<tr>\n<td colspan=\"1\" rowspan=\"1\">\n<div class=\"magic-10\">Protocolo<\/div>\n<\/td>\n<td colspan=\"1\" rowspan=\"1\">\n<div class=\"magic-11\">Norma ISO 14443A<\/div>\n<\/td>\n<\/tr>\n<tr>\n<td colspan=\"1\" rowspan=\"1\">\n<div class=\"magic-10\">Tamanho<\/div>\n<\/td>\n<td colspan=\"1\" rowspan=\"1\">\n<div class=\"magic-11\">Di\u00e2metro 25, 30, 35 mm ou tamanho personalizado<\/div>\n<\/td>\n<\/tr>\n<tr>\n<td colspan=\"1\" rowspan=\"1\">\n<div class=\"magic-10\">Recurso<\/div>\n<\/td>\n<td colspan=\"1\" rowspan=\"1\">\n<div class=\"magic-11\">\u00c0 prova d&#039;\u00e1gua, resistente, impress\u00e3o personalizada<\/div>\n<\/td>\n<\/tr>\n<tr>\n<td colspan=\"1\" rowspan=\"1\">\n<div class=\"magic-10\">Amostra<\/div>\n<\/td>\n<td colspan=\"1\" rowspan=\"1\">\n<div class=\"magic-11\">dispon\u00edvel gratuitamente<\/div>\n<\/td>\n<\/tr>\n<tr>\n<td colspan=\"1\" rowspan=\"1\">\n<div class=\"magic-10\">Dist\u00e2ncia de leitura<\/div>\n<\/td>\n<td colspan=\"1\" rowspan=\"1\">\n<div class=\"magic-11\" data-spm-anchor-id=\"a2700.details.0.i84.504d267eS1Hb6u\">0-10cm<\/div>\n<\/td>\n<\/tr>\n<\/tbody>\n<\/table>\n<\/div>\n<div><\/div>\n<div><\/div>\n<div><strong>Incrusta\u00e7\u00f5es RFID NFC<\/strong> v\u00eam em dois tipos, \u00famido e seco. Um inlay RFID NFC \u00famido vem com um suporte adesivo, enquanto um seco n\u00e3o. Eles fornecem uma op\u00e7\u00e3o de etiqueta operando a 13,56 MHz projetada especificamente para fabricantes de equipamentos originais (OEMs). Ambos os chips de mem\u00f3ria NFC ISO 15693 e 14443 est\u00e3o dispon\u00edveis para esses inlays.<\/div>\n<div><\/div>\n<div class=\"text-title\"><strong><span class=\"magic-26\" style=\"font-family: Arial;\" data-spm-anchor-id=\"a2700.details.0.i47.6f4d7d7dnursE7\">Incrusta\u00e7\u00e3o seca<\/span><\/strong><\/div>\n<div class=\"text-content\">\n<p><span class=\"magic-6\" style=\"font-family: Arial;\">Simplificando, RFID dry inlay \u00e9 uma combina\u00e7\u00e3o de chip RFID e antena. Pode ser usado para fazer adesivo NFC, etiqueta RFID, bilhete RFID e v\u00e1rias etiquetas RFID. <\/span><\/p>\n<div data-spm-anchor-id=\"a2700.details.0.i46.6f4d7d7dnursE7\">\n<p><span class=\"magic-6\" style=\"font-family: Arial;\"> A antena de incrusta\u00e7\u00e3o seca \u00e9 de alum\u00ednio gravado, que \u00e9 mais fino em compara\u00e7\u00e3o \u00e0 bobina de cobre. O formato da antena pode ser personalizado e redesenhado sob demanda.<\/span><\/p>\n<p>&nbsp;<\/p>\n<\/div>\n<\/div>\n<div>\n<div class=\"text-title\"><strong><span class=\"magic-26\" style=\"font-family: Arial;\">Incrusta\u00e7\u00e3o molhada<\/span><\/strong><\/div>\n<div class=\"text-content\">\n<p><span class=\"magic-6\" style=\"font-family: Arial;\" data-spm-anchor-id=\"a2700.details.0.i49.6f4d7d7dnursE7\">O inlay seco RFID adicionado com um adesivo \u00e9 chamado de inlay \u00famido. Ele pode ser usado como uma etiqueta RFID ou adesivo NFC diretamente se voc\u00ea n\u00e3o precisar de nenhuma impress\u00e3o na superf\u00edcie. Ser colado nos objetos pode economizar custos e atingir o mesmo prop\u00f3sito. Tamb\u00e9m \u00e9 amplamente aplicado na fabrica\u00e7\u00e3o de etiquetas RFID. A antena do inlay \u00famido \u00e9 de grava\u00e7\u00e3o de alum\u00ednio, que \u00e9 mais fina em compara\u00e7\u00e3o com a bobina de cobre. O formato da antena pode ser personalizado e redesenhado sob demanda.<\/span><\/p>\n<div><span class=\"magic-6\" style=\"font-family: Arial;\">\u00a0<\/span><\/div>\n<div data-spm-anchor-id=\"a2700.details.0.i48.6f4d7d7dnursE7\"><\/div>\n<\/div>\n<\/div>","protected":false},"excerpt":{"rendered":"<p>NXP Ntag213 NFC Inlay 144Byte \u00e9 um tipo espec\u00edfico de IC compat\u00edvel com o NFC Forum Type 2 Tag, apresentando 144 bytes de mem\u00f3ria do usu\u00e1rio. Ele foi projetado com versatilidade em mente, adequado para diversas aplica\u00e7\u00f5es em setores como varejo, jogos e eletr\u00f4nicos de consumo, entre outros.<\/p>","protected":false},"featured_media":326,"template":"","meta":{"_kad_post_transparent":"default","_kad_post_title":"","_kad_post_layout":"default","_kad_post_sidebar_id":"","_kad_post_content_style":"default","_kad_post_vertical_padding":"default","_kad_post_feature":"","_kad_post_feature_position":"","_kad_post_header":false,"_kad_post_footer":false,"_kad_post_classname":""},"product_brand":[],"product_cat":[54,189],"product_tag":[111,140,110],"class_list":{"0":"post-324","1":"product","2":"type-product","3":"status-publish","4":"has-post-thumbnail","6":"product_cat-hot-selling-rfid-tags","7":"product_cat-rfid-inlay","8":"product_tag-nfc-inlay","9":"product_tag-nxp-ntag213-nfc-inlay-144byte","10":"product_tag-rfid-nfc-inlay","12":"first","13":"instock","14":"shipping-taxable","15":"product-type-simple","16":"entry","17":"content-bg","18":"loop-entry"},"_links":{"self":[{"href":"https:\/\/rfid-laundry-tag.com\/pt\/wp-json\/wp\/v2\/product\/324","targetHints":{"allow":["GET"]}}],"collection":[{"href":"https:\/\/rfid-laundry-tag.com\/pt\/wp-json\/wp\/v2\/product"}],"about":[{"href":"https:\/\/rfid-laundry-tag.com\/pt\/wp-json\/wp\/v2\/types\/product"}],"version-history":[{"count":3,"href":"https:\/\/rfid-laundry-tag.com\/pt\/wp-json\/wp\/v2\/product\/324\/revisions"}],"predecessor-version":[{"id":1336,"href":"https:\/\/rfid-laundry-tag.com\/pt\/wp-json\/wp\/v2\/product\/324\/revisions\/1336"}],"wp:featuredmedia":[{"embeddable":true,"href":"https:\/\/rfid-laundry-tag.com\/pt\/wp-json\/wp\/v2\/media\/326"}],"wp:attachment":[{"href":"https:\/\/rfid-laundry-tag.com\/pt\/wp-json\/wp\/v2\/media?parent=324"}],"wp:term":[{"taxonomy":"product_brand","embeddable":true,"href":"https:\/\/rfid-laundry-tag.com\/pt\/wp-json\/wp\/v2\/product_brand?post=324"},{"taxonomy":"product_cat","embeddable":true,"href":"https:\/\/rfid-laundry-tag.com\/pt\/wp-json\/wp\/v2\/product_cat?post=324"},{"taxonomy":"product_tag","embeddable":true,"href":"https:\/\/rfid-laundry-tag.com\/pt\/wp-json\/wp\/v2\/product_tag?post=324"}],"curies":[{"name":"wp","href":"https:\/\/api.w.org\/{rel}","templated":true}]}}