{"id":321,"date":"2024-06-28T06:45:35","date_gmt":"2024-06-28T06:45:35","guid":{"rendered":"https:\/\/rfid-laundry-tag.com\/?post_type=product&#038;p=321"},"modified":"2024-06-28T06:45:35","modified_gmt":"2024-06-28T06:45:35","slug":"i-code-slix-rfid-library-book-sticker-5050mm","status":"publish","type":"product","link":"https:\/\/rfid-laundry-tag.com\/pt\/i-code-slix-rfid-library-book-sticker-5050mm\/","title":{"rendered":"Adesivo de livro de biblioteca RFID I CODE SLIX 50*50mm"},"content":{"rendered":"<table style=\"font-family: var(--global-body-font-family);\" width=\"772\">\n<tbody>\n<tr>\n<td width=\"153\"><strong>Nome do produto<\/strong><\/td>\n<td width=\"619\"><strong>\u00a0Adesivo de livro de biblioteca RFID I CODE SLIX\u00a0<\/strong><\/td>\n<\/tr>\n<tr>\n<td width=\"153\">Material<\/td>\n<td width=\"619\">PET+Al+Papel\/PVC\/PET<\/td>\n<\/tr>\n<tr>\n<td width=\"153\">Cor<\/td>\n<td width=\"619\">cmyk, impress\u00e3o em quatro cores<\/td>\n<\/tr>\n<tr>\n<td width=\"153\">Dimens\u00e3o da etiqueta<\/td>\n<td width=\"619\">45*45mm,50*50mm,etc<\/td>\n<\/tr>\n<tr>\n<td width=\"153\">Lasca<\/td>\n<td width=\"619\">\u00a0Eu C\u00d3DIGO SLIX, ICODE\u00ae SLIX-S etc.<\/td>\n<\/tr>\n<tr>\n<td width=\"153\">Protocolo<\/td>\n<td width=\"619\">Norma ISO 15693<\/td>\n<\/tr>\n<tr>\n<td width=\"153\">Frequ\u00eancia<\/td>\n<td width=\"619\">13,56 MHz<\/td>\n<\/tr>\n<tr>\n<td width=\"153\">Dist\u00e2ncia de leitura<\/td>\n<td width=\"619\">HF: 1-30 cm depende do leitor e do ambiente<\/td>\n<\/tr>\n<tr>\n<td width=\"153\">Impress\u00e3o<\/td>\n<td width=\"619\">CMYK, impress\u00e3o personalizada, em branco<\/td>\n<\/tr>\n<tr>\n<td width=\"153\">Pacote<\/td>\n<td width=\"619\">2000 pe\u00e7as\/rolo, 16000 pe\u00e7as\/ctn, personalizado<\/td>\n<\/tr>\n<tr>\n<td width=\"153\">Amostra gr\u00e1tis<\/td>\n<td width=\"619\">Sim<\/td>\n<\/tr>\n<\/tbody>\n<\/table>\n<p>&nbsp;<\/p>\n<p>O sistema, projetado principalmente para aumentar a efici\u00eancia dos procedimentos de gerenciamento de livros e arquivos, auxilia em verifica\u00e7\u00f5es de invent\u00e1rio, rastreando locais, habilitando sistemas de autoatendimento para devolu\u00e7\u00f5es de livros e prevenindo roubos, para citar algumas funcionalidades. Seu uso otimiza as opera\u00e7\u00f5es da biblioteca significativamente, tornando-a uma escolha inteligente para bibliotecas modernas.<\/p>\n<div class=\"auto-hide-last-sibling-br paragraph_9dc5f paragraph-element\">O I CODE SLIX RFID Library Book Sticker \u00e9 uma solu\u00e7\u00e3o eficaz para o gerenciamento inteligente de recursos da biblioteca. Aqui est\u00e3o seus recursos e respostas para algumas perguntas frequentes:<\/div>\n<p>&nbsp;<\/p>\n<div class=\"auto-hide-last-sibling-br paragraph_9dc5f paragraph-element\"><strong>Caracter\u00edsticas do adesivo para livro de biblioteca I CODE SLIX RFID:<\/strong><\/div>\n<ol class=\"auto-hide-last-sibling-br\">\n<li>Esta etiqueta RFID ISO15693 foi projetada especificamente para sistemas de gerenciamento de bibliotecas.<\/li>\n<li>Ele opera a 13,56 MHz na faixa de alta frequ\u00eancia (HF).<\/li>\n<li>Esses adesivos v\u00eam em tamanhos variados, principalmente 85*<em>50mm e 50*<\/em>50 mm.<\/li>\n<li>Eles possuem propriedades \u00e0 prova d&#039;\u00e1gua e tamb\u00e9m s\u00e3o autoadesivos.<\/li>\n<li>Eles podem oferecer uma dist\u00e2ncia de leitura variando de 1 a 15 cm, com mem\u00f3ria de usu\u00e1rio de 896 bits.<\/li>\n<li>Eles s\u00e3o ideais para aplica\u00e7\u00f5es restritas por espa\u00e7o limitado, mais frequentemente em sistemas de gerenciamento de documentos.<\/li>\n<\/ol>\n<p>&nbsp;<\/p>\n<div class=\"auto-hide-last-sibling-br paragraph_9dc5f paragraph-element\"><strong>Perguntas frequentes (FAQs):<\/strong><\/div>\n<ul class=\"auto-hide-last-sibling-br\">\n<li>\n<div class=\"auto-hide-last-sibling-br paragraph_9dc5f paragraph-element\"><strong>Q1:<\/strong>\u00a0Como posso fazer um pedido?<\/div>\n<ul class=\"auto-hide-last-sibling-br\">\n<li>R: Voc\u00ea pode comunicar suas necessidades ao atendimento ao cliente, finalizar as especifica\u00e7\u00f5es do produto, efetuar seu pagamento e, ent\u00e3o, providenciar a entrega do produto.<\/li>\n<\/ul>\n<\/li>\n<li>\n<div class=\"auto-hide-last-sibling-br paragraph_9dc5f paragraph-element\"><strong>Q2:<\/strong>\u00a0Qual \u00e9 o prazo previsto de produ\u00e7\u00e3o\/entrega?<\/div>\n<ul class=\"auto-hide-last-sibling-br\">\n<li>R: O prazo esperado para produ\u00e7\u00e3o e entrega \u00e9 geralmente de 20 dias. No entanto, isso pode mudar com base em configura\u00e7\u00f5es espec\u00edficas do pedido.<\/li>\n<\/ul>\n<\/li>\n<li>\n<div class=\"auto-hide-last-sibling-br paragraph_9dc5f paragraph-element\"><strong>T3:<\/strong>\u00a0Todos os itens passam por testes antes do envio?<\/div>\n<ul class=\"auto-hide-last-sibling-br\">\n<li>R: De fato, todos os itens passam por testes abrangentes antes de serem despachados, incluindo verifica\u00e7\u00f5es b\u00e1sicas de equipamentos.<\/li>\n<\/ul>\n<\/li>\n<li>\n<div class=\"auto-hide-last-sibling-br paragraph_9dc5f paragraph-element\"><strong>T4:<\/strong>\u00a0\u00c9 poss\u00edvel receber remessa de amostra?<\/div>\n<ul class=\"auto-hide-last-sibling-br\">\n<li>R: Sim, fornecemos os produtos reais como amostras aos nossos clientes.<\/li>\n<\/ul>\n<\/li>\n<\/ul>","protected":false},"excerpt":{"rendered":"<p>O Adesivo de Livro de Biblioteca RFID I CODE SLIX, com suas dimens\u00f5es de 50*50mm, desempenha um papel crucial no gerenciamento de livros e arquivos da biblioteca. Trabalhando em conjunto com uma antena e leitor RFID, ele contribui para o gerenciamento inteligente dos recursos da biblioteca.<\/p>","protected":false},"featured_media":323,"template":"","meta":{"_kad_post_transparent":"default","_kad_post_title":"","_kad_post_layout":"default","_kad_post_sidebar_id":"","_kad_post_content_style":"default","_kad_post_vertical_padding":"default","_kad_post_feature":"","_kad_post_feature_position":"","_kad_post_header":false,"_kad_post_footer":false,"_kad_post_classname":""},"product_brand":[],"product_cat":[54],"product_tag":[138,139],"class_list":{"0":"post-321","1":"product","2":"type-product","3":"status-publish","4":"has-post-thumbnail","6":"product_cat-hot-selling-rfid-tags","7":"product_tag-i-code-slix-rfid-library-book-sticker","8":"product_tag-i-code-slix-rfid-sticker","10":"first","11":"instock","12":"shipping-taxable","13":"product-type-simple","14":"entry","15":"content-bg","16":"loop-entry"},"_links":{"self":[{"href":"https:\/\/rfid-laundry-tag.com\/pt\/wp-json\/wp\/v2\/product\/321","targetHints":{"allow":["GET"]}}],"collection":[{"href":"https:\/\/rfid-laundry-tag.com\/pt\/wp-json\/wp\/v2\/product"}],"about":[{"href":"https:\/\/rfid-laundry-tag.com\/pt\/wp-json\/wp\/v2\/types\/product"}],"version-history":[{"count":0,"href":"https:\/\/rfid-laundry-tag.com\/pt\/wp-json\/wp\/v2\/product\/321\/revisions"}],"wp:featuredmedia":[{"embeddable":true,"href":"https:\/\/rfid-laundry-tag.com\/pt\/wp-json\/wp\/v2\/media\/323"}],"wp:attachment":[{"href":"https:\/\/rfid-laundry-tag.com\/pt\/wp-json\/wp\/v2\/media?parent=321"}],"wp:term":[{"taxonomy":"product_brand","embeddable":true,"href":"https:\/\/rfid-laundry-tag.com\/pt\/wp-json\/wp\/v2\/product_brand?post=321"},{"taxonomy":"product_cat","embeddable":true,"href":"https:\/\/rfid-laundry-tag.com\/pt\/wp-json\/wp\/v2\/product_cat?post=321"},{"taxonomy":"product_tag","embeddable":true,"href":"https:\/\/rfid-laundry-tag.com\/pt\/wp-json\/wp\/v2\/product_tag?post=321"}],"curies":[{"name":"wp","href":"https:\/\/api.w.org\/{rel}","templated":true}]}}