{"id":3191,"date":"2026-01-09T13:46:57","date_gmt":"2026-01-09T13:46:57","guid":{"rendered":"https:\/\/rfid-laundry-tag.com\/?post_type=product&#038;p=3191"},"modified":"2026-01-09T13:46:57","modified_gmt":"2026-01-09T13:46:57","slug":"uhf-wash-care-label-rfid-chips-in-garment","status":"publish","type":"product","link":"https:\/\/rfid-laundry-tag.com\/pt\/uhf-wash-care-label-rfid-chips-in-garment\/","title":{"rendered":"Etiquetas de cuidados de lavagem UHF com chips RFID na roupa"},"content":{"rendered":"<div class=\"J_module\">\n<div class=\"ife-detail-decorate-table\">\n<table class=\"hight-light-first-column all magic-14\">\n<tbody>\n<tr>\n<td colspan=\"1\" rowspan=\"1\">\n<div class=\"magic-15\" data-spm-anchor-id=\"a2700.details.0.i95.236a58c1ycsfva\">Nome da produ\u00e7\u00e3o:<\/div>\n<\/td>\n<td colspan=\"1\" rowspan=\"1\">\n<div class=\"magic-16\"><strong>Etiquetas de cuidados de lavagem UHF com chips RFID na roupa<\/strong><\/div>\n<\/td>\n<\/tr>\n<tr>\n<td colspan=\"1\" rowspan=\"1\">\n<div class=\"magic-15\"><span class=\"magic-17\">Material:<\/span><\/div>\n<\/td>\n<td colspan=\"1\" rowspan=\"1\">\n<div class=\"magic-16\">Poli\u00e9ster\/Composi\u00e7\u00e3o\/Cetim\/Algod\u00e3o\/N\u00e3o tecido\/PET etc.<\/div>\n<\/td>\n<\/tr>\n<tr>\n<td colspan=\"1\" rowspan=\"1\">\n<div class=\"magic-15\"><span class=\"magic-17\">Tamanho:<\/span><\/div>\n<\/td>\n<td colspan=\"1\" rowspan=\"1\">\n<div class=\"magic-16\"><span class=\"magic-17\">80*38mm\/60*30mm\/61*26mm\/60*22mm\/ etc ou personalizado<\/span><\/div>\n<\/td>\n<\/tr>\n<tr>\n<td colspan=\"1\" rowspan=\"1\">\n<div class=\"magic-15\"><span class=\"magic-17\">Tipo:<\/span><\/div>\n<\/td>\n<td colspan=\"1\" rowspan=\"1\">\n<div class=\"magic-16\"><span class=\"magic-17\">Passivo, RFID<\/span><\/div>\n<\/td>\n<\/tr>\n<tr>\n<td colspan=\"1\" rowspan=\"1\">\n<div class=\"magic-15\">Protocolo RF:<\/div>\n<\/td>\n<td colspan=\"1\" rowspan=\"1\">\n<div class=\"magic-16\">ISO 18000-6C; EPC Classe 1 Gen 2<\/div>\n<\/td>\n<\/tr>\n<tr>\n<td colspan=\"1\" rowspan=\"1\">\n<div class=\"magic-15\"><span class=\"magic-17\">Freq\u00fc\u00eancia:<\/span><\/div>\n<\/td>\n<td colspan=\"1\" rowspan=\"1\">\n<div class=\"magic-16\"><span class=\"magic-17\">860~960MHz<\/span><\/div>\n<\/td>\n<\/tr>\n<tr>\n<td colspan=\"1\" rowspan=\"1\">\n<div class=\"magic-15\">Lasca<\/div>\n<\/td>\n<td colspan=\"1\" rowspan=\"1\">\n<div class=\"magic-16\">U8, U9, Alien Higgs, Monza 4D, Monza 4QT, Monza R6, Monza R6-P, Impinj M730, Impinj M750 etc.<\/div>\n<\/td>\n<\/tr>\n<tr>\n<td colspan=\"1\" rowspan=\"1\">\n<div class=\"magic-15\"><span class=\"magic-17\">Dist\u00e2ncia de leitura:<\/span><\/div>\n<\/td>\n<td colspan=\"1\" rowspan=\"1\">\n<div class=\"magic-16\"><span class=\"magic-17\">UHF: 1~10m (depende do leitor e da antena)<\/span><\/div>\n<\/td>\n<\/tr>\n<tr>\n<td colspan=\"1\" rowspan=\"1\">\n<div class=\"magic-15\"><span class=\"magic-17\">Maneira fixa:<\/span><\/div>\n<\/td>\n<td colspan=\"1\" rowspan=\"1\">\n<div class=\"magic-16\"><span class=\"magic-17\">Costurar \/ passar a ferro<\/span><\/div>\n<\/td>\n<\/tr>\n<tr>\n<td colspan=\"1\" rowspan=\"1\">\n<div class=\"magic-15\"><span class=\"magic-17\">Impress\u00e3o:<\/span><\/div>\n<\/td>\n<td colspan=\"1\" rowspan=\"1\">\n<div class=\"magic-16\"><span class=\"magic-17\">Impress\u00e3o, codifica\u00e7\u00e3o, n\u00famero de s\u00e9rie, design, etc.<\/span><\/div>\n<\/td>\n<\/tr>\n<tr>\n<td colspan=\"1\" rowspan=\"1\">\n<div class=\"magic-15\"><span class=\"magic-17\">Vida IC:<\/span><\/div>\n<\/td>\n<td colspan=\"1\" rowspan=\"1\">\n<div class=\"magic-16\" data-spm-anchor-id=\"a2700.details.0.i94.236a58c1ycsfva\"><span class=\"magic-17\">100.000 ciclos de programa\u00e7\u00e3o<br \/>\n10 anos de reten\u00e7\u00e3o de dados<\/span><\/div>\n<\/td>\n<\/tr>\n<tr>\n<td colspan=\"1\" rowspan=\"1\">\n<div class=\"magic-15\"><span class=\"magic-17\">Disponibilidade da amostra:<\/span><\/div>\n<\/td>\n<td colspan=\"1\" rowspan=\"1\">\n<div class=\"magic-16\"><span class=\"magic-17\">Amostras gr\u00e1tis est\u00e3o dispon\u00edveis mediante solicita\u00e7\u00e3o<\/span><\/div>\n<\/td>\n<\/tr>\n<tr>\n<td colspan=\"1\" rowspan=\"1\">\n<div class=\"magic-15\"><span class=\"magic-17\">Aplica\u00e7\u00f5es:\u00a0<\/span><\/div>\n<\/td>\n<td colspan=\"1\" rowspan=\"1\">\n<div class=\"magic-16\"><span class=\"magic-17\">\u00b7 Gest\u00e3o de Estoque<br \/>\n\u00b7 Cadeia de mantimentos<br \/>\n\u00b7 Varejo<\/span><\/div>\n<\/td>\n<\/tr>\n<tr>\n<td colspan=\"1\" rowspan=\"1\">\n<div class=\"magic-15\"><span class=\"magic-17\">Usar<\/span><\/div>\n<\/td>\n<td colspan=\"1\" rowspan=\"1\">\n<div class=\"magic-16\"><span class=\"magic-17\">Vestu\u00e1rio, roupas, bolsas, sapatos, etc.<\/span><\/div>\n<\/td>\n<\/tr>\n<\/tbody>\n<\/table>\n<\/div>\n<\/div>\n<div class=\"J_module\">\n<div class=\"detail-decorate-json-renderer-container\">\n<div class=\"magic-1\">\n<div class=\"magic-5\">\n<div class=\"magic-6\">\n<div><\/div>\n<\/div>\n<div>\n<div class=\"auto-hide-last-sibling-br paragraph_1252f paragraph-element\">\n<div class=\"auto-hide-last-sibling-br paragraph_1252f paragraph-element\">\n<div class=\"auto-hide-last-sibling-br paragraph_1252f paragraph-element\">\n<p>&nbsp;<\/p>\n<div class=\"auto-hide-last-sibling-br paragraph_1252f paragraph-element\">\n<p><a href=\"https:\/\/rfid-laundry-tag.com\/pt\/\"><strong>Etiquetas de cuidados de lavagem UHF com chips RFID<\/strong>\u00a0<\/a>Oferecem uma alternativa mais confort\u00e1vel e suave para a pele em compara\u00e7\u00e3o com as etiquetas de roupa tradicionais. Concebidas para f\u00e1cil integra\u00e7\u00e3o nas pe\u00e7as de vestu\u00e1rio, estas etiquetas simplificam a gest\u00e3o do vestu\u00e1rio.<\/p>\n<\/div>\n<\/div>\n<\/div>\n<div><\/div>\n<div class=\"auto-hide-last-sibling-br paragraph_1252f paragraph-element\">\n<div class=\"auto-hide-last-sibling-br paragraph_1252f paragraph-element\">\n<h2 class=\"AnswerParser_AnswerParserH2__SIHnF\">Melhore a visibilidade da sua cadeia de suprimentos<\/h2>\n<p><span class=\"AnswerParser_TextContainer__z_Iiv\" data-testid=\"youchat-text\">Ao incorporar nossos chips RFID UHF para etiquetas de cuidados com a lavagem em suas roupas, voc\u00ea obt\u00e9m uma visibilidade sem precedentes em sua cadeia de suprimentos. Rastreie suas roupas desde a fabrica\u00e7\u00e3o at\u00e9 a venda, e at\u00e9 mesmo durante m\u00faltiplos ciclos de lavagem em lavanderias industriais.<\/span><span class=\"AnswerParser_TextContainer__z_Iiv\" data-testid=\"youchat-text\">Essa visibilidade aprimorada permite que voc\u00ea:<\/span><\/p>\n<ul class=\"AnswerParser_AnswerParserUnorderedList__P_1FW\">\n<li class=\"AnswerParser_ListItem__XqLOV\" translate=\"yes\">Reduzir encolhimento e perda<\/li>\n<li class=\"AnswerParser_ListItem__XqLOV\" translate=\"yes\">Melhore a efici\u00eancia da substitui\u00e7\u00e3o de produtos<\/li>\n<li class=\"AnswerParser_ListItem__XqLOV\" translate=\"yes\">Otimizar os n\u00edveis de estoque<\/li>\n<li class=\"AnswerParser_ListItem__XqLOV\" translate=\"yes\">Aumente a satisfa\u00e7\u00e3o do cliente por meio de melhor disponibilidade do produto<\/li>\n<\/ul>\n<h2 class=\"AnswerParser_AnswerParserH2__SIHnF\">F\u00e1cil instala\u00e7\u00e3o e uso<\/h2>\n<p><span class=\"AnswerParser_TextContainer__z_Iiv\" data-testid=\"youchat-text\">Nossas etiquetas de cuidados com a lavagem RFID s\u00e3o projetadas para integra\u00e7\u00e3o perfeita em suas roupas:<\/span><\/p>\n<ol class=\"AnswerParser_AnswerParserOrderedList__kl_2Y\">\n<li class=\"AnswerParser_ListItem__XqLOV\" translate=\"yes\"><strong>Op\u00e7\u00e3o de costura<\/strong>: M\u00e9todo de fixa\u00e7\u00e3o tradicional para maior durabilidade.<\/li>\n<li class=\"AnswerParser_ListItem__XqLOV\" translate=\"yes\"><strong>Aplica\u00e7\u00e3o de ferro<\/strong>: Instala\u00e7\u00e3o r\u00e1pida e f\u00e1cil usando tecnologia de transfer\u00eancia de calor.<\/li>\n<\/ol>\n<p><span class=\"AnswerParser_TextContainer__z_Iiv\" data-testid=\"youchat-text\">Ambos os m\u00e9todos garantem que a etiqueta permane\u00e7a firmemente fixada durante todo o ciclo de vida da pe\u00e7a de roupa.<\/span><\/p>\n<h3 class=\"auto-hide-last-sibling-br paragraph_1252f paragraph-element\"><strong>Aqui est\u00e3o alguns exemplos de como marcas de vestu\u00e1rio de primeira linha implementaram com sucesso etiquetas RFID UHF:<\/strong><\/h3>\n<ol class=\"auto-hide-last-sibling-br\">\n<li>\n<div class=\"auto-hide-last-sibling-br paragraph_1252f paragraph-element\"><strong>Prada<\/strong>: Esta famosa marca de luxo italiana adotou etiquetas RFID em 2001, permitindo o registro detalhado de informa\u00e7\u00f5es como estilo, tamanho, cor e pre\u00e7o. Curiosamente, quando consumidores vestindo roupas Prada passam por suas lojas, roupas correspondentes s\u00e3o exibidas nos modelos na loja, imitando uma passarela de alta costura em Mil\u00e3o. Este uso inovador da tecnologia RFID aumenta a satisfa\u00e7\u00e3o p\u00f3s-compra dos consumidores Prada.<\/div>\n<\/li>\n<li>\n<div class=\"auto-hide-last-sibling-br paragraph_1252f paragraph-element\"><strong>H&amp;M<\/strong>: Esta marca internacional come\u00e7ou a usar a tecnologia RFID em 2014. Nas 1.800 lojas planejadas, a tecnologia RFID permite o rastreamento autom\u00e1tico de categorias de produtos, quantidades e consumo.<\/div>\n<\/li>\n<li>\n<div class=\"auto-hide-last-sibling-br paragraph_1252f paragraph-element\"><strong>ZARA<\/strong>No primeiro semestre de 2016, a Inditex, empresa controladora da ZARA, afirmou que a aplica\u00e7\u00e3o da tecnologia RFID melhorou a gest\u00e3o de estoque e suprimentos para cerca de 70% de suas marcas. Essa implementa\u00e7\u00e3o resultou em um aumento de 11,1% nas vendas e um aumento de 7,5% no lucro, totalizando 1,26 bilh\u00e3o de euros.<\/div>\n<\/li>\n<li>\n<div class=\"auto-hide-last-sibling-br paragraph_1252f paragraph-element\"><strong>Uniqlo<\/strong>: Em 2017, a Uniqlo anunciou seu plano de implantar etiquetas RFID UHF em 3.000 lojas no mundo todo, tornando-se o primeiro varejista japon\u00eas a usar etiquetas eletr\u00f4nicas no mundo todo.<\/div>\n<\/li>\n<\/ol>\n<div class=\"auto-hide-last-sibling-br paragraph_1252f paragraph-element\">Essas s\u00e3o apenas algumas informa\u00e7\u00f5es sobre como as principais marcas de vestu\u00e1rio est\u00e3o aproveitando as etiquetas RFID. Em 2019, praticamente todas as marcas de renome mundial j\u00e1 haviam aplicado etiquetas RFID em suas roupas, resultando em mais de 20 bilh\u00f5es de pe\u00e7as etiquetadas \u2013 um n\u00famero que continua a crescer consideravelmente. Outras marcas not\u00e1veis que adotaram essa tecnologia incluem a NIKE e o Walmart.<\/div>\n<\/div>\n<\/div>\n<\/div>\n<h2 class=\"AnswerParser_AnswerParserH2__SIHnF\">Entre em contato conosco para uma solu\u00e7\u00e3o personalizada<\/h2>\n<p><span class=\"AnswerParser_TextContainer__z_Iiv\" data-testid=\"youchat-text\">Pronto para revolucionar a gest\u00e3o de suas roupas com nossas etiquetas de cuidados de lavagem UHF RFID? Estamos aqui para ajud\u00e1-lo a encontrar a solu\u00e7\u00e3o perfeita para suas necessidades.<\/span><\/p>\n<ul class=\"AnswerParser_AnswerParserUnorderedList__P_1FW\">\n<li class=\"AnswerParser_ListItem__XqLOV\" translate=\"yes\"><strong>Amostras gr\u00e1tis<\/strong>: Solicite amostras gr\u00e1tis para testar em seu ambiente.<\/li>\n<li class=\"AnswerParser_ListItem__XqLOV\" translate=\"yes\"><strong>Personaliza\u00e7\u00e3o<\/strong>: Informe-nos sobre suas necessidades espec\u00edficas para uma solu\u00e7\u00e3o personalizada.<\/li>\n<li class=\"AnswerParser_ListItem__XqLOV\" translate=\"yes\"><strong>Consulta de especialista<\/strong>: Nossa equipe de especialistas em RFID est\u00e1 pronta para responder \u00e0s suas perguntas.<\/li>\n<\/ul>\n<p>Em resumo, as etiquetas de cuidados de lavagem em cetim UHF combinam conforto, praticidade e tecnologia avan\u00e7ada, tornando-as uma excelente op\u00e7\u00e3o tanto para fabricantes quanto para consumidores que buscam uma solu\u00e7\u00e3o de etiquetagem superior.<\/p>\n<p>&nbsp;<\/p>\n<\/div>\n<\/div>\n<\/div>\n<\/div>\n<\/div>","protected":false},"excerpt":{"rendered":"<p><strong>Etiquetas de cuidados de lavagem UHF com chips RFID na roupa<\/strong>\u00a0Oferecemos uma alternativa mais confort\u00e1vel e suave para a pele em compara\u00e7\u00e3o com as marcas de roupa tradicionais, com mais de 15 anos de experi\u00eancia!<\/p>","protected":false},"featured_media":3192,"template":"","meta":{"_kad_post_transparent":"default","_kad_post_title":"","_kad_post_layout":"default","_kad_post_sidebar_id":"","_kad_post_content_style":"default","_kad_post_vertical_padding":"default","_kad_post_feature":"","_kad_post_feature_position":"","_kad_post_header":false,"_kad_post_footer":false,"_kad_post_classname":""},"product_brand":[],"product_cat":[81],"product_tag":[389,390,388,391],"class_list":{"0":"post-3191","1":"product","2":"type-product","3":"status-publish","4":"has-post-thumbnail","6":"product_cat-rfid-wash-care-clothing-label","7":"product_tag-rfid-chips-in-garment","8":"product_tag-uhf-wash-care-labe","9":"product_tag-uhf-wash-care-label-rfid-chips-in-garment","10":"product_tag-wash-care-label-rfid","12":"first","13":"instock","14":"shipping-taxable","15":"product-type-simple","16":"entry","17":"content-bg","18":"loop-entry"},"_links":{"self":[{"href":"https:\/\/rfid-laundry-tag.com\/pt\/wp-json\/wp\/v2\/product\/3191","targetHints":{"allow":["GET"]}}],"collection":[{"href":"https:\/\/rfid-laundry-tag.com\/pt\/wp-json\/wp\/v2\/product"}],"about":[{"href":"https:\/\/rfid-laundry-tag.com\/pt\/wp-json\/wp\/v2\/types\/product"}],"version-history":[{"count":1,"href":"https:\/\/rfid-laundry-tag.com\/pt\/wp-json\/wp\/v2\/product\/3191\/revisions"}],"predecessor-version":[{"id":3194,"href":"https:\/\/rfid-laundry-tag.com\/pt\/wp-json\/wp\/v2\/product\/3191\/revisions\/3194"}],"wp:featuredmedia":[{"embeddable":true,"href":"https:\/\/rfid-laundry-tag.com\/pt\/wp-json\/wp\/v2\/media\/3192"}],"wp:attachment":[{"href":"https:\/\/rfid-laundry-tag.com\/pt\/wp-json\/wp\/v2\/media?parent=3191"}],"wp:term":[{"taxonomy":"product_brand","embeddable":true,"href":"https:\/\/rfid-laundry-tag.com\/pt\/wp-json\/wp\/v2\/product_brand?post=3191"},{"taxonomy":"product_cat","embeddable":true,"href":"https:\/\/rfid-laundry-tag.com\/pt\/wp-json\/wp\/v2\/product_cat?post=3191"},{"taxonomy":"product_tag","embeddable":true,"href":"https:\/\/rfid-laundry-tag.com\/pt\/wp-json\/wp\/v2\/product_tag?post=3191"}],"curies":[{"name":"wp","href":"https:\/\/api.w.org\/{rel}","templated":true}]}}