{"id":319,"date":"2024-06-28T06:17:02","date_gmt":"2024-06-28T06:17:02","guid":{"rendered":"https:\/\/rfid-laundry-tag.com\/?post_type=product&#038;p=319"},"modified":"2024-09-23T10:21:27","modified_gmt":"2024-09-23T10:21:27","slug":"iso15693-i-code-slix-rfid-inlay","status":"publish","type":"product","link":"https:\/\/rfid-laundry-tag.com\/pt\/iso15693-i-code-slix-rfid-inlay\/","title":{"rendered":"ISO15693 ICODE SLIX RFID embutido"},"content":{"rendered":"<table class=\"hight-light-first-column all magic-1\">\n<tbody>\n<tr>\n<td colspan=\"1\" rowspan=\"1\">\n<div class=\"magic-2\">\n<div class=\"magic-3\" data-spm-anchor-id=\"a2700.pc-decorate.0.i24.7f543333WPG8F0\"><span class=\"magic-4\" data-spm-anchor-id=\"a2700.pc-decorate.0.i23.7f543333WPG8F0\"><span class=\"magic-5\" style=\"color: #000000; font-family: Roboto;\"><b class=\"magic-4\" data-spm-anchor-id=\"a2700.pc-decorate.0.i114.7f543333WPG8F0\">Item<\/b><\/span><\/span><\/div>\n<\/div>\n<\/td>\n<td colspan=\"4\" rowspan=\"1\">\n<div class=\"magic-6\"><strong>ISO15693 ICODE SLIX RFID embutido<\/strong><\/div>\n<\/td>\n<\/tr>\n<tr>\n<td colspan=\"1\" rowspan=\"1\">\n<div class=\"magic-2\">\n<div class=\"magic-3\" data-spm-anchor-id=\"a2700.pc-decorate.0.i22.7f543333WPG8F0\"><span class=\"magic-4\" data-spm-anchor-id=\"a2700.pc-decorate.0.i10.7f543333WPG8F0\"><b class=\"magic-4\"><span class=\"magic-5\" style=\"color: #000000; font-family: Roboto;\">Material<\/span><\/b><\/span><\/div>\n<\/div>\n<\/td>\n<td colspan=\"4\" rowspan=\"1\">\n<div class=\"magic-9\"><span class=\"magic-5\" style=\"color: #000000;\">Papel \/ Filme PP \/ PET \/ Inlay<\/span><\/div>\n<\/td>\n<\/tr>\n<tr>\n<td colspan=\"1\" rowspan=\"1\">\n<div class=\"magic-2\">\n<div class=\"magic-3\" data-spm-anchor-id=\"a2700.pc-decorate.0.i34.7f543333WPG8F0\"><b class=\"magic-13\" data-spm-anchor-id=\"a2700.pc-decorate.0.i111.7f543333WPG8F0\"><span class=\"magic-5\" style=\"color: #000000; font-family: Roboto;\">Frequ\u00eancia<\/span><\/b><\/div>\n<\/div>\n<\/td>\n<td colspan=\"4\" rowspan=\"1\">\n<div class=\"magic-6\"><span class=\"magic-5\" style=\"color: #000000; font-family: Roboto;\" data-spm-anchor-id=\"a2700.details.0.i25.244e512bmtbZH7\">13,56 MHz<\/span><\/div>\n<\/td>\n<\/tr>\n<tr>\n<td colspan=\"1\" rowspan=\"1\">\n<div class=\"magic-2\">\n<div class=\"magic-3\" data-spm-anchor-id=\"a2700.pc-decorate.0.i33.7f543333WPG8F0\"><b class=\"magic-4\"><span class=\"magic-5\" style=\"color: #000000; font-family: Roboto;\">Tamanho<\/span><\/b><\/div>\n<\/div>\n<\/td>\n<td colspan=\"4\" rowspan=\"1\">\n<div class=\"magic-9\"><span class=\"magic-5\" style=\"color: #000000;\">50*50\/45*45\/30*15\/40*25\/ Dia 25\/30 ou tamanho personalizado<\/span><\/div>\n<\/td>\n<\/tr>\n<tr>\n<td colspan=\"1\" rowspan=\"1\">\n<div class=\"magic-2\">\n<div class=\"magic-3\"><b class=\"magic-14\">Formul\u00e1rios<\/b><\/div>\n<\/div>\n<\/td>\n<td colspan=\"4\" rowspan=\"1\">\n<div class=\"magic-6\" data-spm-anchor-id=\"a2700.details.0.i24.244e512bmtbZH7\"><span class=\"magic-5\" style=\"color: #000000; font-family: Roboto;\">Amplamente utilizado em gest\u00e3o de ativos, gest\u00e3o de vestu\u00e1rio, invent\u00e1rio, biblioteca, joalheria, log\u00edstica etc.<\/span><\/div>\n<\/td>\n<\/tr>\n<\/tbody>\n<\/table>\n<p>&nbsp;<\/p>\n<p>O ICODE SLIX IC \u00e9 um chip dedicado para aplica\u00e7\u00f5es de etiquetas inteligentes, como bibliotecas, autentica\u00e7\u00e3o de produtos em diferentes ind\u00fastrias, como farmac\u00eautica, dispositivos m\u00e9dicos e \u00e1lcool, bem como gerenciamento de produ\u00e7\u00e3o em diferentes \u00e1reas da ind\u00fastria. Este IC \u00e9 a terceira gera\u00e7\u00e3o de uma fam\u00edlia de produtos de ICs de etiquetas inteligentes com base nos padr\u00f5es ISO\/IEC 15693 e ISO\/IEC 18000-3, prolongando uma hist\u00f3ria de sucesso da NXP<sup>\u00ae<\/sup>\u00a0na \u00e1rea de sistemas de identifica\u00e7\u00e3o de proximidade.<\/p>\n<h3>Transfer\u00eancia de energia e dados sem contato<\/h3>\n<p>Sempre que conectado a um tipo de antena muito simples e f\u00e1cil de produzir (como resultado da frequ\u00eancia portadora de 13,56 MHz) feita de alguns enrolamentos impressos, enrolados, gravados ou bobinas perfuradas, o ICODE SLIX IC pode ser operado sem linha de vis\u00e3o at\u00e9 uma dist\u00e2ncia de 1,5 m (largura do gate). Nenhuma bateria \u00e9 necess\u00e1ria. Quando a etiqueta inteligente \u00e9 posicionada no campo de uma antena interrogadora, a interface de comunica\u00e7\u00e3o RF de alta velocidade permite que os dados sejam transmitidos at\u00e9 53 kbit\/s.<\/p>\n<h3>Anticolis\u00e3o<\/h3>\n<p>Uma fun\u00e7\u00e3o anticolis\u00e3o inteligente permite que v\u00e1rias tags operem no campo simultaneamente. O algoritmo anticolis\u00e3o seleciona cada tag individualmente e garante que a execu\u00e7\u00e3o de uma transa\u00e7\u00e3o com uma tag selecionada seja realizada corretamente sem corrup\u00e7\u00e3o de dados resultante de outras tags no campo.<\/p>\n<h3>Caracter\u00edsticas do chip de embutimento RFID ISO15693 ICODE SLIX<\/h3>\n<div id=\"featuresXsp\" class=\"features-list\">\n<div class=\"features-xsp\">\n<div class=\"collapse-mobile ste-list\">\n<h3>Interface RF ICODE SLIX (ISO\/IEC 15693)<\/h3>\n<ul class=\"boxes\">\n<li>Transmiss\u00e3o de dados sem contato e fornecimento de energia (n\u00e3o necessita de bateria)<\/li>\n<li>Dist\u00e2ncia operacional: at\u00e9 1,5 m (dependendo da geometria da antena)<\/li>\n<li>Frequ\u00eancia de opera\u00e7\u00e3o: 13,56 MHz (ISM, licen\u00e7a mundial dispon\u00edvel gratuitamente)<\/li>\n<li>Transfer\u00eancia r\u00e1pida de dados: at\u00e9 53 kbit\/s<\/li>\n<li>Alta integridade de dados: CRC de 16 bits, enquadramento<\/li>\n<li>Verdadeiro anticolis\u00e3o<\/li>\n<li>Vigil\u00e2ncia eletr\u00f4nica de artigos (EAS) protegida por senha<\/li>\n<li>Identificador de fam\u00edlia de aplicativos (AFI) protegido por senha<\/li>\n<li>Identificador de formato de armazenamento de dados (DSFID)<\/li>\n<li>Leitura anticolis\u00e3o r\u00e1pida adicional<\/li>\n<li>Dist\u00e2ncia de escrita igual \u00e0 dist\u00e2ncia de leitura<\/li>\n<\/ul>\n<\/div>\n<div class=\"collapse-mobile ste-list\">\n<h3>EEPROM<\/h3>\n<ul class=\"boxes\">\n<li>1024 bits, organizados em 32 blocos de 4 bytes cada<\/li>\n<li>50 anos de reten\u00e7\u00e3o de dados<\/li>\n<li>Escreva a resist\u00eancia de 100000 ciclos<\/li>\n<\/ul>\n<\/div>\n<div class=\"collapse-mobile ste-list\">\n<h3>Seguran\u00e7a<\/h3>\n<ul class=\"boxes\">\n<li>Identificador \u00fanico para cada dispositivo<\/li>\n<li>Mecanismo de bloqueio para cada bloco de mem\u00f3ria do usu\u00e1rio (prote\u00e7\u00e3o contra grava\u00e7\u00e3o)<\/li>\n<li>Mecanismo de bloqueio para DSFID, AFI, EAS<\/li>\n<li>Funcionalidade EAS e AFI protegida por senha (32 bits)<\/li>\n<\/ul>\n<\/div>\n<\/div>\n<\/div>\n<div class=\"auto-hide-last-sibling-br paragraph_9dc5f paragraph-element\"><strong>Embutimento RFID ISO15693 ICODE SLIX:<\/strong>\u00a0Um inlay RFID consiste em uma antena e um microchip, onde o chip armazena dados e a antena \u00e9 respons\u00e1vel por transmitir esses dados ao leitor RFID.<\/div>\n<p>&nbsp;<\/p>\n<div class=\"auto-hide-last-sibling-br paragraph_9dc5f paragraph-element\"><strong>Incrusta\u00e7\u00f5es \u00famidas:<\/strong>\u00a0S\u00e3o incrusta\u00e7\u00f5es RFID que s\u00e3o colocadas sobre uma camada adesiva e uma camada transparente de PET (Polietileno Tereftalato). A camada de PET \u00e9 usada para prote\u00e7\u00e3o contra danos f\u00edsicos. Com o lado adesivo voltado para longe da etiqueta ou material, elas podem ser usadas confortavelmente para construir etiquetas RFID, da\u00ed sua ampla aplica\u00e7\u00e3o na cria\u00e7\u00e3o de etiquetas para v\u00e1rios setores.<\/div>\n<div><\/div>\n<div>\n<div class=\"auto-hide-last-sibling-br paragraph_9dc5f paragraph-element\">\u00a0A etiqueta NFC ISO15693 ICODE SLIX, feita de v\u00e1rios materiais como papel, filme PP, PET ou incrusta\u00e7\u00e3o, e em diferentes tamanhos, \u00e9 amplamente utilizada. Voc\u00ea frequentemente as encontrar\u00e1 em ind\u00fastrias como:<\/div>\n<p>&nbsp;<\/p>\n<ul class=\"auto-hide-last-sibling-br\">\n<li><strong>Gest\u00e3o de ativos:<\/strong>\u00a0As etiquetas s\u00e3o usadas para rastrear ativos f\u00edsicos em diversos ambientes, como equipamentos de monitoramento em assist\u00eancia m\u00e9dica ou TI.<\/li>\n<li><strong>Gest\u00e3o de Vestu\u00e1rio:<\/strong>\u00a0No varejo de moda, essas etiquetas facilitam o rastreamento de estoque, medidas antirroubo e melhoram a experi\u00eancia do cliente na loja.<\/li>\n<li><strong>Gest\u00e3o de estoque:<\/strong>\u00a0Em armaz\u00e9ns e varejo, as etiquetas RFID s\u00e3o usadas para gerenciar estoques com efici\u00eancia, reduzir trabalho manual e minimizar erros.<\/li>\n<li><strong>Gest\u00e3o da Biblioteca:<\/strong>\u00a0Eles s\u00e3o usados para automatizar processos de empr\u00e9stimo e devolu\u00e7\u00e3o, melhorar o gerenciamento de estoque e oferecer seguran\u00e7a contra roubo.<\/li>\n<li><strong>Gest\u00e3o de joias:<\/strong>\u00a0Leves e precisas, essas etiquetas oferecem controle de estoque seguro e eficaz no setor de joias.<\/li>\n<li><strong>Log\u00edstica:<\/strong> As etiquetas RFID s\u00e3o utilizadas no rastreamento de mercadorias em tr\u00e2nsito, melhorando a precis\u00e3o do envio e aumentando a visibilidade na cadeia de suprimentos.<\/li>\n<\/ul>\n<div class=\"auto-hide-last-sibling-br paragraph_9dc5f paragraph-element\">O tamanho e o formato da etiqueta podem ser personalizados de acordo com a aplica\u00e7\u00e3o espec\u00edfica, aumentando sua flexibilidade e adaptabilidade em v\u00e1rios casos de uso.<\/div>\n<\/div>\n<div><\/div>\n<div>\n<h2 class=\"AnswerParser_AnswerParserH2__SIHnF\">Comece hoje mesmo com o NXP ICODE SLIX RFID<\/h2>\n<p><span class=\"AnswerParser_TextContainer__z_Iiv\" data-testid=\"youchat-text\">Pronto para revolucionar seus processos de gerenciamento de ativos e autentica\u00e7\u00e3o? D\u00ea o primeiro passo em dire\u00e7\u00e3o a um futuro mais eficiente:<\/span><\/p>\n<ol class=\"AnswerParser_AnswerParserOrderedList__kl_2Y\">\n<li class=\"AnswerParser_ListItem__XqLOV\" translate=\"yes\"><strong>Solicite uma amostra gr\u00e1tis<\/strong>: Experimente a qualidade e o desempenho em primeira m\u00e3o<\/li>\n<li class=\"AnswerParser_ListItem__XqLOV\" translate=\"yes\"><strong>Consulte nossos especialistas<\/strong>: Obtenha aconselhamento personalizado sobre a implementa\u00e7\u00e3o de RFID no seu neg\u00f3cio<\/li>\n<li class=\"AnswerParser_ListItem__XqLOV\" translate=\"yes\"><strong>Cota\u00e7\u00e3o personalizada<\/strong>: Receba um plano de pre\u00e7os personalizado com base em suas necessidades espec\u00edficas e requisitos de volume<\/li>\n<\/ol>\n<p><span class=\"AnswerParser_TextContainer__z_Iiv\" data-testid=\"youchat-text\">N\u00e3o deixe que m\u00e9todos de rastreamento desatualizados atrapalhem seu neg\u00f3cio. Abrace o poder da tecnologia NXP ICODE SLIX RFID e fique \u00e0 frente da concorr\u00eancia. Preencha nosso formul\u00e1rio de consulta hoje mesmo para come\u00e7ar sua jornada em dire\u00e7\u00e3o a opera\u00e7\u00f5es mais inteligentes e eficientes.<\/span><\/div>","protected":false},"excerpt":{"rendered":"<p>Revolucione o gerenciamento de ativos com o inlay RFID NXP ICODE SLIX de 13,56 MHz, melhorando a efici\u00eancia do invent\u00e1rio e a autentica\u00e7\u00e3o de produtos em todos os setores.<\/p>","protected":false},"featured_media":320,"template":"","meta":{"_kad_post_transparent":"default","_kad_post_title":"","_kad_post_layout":"default","_kad_post_sidebar_id":"","_kad_post_content_style":"default","_kad_post_vertical_padding":"default","_kad_post_feature":"","_kad_post_feature_position":"","_kad_post_header":false,"_kad_post_footer":false,"_kad_post_classname":""},"product_brand":[],"product_cat":[54,189],"product_tag":[306,111,108],"class_list":{"0":"post-319","1":"product","2":"type-product","3":"status-publish","4":"has-post-thumbnail","6":"product_cat-hot-selling-rfid-tags","7":"product_cat-rfid-inlay","8":"product_tag-icode-slix-rfid-inlay","9":"product_tag-nfc-inlay","10":"product_tag-rfid-inlay","12":"first","13":"instock","14":"shipping-taxable","15":"product-type-simple","16":"entry","17":"content-bg","18":"loop-entry"},"_links":{"self":[{"href":"https:\/\/rfid-laundry-tag.com\/pt\/wp-json\/wp\/v2\/product\/319","targetHints":{"allow":["GET"]}}],"collection":[{"href":"https:\/\/rfid-laundry-tag.com\/pt\/wp-json\/wp\/v2\/product"}],"about":[{"href":"https:\/\/rfid-laundry-tag.com\/pt\/wp-json\/wp\/v2\/types\/product"}],"version-history":[{"count":3,"href":"https:\/\/rfid-laundry-tag.com\/pt\/wp-json\/wp\/v2\/product\/319\/revisions"}],"predecessor-version":[{"id":2656,"href":"https:\/\/rfid-laundry-tag.com\/pt\/wp-json\/wp\/v2\/product\/319\/revisions\/2656"}],"wp:featuredmedia":[{"embeddable":true,"href":"https:\/\/rfid-laundry-tag.com\/pt\/wp-json\/wp\/v2\/media\/320"}],"wp:attachment":[{"href":"https:\/\/rfid-laundry-tag.com\/pt\/wp-json\/wp\/v2\/media?parent=319"}],"wp:term":[{"taxonomy":"product_brand","embeddable":true,"href":"https:\/\/rfid-laundry-tag.com\/pt\/wp-json\/wp\/v2\/product_brand?post=319"},{"taxonomy":"product_cat","embeddable":true,"href":"https:\/\/rfid-laundry-tag.com\/pt\/wp-json\/wp\/v2\/product_cat?post=319"},{"taxonomy":"product_tag","embeddable":true,"href":"https:\/\/rfid-laundry-tag.com\/pt\/wp-json\/wp\/v2\/product_tag?post=319"}],"curies":[{"name":"wp","href":"https:\/\/api.w.org\/{rel}","templated":true}]}}