{"id":3186,"date":"2026-01-09T13:37:43","date_gmt":"2026-01-09T13:37:43","guid":{"rendered":"https:\/\/rfid-laundry-tag.com\/?post_type=product&#038;p=3186"},"modified":"2026-01-09T13:37:44","modified_gmt":"2026-01-09T13:37:44","slug":"fabric-woven-rfid-wash-care-tag","status":"publish","type":"product","link":"https:\/\/rfid-laundry-tag.com\/pt\/fabric-woven-rfid-wash-care-tag\/","title":{"rendered":"Etiqueta de instru\u00e7\u00f5es de lavagem RFID em tecido"},"content":{"rendered":"<div>\n<div>\n<table>\n<tbody>\n<tr>\n<td colspan=\"1\" rowspan=\"1\">\n<div data-spm-anchor-id=\"a2700.details.0.i95.236a58c1ycsfva\">Nome da produ\u00e7\u00e3o:<\/div>\n<\/td>\n<td colspan=\"1\" rowspan=\"1\">\n<div><strong>Etiqueta de instru\u00e7\u00f5es de lavagem RFID em tecido<\/strong><\/div>\n<\/td>\n<\/tr>\n<tr>\n<td colspan=\"1\" rowspan=\"1\">\n<div>Material:<\/div>\n<\/td>\n<td colspan=\"1\" rowspan=\"1\">\n<div>Poli\u00e9ster\/Tecido plano\/Composi\u00e7\u00e3o\/Cetim\/Algod\u00e3o\/N\u00e3o tecido\/PET etc.<\/div>\n<\/td>\n<\/tr>\n<tr>\n<td colspan=\"1\" rowspan=\"1\">\n<div>Tamanho:<\/div>\n<\/td>\n<td colspan=\"1\" rowspan=\"1\">\n<div>80*38mm\/60*30mm\/61*26mm\/60*22mm\/ etc ou personalizado<\/div>\n<\/td>\n<\/tr>\n<tr>\n<td colspan=\"1\" rowspan=\"1\">\n<div>Tipo:<\/div>\n<\/td>\n<td colspan=\"1\" rowspan=\"1\">\n<div>Passivo, RFID<\/div>\n<\/td>\n<\/tr>\n<tr>\n<td colspan=\"1\" rowspan=\"1\">\n<div>Protocolo RF:<\/div>\n<\/td>\n<td colspan=\"1\" rowspan=\"1\">\n<div>ISO 18000-6C; EPC Classe 1 Gen 2<\/div>\n<\/td>\n<\/tr>\n<tr>\n<td colspan=\"1\" rowspan=\"1\">\n<div>Freq\u00fc\u00eancia:<\/div>\n<\/td>\n<td colspan=\"1\" rowspan=\"1\">\n<div>860~960MHz<\/div>\n<\/td>\n<\/tr>\n<tr>\n<td colspan=\"1\" rowspan=\"1\">\n<div>Lasca<\/div>\n<\/td>\n<td colspan=\"1\" rowspan=\"1\">\n<div>U8, U9, Alien Higgs, Monza 4D, Monza 4QT, Monza R6, Monza R6-P, Impinj M730, Impinj M750 etc.<\/div>\n<\/td>\n<\/tr>\n<tr>\n<td colspan=\"1\" rowspan=\"1\">\n<div>Dist\u00e2ncia de leitura:<\/div>\n<\/td>\n<td colspan=\"1\" rowspan=\"1\">\n<div>UHF: 1~10m (depende do leitor e da antena)<\/div>\n<\/td>\n<\/tr>\n<tr>\n<td colspan=\"1\" rowspan=\"1\">\n<div>Maneira fixa:<\/div>\n<\/td>\n<td colspan=\"1\" rowspan=\"1\">\n<div>Costurar \/ passar a ferro<\/div>\n<\/td>\n<\/tr>\n<tr>\n<td colspan=\"1\" rowspan=\"1\">\n<div>Impress\u00e3o:<\/div>\n<\/td>\n<td colspan=\"1\" rowspan=\"1\">\n<div>Impress\u00e3o, codifica\u00e7\u00e3o, n\u00famero de s\u00e9rie, design, etc.<\/div>\n<\/td>\n<\/tr>\n<tr>\n<td colspan=\"1\" rowspan=\"1\">\n<div>Vida IC:<\/div>\n<\/td>\n<td colspan=\"1\" rowspan=\"1\">\n<div data-spm-anchor-id=\"a2700.details.0.i94.236a58c1ycsfva\">100.000 ciclos de programa\u00e7\u00e3o<br \/>\n10 anos de reten\u00e7\u00e3o de dados<\/div>\n<\/td>\n<\/tr>\n<tr>\n<td colspan=\"1\" rowspan=\"1\">\n<div>Disponibilidade da amostra:<\/div>\n<\/td>\n<td colspan=\"1\" rowspan=\"1\">\n<div>Amostras gr\u00e1tis est\u00e3o dispon\u00edveis mediante solicita\u00e7\u00e3o<\/div>\n<\/td>\n<\/tr>\n<tr>\n<td colspan=\"1\" rowspan=\"1\">\n<div>Aplica\u00e7\u00f5es:<\/div>\n<\/td>\n<td colspan=\"1\" rowspan=\"1\">\n<div>\u00b7 Gest\u00e3o de Estoque<br \/>\n\u00b7 Cadeia de mantimentos<br \/>\n\u00b7 Varejo<\/div>\n<\/td>\n<\/tr>\n<tr>\n<td colspan=\"1\" rowspan=\"1\">\n<div>Usar<\/div>\n<\/td>\n<td colspan=\"1\" rowspan=\"1\">\n<div>Vestu\u00e1rio, roupas, bolsas, sapatos, etc.<\/div>\n<\/td>\n<\/tr>\n<\/tbody>\n<\/table>\n<\/div>\n<\/div>\n<div>\n<div>\n<div>\n<div>\n<div>\n<div><\/div>\n<\/div>\n<div>\n<div>\n<h2>O tecido de nylon \u00e9 macio e resistente ao desgaste.<\/h2>\n<div><a href=\"https:\/\/rfid-laundry-tag.com\/pt\/\">Etiqueta de instru\u00e7\u00f5es de lavagem RFID em tecido<\/a>\u00a0O tecido de nylon possui boa resist\u00eancia, textura macia e excelentes efeitos de impress\u00e3o, podendo ser lavado sem se desgastar facilmente.<\/div>\n<div>Atualmente, \u00e9 amplamente utilizado em vestu\u00e1rio, cal\u00e7ados, bolsas, t\u00eaxteis para o lar e gest\u00e3o de enxovais de hot\u00e9is.<\/div>\n<\/div>\n<\/div>\n<\/div>\n<div><\/div>\n<div>A etiqueta RFID de tecido para instru\u00e7\u00f5es de lavagem possui um chip UHF integrado e permite leitura a longa dist\u00e2ncia.<br \/>\nEquipado com um chip UHF, ele pode ser reescrito.<br \/>\nOs dados podem ser preservados por at\u00e9 10 anos, ap\u00f3s at\u00e9 100.000 grava\u00e7\u00f5es, oferecendo desempenho est\u00e1vel e confi\u00e1vel.<\/div>\n<\/div>\n<div><\/div>\n<div>Etiqueta RFID de tecido tran\u00e7ado com suporte para personaliza\u00e7\u00e3o e layout de design gratuito.<br \/>\nPersonaliz\u00e1vel com codifica\u00e7\u00e3o, logotipo e c\u00f3digos de barras 1D\/2D conforme solicitado.,<\/div>\n<div>e tamb\u00e9m dispon\u00edvel em tamanhos, modelos de chip, cores, etc. personalizados.<\/div>\n<div>\n<div><\/div>\n<div>\n<div>\n<div>\n<div>\n<div>\n<h2>F\u00e1cil instala\u00e7\u00e3o e uso<\/h2>\n<p>Nossas etiquetas de lavagem RFID em tecido s\u00e3o projetadas para integra\u00e7\u00e3o perfeita em suas roupas:<\/p>\n<ol>\n<li translate=\"yes\">Op\u00e7\u00e3o de costura: M\u00e9todo de fixa\u00e7\u00e3o tradicional para maior durabilidade.<\/li>\n<li translate=\"yes\">Aplica\u00e7\u00e3o com ferro de passar: Instala\u00e7\u00e3o r\u00e1pida e f\u00e1cil usando tecnologia de transfer\u00eancia de calor.<\/li>\n<\/ol>\n<p>Ambos os m\u00e9todos garantem que a etiqueta RFID permane\u00e7a fixada com seguran\u00e7a durante todo o ciclo de vida da pe\u00e7a de roupa.<\/p>\n<h3>Aqui est\u00e3o alguns exemplos de como marcas de vestu\u00e1rio de alta qualidade implementaram com sucesso etiquetas de instru\u00e7\u00f5es de lavagem RFID em tecido:<\/h3>\n<ol>\n<li>\n<div>Prada: Esta famosa marca de luxo italiana adotou etiquetas RFID para cuidados com a lavagem em 2001, permitindo o registro detalhado de informa\u00e7\u00f5es como modelo, tamanho, cor e pre\u00e7o. Curiosamente, quando os consumidores que vestem roupas da Prada passam pelas lojas, as pe\u00e7as correspondentes s\u00e3o exibidas nos modelos da loja, simulando um desfile de alta costura em Mil\u00e3o. Este uso inovador da tecnologia RFID aumenta a satisfa\u00e7\u00e3o dos consumidores da Prada ap\u00f3s a compra.<\/div>\n<\/li>\n<li>\n<div>H&amp;M: Esta marca internacional come\u00e7ou a usar a tecnologia RFID em 2014. Nas 1.800 lojas planejadas, a tecnologia RFID permite o rastreamento autom\u00e1tico de categorias de produtos, quantidades e consumo.<\/div>\n<\/li>\n<li>\n<div>ZARA: No primeiro semestre de 2016, a Inditex, empresa controladora da ZARA, afirmou que a aplica\u00e7\u00e3o da tecnologia RFID melhorou a gest\u00e3o de estoque e suprimentos para cerca de 70% de suas marcas. Essa implementa\u00e7\u00e3o resultou em um aumento de 11,1% nas vendas e um aumento de 7,5% no lucro, totalizando 1,26 bilh\u00e3o de euros.<\/div>\n<\/li>\n<li>\n<div>Uniqlo: Em 2017, a Uniqlo anunciou seu plano de implantar etiquetas RFID UHF em 3.000 lojas em todo o mundo, tornando-se a primeira varejista japonesa a usar etiquetas eletr\u00f4nicas globalmente.<\/div>\n<\/li>\n<\/ol>\n<div>Essas s\u00e3o apenas algumas informa\u00e7\u00f5es sobre como as principais marcas de vestu\u00e1rio est\u00e3o aproveitando as etiquetas RFID. Em 2019, praticamente todas as marcas de renome mundial j\u00e1 haviam aplicado etiquetas RFID em suas roupas, resultando em mais de 20 bilh\u00f5es de pe\u00e7as etiquetadas \u2013 um n\u00famero que continua a crescer consideravelmente. Outras marcas not\u00e1veis que adotaram essa tecnologia incluem a NIKE e o Walmart.<\/div>\n<\/div>\n<\/div>\n<\/div>\n<\/div>\n<\/div>\n<\/div>\n<\/div>\n<\/div>","protected":false},"excerpt":{"rendered":"<div class=\"elementor-element elementor-element-4f79c63 e-flex e-con-boxed e-con e-parent e-lazyloaded\" data-id=\"4f79c63\" data-element_type=\"container\" data-settings=\"{&quot;_ha_eqh_enable&quot;:false}\">\n<div class=\"e-con-inner\">\n<div class=\"elementor-element elementor-element-be3873c elementor-widget elementor-widget-woocommerce-product-short-description\" data-id=\"be3873c\" data-element_type=\"widget\" data-widget_type=\"woocommerce-product-short-description.default\">\n<div class=\"elementor-widget-container\">\n<div class=\"woocommerce-product-details__short-description\">\n<p>Dur\u00e1vel <strong>Etiqueta de cuidados de lavagem RFID em nylon tecido<\/strong> Com chip UHF, regrav\u00e1vel 100.000 vezes, duradouro, design personaliz\u00e1vel, ideal para t\u00eaxteis e vestu\u00e1rio.<\/p>\n<\/div>\n<\/div>\n<\/div>\n<\/div>\n<\/div>\n<div class=\"elementor-element elementor-element-3ad806e e-flex e-con-boxed e-con e-parent e-lazyloaded\" data-id=\"3ad806e\" data-element_type=\"container\" data-settings=\"{&quot;_ha_eqh_enable&quot;:false}\">\n<div class=\"e-con-inner\">\n<div class=\"elementor-element elementor-element-362020f elementor-widget elementor-widget-woocommerce-product-data-tabs\" data-id=\"362020f\" data-element_type=\"widget\" data-widget_type=\"woocommerce-product-data-tabs.default\">\n<div class=\"elementor-widget-container\">\n<div class=\"woocommerce-tabs wc-tabs-wrapper\"><\/div>\n<\/div>\n<\/div>\n<\/div>\n<\/div>","protected":false},"featured_media":3187,"template":"","meta":{"_kad_post_transparent":"default","_kad_post_title":"","_kad_post_layout":"default","_kad_post_sidebar_id":"","_kad_post_content_style":"default","_kad_post_vertical_padding":"default","_kad_post_feature":"","_kad_post_feature_position":"","_kad_post_header":false,"_kad_post_footer":false,"_kad_post_classname":""},"product_brand":[],"product_cat":[81],"product_tag":[386,285,387],"class_list":{"0":"post-3186","1":"product","2":"type-product","3":"status-publish","4":"has-post-thumbnail","6":"product_cat-rfid-wash-care-clothing-label","7":"product_tag-fabric-woven-rfid-wash-care-tag","8":"product_tag-rfid-tag","9":"product_tag-rfid-wash-care-tag","11":"first","12":"instock","13":"shipping-taxable","14":"product-type-simple","15":"entry","16":"content-bg","17":"loop-entry"},"_links":{"self":[{"href":"https:\/\/rfid-laundry-tag.com\/pt\/wp-json\/wp\/v2\/product\/3186","targetHints":{"allow":["GET"]}}],"collection":[{"href":"https:\/\/rfid-laundry-tag.com\/pt\/wp-json\/wp\/v2\/product"}],"about":[{"href":"https:\/\/rfid-laundry-tag.com\/pt\/wp-json\/wp\/v2\/types\/product"}],"version-history":[{"count":1,"href":"https:\/\/rfid-laundry-tag.com\/pt\/wp-json\/wp\/v2\/product\/3186\/revisions"}],"predecessor-version":[{"id":3190,"href":"https:\/\/rfid-laundry-tag.com\/pt\/wp-json\/wp\/v2\/product\/3186\/revisions\/3190"}],"wp:featuredmedia":[{"embeddable":true,"href":"https:\/\/rfid-laundry-tag.com\/pt\/wp-json\/wp\/v2\/media\/3187"}],"wp:attachment":[{"href":"https:\/\/rfid-laundry-tag.com\/pt\/wp-json\/wp\/v2\/media?parent=3186"}],"wp:term":[{"taxonomy":"product_brand","embeddable":true,"href":"https:\/\/rfid-laundry-tag.com\/pt\/wp-json\/wp\/v2\/product_brand?post=3186"},{"taxonomy":"product_cat","embeddable":true,"href":"https:\/\/rfid-laundry-tag.com\/pt\/wp-json\/wp\/v2\/product_cat?post=3186"},{"taxonomy":"product_tag","embeddable":true,"href":"https:\/\/rfid-laundry-tag.com\/pt\/wp-json\/wp\/v2\/product_tag?post=3186"}],"curies":[{"name":"wp","href":"https:\/\/api.w.org\/{rel}","templated":true}]}}