{"id":3180,"date":"2026-01-09T13:29:20","date_gmt":"2026-01-09T13:29:20","guid":{"rendered":"https:\/\/rfid-laundry-tag.com\/?post_type=product&#038;p=3180"},"modified":"2026-01-09T13:29:20","modified_gmt":"2026-01-09T13:29:20","slug":"rfid-garment-tag-for-apparel-and-fashion","status":"publish","type":"product","link":"https:\/\/rfid-laundry-tag.com\/pt\/rfid-garment-tag-for-apparel-and-fashion\/","title":{"rendered":"Etiqueta RFID para vestu\u00e1rio e moda."},"content":{"rendered":"<h2 class=\"ng-star-inserted\"><strong class=\"ng-star-inserted\"><span class=\"ng-star-inserted\">Etiqueta RFID para vestu\u00e1rio e moda.<\/span><\/strong><\/h2>\n<h2 class=\"ng-star-inserted\"><strong class=\"ng-star-inserted\"><span class=\"ng-star-inserted\">A ascens\u00e3o do RFID no vestu\u00e1rio e na moda<\/span><\/strong><\/h2>\n<p class=\"ng-star-inserted\"><span class=\"ng-star-inserted\">O\u00a0<\/span><strong class=\"ng-star-inserted\"><span class=\"ng-star-inserted\">vestu\u00e1rio<\/span><\/strong><span class=\"ng-star-inserted\">\u00a0e a ind\u00fastria da moda est\u00e1 rapidamente adotando\u00a0<\/span><strong class=\"ng-star-inserted\"><span class=\"ng-star-inserted\">RFID<\/span><\/strong><span class=\"ng-star-inserted\">\u00a0(<\/span><strong class=\"ng-star-inserted\"><span class=\"ng-star-inserted\">radiofrequ\u00eancia<\/span><\/strong><span class=\"ng-star-inserted\">\u00a0identifica\u00e7\u00e3o)\u00a0<\/span><strong class=\"ng-star-inserted\"><span class=\"ng-star-inserted\">tecnologia<\/span><\/strong><span class=\"ng-star-inserted\">\u00a0Otimizar as opera\u00e7\u00f5es e melhorar a experi\u00eancia do cliente.\u00a0<\/span><strong class=\"ng-star-inserted\"><span class=\"ng-star-inserted\">RFID<\/span><\/strong><span class=\"ng-star-inserted\">\u00a0<\/span><strong class=\"ng-star-inserted\"><span class=\"ng-star-inserted\">vestu\u00e1rio<\/span><\/strong><span class=\"ng-star-inserted\">\u00a0<\/span><strong class=\"ng-star-inserted\"><span class=\"ng-star-inserted\">Etiquetas<\/span><\/strong><span class=\"ng-star-inserted\">\u00a0Oferecem uma maneira poderosa de rastrear itens ao longo de todo o seu ciclo de vida, desde a fabrica\u00e7\u00e3o at\u00e9 o ponto de venda e al\u00e9m.\u00a0<\/span><strong class=\"ng-star-inserted\"><span class=\"ng-star-inserted\">RFID<\/span><\/strong><span class=\"ng-star-inserted\">\u00a0permite um\u00a0<\/span><strong class=\"ng-star-inserted\"><span class=\"ng-star-inserted\">novo<\/span><\/strong><span class=\"ng-star-inserted\">\u00a0Era da efici\u00eancia, visibilidade e tomada de decis\u00f5es baseada em dados.<\/span><\/p>\n<p class=\"ng-star-inserted\"><span class=\"ng-star-inserted\">Ao contr\u00e1rio do tradicional\u00a0<\/span><strong class=\"ng-star-inserted\"><span class=\"ng-star-inserted\">c\u00f3digo de barras<\/span><\/strong><span class=\"ng-star-inserted\">s,\u00a0<\/span><strong class=\"ng-star-inserted\"><span class=\"ng-star-inserted\">RFID<\/span><\/strong><span class=\"ng-star-inserted\">\u00a0<\/span><strong class=\"ng-star-inserted\"><span class=\"ng-star-inserted\">marca\u00e7\u00e3o<\/span><\/strong><span class=\"ng-star-inserted\">Os leitores de c\u00f3digo de barras n\u00e3o exigem varredura em linha reta. Isso permite uma captura de dados mais r\u00e1pida e eficiente, mesmo em ambientes desafiadores, como armaz\u00e9ns lotados ou lojas de varejo movimentadas. A capacidade de ler m\u00faltiplos c\u00f3digos de barras tamb\u00e9m \u00e9 uma vantagem.\u00a0<\/span><strong class=\"ng-star-inserted\"><span class=\"ng-star-inserted\">Etiquetas<\/span><\/strong><span class=\"ng-star-inserted\">\u00a0simultaneamente \u00e9 uma vantagem fundamental de\u00a0<\/span><strong class=\"ng-star-inserted\"><span class=\"ng-star-inserted\">RFID<\/span><\/strong><span class=\"ng-star-inserted\">, acelerando significativamente processos como contagens de estoque e\u00a0<\/span><strong class=\"ng-star-inserted\"><span class=\"ng-star-inserted\">Confira<\/span><\/strong><span class=\"ng-star-inserted\">. Ele consegue identificar m\u00faltiplos objetos eletr\u00f4nicos em movimento de alta velocidade.\u00a0<\/span><strong class=\"ng-star-inserted\"><span class=\"ng-star-inserted\">Etiquetas<\/span><\/strong><span class=\"ng-star-inserted\">\u00a0ao mesmo tempo\u00a0<\/span><strong class=\"ng-star-inserted\"><span class=\"ng-star-inserted\">tempo<\/span><\/strong><span class=\"ng-star-inserted\">\u00a0atrav\u00e9s do\u00a0<\/span><strong class=\"ng-star-inserted\"><span class=\"ng-star-inserted\">RFID<\/span><\/strong><span class=\"ng-star-inserted\">\u00a0<\/span><strong class=\"ng-star-inserted\"><span class=\"ng-star-inserted\">tecnologia<\/span><\/strong><span class=\"ng-star-inserted\">.<\/span><\/p>\n<h2 class=\"ng-star-inserted\"><strong class=\"ng-star-inserted\"><span class=\"ng-star-inserted\">Etiquetas RFID: Revolucionando o Varejo<\/span><\/strong><\/h2>\n<p class=\"ng-star-inserted\"><strong class=\"ng-star-inserted\"><span class=\"ng-star-inserted\">Etiquetas RFID para pendurar<\/span><\/strong><span class=\"ng-star-inserted\">\u00a0est\u00e3o transformando o cen\u00e1rio do varejo, proporcionando visibilidade incompar\u00e1vel do estoque e aprimorando a seguran\u00e7a.\u00a0<\/span><strong class=\"ng-star-inserted\"><span class=\"ng-star-inserted\">Etiquetas<\/span><\/strong><span class=\"ng-star-inserted\">, Os dispositivos, geralmente fixados em roupas, chap\u00e9us, bolsas e sapatos, cont\u00eam um microchip que armazena informa\u00e7\u00f5es do produto e um identificador \u00fanico. Ao incorporar\u00a0<\/span><strong class=\"ng-star-inserted\"><span class=\"ng-star-inserted\">RFID<\/span><\/strong><span class=\"ng-star-inserted\">\u00a0<\/span><strong class=\"ng-star-inserted\"><span class=\"ng-star-inserted\">tecnologia<\/span><\/strong><span class=\"ng-star-inserted\">\u00a0em\u00a0<\/span><strong class=\"ng-star-inserted\"><span class=\"ng-star-inserted\">pendurar<\/span><\/strong><span class=\"ng-star-inserted\">\u00a0<\/span><strong class=\"ng-star-inserted\"><span class=\"ng-star-inserted\">marca\u00e7\u00e3o<\/span><\/strong><span class=\"ng-star-inserted\">Assim, esse problema pode ser resolvido de forma eficaz.<\/span><\/p>\n<p class=\"ng-star-inserted\"><strong class=\"ng-star-inserted\"><span class=\"ng-star-inserted\">Etiquetas RFID para pendurar<\/span><\/strong><span class=\"ng-star-inserted\">\u00a0Oferecem in\u00fameros benef\u00edcios, incluindo:<\/span><\/p>\n<ul class=\"ng-star-inserted\">\n<li class=\"ng-star-inserted\">\n<p class=\"ng-star-inserted\"><strong class=\"ng-star-inserted\"><span class=\"ng-star-inserted\">Precis\u00e3o de invent\u00e1rio aprimorada:<\/span><\/strong><span class=\"ng-star-inserted\">\u00a0<\/span><strong class=\"ng-star-inserted\"><span class=\"ng-star-inserted\">Em tempo real<\/span><\/strong><span class=\"ng-star-inserted\">\u00a0Rastreamento dos n\u00edveis de estoque, reduzindo rupturas e excessos de estoque.<\/span><\/p>\n<\/li>\n<li class=\"ng-star-inserted\">\n<p class=\"ng-star-inserted\"><strong class=\"ng-star-inserted\"><span class=\"ng-star-inserted\">Preven\u00e7\u00e3o de perdas:<\/span><\/strong><span class=\"ng-star-inserted\">\u00a0<\/span><strong class=\"ng-star-inserted\"><span class=\"ng-star-inserted\">RFID<\/span><\/strong><span class=\"ng-star-inserted\">\u00a0<\/span><strong class=\"ng-star-inserted\"><span class=\"ng-star-inserted\">marca\u00e7\u00e3o<\/span><\/strong><span class=\"ng-star-inserted\">Os dispositivos podem ser usados como parte de um sistema de vigil\u00e2ncia eletr\u00f4nica de artigos (EAS) para impedir roubos. Eles tamb\u00e9m podem ajudar a prevenir a falsifica\u00e7\u00e3o.\u00a0<\/span><strong class=\"ng-star-inserted\"><span class=\"ng-star-inserted\">vestu\u00e1rio<\/span><\/strong><span class=\"ng-star-inserted\">s.<\/span><\/p>\n<\/li>\n<li class=\"ng-star-inserted\">\n<p class=\"ng-star-inserted\"><strong class=\"ng-star-inserted\"><span class=\"ng-star-inserted\">Autentica\u00e7\u00e3o da marca:<\/span><\/strong><span class=\"ng-star-inserted\">\u00a0<\/span><strong class=\"ng-star-inserted\"><span class=\"ng-star-inserted\">RFID<\/span><\/strong><span class=\"ng-star-inserted\">\u00a0Ajuda a verificar a autenticidade dos produtos, protegendo sua marca e seus clientes.<\/span><\/p>\n<\/li>\n<li class=\"ng-star-inserted\">\n<p class=\"ng-star-inserted\"><strong class=\"ng-star-inserted\"><span class=\"ng-star-inserted\">Experi\u00eancia do cliente aprimorada:<\/span><\/strong><span class=\"ng-star-inserted\">\u00a0Mais r\u00e1pido\u00a0<\/span><strong class=\"ng-star-inserted\"><span class=\"ng-star-inserted\">Confira<\/span><\/strong><span class=\"ng-star-inserted\">\u00a0Processos e recomenda\u00e7\u00f5es personalizadas por meio de prateleiras e provadores inteligentes.<\/span><\/p>\n<\/li>\n<\/ul>\n<p class=\"ng-star-inserted\">\n<h2 class=\"ng-star-inserted\"><strong class=\"ng-star-inserted\"><span class=\"ng-star-inserted\">T\u00e9cnico\u00a0<\/span><\/strong><\/h2>\n<div class=\"table-container ng-star-inserted\">\n<table>\n<tbody>\n<tr class=\"table-header ng-star-inserted\">\n<td class=\"ng-star-inserted\"><span class=\"ng-star-inserted\">Recurso<\/span><\/td>\n<td class=\"ng-star-inserted\"><span class=\"ng-star-inserted\">Especifica\u00e7\u00e3o<\/span><\/td>\n<\/tr>\n<tr class=\"ng-star-inserted\">\n<td class=\"ng-star-inserted\"><strong class=\"ng-star-inserted\"><span class=\"ng-star-inserted\">Frequ\u00eancia<\/span><\/strong><\/td>\n<td class=\"ng-star-inserted\"><strong class=\"ng-star-inserted\"><span class=\"ng-star-inserted\">UHF RFID<\/span><\/strong><span class=\"ng-star-inserted\">\u00a0(860-960 MHz),\u00a0<\/span><strong class=\"ng-star-inserted\"><span class=\"ng-star-inserted\">RAIN RFID<\/span><\/strong><\/td>\n<\/tr>\n<tr class=\"ng-star-inserted\">\n<td class=\"ng-star-inserted\"><strong class=\"ng-star-inserted\"><span class=\"ng-star-inserted\">Protocolo<\/span><\/strong><\/td>\n<td class=\"ng-star-inserted\"><strong class=\"ng-star-inserted\"><span class=\"ng-star-inserted\">Norma ISO 18000-6C<\/span><\/strong><span class=\"ng-star-inserted\">\u00a0(<\/span><strong class=\"ng-star-inserted\"><span class=\"ng-star-inserted\">EPC Classe 1 Gera\u00e7\u00e3o 2<\/span><\/strong><span class=\"ng-star-inserted\">)<\/span><\/td>\n<\/tr>\n<tr class=\"ng-star-inserted\">\n<td class=\"ng-star-inserted\"><strong class=\"ng-star-inserted\"><span class=\"ng-star-inserted\">Tipo de chip<\/span><\/strong><\/td>\n<td class=\"ng-star-inserted\"><span class=\"ng-star-inserted\">Impinj Monza, NXP UCODE, Alien Higgs<\/span><\/td>\n<\/tr>\n<tr class=\"ng-star-inserted\">\n<td class=\"ng-star-inserted\"><strong class=\"ng-star-inserted\"><span class=\"ng-star-inserted\">Mem\u00f3ria<\/span><\/strong><\/td>\n<td class=\"ng-star-inserted\"><strong class=\"ng-star-inserted\"><span class=\"ng-star-inserted\">EPC<\/span><\/strong><span class=\"ng-star-inserted\">\u00a096 bits,\u00a0<\/span><strong class=\"ng-star-inserted\"><span class=\"ng-star-inserted\">armazenamento de dados<\/span><\/strong><span class=\"ng-star-inserted\">\u00a0Mem\u00f3ria do usu\u00e1rio: 512 bits (varia conforme o chip)<\/span><\/td>\n<\/tr>\n<tr class=\"ng-star-inserted\">\n<td class=\"ng-star-inserted\"><strong class=\"ng-star-inserted\"><span class=\"ng-star-inserted\">Faixa de leitura<\/span><\/strong><\/td>\n<td class=\"ng-star-inserted\"><span class=\"ng-star-inserted\">At\u00e9 10 metros (varia conforme o leitor e o ambiente)<\/span><\/td>\n<\/tr>\n<tr class=\"ng-star-inserted\">\n<td class=\"ng-star-inserted\"><strong class=\"ng-star-inserted\"><span class=\"ng-star-inserted\">Reten\u00e7\u00e3o de dados<\/span><\/strong><\/td>\n<td class=\"ng-star-inserted\"><span class=\"ng-star-inserted\">10 anos<\/span><\/td>\n<\/tr>\n<tr class=\"ng-star-inserted\">\n<td class=\"ng-star-inserted\"><strong class=\"ng-star-inserted\"><span class=\"ng-star-inserted\">Escreva Resist\u00eancia<\/span><\/strong><\/td>\n<td class=\"ng-star-inserted\"><span class=\"ng-star-inserted\">100.000 ciclos<\/span><\/td>\n<\/tr>\n<tr class=\"ng-star-inserted\">\n<td class=\"ng-star-inserted\"><strong class=\"ng-star-inserted\"><span class=\"ng-star-inserted\">Temperatura de opera\u00e7\u00e3o<\/span><\/strong><\/td>\n<td class=\"ng-star-inserted\"><span class=\"ng-star-inserted\">-40\u00b0C a +85\u00b0C (varia por\u00a0<\/span><strong class=\"ng-star-inserted\"><span class=\"ng-star-inserted\">marca\u00e7\u00e3o<\/span><\/strong><span class=\"ng-star-inserted\">\u00a0tipo)<\/span><\/td>\n<\/tr>\n<tr class=\"ng-star-inserted\">\n<td class=\"ng-star-inserted\"><strong class=\"ng-star-inserted\"><span class=\"ng-star-inserted\">Material<\/span><\/strong><\/td>\n<td class=\"ng-star-inserted\"><span class=\"ng-star-inserted\">Papel, cetim, n\u00e1ilon etc.<\/span><\/td>\n<\/tr>\n<tr class=\"ng-star-inserted\">\n<td class=\"ng-star-inserted\"><strong class=\"ng-star-inserted\"><span class=\"ng-star-inserted\">Anexo<\/span><\/strong><\/td>\n<td class=\"ng-star-inserted\"><strong class=\"ng-star-inserted\"><span class=\"ng-star-inserted\">Adesivo<\/span><\/strong><span class=\"ng-star-inserted\">, Selagem t\u00e9rmica, costura,\u00a0<\/span><strong class=\"ng-star-inserted\"><span class=\"ng-star-inserted\">Etiqueta para pendurar<\/span><\/strong><\/td>\n<\/tr>\n<tr class=\"ng-star-inserted\">\n<td class=\"ng-star-inserted\"><strong class=\"ng-star-inserted\"><span class=\"ng-star-inserted\">Personaliza\u00e7\u00e3o<\/span><\/strong><\/td>\n<td class=\"ng-star-inserted\"><span class=\"ng-star-inserted\">Impress\u00e3o, Codifica\u00e7\u00e3o,\u00a0<\/span><strong class=\"ng-star-inserted\"><span class=\"ng-star-inserted\">C\u00f3digo de barras<\/span><\/strong><span class=\"ng-star-inserted\">, Logotipo<\/span><\/td>\n<\/tr>\n<tr class=\"ng-star-inserted\">\n<td class=\"ng-star-inserted\"><strong class=\"ng-star-inserted\"><span class=\"ng-star-inserted\">Fator de forma<\/span><\/strong><\/td>\n<td class=\"ng-star-inserted\"><strong class=\"ng-star-inserted\"><span class=\"ng-star-inserted\">Etiqueta para pendurar<\/span><\/strong><span class=\"ng-star-inserted\">,\u00a0<\/span><strong class=\"ng-star-inserted\"><span class=\"ng-star-inserted\">Adesivo<\/span><\/strong><span class=\"ng-star-inserted\">,\u00a0<\/span><strong class=\"ng-star-inserted\"><span class=\"ng-star-inserted\">Etiqueta tecida<\/span><\/strong><span class=\"ng-star-inserted\">,\u00a0<\/span><strong class=\"ng-star-inserted\"><span class=\"ng-star-inserted\">Incrusta\u00e7\u00e3o<\/span><\/strong><\/td>\n<\/tr>\n<tr class=\"ng-star-inserted\">\n<td class=\"ng-star-inserted\"><strong class=\"ng-star-inserted\"><span class=\"ng-star-inserted\">Ambiental<\/span><\/strong><\/td>\n<td class=\"ng-star-inserted\"><span class=\"ng-star-inserted\">Antena ecol\u00f3gica \u00e0 base de papel 100%\u00a0<\/span><strong class=\"ng-star-inserted\"><span class=\"ng-star-inserted\">op\u00e7\u00e3o<\/span><\/strong><span class=\"ng-star-inserted\">\u00a0dispon\u00edvel<\/span><\/td>\n<\/tr>\n<\/tbody>\n<\/table>\n<p>&nbsp;<\/p>\n<\/div>\n<p class=\"ng-star-inserted\"><strong class=\"ng-star-inserted\"><span class=\"ng-star-inserted\">Etiqueta de vestu\u00e1rio RFID<\/span><\/strong><span class=\"ng-star-inserted\">\u00a0\u00e9 a aplica\u00e7\u00e3o mais not\u00e1vel onde\u00a0<\/span><strong class=\"ng-star-inserted\"><span class=\"ng-star-inserted\">RFID<\/span><\/strong><span class=\"ng-star-inserted\">\u00a0<\/span><strong class=\"ng-star-inserted\"><span class=\"ng-star-inserted\">tecnologia<\/span><\/strong><span class=\"ng-star-inserted\">\u00a0impacta a ind\u00fastria de vestu\u00e1rio. Atrav\u00e9s de\u00a0<\/span><strong class=\"ng-star-inserted\"><span class=\"ng-star-inserted\">radiofrequ\u00eancia<\/span><\/strong><span class=\"ng-star-inserted\">\u00a0sinais, o\u00a0<\/span><strong class=\"ng-star-inserted\"><span class=\"ng-star-inserted\">RFID<\/span><\/strong><span class=\"ng-star-inserted\">\u00a0<\/span><strong class=\"ng-star-inserted\"><span class=\"ng-star-inserted\">vestu\u00e1rio<\/span><\/strong><span class=\"ng-star-inserted\">\u00a0<\/span><strong class=\"ng-star-inserted\"><span class=\"ng-star-inserted\">marca\u00e7\u00e3o<\/span><\/strong><span class=\"ng-star-inserted\">\u00a0Pode identificar automaticamente objetos-alvo, obter dados relevantes e identificar tarefas sem interven\u00e7\u00e3o manual. Funciona em todos os tipos de ambientes adversos.\u00a0<\/span><strong class=\"ng-star-inserted\"><span class=\"ng-star-inserted\">As etiquetas s\u00e3o projetadas<\/span><\/strong><span class=\"ng-star-inserted\">\u00a0Para atender a diferentes necessidades.<\/span><\/p>\n<h2 class=\"ng-star-inserted\"><strong class=\"ng-star-inserted\"><span class=\"ng-star-inserted\">Personaliza\u00e7\u00e3o e integra\u00e7\u00e3o<\/span><\/strong><\/h2>\n<p class=\"ng-star-inserted\"><strong class=\"ng-star-inserted\"><span class=\"ng-star-inserted\">RFID<\/span><\/strong><span class=\"ng-star-inserted\">\u00a0<\/span><strong class=\"ng-star-inserted\"><span class=\"ng-star-inserted\">vestu\u00e1rio<\/span><\/strong><span class=\"ng-star-inserted\">\u00a0<\/span><strong class=\"ng-star-inserted\"><span class=\"ng-star-inserted\">Etiquetas<\/span><\/strong><span class=\"ng-star-inserted\">\u00a0Pode ser personalizado para atender \u00e0s necessidades espec\u00edficas da sua marca e opera\u00e7\u00f5es.\u00a0<\/span><strong class=\"ng-star-inserted\"><span class=\"ng-star-inserted\">Etiqueta para pendurar<\/span><\/strong><span class=\"ng-star-inserted\">As etiquetas podem ser personalizadas com seu logotipo, cores da marca e informa\u00e7\u00f5es do produto. Etiquetas de cuidados com\u00a0<\/span><strong class=\"ng-star-inserted\"><span class=\"ng-star-inserted\">RFID<\/span><\/strong><span class=\"ng-star-inserted\">\u00a0<\/span><strong class=\"ng-star-inserted\"><span class=\"ng-star-inserted\">incrusta\u00e7\u00e3o<\/span><\/strong><span class=\"ng-star-inserted\">Os sistemas podem ser projetados para se integrarem perfeitamente aos seus sistemas existentes.\u00a0<\/span><strong class=\"ng-star-inserted\"><span class=\"ng-star-inserted\">vestu\u00e1rio<\/span><\/strong><span class=\"ng-star-inserted\">\u00a0processos de fabrica\u00e7\u00e3o.<\/span><\/p>\n<h2 class=\"ng-star-inserted\"><strong class=\"ng-star-inserted\"><span class=\"ng-star-inserted\">Entre em contato conosco para implementar sua estrat\u00e9gia de RFID.<\/span><\/strong><\/h2>\n<p class=\"ng-star-inserted\"><span class=\"ng-star-inserted\">Pronto para aproveitar o poder de\u00a0<\/span><strong class=\"ng-star-inserted\"><span class=\"ng-star-inserted\">RFID<\/span><\/strong><span class=\"ng-star-inserted\">\u00a0<\/span><strong class=\"ng-star-inserted\"><span class=\"ng-star-inserted\">tecnologia<\/span><\/strong><span class=\"ng-star-inserted\">\u00a0para transformar seu\u00a0<\/span><strong class=\"ng-star-inserted\"><span class=\"ng-star-inserted\">vestu\u00e1rio<\/span><\/strong><span class=\"ng-star-inserted\">\u00a0neg\u00f3cios?\u00a0<\/span><strong class=\"ng-star-inserted\"><span class=\"ng-star-inserted\">Contate-nos<\/span><\/strong><span class=\"ng-star-inserted\">\u00a0Entre em contato hoje mesmo para discutirmos suas necessidades espec\u00edficas e sabermos mais sobre nossa gama completa de servi\u00e7os.\u00a0<\/span><strong class=\"ng-star-inserted\"><span class=\"ng-star-inserted\">RFID<\/span><\/strong><span class=\"ng-star-inserted\">\u00a0solu\u00e7\u00f5es, incluindo\u00a0<\/span><strong class=\"ng-star-inserted\"><span class=\"ng-star-inserted\">RFID<\/span><\/strong><span class=\"ng-star-inserted\">\u00a0<\/span><strong class=\"ng-star-inserted\"><span class=\"ng-star-inserted\">vestu\u00e1rio<\/span><\/strong><span class=\"ng-star-inserted\">\u00a0<\/span><strong class=\"ng-star-inserted\"><span class=\"ng-star-inserted\">Etiquetas<\/span><\/strong><span class=\"ng-star-inserted\">,\u00a0<\/span><strong class=\"ng-star-inserted\"><span class=\"ng-star-inserted\">RFID<\/span><\/strong><span class=\"ng-star-inserted\">\u00a0leitores e software.<\/span><\/p>","protected":false},"excerpt":{"rendered":"<p><span class=\"ng-star-inserted\">Oferecemos\u00a0<\/span><strong class=\"ng-star-inserted\"><span class=\"ng-star-inserted\">amostras gr\u00e1tis<\/span><\/strong><span class=\"ng-star-inserted\"> de\u00a0 <\/span><strong class=\"ng-star-inserted\"><span class=\"ng-star-inserted\">Vestu\u00e1rio RFID<\/span><\/strong><span class=\"ng-star-inserted\">\u00a0<\/span><strong class=\"ng-star-inserted\"><span class=\"ng-star-inserted\">Etiquetas<\/span><\/strong><span class=\"ng-star-inserted\">\u00a0Assim, voc\u00ea poder\u00e1 avaliar o desempenho deles em seu pr\u00f3prio ambiente. Nossa f\u00e1brica de produ\u00e7\u00e3o est\u00e1 equipada com...\u00a0<\/span><strong class=\"ng-star-inserted\"><span class=\"ng-star-inserted\">mais recente<\/span><\/strong><span class=\"ng-star-inserted\">\u00a0<\/span><strong class=\"ng-star-inserted\"><span class=\"ng-star-inserted\">tecnologia<\/span><\/strong><span class=\"ng-star-inserted\">\u00a0para garantir\u00a0<\/span><strong class=\"ng-star-inserted\"><span class=\"ng-star-inserted\">alta qualidade<\/span><\/strong><span class=\"ng-star-inserted\">\u00a0<\/span><strong class=\"ng-star-inserted\"><span class=\"ng-star-inserted\">marca\u00e7\u00e3o<\/span><\/strong><span class=\"ng-star-inserted\">a pre\u00e7os competitivos.<\/span><\/p>","protected":false},"featured_media":3181,"template":"","meta":{"_kad_post_transparent":"default","_kad_post_title":"","_kad_post_layout":"default","_kad_post_sidebar_id":"","_kad_post_content_style":"default","_kad_post_vertical_padding":"default","_kad_post_feature":"","_kad_post_feature_position":"","_kad_post_header":false,"_kad_post_footer":false,"_kad_post_classname":""},"product_brand":[],"product_cat":[53],"product_tag":[385,383,384],"class_list":{"0":"post-3180","1":"product","2":"type-product","3":"status-publish","4":"has-post-thumbnail","6":"product_cat-rfid-clothes-tag","7":"product_tag-rfid-garment-paper-tag","8":"product_tag-rfid-garment-tag","9":"product_tag-rfid-hang-tag","11":"first","12":"instock","13":"shipping-taxable","14":"product-type-simple","15":"entry","16":"content-bg","17":"loop-entry"},"_links":{"self":[{"href":"https:\/\/rfid-laundry-tag.com\/pt\/wp-json\/wp\/v2\/product\/3180","targetHints":{"allow":["GET"]}}],"collection":[{"href":"https:\/\/rfid-laundry-tag.com\/pt\/wp-json\/wp\/v2\/product"}],"about":[{"href":"https:\/\/rfid-laundry-tag.com\/pt\/wp-json\/wp\/v2\/types\/product"}],"version-history":[{"count":1,"href":"https:\/\/rfid-laundry-tag.com\/pt\/wp-json\/wp\/v2\/product\/3180\/revisions"}],"predecessor-version":[{"id":3185,"href":"https:\/\/rfid-laundry-tag.com\/pt\/wp-json\/wp\/v2\/product\/3180\/revisions\/3185"}],"wp:featuredmedia":[{"embeddable":true,"href":"https:\/\/rfid-laundry-tag.com\/pt\/wp-json\/wp\/v2\/media\/3181"}],"wp:attachment":[{"href":"https:\/\/rfid-laundry-tag.com\/pt\/wp-json\/wp\/v2\/media?parent=3180"}],"wp:term":[{"taxonomy":"product_brand","embeddable":true,"href":"https:\/\/rfid-laundry-tag.com\/pt\/wp-json\/wp\/v2\/product_brand?post=3180"},{"taxonomy":"product_cat","embeddable":true,"href":"https:\/\/rfid-laundry-tag.com\/pt\/wp-json\/wp\/v2\/product_cat?post=3180"},{"taxonomy":"product_tag","embeddable":true,"href":"https:\/\/rfid-laundry-tag.com\/pt\/wp-json\/wp\/v2\/product_tag?post=3180"}],"curies":[{"name":"wp","href":"https:\/\/api.w.org\/{rel}","templated":true}]}}