{"id":3174,"date":"2026-01-09T13:11:22","date_gmt":"2026-01-09T13:11:22","guid":{"rendered":"https:\/\/rfid-laundry-tag.com\/?post_type=product&#038;p=3174"},"modified":"2026-01-09T13:11:23","modified_gmt":"2026-01-09T13:11:23","slug":"rfid-mifare-desfire-ev3-2k-4k-8k-inlay","status":"publish","type":"product","link":"https:\/\/rfid-laundry-tag.com\/pt\/rfid-mifare-desfire-ev3-2k-4k-8k-inlay\/","title":{"rendered":"RFID Mifare Desfire EV3 2K 4K 8K Inlay"},"content":{"rendered":"<h2>RFID Mifare Desfire EV3 2K 4K 8K Inlay<\/h2>\n<p>O\u00a0<strong>MIFARE\u00ae DESFire\u00ae EV3<\/strong>\u00a0A s\u00e9rie RFID da NXP Semiconductors representa uma solu\u00e7\u00e3o de ponta em tecnologia RFID segura e sem contato, ideal para diversas aplica\u00e7\u00f5es que exigem alta seguran\u00e7a e flexibilidade. Aqui est\u00e1 uma vis\u00e3o geral concisa de seus recursos, op\u00e7\u00f5es de mem\u00f3ria, melhorias de seguran\u00e7a, aplica\u00e7\u00f5es e capacidades de personaliza\u00e7\u00e3o:<\/p>\n<h3>Op\u00e7\u00f5es de mem\u00f3ria<\/h3>\n<p>O MIFARE\u00ae DESFire\u00ae EV3 est\u00e1 dispon\u00edvel em tr\u00eas configura\u00e7\u00f5es de mem\u00f3ria:<\/p>\n<ul>\n<li><strong>2K<\/strong>Ideal para aplica\u00e7\u00f5es simples como controle de acesso ou bilhetes de uso \u00fanico.<\/li>\n<li><strong>4K<\/strong>Adequado para aplica\u00e7\u00f5es de m\u00e9dio porte, como programas de fidelidade e pequenos sistemas de transporte p\u00fablico.<\/li>\n<li><strong>8K<\/strong>Projetado para ambientes complexos com m\u00faltiplas aplica\u00e7\u00f5es, como cidades inteligentes e grandes empresas.<\/li>\n<\/ul>\n<p>Cada configura\u00e7\u00e3o suporta m\u00faltiplas aplica\u00e7\u00f5es, com capacidade para armazenar at\u00e9\u00a0<strong>32 arquivos por aplica\u00e7\u00e3o<\/strong>, permitindo que as empresas adaptem as solu\u00e7\u00f5es \u00e0s suas necessidades.<\/p>\n<h3>Recursos de seguran\u00e7a aprimorados<\/h3>\n<p>A seguran\u00e7a \u00e9 um dos principais focos do EV3, que apresenta:<\/p>\n<ul>\n<li><strong>Criptografia AES<\/strong>Protege os dados durante a transmiss\u00e3o.<\/li>\n<li><strong>Certifica\u00e7\u00e3o EAL5+<\/strong>Garante um alto n\u00edvel de seguran\u00e7a para dados sens\u00edveis.<\/li>\n<li><strong>Autentica\u00e7\u00e3o NFC segura e exclusiva<\/strong>Cada cart\u00e3o possui um identificador \u00fanico para evitar duplicatas.<\/li>\n<li><strong>Seguran\u00e7a em m\u00faltiplas camadas<\/strong>Suporta diversos protocolos de criptografia, incluindo AES e DES\/Triple-DES.<\/li>\n<\/ul>\n<p>Essas caracter\u00edsticas tornam o EV3 adequado para aplica\u00e7\u00f5es de alta seguran\u00e7a, como controle de acesso, pagamentos sem dinheiro e fechaduras inteligentes.<\/p>\n<h3>Formul\u00e1rios<\/h3>\n<p>A versatilidade do <a href=\"https:\/\/rfid-laundry-tag.com\/pt\/rfid-inlay\/\">RFID Mifare Desfire EV3 2K 4K 8K Inlay<\/a>\u00a0Permite sua utiliza\u00e7\u00e3o em diversos setores:<\/p>\n<ul>\n<li><strong>Controle de acesso<\/strong>Gest\u00e3o de acesso seguro para edif\u00edcios e \u00e1reas restritas.<\/li>\n<li><strong>Transporte p\u00fablico<\/strong>Facilita a emiss\u00e3o de bilhetes e a cobran\u00e7a de tarifas de forma eficiente.<\/li>\n<li><strong>Programas de Fidelidade<\/strong>Armazena com seguran\u00e7a dados e recompensas de clientes.<\/li>\n<li><strong>Cidades Inteligentes<\/strong>Oferece suporte \u00e0 infraestrutura com desempenho robusto e compatibilidade com as tecnologias NFC e RFID.<\/li>\n<\/ul>\n<h3>Personaliza\u00e7\u00e3o e suporte<\/h3>\n<p>A NXP oferece amplas op\u00e7\u00f5es de personaliza\u00e7\u00e3o para atender \u00e0s necessidades espec\u00edficas de cada neg\u00f3cio:<\/p>\n<ul>\n<li><strong>Impress\u00e3o personalizada<\/strong>Personalize cart\u00f5es com logotipos e identidade visual.<\/li>\n<li><strong>Aloca\u00e7\u00e3o de mem\u00f3ria personalizada<\/strong>: Adapte as configura\u00e7\u00f5es de mem\u00f3ria para aplica\u00e7\u00f5es espec\u00edficas.<\/li>\n<li><strong>Configura\u00e7\u00f5es de seguran\u00e7a personaliz\u00e1veis<\/strong>Ajustar os m\u00e9todos de criptografia e autentica\u00e7\u00e3o.<\/li>\n<\/ul>\n<p>As empresas podem receber amostras com um prazo de entrega de apenas\u00a0<strong>1-2 dias<\/strong>, permitindo avalia\u00e7\u00e3o e implementa\u00e7\u00e3o r\u00e1pidas.<\/p>\n<h2><strong><b>Especifica\u00e7\u00f5es t\u00e9cnicas<\/b><\/strong><\/h2>\n<div class=\"collapse-mobile ste-list\">\n<h3>Interface RF: ISO\/IEC 14443 Tipo A<\/h3>\n<ul class=\"boxes\">\n<li>Interface sem contato compat\u00edvel com ISO\/IEC 14443-2\/3 A<\/li>\n<li>Baixo Hmin permitindo dist\u00e2ncia operacional de at\u00e9 100 mm (dependendo da pot\u00eancia fornecida pelo PCD e da geometria da antena)<\/li>\n<li>Transfer\u00eancia r\u00e1pida de dados: 106 kbit\/s, 212 kbit\/s, 424 kbit\/s, 848 kbit\/s<\/li>\n<li>Identificador \u00fanico de 7 bytes (op\u00e7\u00e3o para ID aleat\u00f3rio)<\/li>\n<li>Utiliza protocolo de transmiss\u00e3o ISO\/IEC 14443-4<\/li>\n<li>FSCI configur\u00e1vel para suportar tamanhos de quadro de at\u00e9 256 bytes.<\/li>\n<\/ul>\n<\/div>\n<div class=\"collapse-mobile ste-list\">\n<h3>Mem\u00f3ria n\u00e3o vol\u00e1til<\/h3>\n<ul class=\"boxes\">\n<li>2 kB, 4 kB, 8 kB e 16 kB<\/li>\n<li>Reten\u00e7\u00e3o de dados de 25 anos<\/li>\n<li>Durabilidade t\u00edpica de escrita: 1.000.000 ciclos.<\/li>\n<li>Ciclos de programa\u00e7\u00e3o r\u00e1pidos<\/li>\n<\/ul>\n<\/div>\n<div class=\"collapse-mobile ste-list\">\n<h3>Organiza\u00e7\u00e3o de mem\u00f3ria NV e suporte a m\u00faltiplas aplica\u00e7\u00f5es<\/h3>\n<ul class=\"boxes\">\n<li>Sistema de arquivo flex\u00edvel: o usu\u00e1rio pode definir livremente as estruturas do aplicativo no PICC<\/li>\n<li>Quantas aplica\u00e7\u00f5es o tamanho da mem\u00f3ria suportar.<\/li>\n<li>At\u00e9 32 arquivos em cada aplicativo (6 tipos de arquivo dispon\u00edveis: Arquivo de dados padr\u00e3o, Arquivo de dados de backup, Arquivo de valores, Arquivo de registro linear, Arquivo de registro c\u00edclico e Arquivo MAC de transa\u00e7\u00e3o)<\/li>\n<li>O tamanho do arquivo \u00e9 determinado durante a cria\u00e7\u00e3o (n\u00e3o para arquivo MAC de transa\u00e7\u00e3o)<\/li>\n<li>MlsmartApp (Gerenciamento Delegado de Aplicativos)<\/li>\n<li>Reutiliza\u00e7\u00e3o de mem\u00f3ria em aplica\u00e7\u00f5es DAM (Format Application)<\/li>\n<li>Chaves DAM da NXP pr\u00e9-carregadas para suporte ao servi\u00e7o AppXplorer.<\/li>\n<li>Acessar arquivos de quaisquer dois aplicativos durante uma \u00fanica transa\u00e7\u00e3o.<\/li>\n<\/ul>\n<\/div>\n<div class=\"collapse-mobile ste-list\">\n<h3>Seguran\u00e7a e Privacidade<\/h3>\n<ul class=\"boxes\">\n<li>Certifica\u00e7\u00e3o Common Criteria: EAL5+ (Hardware e Software)<\/li>\n<li>N\u00famero de s\u00e9rie exclusivo de 7 bytes para cada dispositivo.<\/li>\n<li>ID \u201cALEAT\u00d3RIO\u201d opcional para maior seguran\u00e7a e privacidade.<\/li>\n<li>Autentica\u00e7\u00e3o m\u00fatua de tr\u00eas passagens<\/li>\n<li>Autentica\u00e7\u00e3o m\u00fatua de acordo com a norma ISO\/IEC 7816-4<\/li>\n<li>Gest\u00e3o flex\u00edvel de chaves: 1 cart\u00e3o\u00a0<span class=\"Footnote\" data-id=\"Inclusive Language\">l\u00edder<\/span>\u00a0chave e at\u00e9 14 chaves por aplicativo<\/li>\n<li>Atribui\u00e7\u00e3o de m\u00faltiplas chaves para cada direito de acesso a arquivos (at\u00e9 8)<\/li>\n<li>V\u00e1rios conjuntos de teclas por aplica\u00e7\u00e3o com mecanismo de troca r\u00e1pida de teclas (at\u00e9 16 conjuntos)<\/li>\n<li>DES de hardware usando chaves de 56\/112\/168 bits com vers\u00e3o de chave<\/li>\n<li>AES por hardware usando chaves de 128 bits com vers\u00e3o de chave<\/li>\n<li>Autenticidade de dados por CMAC de 8 bytes<\/li>\n<li>Modo compat\u00edvel com MF3ICD40: MAC de 4 bytes, CRC 16<\/li>\n<li>Criptografia de dados em canal de radiofrequ\u00eancia<\/li>\n<li>Autentica\u00e7\u00e3o em n\u00edvel de aplica\u00e7\u00e3o<\/li>\n<li>Sensores de exce\u00e7\u00e3o de hardware<\/li>\n<li>Sistema de arquivos com seguran\u00e7a pr\u00f3pria<\/li>\n<li>MAC de transa\u00e7\u00e3o assinado com chave secreta por aplica\u00e7\u00e3o<\/li>\n<li>Arquitetura de cart\u00e3o virtual para sele\u00e7\u00e3o aprimorada de cart\u00e3o\/aplicativo em dispositivos com m\u00faltiplos cart\u00f5es virtuais, com prote\u00e7\u00e3o de privacidade.<\/li>\n<li>Verifica\u00e7\u00e3o de proximidade para prote\u00e7\u00e3o contra ataques de retransmiss\u00e3o.<\/li>\n<li>Verifica\u00e7\u00e3o de originalidade para comprovar a autenticidade do produto NXP.<\/li>\n<\/ul>\n<\/div>","protected":false},"excerpt":{"rendered":"<p><strong>RFID Mifare Desfire EV3 2K 4K 8K Inlay<\/strong> \u00c9 uma solu\u00e7\u00e3o RFID avan\u00e7ada que oferece alta seguran\u00e7a, transfer\u00eancia r\u00e1pida de dados, op\u00e7\u00f5es flex\u00edveis de mem\u00f3ria e integra\u00e7\u00e3o perfeita para m\u00faltiplas aplica\u00e7\u00f5es.<\/p>","protected":false},"featured_media":3175,"template":"","meta":{"_kad_post_transparent":"default","_kad_post_title":"","_kad_post_layout":"default","_kad_post_sidebar_id":"","_kad_post_content_style":"default","_kad_post_vertical_padding":"default","_kad_post_feature":"","_kad_post_feature_position":"","_kad_post_header":false,"_kad_post_footer":false,"_kad_post_classname":""},"product_brand":[],"product_cat":[189],"product_tag":[111,108,382],"class_list":{"0":"post-3174","1":"product","2":"type-product","3":"status-publish","4":"has-post-thumbnail","6":"product_cat-rfid-inlay","7":"product_tag-nfc-inlay","8":"product_tag-rfid-inlay","9":"product_tag-rfid-mifare-desfire-ev3-2k-4k-8k-inlay","11":"first","12":"instock","13":"shipping-taxable","14":"product-type-simple","15":"entry","16":"content-bg","17":"loop-entry"},"_links":{"self":[{"href":"https:\/\/rfid-laundry-tag.com\/pt\/wp-json\/wp\/v2\/product\/3174","targetHints":{"allow":["GET"]}}],"collection":[{"href":"https:\/\/rfid-laundry-tag.com\/pt\/wp-json\/wp\/v2\/product"}],"about":[{"href":"https:\/\/rfid-laundry-tag.com\/pt\/wp-json\/wp\/v2\/types\/product"}],"version-history":[{"count":1,"href":"https:\/\/rfid-laundry-tag.com\/pt\/wp-json\/wp\/v2\/product\/3174\/revisions"}],"predecessor-version":[{"id":3179,"href":"https:\/\/rfid-laundry-tag.com\/pt\/wp-json\/wp\/v2\/product\/3174\/revisions\/3179"}],"wp:featuredmedia":[{"embeddable":true,"href":"https:\/\/rfid-laundry-tag.com\/pt\/wp-json\/wp\/v2\/media\/3175"}],"wp:attachment":[{"href":"https:\/\/rfid-laundry-tag.com\/pt\/wp-json\/wp\/v2\/media?parent=3174"}],"wp:term":[{"taxonomy":"product_brand","embeddable":true,"href":"https:\/\/rfid-laundry-tag.com\/pt\/wp-json\/wp\/v2\/product_brand?post=3174"},{"taxonomy":"product_cat","embeddable":true,"href":"https:\/\/rfid-laundry-tag.com\/pt\/wp-json\/wp\/v2\/product_cat?post=3174"},{"taxonomy":"product_tag","embeddable":true,"href":"https:\/\/rfid-laundry-tag.com\/pt\/wp-json\/wp\/v2\/product_tag?post=3174"}],"curies":[{"name":"wp","href":"https:\/\/api.w.org\/{rel}","templated":true}]}}