{"id":317,"date":"2024-06-28T04:00:12","date_gmt":"2024-06-28T04:00:12","guid":{"rendered":"https:\/\/rfid-laundry-tag.com\/?post_type=product&#038;p=317"},"modified":"2024-06-28T04:00:12","modified_gmt":"2024-06-28T04:00:12","slug":"iso15693-i-code-slix-nfc-tag","status":"publish","type":"product","link":"https:\/\/rfid-laundry-tag.com\/pt\/iso15693-i-code-slix-nfc-tag\/","title":{"rendered":"Etiqueta NFC ISO15693 I CODE SLIX"},"content":{"rendered":"<table class=\"hight-light-first-column all magic-1\">\n<tbody>\n<tr>\n<td colspan=\"1\" rowspan=\"1\">\n<div class=\"magic-2\">\n<div class=\"magic-3\" data-spm-anchor-id=\"a2700.pc-decorate.0.i24.7f543333WPG8F0\"><span class=\"magic-4\" data-spm-anchor-id=\"a2700.pc-decorate.0.i23.7f543333WPG8F0\"><span class=\"magic-5\" style=\"color: #000000; font-family: Roboto;\"><b class=\"magic-4\" data-spm-anchor-id=\"a2700.pc-decorate.0.i114.7f543333WPG8F0\">Item<\/b><\/span><\/span><\/div>\n<\/div>\n<\/td>\n<td colspan=\"4\" rowspan=\"1\">\n<div class=\"magic-6\">\u00a0Etiqueta NFC ISO15693 I CODE SLIX<\/div>\n<\/td>\n<\/tr>\n<tr>\n<td colspan=\"1\" rowspan=\"1\">\n<div class=\"magic-2\">\n<div class=\"magic-3\" data-spm-anchor-id=\"a2700.pc-decorate.0.i22.7f543333WPG8F0\"><span class=\"magic-4\" data-spm-anchor-id=\"a2700.pc-decorate.0.i10.7f543333WPG8F0\"><b class=\"magic-4\"><span class=\"magic-5\" style=\"color: #000000; font-family: Roboto;\">Material<\/span><\/b><\/span><\/div>\n<\/div>\n<\/td>\n<td colspan=\"4\" rowspan=\"1\">\n<div class=\"magic-9\"><span class=\"magic-5\" style=\"color: #000000;\">Papel \/ Filme PP \/ PET \/ Inlay<\/span><\/div>\n<\/td>\n<\/tr>\n<tr>\n<td colspan=\"1\" rowspan=\"1\">\n<div class=\"magic-2\">\n<div class=\"magic-3\" data-spm-anchor-id=\"a2700.pc-decorate.0.i34.7f543333WPG8F0\"><b class=\"magic-13\" data-spm-anchor-id=\"a2700.pc-decorate.0.i111.7f543333WPG8F0\"><span class=\"magic-5\" style=\"color: #000000; font-family: Roboto;\">Frequ\u00eancia<\/span><\/b><\/div>\n<\/div>\n<\/td>\n<td colspan=\"4\" rowspan=\"1\">\n<div class=\"magic-6\"><span class=\"magic-5\" style=\"color: #000000; font-family: Roboto;\" data-spm-anchor-id=\"a2700.details.0.i25.244e512bmtbZH7\">13,56 MHz<\/span><\/div>\n<\/td>\n<\/tr>\n<tr>\n<td colspan=\"1\" rowspan=\"1\">\n<div class=\"magic-2\">\n<div class=\"magic-3\" data-spm-anchor-id=\"a2700.pc-decorate.0.i33.7f543333WPG8F0\"><b class=\"magic-4\"><span class=\"magic-5\" style=\"color: #000000; font-family: Roboto;\">Tamanho<\/span><\/b><\/div>\n<\/div>\n<\/td>\n<td colspan=\"4\" rowspan=\"1\">\n<div class=\"magic-9\"><span class=\"magic-5\" style=\"color: #000000;\">50*50\/45*45\/30*15\/40*25\/ Dia 25\/30 ou tamanho personalizado<\/span><\/div>\n<\/td>\n<\/tr>\n<tr>\n<td colspan=\"1\" rowspan=\"1\">\n<div class=\"magic-2\">\n<div class=\"magic-3\"><b class=\"magic-14\">Formul\u00e1rios<\/b><\/div>\n<\/div>\n<\/td>\n<td colspan=\"4\" rowspan=\"1\">\n<div class=\"magic-6\" data-spm-anchor-id=\"a2700.details.0.i24.244e512bmtbZH7\"><span class=\"magic-5\" style=\"color: #000000; font-family: Roboto;\">Amplamente utilizado em gest\u00e3o de ativos, gest\u00e3o de vestu\u00e1rio, invent\u00e1rio, biblioteca, joalheria, log\u00edstica etc.<\/span><\/div>\n<\/td>\n<\/tr>\n<\/tbody>\n<\/table>\n<p>&nbsp;<\/p>\n<div class=\"auto-hide-last-sibling-br paragraph_9dc5f paragraph-element\"><strong>Incrusta\u00e7\u00f5es RFID:<\/strong>\u00a0Um inlay RFID consiste em uma antena e um microchip, onde o chip armazena dados e a antena \u00e9 respons\u00e1vel por transmitir esses dados ao leitor RFID.<\/div>\n<p>&nbsp;<\/p>\n<div class=\"auto-hide-last-sibling-br paragraph_9dc5f paragraph-element\"><strong>Incrusta\u00e7\u00f5es \u00famidas:<\/strong>\u00a0S\u00e3o incrusta\u00e7\u00f5es RFID que s\u00e3o colocadas sobre uma camada adesiva e uma camada transparente de PET (Polietileno Tereftalato). A camada de PET \u00e9 usada para prote\u00e7\u00e3o contra danos f\u00edsicos. Com o lado adesivo voltado para longe da etiqueta ou material, elas podem ser usadas confortavelmente para construir etiquetas RFID, da\u00ed sua ampla aplica\u00e7\u00e3o na cria\u00e7\u00e3o de etiquetas para v\u00e1rios setores.<\/div>\n<div><\/div>\n<div>\n<div class=\"auto-hide-last-sibling-br paragraph_9dc5f paragraph-element\">\u00a0A etiqueta NFC ISO15693 I CODE SLIX, feita de v\u00e1rios materiais como papel, filme PP, PET ou incrusta\u00e7\u00e3o, e em diferentes tamanhos, \u00e9 amplamente utilizada. Voc\u00ea frequentemente as encontrar\u00e1 em ind\u00fastrias como:<\/div>\n<p><br class=\"container_21264 wrapper_661ac undefined\" \/><\/p>\n<ul class=\"auto-hide-last-sibling-br\">\n<li><strong>Gest\u00e3o de ativos:<\/strong>\u00a0As etiquetas s\u00e3o usadas para rastrear ativos f\u00edsicos em diversos ambientes, como equipamentos de monitoramento em assist\u00eancia m\u00e9dica ou TI.<\/li>\n<li><strong>Gest\u00e3o de Vestu\u00e1rio:<\/strong>\u00a0No varejo de moda, essas etiquetas facilitam o rastreamento de estoque, medidas antirroubo e melhoram a experi\u00eancia do cliente na loja.<\/li>\n<li><strong>Gest\u00e3o de estoque:<\/strong>\u00a0Em armaz\u00e9ns e varejo, as etiquetas RFID s\u00e3o usadas para gerenciar estoques com efici\u00eancia, reduzir trabalho manual e minimizar erros.<\/li>\n<li><strong>Gest\u00e3o da Biblioteca:<\/strong>\u00a0Eles s\u00e3o usados para automatizar processos de empr\u00e9stimo e devolu\u00e7\u00e3o, melhorar o gerenciamento de estoque e oferecer seguran\u00e7a contra roubo.<\/li>\n<li><strong>Gest\u00e3o de joias:<\/strong>\u00a0Leves e precisas, essas etiquetas oferecem controle de estoque seguro e eficaz no setor de joias.<\/li>\n<li><strong>Log\u00edstica:<\/strong> As etiquetas RFID s\u00e3o utilizadas no rastreamento de mercadorias em tr\u00e2nsito, melhorando a precis\u00e3o do envio e aumentando a visibilidade na cadeia de suprimentos.<\/li>\n<\/ul>\n<div class=\"auto-hide-last-sibling-br paragraph_9dc5f paragraph-element\">O tamanho e o formato da etiqueta podem ser personalizados de acordo com a aplica\u00e7\u00e3o espec\u00edfica, aumentando sua flexibilidade e adaptabilidade em v\u00e1rios casos de uso.<\/div>\n<\/div>","protected":false},"excerpt":{"rendered":"<p><strong>Etiqueta NFC ISO15693 I CODE SLIX:<\/strong>\u00a0Essas tags s\u00e3o tags RFID de alta frequ\u00eancia (13,56 MHz) que atendem ao padr\u00e3o ISO15693. O chip I CODE SLIX \u00e9 conhecido por seu not\u00e1vel alcance de leitura\/grava\u00e7\u00e3o, ideal para aplica\u00e7\u00f5es de gerenciamento de ativos.<\/p>","protected":false},"featured_media":318,"template":"","meta":{"_kad_post_transparent":"default","_kad_post_title":"","_kad_post_layout":"default","_kad_post_sidebar_id":"","_kad_post_content_style":"default","_kad_post_vertical_padding":"default","_kad_post_feature":"","_kad_post_feature_position":"","_kad_post_header":false,"_kad_post_footer":false,"_kad_post_classname":""},"product_brand":[],"product_cat":[54],"product_tag":[133,132],"class_list":{"0":"post-317","1":"product","2":"type-product","3":"status-publish","4":"has-post-thumbnail","6":"product_cat-hot-selling-rfid-tags","7":"product_tag-i-code-slix-nfc-tag","8":"product_tag-iso15693-i-code-slix-nfc-tag","10":"first","11":"instock","12":"shipping-taxable","13":"product-type-simple","14":"entry","15":"content-bg","16":"loop-entry"},"_links":{"self":[{"href":"https:\/\/rfid-laundry-tag.com\/pt\/wp-json\/wp\/v2\/product\/317","targetHints":{"allow":["GET"]}}],"collection":[{"href":"https:\/\/rfid-laundry-tag.com\/pt\/wp-json\/wp\/v2\/product"}],"about":[{"href":"https:\/\/rfid-laundry-tag.com\/pt\/wp-json\/wp\/v2\/types\/product"}],"version-history":[{"count":0,"href":"https:\/\/rfid-laundry-tag.com\/pt\/wp-json\/wp\/v2\/product\/317\/revisions"}],"wp:featuredmedia":[{"embeddable":true,"href":"https:\/\/rfid-laundry-tag.com\/pt\/wp-json\/wp\/v2\/media\/318"}],"wp:attachment":[{"href":"https:\/\/rfid-laundry-tag.com\/pt\/wp-json\/wp\/v2\/media?parent=317"}],"wp:term":[{"taxonomy":"product_brand","embeddable":true,"href":"https:\/\/rfid-laundry-tag.com\/pt\/wp-json\/wp\/v2\/product_brand?post=317"},{"taxonomy":"product_cat","embeddable":true,"href":"https:\/\/rfid-laundry-tag.com\/pt\/wp-json\/wp\/v2\/product_cat?post=317"},{"taxonomy":"product_tag","embeddable":true,"href":"https:\/\/rfid-laundry-tag.com\/pt\/wp-json\/wp\/v2\/product_tag?post=317"}],"curies":[{"name":"wp","href":"https:\/\/api.w.org\/{rel}","templated":true}]}}