{"id":315,"date":"2024-06-28T01:50:42","date_gmt":"2024-06-28T01:50:42","guid":{"rendered":"https:\/\/rfid-laundry-tag.com\/?post_type=product&#038;p=315"},"modified":"2024-08-19T15:48:20","modified_gmt":"2024-08-19T15:48:20","slug":"tamper-proof-nfc-sticker-ntag424-dna-tt","status":"publish","type":"product","link":"https:\/\/rfid-laundry-tag.com\/pt\/tamper-proof-nfc-sticker-ntag424-dna-tt\/","title":{"rendered":"Adesivo NFC inviol\u00e1vel NTAG424 DNA TT"},"content":{"rendered":"<h2>Adesivo NFC inviol\u00e1vel NTAG424 DNA TT<\/h2>\n<table class=\"all magic-15\">\n<tbody>\n<tr>\n<td colspan=\"1\" rowspan=\"1\">\n<div class=\"magic-16\" data-spm-anchor-id=\"a2700.details.0.i75.2d9c3353FQLlpS\">Material<\/div>\n<\/td>\n<td colspan=\"4\" rowspan=\"1\">\n<div class=\"magic-17\">Papel fr\u00e1gil + Antena fr\u00e1gil<\/div>\n<\/td>\n<\/tr>\n<tr>\n<td colspan=\"1\" rowspan=\"1\">\n<div class=\"magic-16\">Tamanho<\/div>\n<\/td>\n<td colspan=\"4\" rowspan=\"1\">\n<div class=\"magic-17\">24*60 mm, 20*70 mm, 27*77 mm, 35*66 mm, 35 mm*80 mm etc.<\/div>\n<\/td>\n<\/tr>\n<tr>\n<td colspan=\"1\" rowspan=\"1\">\n<div class=\"magic-16\">Impress\u00e3o<\/div>\n<\/td>\n<td colspan=\"4\" rowspan=\"1\">\n<div class=\"magic-17\">Impress\u00e3o colorida<\/div>\n<\/td>\n<\/tr>\n<tr>\n<td colspan=\"1\" rowspan=\"1\">\n<div class=\"magic-16\">Frequ\u00eancia<\/div>\n<\/td>\n<td colspan=\"4\" rowspan=\"1\">\n<div class=\"magic-17\" data-spm-anchor-id=\"a2700.details.0.i74.2d9c3353FQLlpS\">13,56 MHz<\/div>\n<\/td>\n<\/tr>\n<tr>\n<td colspan=\"1\" rowspan=\"1\">\n<div class=\"magic-16\">Protocolo<\/div>\n<\/td>\n<td colspan=\"4\" rowspan=\"1\">\n<div class=\"magic-17\">Norma ISO 14443A<\/div>\n<\/td>\n<\/tr>\n<tr>\n<td colspan=\"1\" rowspan=\"2\">\n<div class=\"magic-16\">Lasca<\/div>\n<\/td>\n<td colspan=\"4\" rowspan=\"1\">\n<div class=\"magic-17\">\n<p>NTAG213 TT<\/p>\n<p>* 184 bytes organizados em 46 p\u00e1ginas com 4 bytes por p\u00e1gina<br \/>\n* 144 bytes dispon\u00edveis gratuitamente na \u00e1rea de leitura\/escrita do usu\u00e1rio (36 p\u00e1ginas)<\/p>\n<\/div>\n<\/td>\n<\/tr>\n<tr>\n<td colspan=\"4\" rowspan=\"1\">\n<div class=\"magic-17\">\n<p>NTAG424 DNA TT Tamper (416 bytes)<\/p>\n<p>Mem\u00f3ria de 416 bytes organizada em um sistema de arquivos ISO\/IEC 7816-4:<br \/>\n* Capacidade de cont\u00eainer de 32 bytes<br \/>\n* Arquivo NDEF de 256 bytes<br \/>\n* Arquivo de dados protegido de 128 bytes<\/p>\n<\/div>\n<\/td>\n<\/tr>\n<tr>\n<td colspan=\"1\" rowspan=\"1\">\n<div class=\"magic-16\">Dist\u00e2ncia de leitura<\/div>\n<\/td>\n<td colspan=\"4\" rowspan=\"1\">\n<div class=\"magic-17\" data-spm-anchor-id=\"a2700.details.0.i76.2d9c3353FQLlpS\">1-10CM (relacionado ao desempenho do leitor e ambiente de trabalho)<\/div>\n<\/td>\n<\/tr>\n<tr>\n<td colspan=\"1\" rowspan=\"1\">\n<div class=\"magic-16\">Recurso<\/div>\n<\/td>\n<td colspan=\"4\" rowspan=\"1\">\n<div class=\"magic-17\">Anti-falsifica\u00e7\u00e3o, \u00e0 prova de viola\u00e7\u00e3o, uso \u00fanico<\/div>\n<\/td>\n<\/tr>\n<tr>\n<td colspan=\"1\" rowspan=\"1\">\n<div class=\"magic-16\">Suporte personalizado<\/div>\n<\/td>\n<td colspan=\"4\" rowspan=\"1\">\n<div class=\"magic-17\">Material, tamanho, chip, impress\u00e3o, codifica\u00e7\u00e3o, n\u00famero de s\u00e9rie, formato, embalagem, etc.<\/div>\n<\/td>\n<\/tr>\n<tr>\n<td colspan=\"1\" rowspan=\"1\">\n<div class=\"magic-16\">Certificado<\/div>\n<\/td>\n<td colspan=\"4\" rowspan=\"1\">\n<div class=\"magic-17\">CE RoHS ISO<\/div>\n<\/td>\n<\/tr>\n<\/tbody>\n<\/table>\n<h3>Como funciona o TAG (NTAG213 TagTamper \/ 424 DNA TagTamper)<\/h3>\n<p><strong>Princ\u00edpio Geral:<\/strong><\/p>\n<p>O sistema TAG utiliza\u00a0<strong>Tecnologia RFID<\/strong>\u00a0com um especialista\u00a0<strong>Adultera\u00e7\u00e3o de etiquetas<\/strong>\u00a0funcionalidade para detectar abertura n\u00e3o autorizada de pacotes. Consiste em dois componentes prim\u00e1rios:<\/p>\n<ol>\n<li><strong>Etiqueta RFID:<\/strong>\n<ul>\n<li><strong>Loop da antena principal:<\/strong>\u00a0Transmite ondas de r\u00e1dio entre o leitor RFID e o chip IC.<\/li>\n<li><strong>La\u00e7o\/fio de detec\u00e7\u00e3o:<\/strong>\u00a0Um fio separado projetado para quebrar ao ser adulterado. Essa quebra \u00e9 permanentemente registrada pelo chip IC.<\/li>\n<\/ul>\n<\/li>\n<li><strong>Leitor RFID:<\/strong>\n<ul>\n<li><strong>L\u00ea dados da etiqueta RFID<\/strong>, incluindo o status do fio de detec\u00e7\u00e3o.<\/li>\n<li><strong>Transmite os dados para um servidor<\/strong>, onde pode ser analisado e utilizado para diversas aplica\u00e7\u00f5es.<\/li>\n<\/ul>\n<\/li>\n<\/ol>\n<p><strong>Funcionalidade de adultera\u00e7\u00e3o de tags:<\/strong><\/p>\n<ul>\n<li>O fio de detec\u00e7\u00e3o \u00e9 conectado ao chip IC.<\/li>\n<li>Quando o fio \u00e9 quebrado, o chip\u00a0<strong>armazena um registro permanente do evento de adultera\u00e7\u00e3o<\/strong>.<\/li>\n<li>Esta informa\u00e7\u00e3o pode ser\u00a0<strong>espelhado em c\u00f3digo ASCII na mem\u00f3ria do usu\u00e1rio<\/strong>\u00a0e\u00a0<strong>reportado para a nuvem<\/strong>\u00a0para an\u00e1lise posterior.<\/li>\n<\/ul>\n<p><strong>424 TagTamper de DNA com criptografia AES-128:<\/strong><\/p>\n<ul>\n<li><strong>Mensagem de autentica\u00e7\u00e3o NFC exclusiva (SUN):<\/strong>\u00a0Cada vez que o 424 DNA TagTamper \u00e9 tocado com um celular ou leitor NFC, ele gera um SUN exclusivo.<\/li>\n<li><strong>Autentica\u00e7\u00e3o Segura:<\/strong>\n<ul>\n<li>O SUN \u00e9 enviado para um servidor host, junto com um URL exclusivo.<\/li>\n<li>O host realiza autentica\u00e7\u00e3o usando criptografia AES-128.<\/li>\n<li><strong>Verifica\u00e7\u00e3o<\/strong>\u00a0\u00e9 devolvido ao leitor\/dispositivo m\u00f3vel.<\/li>\n<\/ul>\n<\/li>\n<\/ul>\n<p><strong>Aplica\u00e7\u00f5es:<\/strong><\/p>\n<ul>\n<li><strong>Anti-falsifica\u00e7\u00e3o avan\u00e7ada (autentica\u00e7\u00e3o de produtos):<\/strong>\n<ul>\n<li>Verifica a autenticidade de bens f\u00edsicos.<\/li>\n<li>Identifica vendas fora de mercados autorizados.<\/li>\n<\/ul>\n<\/li>\n<li><strong>Detec\u00e7\u00e3o e Prova de Viola\u00e7\u00e3o (Embalagem Inteligente):<\/strong>\n<ul>\n<li>Detecta abertura n\u00e3o autorizada de produtos.<\/li>\n<li>Garante a integridade do produto.<\/li>\n<\/ul>\n<\/li>\n<li><strong>Experi\u00eancias de usu\u00e1rio exclusivas e garantidas com base no status do produto:<\/strong>\n<ul>\n<li>Permite intera\u00e7\u00f5es avan\u00e7adas do usu\u00e1rio (pr\u00e9 e p\u00f3s-venda).<\/li>\n<li>Recompensa clientes com conte\u00fado personalizado, ofertas e privil\u00e9gios.<\/li>\n<\/ul>\n<\/li>\n<li><strong>Aplica\u00e7\u00f5es de dados sens\u00edveis protegidos:<\/strong>\n<ul>\n<li>Protege dados confidenciais de produtos e usu\u00e1rios.<\/li>\n<li>Aciona uma a\u00e7\u00e3o mediante uma incid\u00eancia verificada (por exemplo, pagamento).<\/li>\n<\/ul>\n<\/li>\n<li><strong>Autentica\u00e7\u00e3o e configura\u00e7\u00e3o seguras de dispositivos de circuito fechado:<\/strong>\n<ul>\n<li>Autentica consum\u00edveis e pe\u00e7as.<\/li>\n<li>Habilita uma verifica\u00e7\u00e3o de integridade.<\/li>\n<li>Transfere automaticamente as configura\u00e7\u00f5es do dispositivo.<\/li>\n<\/ul>\n<\/li>\n<\/ul>\n<p><strong>Principais vantagens:<\/strong><\/p>\n<ul>\n<li><strong>Alta Seguran\u00e7a:<\/strong>\u00a0O recurso de detec\u00e7\u00e3o de viola\u00e7\u00e3o e a criptografia AES-128 garantem a integridade dos dados e evitam acesso n\u00e3o autorizado.<\/li>\n<li><strong>Aplica\u00e7\u00f5es vers\u00e1teis:<\/strong>\u00a0O sistema pode ser usado para v\u00e1rios prop\u00f3sitos, desde autentica\u00e7\u00e3o de produtos at\u00e9 seguran\u00e7a de dados.<\/li>\n<li><strong>Rastreamento em tempo real:<\/strong>\u00a0As informa\u00e7\u00f5es s\u00e3o enviadas para a nuvem em tempo real, permitindo a\u00e7\u00e3o e rastreamento imediatos.<\/li>\n<\/ul>","protected":false},"excerpt":{"rendered":"<p>NTAG 424 DNA \u00e9 um adesivo NFC NTAG424 DNA TT de alta seguran\u00e7a e poderoso, \u00e0 prova de adultera\u00e7\u00e3o, fornecido pela NXP Semiconductors. A etiqueta \u00e9 ideal para proteger ativos e informa\u00e7\u00f5es, pois apresenta funcionalidades avan\u00e7adas, como criptografia AES e autentica\u00e7\u00e3o de mensagens SUN, e protege o armazenamento de dados confidenciais.<\/p>","protected":false},"featured_media":316,"template":"","meta":{"_kad_post_transparent":"default","_kad_post_title":"","_kad_post_layout":"default","_kad_post_sidebar_id":"","_kad_post_content_style":"default","_kad_post_vertical_padding":"default","_kad_post_feature":"","_kad_post_feature_position":"","_kad_post_header":false,"_kad_post_footer":false,"_kad_post_classname":""},"product_brand":[],"product_cat":[54],"product_tag":[135,134],"class_list":{"0":"post-315","1":"product","2":"type-product","3":"status-publish","4":"has-post-thumbnail","6":"product_cat-hot-selling-rfid-tags","7":"product_tag-tamper-proof-nfc-sticker","8":"product_tag-tamper-proof-nfc-sticker-ntag424-dna-tt","10":"first","11":"instock","12":"shipping-taxable","13":"product-type-simple","14":"entry","15":"content-bg","16":"loop-entry"},"_links":{"self":[{"href":"https:\/\/rfid-laundry-tag.com\/pt\/wp-json\/wp\/v2\/product\/315","targetHints":{"allow":["GET"]}}],"collection":[{"href":"https:\/\/rfid-laundry-tag.com\/pt\/wp-json\/wp\/v2\/product"}],"about":[{"href":"https:\/\/rfid-laundry-tag.com\/pt\/wp-json\/wp\/v2\/types\/product"}],"version-history":[{"count":1,"href":"https:\/\/rfid-laundry-tag.com\/pt\/wp-json\/wp\/v2\/product\/315\/revisions"}],"predecessor-version":[{"id":1566,"href":"https:\/\/rfid-laundry-tag.com\/pt\/wp-json\/wp\/v2\/product\/315\/revisions\/1566"}],"wp:featuredmedia":[{"embeddable":true,"href":"https:\/\/rfid-laundry-tag.com\/pt\/wp-json\/wp\/v2\/media\/316"}],"wp:attachment":[{"href":"https:\/\/rfid-laundry-tag.com\/pt\/wp-json\/wp\/v2\/media?parent=315"}],"wp:term":[{"taxonomy":"product_brand","embeddable":true,"href":"https:\/\/rfid-laundry-tag.com\/pt\/wp-json\/wp\/v2\/product_brand?post=315"},{"taxonomy":"product_cat","embeddable":true,"href":"https:\/\/rfid-laundry-tag.com\/pt\/wp-json\/wp\/v2\/product_cat?post=315"},{"taxonomy":"product_tag","embeddable":true,"href":"https:\/\/rfid-laundry-tag.com\/pt\/wp-json\/wp\/v2\/product_tag?post=315"}],"curies":[{"name":"wp","href":"https:\/\/api.w.org\/{rel}","templated":true}]}}