{"id":313,"date":"2024-06-28T01:43:55","date_gmt":"2024-06-28T01:43:55","guid":{"rendered":"https:\/\/rfid-laundry-tag.com\/?post_type=product&#038;p=313"},"modified":"2024-08-19T15:55:01","modified_gmt":"2024-08-19T15:55:01","slug":"tamper-proof-ntag424-dna-tt-nfc-label","status":"publish","type":"product","link":"https:\/\/rfid-laundry-tag.com\/pt\/tamper-proof-ntag424-dna-tt-nfc-label\/","title":{"rendered":"Etiqueta NFC TT DNA Ntag424 \u00e0 prova de viola\u00e7\u00e3o"},"content":{"rendered":"<table class=\"hight-light-first-column all magic-8\">\n<tbody>\n<tr>\n<td colspan=\"1\" rowspan=\"1\">\n<div class=\"magic-11\"><span class=\"magic-7\" data-spm-anchor-id=\"a2700.details.0.i73.5472537dnd6ZwT\">Nome do item<\/span><\/div>\n<\/td>\n<td colspan=\"1\" rowspan=\"1\">\n<div class=\"magic-12\"><span class=\"magic-7\">Etiqueta NFC anti-falsa<\/span><\/div>\n<\/td>\n<\/tr>\n<tr>\n<td colspan=\"1\" rowspan=\"1\">\n<div class=\"magic-11\"><span class=\"magic-7\">Palavra-chave<\/span><\/div>\n<\/td>\n<td colspan=\"1\" rowspan=\"1\">\n<div class=\"magic-12\"><span class=\"magic-7\">Etiqueta NFC TT DNA Ntag424 \u00e0 prova de viola\u00e7\u00e3o<\/span><\/div>\n<\/td>\n<\/tr>\n<tr>\n<td colspan=\"1\" rowspan=\"1\">\n<div class=\"magic-11\"><span class=\"magic-7\">Material<\/span><\/div>\n<\/td>\n<td colspan=\"1\" rowspan=\"1\">\n<div class=\"magic-12\"><span class=\"magic-7\">AL+PET+Papel<\/span><\/div>\n<\/td>\n<\/tr>\n<tr>\n<td colspan=\"1\" rowspan=\"1\">\n<div class=\"magic-11\"><span class=\"magic-7\">Tamanho<\/span><\/div>\n<\/td>\n<td colspan=\"1\" rowspan=\"1\">\n<div class=\"magic-12\"><span class=\"magic-7\">24*49*0,2 mm<\/span><\/div>\n<\/td>\n<\/tr>\n<tr>\n<td colspan=\"1\" rowspan=\"1\">\n<div class=\"magic-11\"><span class=\"magic-7\">Lasca<\/span><\/div>\n<\/td>\n<td colspan=\"1\" rowspan=\"1\">\n<div class=\"magic-12\"><span class=\"magic-7\">NTag 424 DNA TT<\/span><\/div>\n<\/td>\n<\/tr>\n<tr>\n<td colspan=\"1\" rowspan=\"1\">\n<div class=\"magic-11\"><span class=\"magic-7\">Mem\u00f3ria<\/span><\/div>\n<\/td>\n<td colspan=\"1\" rowspan=\"1\">\n<div class=\"magic-12\" data-spm-anchor-id=\"a2700.details.0.i72.5472537dnd6ZwT\"><span class=\"magic-7\">416 bytes<\/span><\/div>\n<\/td>\n<\/tr>\n<tr>\n<td colspan=\"1\" rowspan=\"1\">\n<div class=\"magic-11\"><span class=\"magic-7\">Frequ\u00eancia<\/span><\/div>\n<\/td>\n<td colspan=\"1\" rowspan=\"1\">\n<div class=\"magic-12\"><span class=\"magic-7\">13,56 MHz<\/span><\/div>\n<\/td>\n<\/tr>\n<tr>\n<td colspan=\"1\" rowspan=\"1\">\n<div class=\"magic-11\"><span class=\"magic-7\">Protocolo<\/span><\/div>\n<\/td>\n<td colspan=\"1\" rowspan=\"1\">\n<div class=\"magic-12\"><span class=\"magic-7\">Norma ISO 14443A<\/span><\/div>\n<\/td>\n<\/tr>\n<tr>\n<td colspan=\"1\" rowspan=\"1\">\n<div class=\"magic-11\"><span class=\"magic-7\">Aplicativo<\/span><\/div>\n<\/td>\n<td colspan=\"1\" rowspan=\"1\">\n<div class=\"magic-12\"><span class=\"magic-7\">Seguran\u00e7a de \u00e1lcool, cosm\u00e9ticos de alta qualidade, joias, gest\u00e3o de ativos, etc.<\/span><\/div>\n<\/td>\n<\/tr>\n<tr>\n<td colspan=\"1\" rowspan=\"1\">\n<div class=\"magic-11\"><span class=\"magic-7\">Recurso<\/span><\/div>\n<\/td>\n<td colspan=\"1\" rowspan=\"1\">\n<div class=\"magic-12\"><span class=\"magic-7\">ANTI-FALSO<\/span><\/div>\n<\/td>\n<\/tr>\n<\/tbody>\n<\/table>\n<p>&nbsp;<\/p>\n<p>NTAG 424 DNA \u00e9 uma etiqueta NFC poderosa e de alta seguran\u00e7a fornecida pela NXP Semiconductors. A etiqueta \u00e9 ideal para proteger ativos e informa\u00e7\u00f5es, pois apresenta funcionalidades avan\u00e7adas, como criptografia AES e autentica\u00e7\u00e3o de mensagem SUN, e protege o armazenamento de dados sens\u00edveis.<\/p>\n<div class=\"auto-hide-last-sibling-br paragraph_9dc5f paragraph-element\">o NTAG 424 DNA TT (NT4H2421Tx) representa um avan\u00e7o incr\u00edvel no campo de aplica\u00e7\u00f5es NFC e IoT. Sua postura em rela\u00e7\u00e3o \u00e0 seguran\u00e7a elevada e prote\u00e7\u00e3o da integridade do produto \u00e9 uma prova de seu design de \u00faltima gera\u00e7\u00e3o.<\/div>\n<p>&nbsp;<\/p>\n<div class=\"auto-hide-last-sibling-br paragraph_9dc5f paragraph-element\"><strong>Caracter\u00edsticas do NTAG 424 DNA TT (NT4H2421Tx):<\/strong><\/div>\n<div><\/div>\n<ol class=\"auto-hide-last-sibling-br\">\n<li>\n<div class=\"auto-hide-last-sibling-br paragraph_9dc5f paragraph-element\"><strong>Alta Seguran\u00e7a:<\/strong>\u00a0Com medidas de seguran\u00e7a de \u00faltima gera\u00e7\u00e3o, este chip oferece prote\u00e7\u00e3o avan\u00e7ada contra acesso n\u00e3o autorizado e adultera\u00e7\u00e3o.<\/div>\n<\/li>\n<li>\n<div class=\"auto-hide-last-sibling-br paragraph_9dc5f paragraph-element\"><strong>Detec\u00e7\u00e3o de status:<\/strong>\u00a0O chip utiliza algoritmos de detec\u00e7\u00e3o de status afiados para identificar quaisquer anomalias rapidamente. Esse recurso \u00e9 particularmente \u00fatil na detec\u00e7\u00e3o de tentativas de adultera\u00e7\u00e3o nos produtos.<\/div>\n<\/li>\n<li>\n<div class=\"auto-hide-last-sibling-br paragraph_9dc5f paragraph-element\"><strong>Prote\u00e7\u00e3o de privacidade:<\/strong>\u00a0Em uma era em que a privacidade \u00e9 altamente valorizada, o NTAG 424 DNA TT (NT4H2421Tx) tamb\u00e9m fornece mecanismos confi\u00e1veis de prote\u00e7\u00e3o de privacidade contra poss\u00edveis viola\u00e7\u00f5es de dados.<\/div>\n<\/li>\n<li>\n<div class=\"auto-hide-last-sibling-br paragraph_9dc5f paragraph-element\"><strong>Design \u00e0 prova de viola\u00e7\u00e3o:<\/strong>\u00a0O produto foi brilhantemente projetado com recursos \u00e0 prova de viola\u00e7\u00e3o, como a utiliza\u00e7\u00e3o de materiais fr\u00e1geis na fabrica\u00e7\u00e3o da antena, papel picado e medidas antidescascamento para garantir que a etiqueta n\u00e3o seja transfer\u00edvel.<\/div>\n<\/li>\n<li>\n<div class=\"auto-hide-last-sibling-br paragraph_9dc5f paragraph-element\"><strong>Detec\u00e7\u00e3o eficiente:<\/strong>\u00a0Etiquetas completas e n\u00e3o comprometidas podem ser rapidamente identificadas por um leitor de cart\u00e3o habilitado para NFC ou telefone celular. Se adulterado, o r\u00f3tulo altera seu status de detec\u00e7\u00e3o ou se torna ileg\u00edvel, indicando assim um problema com a integridade do produto.<\/div>\n<\/li>\n<\/ol>\n<div class=\"auto-hide-last-sibling-br paragraph_9dc5f paragraph-element\"><strong>Perguntas frequentes sobre NTAG 424 DNA TT (NT4H2421Tx):<\/strong><\/div>\n<div><\/div>\n<div class=\"auto-hide-last-sibling-br paragraph_9dc5f paragraph-element\">P:\u00a0<strong>Quais aplica\u00e7\u00f5es ser\u00e3o mais beneficiadas pelo NTAG 424 DNA TT (NT4H2421Tx)?<\/strong><br class=\"container_21264 wrapper_661ac undefined\" \/>R: O NTAG 424 DNA TT (NT4H2421Tx) \u00e9 usado principalmente em ind\u00fastrias que exigem alto n\u00edvel de seguran\u00e7a, como bens de luxo, produtos farmac\u00eauticos, documentos importantes e outros itens que exigem medidas rigorosas contra falsifica\u00e7\u00e3o.<\/div>\n<div><\/div>\n<div class=\"auto-hide-last-sibling-br paragraph_9dc5f paragraph-element\">P:\u00a0<strong>Qu\u00e3o confi\u00e1vel \u00e9 o recurso de detec\u00e7\u00e3o de viola\u00e7\u00e3o?<\/strong><br class=\"container_21264 wrapper_661ac undefined\" \/>R: A etiqueta usa materiais fr\u00e1geis cuidadosamente projetados que a tornam altamente sens\u00edvel a qualquer tentativa de adultera\u00e7\u00e3o. Quando adulterada, ela muda seu status de detec\u00e7\u00e3o ou se torna ileg\u00edvel, sinalizando efetivamente qualquer tentativa de adultera\u00e7\u00e3o n\u00e3o autorizada.<\/div>\n<div class=\"auto-hide-last-sibling-br paragraph_9dc5f paragraph-element\">Esses recursos avan\u00e7ados do NTAG 424 DNA TT (NT4H2421Tx) servem para fortalecer a seguran\u00e7a, a prote\u00e7\u00e3o e a autenticidade de qualquer produto ao qual ele esteja associado.<\/div>","protected":false},"excerpt":{"rendered":"<p>O NTAG 424 DNA TT define um novo padr\u00e3o em aplica\u00e7\u00f5es seguras de NFC e IoT, introduzindo uma nova gera\u00e7\u00e3o de chips NTAG DNA com recursos de \u00faltima gera\u00e7\u00e3o para seguran\u00e7a, detec\u00e7\u00e3o de status e prote\u00e7\u00e3o de privacidade.<\/p>","protected":false},"featured_media":314,"template":"","meta":{"_kad_post_transparent":"default","_kad_post_title":"","_kad_post_layout":"default","_kad_post_sidebar_id":"","_kad_post_content_style":"default","_kad_post_vertical_padding":"default","_kad_post_feature":"","_kad_post_feature_position":"","_kad_post_header":false,"_kad_post_footer":false,"_kad_post_classname":""},"product_brand":[],"product_cat":[54],"product_tag":[130,131],"class_list":{"0":"post-313","1":"product","2":"type-product","3":"status-publish","4":"has-post-thumbnail","6":"product_cat-hot-selling-rfid-tags","7":"product_tag-tamper-proof-ntag424-dna-tt-nfc-sticker","8":"product_tag-tamper-proof-ntag424-tt-nfc-sticker","10":"first","11":"instock","12":"shipping-taxable","13":"product-type-simple","14":"entry","15":"content-bg","16":"loop-entry"},"_links":{"self":[{"href":"https:\/\/rfid-laundry-tag.com\/pt\/wp-json\/wp\/v2\/product\/313","targetHints":{"allow":["GET"]}}],"collection":[{"href":"https:\/\/rfid-laundry-tag.com\/pt\/wp-json\/wp\/v2\/product"}],"about":[{"href":"https:\/\/rfid-laundry-tag.com\/pt\/wp-json\/wp\/v2\/types\/product"}],"version-history":[{"count":3,"href":"https:\/\/rfid-laundry-tag.com\/pt\/wp-json\/wp\/v2\/product\/313\/revisions"}],"predecessor-version":[{"id":1569,"href":"https:\/\/rfid-laundry-tag.com\/pt\/wp-json\/wp\/v2\/product\/313\/revisions\/1569"}],"wp:featuredmedia":[{"embeddable":true,"href":"https:\/\/rfid-laundry-tag.com\/pt\/wp-json\/wp\/v2\/media\/314"}],"wp:attachment":[{"href":"https:\/\/rfid-laundry-tag.com\/pt\/wp-json\/wp\/v2\/media?parent=313"}],"wp:term":[{"taxonomy":"product_brand","embeddable":true,"href":"https:\/\/rfid-laundry-tag.com\/pt\/wp-json\/wp\/v2\/product_brand?post=313"},{"taxonomy":"product_cat","embeddable":true,"href":"https:\/\/rfid-laundry-tag.com\/pt\/wp-json\/wp\/v2\/product_cat?post=313"},{"taxonomy":"product_tag","embeddable":true,"href":"https:\/\/rfid-laundry-tag.com\/pt\/wp-json\/wp\/v2\/product_tag?post=313"}],"curies":[{"name":"wp","href":"https:\/\/api.w.org\/{rel}","templated":true}]}}