{"id":312,"date":"2024-06-26T17:16:17","date_gmt":"2024-06-26T17:16:17","guid":{"rendered":"https:\/\/rfid-laundry-tag.com\/?post_type=product&#038;p=312"},"modified":"2024-06-26T17:19:23","modified_gmt":"2024-06-26T17:19:23","slug":"ntag213-nfc-inlay-dia25mm","status":"publish","type":"product","link":"https:\/\/rfid-laundry-tag.com\/pt\/ntag213-nfc-inlay-dia25mm\/","title":{"rendered":"Ntag213 NFC Inlay Dia25mm"},"content":{"rendered":"<div class=\"text-title\"><strong><span class=\"magic-26\" style=\"font-family: Arial;\" data-spm-anchor-id=\"a2700.details.0.i47.6f4d7d7dnursE7\">NFC Inlay seco<\/span><\/strong><\/div>\n<div class=\"text-content\">\n<p><span class=\"magic-6\" style=\"font-family: Arial;\">Simplificando, RFID dry inlay \u00e9 uma combina\u00e7\u00e3o de chip RFID e antena. Pode ser usado para fazer adesivo NFC, etiqueta RFID, bilhete RFID e v\u00e1rias etiquetas RFID. <\/span><\/p>\n<div data-spm-anchor-id=\"a2700.details.0.i46.6f4d7d7dnursE7\">\n<p><span class=\"magic-6\" style=\"font-family: Arial;\"> A antena de incrusta\u00e7\u00e3o seca \u00e9 de alum\u00ednio gravado, que \u00e9 mais fino em compara\u00e7\u00e3o \u00e0 bobina de cobre. O formato da antena pode ser personalizado e redesenhado sob demanda.<\/span><\/p>\n<div><\/div>\n<\/div>\n<\/div>\n<div>\n<div class=\"text-title\"><strong><span class=\"magic-26\" style=\"font-family: Arial;\">NFC embutido \u00famido<\/span><\/strong><\/div>\n<div class=\"text-content\">\n<p><span class=\"magic-6\" style=\"font-family: Arial;\" data-spm-anchor-id=\"a2700.details.0.i49.6f4d7d7dnursE7\">O inlay seco RFID adicionado com um adesivo \u00e9 chamado de inlay \u00famido. Ele pode ser usado como uma etiqueta RFID ou adesivo NFC diretamente se voc\u00ea n\u00e3o precisar de nenhuma impress\u00e3o na superf\u00edcie. Ser colado nos objetos pode economizar custos e atingir o mesmo prop\u00f3sito. Tamb\u00e9m \u00e9 amplamente aplicado na fabrica\u00e7\u00e3o de etiquetas RFID. A antena do inlay \u00famido \u00e9 de grava\u00e7\u00e3o de alum\u00ednio, que \u00e9 mais fina em compara\u00e7\u00e3o com a bobina de cobre. O formato da antena pode ser personalizado e redesenhado sob demanda.<\/span><\/p>\n<div>\n<h2>Ntag213 NFC Inlay Dia25mm<\/h2>\n<p>Esta especifica\u00e7\u00e3o descreve um Ntag213 NFC Inlay com um di\u00e2metro de 25 mm. \u00c9 um inlay seco, o que significa que n\u00e3o tem um suporte adesivo e requer etapas adicionais para fixa\u00e7\u00e3o a um objeto.<\/p>\n<p><strong>Principais caracter\u00edsticas:<\/strong><\/p>\n<ul>\n<li><strong>Lasca:<\/strong>\u00a0Ntag213<\/li>\n<li><strong>Di\u00e2metro:<\/strong>\u00a025mm<\/li>\n<li><strong>Tipo:<\/strong>\u00a0Incrusta\u00e7\u00e3o seca<\/li>\n<li><strong>Protocolo:<\/strong>\u00a0ISO\/IEC 14443 Tipo A<\/li>\n<li><strong>Freq\u00fc\u00eancia:<\/strong>\u00a013,56 MHz<\/li>\n<li><strong>Mem\u00f3ria:<\/strong>\u00a0144 bytes<\/li>\n<\/ul>\n<p><strong>Vantagens:<\/strong><\/p>\n<ul>\n<li><strong>Custo-benef\u00edcio:<\/strong>\u00a0Ntag213 \u00e9 um chip NFC amplamente utilizado e acess\u00edvel.<\/li>\n<li><strong>Vers\u00e1til:<\/strong>\u00a0Adequado para uma ampla gama de aplica\u00e7\u00f5es devido ao seu tamanho de mem\u00f3ria e funcionalidade.<\/li>\n<li><strong>Dur\u00e1vel:<\/strong>\u00a0Incrusta\u00e7\u00f5es secas oferecem maior durabilidade quando comparadas \u00e0s \u00famidas.<\/li>\n<li><strong>Personaliz\u00e1vel:<\/strong>\u00a0A antena pode ser personalizada para aplica\u00e7\u00f5es espec\u00edficas.<\/li>\n<\/ul>\n<p><strong>Aplica\u00e7\u00f5es:<\/strong><\/p>\n<ul>\n<li><strong>Controle de acesso:<\/strong>\u00a0Cart\u00f5es-chave, crach\u00e1s RFID e outros sistemas de acesso seguro.<\/li>\n<li><strong>Rastreamento de ativos:<\/strong>\u00a0Rastreamento de estoque, equipamentos e outros ativos valiosos.<\/li>\n<li><strong>Marketing e publicidade:<\/strong>\u00a0Cartazes interativos, materiais promocionais e programas de fidelidade.<\/li>\n<li><strong>Sistemas de pagamento:<\/strong>\u00a0Cart\u00f5es de pagamento sem contato e carteiras m\u00f3veis.<\/li>\n<li><strong>Armazenamento de dados:<\/strong>\u00a0Armazenar pequenas quantidades de dados, como informa\u00e7\u00f5es de produtos ou n\u00fameros de s\u00e9rie.<\/li>\n<\/ul>\n<\/div>\n<div data-spm-anchor-id=\"a2700.details.0.i48.6f4d7d7dnursE7\"><\/div>\n<\/div>\n<\/div>","protected":false},"excerpt":{"rendered":"<p><strong>Incrusta\u00e7\u00f5es RFID NFC<\/strong> v\u00eam em dois tipos, \u00famido e seco. Um inlay RFID NFC \u00famido vem com um suporte adesivo, enquanto um seco n\u00e3o. Eles fornecem uma op\u00e7\u00e3o de etiqueta operando a 13,56 MHz projetada especificamente para fabricantes de equipamentos originais (OEMs). Ambos os chips de mem\u00f3ria NFC ISO 15693 e 14443 est\u00e3o dispon\u00edveis para esses inlays.<\/p>","protected":false},"featured_media":287,"template":"","meta":{"_kad_post_transparent":"default","_kad_post_title":"","_kad_post_layout":"default","_kad_post_sidebar_id":"","_kad_post_content_style":"default","_kad_post_vertical_padding":"default","_kad_post_feature":"","_kad_post_feature_position":"","_kad_post_header":false,"_kad_post_footer":false,"_kad_post_classname":""},"product_brand":[],"product_cat":[54],"product_tag":[111,129],"class_list":{"0":"post-312","1":"product","2":"type-product","3":"status-publish","4":"has-post-thumbnail","6":"product_cat-hot-selling-rfid-tags","7":"product_tag-nfc-inlay","8":"product_tag-ntag213-nfc-inlay-dia25mm","10":"first","11":"instock","12":"shipping-taxable","13":"product-type-simple","14":"entry","15":"content-bg","16":"loop-entry"},"_links":{"self":[{"href":"https:\/\/rfid-laundry-tag.com\/pt\/wp-json\/wp\/v2\/product\/312","targetHints":{"allow":["GET"]}}],"collection":[{"href":"https:\/\/rfid-laundry-tag.com\/pt\/wp-json\/wp\/v2\/product"}],"about":[{"href":"https:\/\/rfid-laundry-tag.com\/pt\/wp-json\/wp\/v2\/types\/product"}],"version-history":[{"count":0,"href":"https:\/\/rfid-laundry-tag.com\/pt\/wp-json\/wp\/v2\/product\/312\/revisions"}],"wp:featuredmedia":[{"embeddable":true,"href":"https:\/\/rfid-laundry-tag.com\/pt\/wp-json\/wp\/v2\/media\/287"}],"wp:attachment":[{"href":"https:\/\/rfid-laundry-tag.com\/pt\/wp-json\/wp\/v2\/media?parent=312"}],"wp:term":[{"taxonomy":"product_brand","embeddable":true,"href":"https:\/\/rfid-laundry-tag.com\/pt\/wp-json\/wp\/v2\/product_brand?post=312"},{"taxonomy":"product_cat","embeddable":true,"href":"https:\/\/rfid-laundry-tag.com\/pt\/wp-json\/wp\/v2\/product_cat?post=312"},{"taxonomy":"product_tag","embeddable":true,"href":"https:\/\/rfid-laundry-tag.com\/pt\/wp-json\/wp\/v2\/product_tag?post=312"}],"curies":[{"name":"wp","href":"https:\/\/api.w.org\/{rel}","templated":true}]}}