{"id":3117,"date":"2025-12-18T12:06:28","date_gmt":"2025-12-18T12:06:28","guid":{"rendered":"https:\/\/rfid-laundry-tag.com\/?post_type=product&#038;p=3117"},"modified":"2026-01-04T12:40:55","modified_gmt":"2026-01-04T12:40:55","slug":"textile-iron-durable-heat-sealed-rfid-laundry-tag","status":"publish","type":"product","link":"https:\/\/rfid-laundry-tag.com\/pt\/textile-iron-durable-heat-sealed-rfid-laundry-tag\/","title":{"rendered":"Ferro de passar roupa resistente com etiqueta RFID selada a quente"},"content":{"rendered":"<div>\n<div>\n<h2>Ferro de passar roupa resistente com etiqueta RFID selada a quente<\/h2>\n<p>&nbsp;<\/p>\n<p><strong><a href=\"https:\/\/rfid-laundry-tag.com\/pt\/textile-rfid-laundry-tag\/\">Etiqueta RFID para lavanderia com selagem t\u00e9rmica<\/a>\u00a0\u2013 Solu\u00e7\u00e3o de rastreamento t\u00eaxtil dur\u00e1vel e resistente a altas temperaturas<\/strong><\/p>\n<p>Nossa etiqueta RFID para lavanderia, impressa por termotransfer\u00eancia, oferece uma solu\u00e7\u00e3o robusta e confi\u00e1vel para identifica\u00e7\u00e3o e rastreamento de t\u00eaxteis nos setores de sa\u00fade, lavanderia industrial e gest\u00e3o de uniformes na Europa, EUA e Canad\u00e1. Tamb\u00e9m conhecida como etiqueta de transfer\u00eancia t\u00e9rmica.\u00a0<a href=\"https:\/\/rfid-laundry-tag.com\/pt\/textile-rfid-laundry-tag\/\">Etiqueta de lavanderia RFID<\/a>, Ou seja, uma etiqueta RFID para lavanderia com selagem t\u00e9rmica, ela oferece desempenho excepcional em condi\u00e7\u00f5es extremas de lavagem.<\/p>\n<h2>Vantagens:<\/h2>\n<p align=\"left\" data-spm-anchor-id=\"a2700.details-description.0.i1.404eTMiRTMiR6E\">1) \u00c0 prova d&#039;\u00e1gua e resistente ao calor<br \/>\n2) 200 ciclos de lavagem ou 300 vezes<br \/>\n3) Dist\u00e2ncia de leitura de 8 a 12 metros<br \/>\n4) O prazo de entrega \u00e9 de 3 dias.<\/p>\n<\/div>\n<h3>Principais caracter\u00edsticas<\/h3>\n<ul>\n<li>Imperme\u00e1vel e resistente a produtos qu\u00edmicos: Projetado para suportar detergentes, amaciantes, alvejantes (oxig\u00eanio\/cloro) e tratamentos alcalinos.<\/li>\n<li>Etiqueta RFID ativada por calor: integra-se perfeitamente com m\u00e1quinas de selagem t\u00e9rmica para uma fixa\u00e7\u00e3o r\u00e1pida e firme.<\/li>\n<li>Etiqueta RFID termocolante para lavanderia: F\u00e1cil de aplicar com prensa t\u00e9rmica padr\u00e3o ou t\u00e9cnicas de costura, ideal para incorporar em bordas de tecidos ou etiquetas de cuidados.<\/li>\n<li>Etiqueta RFID vest\u00edvel fixada por prensa t\u00e9rmica: Garante ades\u00e3o duradoura, reduzindo a perda da etiqueta ao longo de seu ciclo de vida.<\/li>\n<li>Etiqueta RFID para lavanderias de alta temperatura: Projetada para resistir ao calor intenso e ao estresse mec\u00e2nico dos processos industriais de lavanderia.<\/li>\n<\/ul>\n<div>\n<table width=\"637\">\n<tbody>\n<tr>\n<td width=\"328\">Nome do item:<\/td>\n<td width=\"309\">Ferro de passar roupa resistente com etiqueta RFID selada a quente<\/td>\n<\/tr>\n<tr>\n<td width=\"328\">Padr\u00e3o RFID:<\/td>\n<td width=\"309\">ISO\/IEC 18000-6 Tipo C (EPC Gen2)<\/td>\n<\/tr>\n<tr>\n<td width=\"328\">Tamanho e peso:<\/td>\n<td width=\"309\">\u00a035 mm x 15 mm; 58 mm x 15 mm; 70 mm x 10 mm; 70 mm x 15 mm; 75 mm x 12 mm; 75 mm x 15 mm ou sob medida.<\/td>\n<\/tr>\n<tr>\n<td width=\"328\">Tipo de chip:<\/td>\n<td width=\"309\">Monza 4QT, NXP U CODE 9, Alien H9 etc.<\/td>\n<\/tr>\n<tr>\n<td width=\"328\">Mem\u00f3ria EPC:<\/td>\n<td width=\"309\">128 bits<\/td>\n<\/tr>\n<tr>\n<td width=\"328\">Mem\u00f3ria do usu\u00e1rio:<\/td>\n<td width=\"309\">512 bits<\/td>\n<\/tr>\n<tr>\n<td width=\"328\">Alcance de leitura (2W ERP FCC):<\/td>\n<td width=\"309\">8M~10M<\/td>\n<\/tr>\n<tr>\n<td width=\"328\">Alcance de leitura (2W ERP ETSI):<\/td>\n<td width=\"309\">8M~10M<\/td>\n<\/tr>\n<tr>\n<td width=\"328\">Marca\u00e7\u00e3o:<\/td>\n<td width=\"309\">Adesivo para estampagem a quente, selagem t\u00e9rmica, furo etc.<\/td>\n<\/tr>\n<tr>\n<td width=\"328\">Vida \u00fatil estimada:<\/td>\n<td width=\"309\">200 ciclos de lavagem ou 300 vezes<\/td>\n<\/tr>\n<tr>\n<td width=\"328\">M\u00e9todo de lavagem:<\/td>\n<td width=\"309\">Lavanderia, Limpeza a seco<\/td>\n<\/tr>\n<tr>\n<td width=\"328\">Press\u00e3o de extra\u00e7\u00e3o de \u00e1gua:<\/td>\n<td width=\"309\">60 barras<\/td>\n<\/tr>\n<tr>\n<td width=\"328\">Resist\u00eancia \u00e0 \u00e1gua:<\/td>\n<td width=\"309\">Resistente \u00e0 \u00e1gua<\/td>\n<\/tr>\n<tr>\n<td width=\"328\">Resist\u00eancia qu\u00edmica:<\/td>\n<td width=\"309\">Detergente, Amaciante, Alvejante (Oxig\u00eanio\/ Cloro), \u00c1lcali<\/td>\n<\/tr>\n<tr>\n<td width=\"328\">Pr\u00e9-secagem em tambor:<\/td>\n<td width=\"309\">125 \u00baC por 15-20 minutos<\/td>\n<\/tr>\n<tr>\n<td width=\"328\">Temperatura de esteriliza\u00e7\u00e3o:<\/td>\n<td width=\"309\">135\u00b0C por 15-20 minutos<\/td>\n<\/tr>\n<tr>\n<td width=\"328\">Temperatura de lavagem:<\/td>\n<td width=\"309\">90\u00b0C, at\u00e9 15min.<\/td>\n<\/tr>\n<tr>\n<td width=\"328\">Umidade\/Temperatura-Opera\u00e7\u00e3o:<\/td>\n<td width=\"309\">-20 a 110\u00b0C, 8 a 95%RH<\/td>\n<\/tr>\n<tr>\n<td width=\"328\">Umidade\/Temperatura-Armazenamento:<\/td>\n<td width=\"309\">-40 a 110\u00b0C, 8 a 95%RH<\/td>\n<\/tr>\n<\/tbody>\n<\/table>\n<\/div>\n<\/div>\n<figure id=\"attachment_3280\" class=\"wp-caption alignnone\" aria-describedby=\"caption-attachment-3280\"><figcaption id=\"caption-attachment-3280\" class=\"wp-caption-text\">\n<figure id=\"attachment_3085\" aria-describedby=\"caption-attachment-3085\" style=\"width: 750px\" class=\"wp-caption alignnone\"><a href=\"https:\/\/rfid-laundry-tag.com\/pt\/textile-rfid-laundry-tag\/\"><img fetchpriority=\"high\" decoding=\"async\" class=\"size-full wp-image-3085\" src=\"https:\/\/rfid-laundry-tag.com\/wp-content\/uploads\/2025\/12\/UHF-RFID-washable-laundry-tag-11.jpg\" alt=\"Washable RFID Tags for Laundry Uniform\" width=\"750\" height=\"750\" srcset=\"https:\/\/rfid-laundry-tag.com\/wp-content\/uploads\/2025\/12\/UHF-RFID-washable-laundry-tag-11.jpg 750w, https:\/\/rfid-laundry-tag.com\/wp-content\/uploads\/2025\/12\/UHF-RFID-washable-laundry-tag-11-300x300.jpg 300w, https:\/\/rfid-laundry-tag.com\/wp-content\/uploads\/2025\/12\/UHF-RFID-washable-laundry-tag-11-150x150.jpg 150w, https:\/\/rfid-laundry-tag.com\/wp-content\/uploads\/2025\/12\/UHF-RFID-washable-laundry-tag-11-12x12.jpg 12w, https:\/\/rfid-laundry-tag.com\/wp-content\/uploads\/2025\/12\/UHF-RFID-washable-laundry-tag-11-600x600.jpg 600w, https:\/\/rfid-laundry-tag.com\/wp-content\/uploads\/2025\/12\/UHF-RFID-washable-laundry-tag-11-100x100.jpg 100w\" sizes=\"(max-width: 750px) 100vw, 750px\" \/><\/a><figcaption id=\"caption-attachment-3085\" class=\"wp-caption-text\">Etiquetas RFID lav\u00e1veis para uniformes de lavanderia<\/figcaption><\/figure>\n<\/figcaption><\/figure>\n<p>Fabricada com poli\u00e9ster tecido e adesivos termoativados de alta qualidade, esta etiqueta adesiva RFID para lavanderia adere com seguran\u00e7a a algod\u00e3o, poli\u00e9ster e tecidos mistos. A etiqueta suporta ciclos de lavagem rigorosos, incluindo esteriliza\u00e7\u00e3o em alta temperatura, tornando-a ideal para uso em sistemas de gerenciamento de lavanderia RFID amplamente utilizados em hospitais e lavanderias industriais.<\/p>\n<div class=\"entry-content-asset videofit\"><iframe title=\"Por que usar RFID na lavanderia t\u00eaxtil?\" src=\"https:\/\/www.youtube.com\/embed\/X_P3EuhS_hE?feature=oembed\" width=\"720\" height=\"405\" frameborder=\"0\" allowfullscreen=\"allowfullscreen\" data-mce-fragment=\"1\"><\/iframe><\/div>\n<div>\n<h3><strong><b>Aplica\u00e7\u00f5es em Mercados Globais<\/b><\/strong><\/h3>\n<p>Nosso\u00a0<strong>Etiqueta RFID para roupa de cama no setor de sa\u00fade.<\/strong>\u00a0Permite o rastreamento preciso de len\u00e7\u00f3is, toalhas e uniformes, auxiliando no controle de infec\u00e7\u00f5es e na precis\u00e3o do invent\u00e1rio em hospitais na Am\u00e9rica do Norte e na Europa. As etiquetas RFID t\u00eaxteis para hospitais melhoram a gest\u00e3o do ciclo de vida dos enxovais, reduzem perdas e aumentam a efici\u00eancia operacional em ambientes com normas rigorosas.<\/p>\n<p>Em ambientes de lavanderia industrial, o\u00a0<strong>Etiqueta RFID lav\u00e1vel para lavanderia industrial<\/strong>\u00a0\u00e9 crucial para a gest\u00e3o do processamento de linho em larga escala, oferecendo integra\u00e7\u00e3o perfeita em\u00a0<strong>sistemas de gerenciamento de lavanderia RFID<\/strong>\u00a0Projetado para condi\u00e7\u00f5es de lavagem rigorosas.\u00a0<strong>chip de rastreamento RFID uniforme<\/strong>\u00a0A tecnologia RFID, incorporada em etiquetas dur\u00e1veis para uniformes, ajuda empresas multinacionais e institui\u00e7\u00f5es de sa\u00fade a manter o controle e otimizar a circula\u00e7\u00e3o de uniformes.<\/p>\n<h3><strong><b>Instala\u00e7\u00e3o e utiliza\u00e7\u00e3o<\/b><\/strong><\/h3>\n<ul>\n<li><strong>Etiquetagem de pontos:<\/strong>Costure nas bainhas das pe\u00e7as de roupa, longe das linhas de dobra, para evitar danos.<\/li>\n<li><strong>Selagem t\u00e9rmica:<\/strong>Aplique a 200 \u00b0C (392 \u00b0F) durante 12 a 14 segundos usando m\u00e1quinas de selagem t\u00e9rmica padr\u00e3o da ind\u00fastria.<\/li>\n<li><strong>Na bolsa:<\/strong>Costure as etiquetas de cuidados padr\u00e3o por dentro para manter a est\u00e9tica da pe\u00e7a.<\/li>\n<\/ul>\n<figure id=\"attachment_3407\" class=\"wp-caption alignnone\" aria-describedby=\"caption-attachment-3407\"><figcaption id=\"caption-attachment-3407\" class=\"wp-caption-text\">\n<figure id=\"attachment_2970\" aria-describedby=\"caption-attachment-2970\" style=\"width: 1000px\" class=\"wp-caption alignnone\"><a href=\"https:\/\/rfid-laundry-tag.com\/pt\/textile-rfid-laundry-tag\/\"><img decoding=\"async\" class=\"size-full wp-image-2970\" src=\"https:\/\/rfid-laundry-tag.com\/wp-content\/uploads\/2025\/11\/UHF-RFID-washable-laundry-tag-08.jpg\" alt=\"Textile UHF RFID Tags Labels\" width=\"1000\" height=\"1000\" srcset=\"https:\/\/rfid-laundry-tag.com\/wp-content\/uploads\/2025\/11\/UHF-RFID-washable-laundry-tag-08.jpg 1000w, https:\/\/rfid-laundry-tag.com\/wp-content\/uploads\/2025\/11\/UHF-RFID-washable-laundry-tag-08-300x300.jpg 300w, https:\/\/rfid-laundry-tag.com\/wp-content\/uploads\/2025\/11\/UHF-RFID-washable-laundry-tag-08-150x150.jpg 150w, https:\/\/rfid-laundry-tag.com\/wp-content\/uploads\/2025\/11\/UHF-RFID-washable-laundry-tag-08-768x768.jpg 768w, https:\/\/rfid-laundry-tag.com\/wp-content\/uploads\/2025\/11\/UHF-RFID-washable-laundry-tag-08-12x12.jpg 12w, https:\/\/rfid-laundry-tag.com\/wp-content\/uploads\/2025\/11\/UHF-RFID-washable-laundry-tag-08-600x600.jpg 600w, https:\/\/rfid-laundry-tag.com\/wp-content\/uploads\/2025\/11\/UHF-RFID-washable-laundry-tag-08-100x100.jpg 100w\" sizes=\"(max-width: 1000px) 100vw, 1000px\" \/><\/a><figcaption id=\"caption-attachment-2970\" class=\"wp-caption-text\">Etiquetas RFID UHF para t\u00eaxteis<\/figcaption><\/figure>\n<\/figcaption><\/figure>\n<p>Integradas com tecnologia avan\u00e7ada de selagem t\u00e9rmica, essas etiquetas proporcionam press\u00e3o consistente e feedback autom\u00e1tico para garantir uma aplica\u00e7\u00e3o perfeita.<\/p>\n<p>&nbsp;<\/p>\n<\/div>","protected":false},"excerpt":{"rendered":"<p>Somos um dos 5 maiores fabricantes de etiquetas RFID UHF para lavanderia.<strong>.Etiqueta de lavanderia RFID dur\u00e1vel e selada a quente para ferro de passar roupa <\/strong>Garante rastreamento t\u00eaxtil dur\u00e1vel em ambientes de sa\u00fade, lavanderia e uniformes na Europa, EUA e Canad\u00e1, resistindo a ciclos de lavagem agressivos.<\/p>","protected":false},"featured_media":3118,"template":"","meta":{"_kad_post_transparent":"default","_kad_post_title":"","_kad_post_layout":"default","_kad_post_sidebar_id":"","_kad_post_content_style":"default","_kad_post_vertical_padding":"default","_kad_post_feature":"","_kad_post_feature_position":"","_kad_post_header":false,"_kad_post_footer":false,"_kad_post_classname":""},"product_brand":[],"product_cat":[16],"product_tag":[24,375,342,339,65,368,30,374,373],"class_list":{"0":"post-3117","1":"product","2":"type-product","3":"status-publish","4":"has-post-thumbnail","6":"product_cat-uhf-rfid-laundry-tags","7":"product_tag-laundry-rfid-tags","8":"product_tag-rfid-laundry-tag-7015mm","9":"product_tag-rfid-laundry-tags","10":"product_tag-rfid-washable-tags","11":"product_tag-textile-rfid-laundry-tags","12":"product_tag-textile-uhf-rfid-tags-labels","13":"product_tag-uhf-rfid-laundry-tag","14":"product_tag-washable-uhf-rfid-labels","15":"product_tag-washable-uhf-rfid-laundry-textile-labels","17":"first","18":"instock","19":"featured","20":"shipping-taxable","21":"product-type-simple","22":"entry","23":"content-bg","24":"loop-entry"},"_links":{"self":[{"href":"https:\/\/rfid-laundry-tag.com\/pt\/wp-json\/wp\/v2\/product\/3117","targetHints":{"allow":["GET"]}}],"collection":[{"href":"https:\/\/rfid-laundry-tag.com\/pt\/wp-json\/wp\/v2\/product"}],"about":[{"href":"https:\/\/rfid-laundry-tag.com\/pt\/wp-json\/wp\/v2\/types\/product"}],"version-history":[{"count":3,"href":"https:\/\/rfid-laundry-tag.com\/pt\/wp-json\/wp\/v2\/product\/3117\/revisions"}],"predecessor-version":[{"id":3168,"href":"https:\/\/rfid-laundry-tag.com\/pt\/wp-json\/wp\/v2\/product\/3117\/revisions\/3168"}],"wp:featuredmedia":[{"embeddable":true,"href":"https:\/\/rfid-laundry-tag.com\/pt\/wp-json\/wp\/v2\/media\/3118"}],"wp:attachment":[{"href":"https:\/\/rfid-laundry-tag.com\/pt\/wp-json\/wp\/v2\/media?parent=3117"}],"wp:term":[{"taxonomy":"product_brand","embeddable":true,"href":"https:\/\/rfid-laundry-tag.com\/pt\/wp-json\/wp\/v2\/product_brand?post=3117"},{"taxonomy":"product_cat","embeddable":true,"href":"https:\/\/rfid-laundry-tag.com\/pt\/wp-json\/wp\/v2\/product_cat?post=3117"},{"taxonomy":"product_tag","embeddable":true,"href":"https:\/\/rfid-laundry-tag.com\/pt\/wp-json\/wp\/v2\/product_tag?post=3117"}],"curies":[{"name":"wp","href":"https:\/\/api.w.org\/{rel}","templated":true}]}}