{"id":310,"date":"2024-06-26T17:12:34","date_gmt":"2024-06-26T17:12:34","guid":{"rendered":"https:\/\/rfid-laundry-tag.com\/?post_type=product&#038;p=310"},"modified":"2024-06-26T17:15:58","modified_gmt":"2024-06-26T17:15:58","slug":"anti-metal-uhf-rfid-tag","status":"publish","type":"product","link":"https:\/\/rfid-laundry-tag.com\/pt\/anti-metal-uhf-rfid-tag\/","title":{"rendered":"Etiqueta RFID UHF anti-metal"},"content":{"rendered":"<h2>Etiqueta RFID UHF anti-metal<\/h2>\n<h2>Personaliza\u00e7\u00f5es dispon\u00edveis:<\/h2>\n<p><strong>Impress\u00e3o:<\/strong><\/p>\n<ul>\n<li><strong>Op\u00e7\u00f5es de cores:<\/strong>\n<ul>\n<li>Impress\u00e3o monocrom\u00e1tica<\/li>\n<li>Impress\u00e3o offset de 4 cores<\/li>\n<\/ul>\n<\/li>\n<li><strong>Entrada:<\/strong>\n<ul>\n<li>Layout gr\u00e1fico fornecido pelo cliente em formato vetorial<\/li>\n<\/ul>\n<\/li>\n<li><strong>Contente:<\/strong>\n<ul>\n<li>Impress\u00e3o de c\u00f3digo EPC<\/li>\n<li>Impress\u00e3o progressiva de c\u00f3digo serial:\n<ul>\n<li>Do banco de dados<\/li>\n<li>Do arquivo .xls<\/li>\n<\/ul>\n<\/li>\n<li>Impress\u00e3o de c\u00f3digos de barras<\/li>\n<li>Impress\u00e3o de QRCode<\/li>\n<\/ul>\n<\/li>\n<li><strong>Outras op\u00e7\u00f5es de personaliza\u00e7\u00e3o dispon\u00edveis mediante solicita\u00e7\u00e3o.<\/strong><\/li>\n<\/ul>\n<p><strong>Codifica\u00e7\u00e3o de mem\u00f3ria do chip:<\/strong><\/p>\n<ul>\n<li><strong>Codifica\u00e7\u00e3o do transponder RFID UHF:<\/strong>\n<ul>\n<li>Codifica\u00e7\u00e3o de c\u00f3digo EPC<\/li>\n<li>Grava\u00e7\u00e3o de mem\u00f3ria de tag UHF:\n<ul>\n<li>Do banco de dados fornecido pelo cliente<\/li>\n<\/ul>\n<\/li>\n<\/ul>\n<\/li>\n<li><strong>Bloqueio de mem\u00f3ria:<\/strong>\n<ul>\n<li>Bloqueio tempor\u00e1rio ou permanente por senha<\/li>\n<\/ul>\n<\/li>\n<li><strong>Associa\u00e7\u00e3o de dados:<\/strong>\n<ul>\n<li>Associa\u00e7\u00e3o de c\u00f3digo EPC e c\u00f3digo TID no banco de dados<\/li>\n<li>C\u00f3digo TID e associa\u00e7\u00e3o progressiva\/c\u00f3digo de barras<\/li>\n<\/ul>\n<\/li>\n<\/ul>\n<table class=\"has-title all magic-4\">\n<tbody>\n<tr>\n<td colspan=\"1\" rowspan=\"1\">\n<div class=\"magic-5\" data-spm-anchor-id=\"a2700.details.0.i72.6b4c1284vyugjJ\">Material<\/div>\n<\/td>\n<td colspan=\"1\" rowspan=\"1\">\n<div class=\"magic-6\">abd\u00f4men<\/div>\n<\/td>\n<\/tr>\n<tr>\n<td colspan=\"1\" rowspan=\"1\">\n<div class=\"magic-5\">Tamanho<\/div>\n<\/td>\n<td colspan=\"1\" rowspan=\"1\">\n<div class=\"magic-6\">78x31x10mm ou personalizado<\/div>\n<\/td>\n<\/tr>\n<tr>\n<td colspan=\"1\" rowspan=\"1\">\n<div class=\"magic-5\">Frequ\u00eancia<\/div>\n<\/td>\n<td colspan=\"1\" rowspan=\"1\">\n<div class=\"magic-6\">860-960 MHz<\/div>\n<\/td>\n<\/tr>\n<tr>\n<td colspan=\"1\" rowspan=\"1\">\n<div class=\"magic-5\">Tipo de CI (chip)<\/div>\n<\/td>\n<td colspan=\"1\" rowspan=\"1\">\n<div class=\"magic-6\">Impinj Monza R6P<\/div>\n<\/td>\n<\/tr>\n<tr>\n<td colspan=\"1\" rowspan=\"1\">\n<div class=\"magic-5\">Protocolo<\/div>\n<\/td>\n<td colspan=\"1\" rowspan=\"1\">\n<div class=\"magic-6\">EPC Global Classe 1 Gen2 e ISO18000-6C<\/div>\n<\/td>\n<\/tr>\n<tr>\n<td colspan=\"1\" rowspan=\"1\">\n<div class=\"magic-7\">Mem\u00f3ria<\/div>\n<\/td>\n<td colspan=\"1\" rowspan=\"1\">\n<div class=\"magic-6\">EPC 128 bits, Usu\u00e1rio 32 bits<\/div>\n<\/td>\n<\/tr>\n<tr>\n<td colspan=\"1\" rowspan=\"1\">\n<div class=\"magic-5\">Fator de forma da etiqueta<\/div>\n<\/td>\n<td colspan=\"1\" rowspan=\"1\">\n<div class=\"magic-6\">Etiqueta dura<\/div>\n<\/td>\n<\/tr>\n<tr>\n<td colspan=\"1\" rowspan=\"1\">\n<div class=\"magic-5\">M\u00e9todo de fixa\u00e7\u00e3o<\/div>\n<\/td>\n<td colspan=\"1\" rowspan=\"1\">\n<div class=\"magic-6\" data-spm-anchor-id=\"a2700.details.0.i73.6b4c1284vyugjJ\">Fixa\u00e7\u00e3o por parafuso, adesivo de filme<\/div>\n<\/td>\n<\/tr>\n<tr>\n<td colspan=\"1\" rowspan=\"1\">\n<div class=\"magic-5\">Temperatura de opera\u00e7\u00e3o<\/div>\n<\/td>\n<td colspan=\"1\" rowspan=\"1\">\n<div class=\"magic-6\">-35 \u00b0C \/ +90 \u00b0C<\/div>\n<\/td>\n<\/tr>\n<tr>\n<td colspan=\"1\" rowspan=\"1\">\n<div class=\"magic-5\">Ler dist\u00e2ncia<\/div>\n<\/td>\n<td colspan=\"1\" rowspan=\"1\">\n<div class=\"magic-6\" data-spm-anchor-id=\"a2700.details.0.i67.6b4c1284vyugjJ\">At\u00e9 10m<\/div>\n<\/td>\n<\/tr>\n<tr>\n<td colspan=\"1\" rowspan=\"1\">\n<div class=\"magic-8\">Materiais de superf\u00edcie aplic\u00e1veis<\/div>\n<\/td>\n<td colspan=\"1\" rowspan=\"1\">\n<div class=\"magic-6\">Substratos met\u00e1licos e n\u00e3o met\u00e1licos<\/div>\n<\/td>\n<\/tr>\n<tr>\n<td colspan=\"1\" rowspan=\"1\">\n<div class=\"magic-7\">Classifica\u00e7\u00e3o IP<\/div>\n<\/td>\n<td colspan=\"1\" rowspan=\"1\">\n<div class=\"magic-6\">IP68<\/div>\n<\/td>\n<\/tr>\n<tr>\n<td colspan=\"1\" rowspan=\"1\">\n<div class=\"magic-7\">Aplicativo<\/div>\n<\/td>\n<td colspan=\"1\" rowspan=\"1\">\n<div class=\"magic-6\">Para ativos, ind\u00fastria pesada e uso externo<\/div>\n<\/td>\n<\/tr>\n<\/tbody>\n<\/table>\n<p>&nbsp;<\/p>\n<p><strong>Conclus\u00e3o:<\/strong><\/p>\n<p>A etiqueta ABS RFID \u00e9 uma solu\u00e7\u00e3o vers\u00e1til e personaliz\u00e1vel para diversas aplica\u00e7\u00f5es, oferecendo uma combina\u00e7\u00e3o de desempenho robusto e op\u00e7\u00f5es flex\u00edveis para atender a necessidades espec\u00edficas.<\/p>","protected":false},"excerpt":{"rendered":"<p>A etiqueta RFID UHF antimetal \u00e9 uma etiqueta RFID UHF passiva de longo alcance, poderosa, projetada para se destacar em ambientes exigentes. Ela pode ser lida de forma confi\u00e1vel em, fora e at\u00e9 perto de superf\u00edcies met\u00e1licas, proporcionando flexibilidade excepcional para rastreamento de ativos. Seu tamanho compacto e constru\u00e7\u00e3o robusta e \u00e0 prova d&#039;\u00e1gua garantem desempenho duradouro em aplica\u00e7\u00f5es industriais e externas.<\/p>","protected":false},"featured_media":311,"template":"","meta":{"_kad_post_transparent":"default","_kad_post_title":"","_kad_post_layout":"default","_kad_post_sidebar_id":"","_kad_post_content_style":"default","_kad_post_vertical_padding":"default","_kad_post_feature":"","_kad_post_feature_position":"","_kad_post_header":false,"_kad_post_footer":false,"_kad_post_classname":""},"product_brand":[],"product_cat":[54],"product_tag":[128,119],"class_list":{"0":"post-310","1":"product","2":"type-product","3":"status-publish","4":"has-post-thumbnail","6":"product_cat-hot-selling-rfid-tags","7":"product_tag-anti-metal-uhf-rfid-tag","8":"product_tag-on-metal-abs-uhf-rfid-tag","10":"first","11":"instock","12":"shipping-taxable","13":"product-type-simple","14":"entry","15":"content-bg","16":"loop-entry"},"_links":{"self":[{"href":"https:\/\/rfid-laundry-tag.com\/pt\/wp-json\/wp\/v2\/product\/310","targetHints":{"allow":["GET"]}}],"collection":[{"href":"https:\/\/rfid-laundry-tag.com\/pt\/wp-json\/wp\/v2\/product"}],"about":[{"href":"https:\/\/rfid-laundry-tag.com\/pt\/wp-json\/wp\/v2\/types\/product"}],"version-history":[{"count":0,"href":"https:\/\/rfid-laundry-tag.com\/pt\/wp-json\/wp\/v2\/product\/310\/revisions"}],"wp:featuredmedia":[{"embeddable":true,"href":"https:\/\/rfid-laundry-tag.com\/pt\/wp-json\/wp\/v2\/media\/311"}],"wp:attachment":[{"href":"https:\/\/rfid-laundry-tag.com\/pt\/wp-json\/wp\/v2\/media?parent=310"}],"wp:term":[{"taxonomy":"product_brand","embeddable":true,"href":"https:\/\/rfid-laundry-tag.com\/pt\/wp-json\/wp\/v2\/product_brand?post=310"},{"taxonomy":"product_cat","embeddable":true,"href":"https:\/\/rfid-laundry-tag.com\/pt\/wp-json\/wp\/v2\/product_cat?post=310"},{"taxonomy":"product_tag","embeddable":true,"href":"https:\/\/rfid-laundry-tag.com\/pt\/wp-json\/wp\/v2\/product_tag?post=310"}],"curies":[{"name":"wp","href":"https:\/\/api.w.org\/{rel}","templated":true}]}}