{"id":3084,"date":"2025-12-18T10:22:25","date_gmt":"2025-12-18T10:22:25","guid":{"rendered":"https:\/\/rfid-laundry-tag.com\/?post_type=product&#038;p=3084"},"modified":"2025-12-18T10:22:26","modified_gmt":"2025-12-18T10:22:26","slug":"washable-rfid-tags-for-laundry-uniform","status":"publish","type":"product","link":"https:\/\/rfid-laundry-tag.com\/pt\/washable-rfid-tags-for-laundry-uniform\/","title":{"rendered":"Etiquetas RFID lav\u00e1veis para uniformes de lavanderia"},"content":{"rendered":"<h2>Etiquetas RFID lav\u00e1veis para uniformes de lavanderia<\/h2>\n<div class=\"auto-hide-last-sibling-br paragraph_1252f paragraph-element\">\n<div class=\"auto-hide-last-sibling-br paragraph_1252f paragraph-element\">O vestu\u00e1rio <a href=\"https:\/\/rfid-laundry-tag.com\/pt\/uhf-rfid-laundry-tags\/\">Etiqueta RFID lav\u00e1vel<\/a> \u00c9 uma alternativa vers\u00e1til \u00e0s etiquetas RFID tradicionais para lavanderia, especialmente projetada para suportar mais de 50 ciclos de lavagem dom\u00e9stica com apenas uma redu\u00e7\u00e3o m\u00ednima (de 10% para 15%) no desempenho RFID. Sendo a solu\u00e7\u00e3o ideal e econ\u00f4mica, esta etiqueta RFID \u00e0 prova d&#039;\u00e1gua \u00e9 perfeita para loca\u00e7\u00e3o e venda de roupas, cal\u00e7ados e len\u00e7\u00f3is.<\/div>\n<div><\/div>\n<div class=\"auto-hide-last-sibling-br paragraph_1252f paragraph-element\">Apresentando uma estrutura \u00fanica e mecanismo de prote\u00e7\u00e3o para o chip RFID, esta etiqueta pode durar mais de 50 ciclos de lavagem dom\u00e9stica. Ela pode ser discretamente enfiada em uma costura ou deslizada em uma etiqueta de cuidados, tornando-a praticamente despercebida.<\/div>\n<p>&nbsp;<\/p>\n<div class=\"auto-hide-last-sibling-br paragraph_1252f paragraph-element\">O que distingue esta etiqueta UHF RFID de outras etiquetas de linho lav\u00e1veis \u00e9 seu design fino e transparente de 0,55 mm, tornando-a a mais fina do mercado. No geral, isso representa uma solu\u00e7\u00e3o UHF RFID inovadora para vestu\u00e1rio que oferece custo-benef\u00edcio, durabilidade e discri\u00e7\u00e3o.<\/div>\n<div><\/div>\n<div data-spm-anchor-id=\"a2700.details.0.i57.23b419c7xXORP0\"><span data-spm-anchor-id=\"a2700.details.0.i75.23b419c7xXORP0\"><b>Recurso:<\/b><br \/>\n1) Tecnologia UHF para ler centenas de tags simultaneamente.<br \/>\n2) Dist\u00e2ncia de leitura superior a 2,4 metros.<br \/>\n3) Novo design mec\u00e2nico para melhor desempenho em roupas planas.<br \/>\n4) Adequado para extratores de alta press\u00e3o at\u00e9 60 bar.<br \/>\n5) Adequado para esteriliza\u00e7\u00e3o em autoclave.<br \/>\n6) Material pequeno, macio e flex\u00edvel, ideal para tecidos, roupas de cama, vestu\u00e1rio e acess\u00f3rios.<\/span><\/div>\n<div data-spm-anchor-id=\"a2700.details.0.i57.23b419c7xXORP0\">7) Ferro de aquecimento tipo adesivo, tipo costurado, com furo etc.<\/div>\n<\/div>\n<div data-spm-anchor-id=\"a2700.details.0.i57.23b419c7xXORP0\">\n<figure id=\"attachment_3030\" aria-describedby=\"caption-attachment-3030\" style=\"width: 790px\" class=\"wp-caption alignnone\"><a href=\"https:\/\/rfid-laundry-tag.com\/pt\/uhf-rfid-laundry-tags\/\"><img fetchpriority=\"high\" decoding=\"async\" class=\"size-full wp-image-3030\" src=\"https:\/\/rfid-laundry-tag.com\/wp-content\/uploads\/2025\/12\/RFID-Laundry-Tag-Installation-Guide.png\" alt=\"RFID Laundry Tag Installation Guide\" width=\"790\" height=\"777\" srcset=\"https:\/\/rfid-laundry-tag.com\/wp-content\/uploads\/2025\/12\/RFID-Laundry-Tag-Installation-Guide.png 790w, https:\/\/rfid-laundry-tag.com\/wp-content\/uploads\/2025\/12\/RFID-Laundry-Tag-Installation-Guide-300x295.png 300w, https:\/\/rfid-laundry-tag.com\/wp-content\/uploads\/2025\/12\/RFID-Laundry-Tag-Installation-Guide-768x755.png 768w, https:\/\/rfid-laundry-tag.com\/wp-content\/uploads\/2025\/12\/RFID-Laundry-Tag-Installation-Guide-12x12.png 12w, https:\/\/rfid-laundry-tag.com\/wp-content\/uploads\/2025\/12\/RFID-Laundry-Tag-Installation-Guide-600x590.png 600w\" sizes=\"(max-width: 790px) 100vw, 790px\" \/><\/a><figcaption id=\"caption-attachment-3030\" class=\"wp-caption-text\">Guia de Instala\u00e7\u00e3o de Etiquetas RFID para Lavanderia<\/figcaption><\/figure>\n<\/div>\n<div data-spm-anchor-id=\"a2700.details.0.i57.23b419c7xXORP0\">\n<div class=\"text-content\" data-spm-anchor-id=\"a2700.details.0.i54.23b419c7xXORP0\">\n<h2>F\u00edsico:<\/h2>\n<div>Material: poli\u00e9ster 100%<br \/>\nTamanho: 70 mm\u00d715 mm x1,5 mm<br \/>\nChip: UHF<br \/>\nM\u00e9todo de instala\u00e7\u00e3o da etiqueta: Costura, Passar a ferro<br \/>\nProtocolo:ISO18ooo-6C EPC C1G2<br \/>\nPassar a ferro: 15 segundos, a 210\u2103<br \/>\nExposi\u00e7\u00e3o: 2,5 bar<br \/>\nSecagem: 15 minutos a 180\u00b0C<br \/>\nLavagem: 15 minutos a 90\u2103<br \/>\nCiclos de lavagem: 200+ ciclos ou 3 anos<br \/>\nCondi\u00e7\u00f5es de armazenamento: -20-80\u2103, 5-95% UR<\/div>\n<\/div>\n<\/div>\n<div>\n<figure id=\"attachment_2943\" aria-describedby=\"caption-attachment-2943\" style=\"width: 800px\" class=\"wp-caption alignnone\"><a href=\"https:\/\/rfid-laundry-tag.com\/pt\/uhf-rfid-laundry-tags\/\"><img decoding=\"async\" class=\"size-full wp-image-2943\" src=\"https:\/\/rfid-laundry-tag.com\/wp-content\/uploads\/2025\/10\/1-1.jpg\" alt=\"Textile UHF RFID Tags Labels\" width=\"800\" height=\"800\" srcset=\"https:\/\/rfid-laundry-tag.com\/wp-content\/uploads\/2025\/10\/1-1.jpg 800w, https:\/\/rfid-laundry-tag.com\/wp-content\/uploads\/2025\/10\/1-1-300x300.jpg 300w, https:\/\/rfid-laundry-tag.com\/wp-content\/uploads\/2025\/10\/1-1-150x150.jpg 150w, https:\/\/rfid-laundry-tag.com\/wp-content\/uploads\/2025\/10\/1-1-768x768.jpg 768w, https:\/\/rfid-laundry-tag.com\/wp-content\/uploads\/2025\/10\/1-1-12x12.jpg 12w, https:\/\/rfid-laundry-tag.com\/wp-content\/uploads\/2025\/10\/1-1-600x600.jpg 600w, https:\/\/rfid-laundry-tag.com\/wp-content\/uploads\/2025\/10\/1-1-100x100.jpg 100w\" sizes=\"(max-width: 800px) 100vw, 800px\" \/><\/a><figcaption id=\"caption-attachment-2943\" class=\"wp-caption-text\">Etiquetas RFID UHF para t\u00eaxteis<\/figcaption><\/figure>\n<\/div>\n<div>\n<h2>Benef\u00edcios das etiquetas RFID lav\u00e1veis para uniformes de lavanderia<\/h2>\n<p>Optar por etiquetas RFID lav\u00e1veis para lavanderia significa investir em uma solu\u00e7\u00e3o que simplifica a gest\u00e3o da lavanderia. Essas etiquetas especializadas s\u00e3o projetadas para suportar processos de lavanderia industrial sem comprometer o desempenho. Seus principais benef\u00edcios incluem:<\/p>\n<ol>\n<li><strong>Rastreamento aprimorado<\/strong>A tecnologia RFID permite o rastreamento em tempo real de cada pe\u00e7a de roupa, garantindo uma gest\u00e3o de estoque precisa e reduzindo perdas.<\/li>\n<li><strong>Durabilidade<\/strong>Projetadas para suportar altas temperaturas e condi\u00e7\u00f5es de lavagem rigorosas, essas etiquetas RFID dur\u00e1veis garantem longa vida \u00fatil, tornando-as uma op\u00e7\u00e3o com excelente custo-benef\u00edcio.<\/li>\n<li><strong>Efici\u00eancia melhorada<\/strong>A automatiza\u00e7\u00e3o dos fluxos de trabalho de lavanderia reduz erros manuais e agiliza os processos de entrada e sa\u00edda, aumentando a efici\u00eancia geral das instala\u00e7\u00f5es de lavanderia.<\/li>\n<\/ol>\n<p>Com uma compreens\u00e3o abrangente dos benef\u00edcios e das capacidades das etiquetas RFID lav\u00e1veis, voc\u00ea poder\u00e1 tomar uma decis\u00e3o informada para as suas necessidades de gest\u00e3o de lavanderia.<\/p>\n<h3>O que s\u00e3o etiquetas RFID lav\u00e1veis?<\/h3>\n<p>Etiquetas RFID lav\u00e1veis s\u00e3o um tipo especializado de\u00a0<strong>Etiqueta RFID<\/strong>\u00a0Projetadas especificamente para aplica\u00e7\u00f5es em lavanderia. Essas etiquetas utilizam\u00a0<strong>Tecnologia RFID de alto desempenho<\/strong>\u00a0Para permitir o rastreamento e gerenciamento precisos de itens t\u00eaxteis ao longo de todo o seu ciclo de vida. Fabricadas com materiais dur\u00e1veis, as etiquetas RFID lav\u00e1veis resistem aos rigores da lavagem industrial, incluindo exposi\u00e7\u00e3o a altas temperaturas e ciclos de lavagem repetidos.<\/p>\n<h3>Benef\u00edcios do uso de etiquetas RFID na gest\u00e3o de lavanderias<\/h3>\n<p>Integrando\u00a0<strong>Tecnologia RFID<\/strong>\u00a0A utiliza\u00e7\u00e3o de etiquetas nos processos de lavanderia oferece vantagens significativas. Essas etiquetas n\u00e3o apenas melhoram a precis\u00e3o no rastreamento de itens de lavanderia, mas tamb\u00e9m permitem que as instala\u00e7\u00f5es automatizem o controle de estoque, reduzindo custos de m\u00e3o de obra e minimizando erros humanos. Al\u00e9m disso,\u00a0<strong>lavanderia RFID<\/strong>\u00a0Os sistemas permitem uma integra\u00e7\u00e3o perfeita com o software de gest\u00e3o existente, fornecendo an\u00e1lises que ajudam a melhorar a efici\u00eancia operacional.<\/p>\n<h3>Como usar etiquetas RFID lav\u00e1veis<\/h3>\n<p>Usar etiquetas RFID lav\u00e1veis \u00e9 muito simples. Cada etiqueta pode ser costurada em...\u00a0<strong>roupas<\/strong>\u00a0ou roupas de cama, fornecendo identificadores claros que podem ser facilmente digitalizados por\u00a0<strong>Leitores RFID<\/strong>. Para um desempenho ideal, \u00e9 crucial garantir que as etiquetas estejam posicionadas corretamente nos itens e sejam compat\u00edveis com o sistema.\u00a0<strong>sistema de lavanderia RFID<\/strong>\u00a0Em uso. Auditorias regulares de itens com etiquetas RFID ajudam a manter registros de estoque precisos.<\/p>\n<h3>Avalia\u00e7\u00f5es de clientes<\/h3>\n<p>O feedback dos clientes destaca o impacto transformador das nossas etiquetas RFID lav\u00e1veis. Muitos usu\u00e1rios relatam melhorias significativas na gest\u00e3o de estoque e uma redu\u00e7\u00e3o nas perdas de itens. Um depoimento representativo de um cliente satisfeito afirma: \u201cImplementando [as etiquetas RFID]\u00a0<strong>Etiquetas RFID<\/strong>\u00a0Em nossas opera\u00e7\u00f5es de lavanderia, isso simplificou nossos processos de forma not\u00e1vel, aumentando nossa produtividade geral.\u201d<\/p>\n<\/div>\n<h3 class=\"wp-block-heading\">Instala\u00e7\u00e3o<\/h3>\n<p><strong>Marca\u00e7\u00e3o de pontos<\/strong>: Para ser costurado na bainha de um tecido. Costure a etiqueta de lavanderia longe das linhas de dobra.<br \/>\n<strong>Selagem a quente<\/strong>: Para ser selado a quente diretamente no tecido a +200\u00b0C (392\u00b0F), por 12~14s.<br \/>\n<strong>Em bolsa<\/strong>: Para ser costurado como uma etiqueta de cuidados padr\u00e3o. Costure a etiqueta de lavanderia longe das linhas de dobra.<\/p>\n<figure id=\"attachment_3036\" aria-describedby=\"caption-attachment-3036\" style=\"width: 1024px\" class=\"wp-caption alignnone\"><a href=\"https:\/\/rfid-laundry-tag.com\/pt\/uhf-rfid-laundry-tags\/\"><img decoding=\"async\" class=\"size-large wp-image-3036\" src=\"https:\/\/rfid-laundry-tag.com\/wp-content\/uploads\/2025\/12\/RFID-Laundry-Tag-Installation-Guide-03--1024x590.png\" alt=\"How to Sew RFID Laundry Tags into Linens and Garments\" width=\"1024\" height=\"590\" srcset=\"https:\/\/rfid-laundry-tag.com\/wp-content\/uploads\/2025\/12\/RFID-Laundry-Tag-Installation-Guide-03--1024x590.png 1024w, https:\/\/rfid-laundry-tag.com\/wp-content\/uploads\/2025\/12\/RFID-Laundry-Tag-Installation-Guide-03--300x173.png 300w, https:\/\/rfid-laundry-tag.com\/wp-content\/uploads\/2025\/12\/RFID-Laundry-Tag-Installation-Guide-03--768x442.png 768w, https:\/\/rfid-laundry-tag.com\/wp-content\/uploads\/2025\/12\/RFID-Laundry-Tag-Installation-Guide-03--18x10.png 18w, https:\/\/rfid-laundry-tag.com\/wp-content\/uploads\/2025\/12\/RFID-Laundry-Tag-Installation-Guide-03--600x345.png 600w, https:\/\/rfid-laundry-tag.com\/wp-content\/uploads\/2025\/12\/RFID-Laundry-Tag-Installation-Guide-03-.png 1148w\" sizes=\"(max-width: 1024px) 100vw, 1024px\" \/><\/a><figcaption id=\"caption-attachment-3036\" class=\"wp-caption-text\">Como costurar etiquetas RFID em roupas de cama e vestu\u00e1rio<\/figcaption><\/figure>\n<div class=\"auto-hide-last-sibling-br paragraph_1252f paragraph-element\"><strong>Etiquetas RFID lav\u00e1veis<\/strong>\u00a0s\u00e3o integrais a uma s\u00e9rie de ind\u00fastrias, fornecendo rastreamento eficiente de ativos, gerenciamento de invent\u00e1rio e melhorando a produtividade operacional geral. Aqui est\u00e3o algumas de suas aplica\u00e7\u00f5es em diferentes setores:<\/div>\n<ol class=\"auto-hide-last-sibling-br\">\n<li>\n<div class=\"auto-hide-last-sibling-br paragraph_1252f paragraph-element\"><strong>Assist\u00eancia m\u00e9dica<\/strong>: Hospitais e outras instala\u00e7\u00f5es m\u00e9dicas usam etiquetas RFID para roupas de cama para gerenciar enormes estoques de len\u00e7\u00f3is, toalhas, uniformes e roupas cir\u00fargicas. Isso ajuda a reduzir perdas, gerenciar ciclos de lavanderia e garantir que roupas de cama limpas e frescas estejam sempre dispon\u00edveis conforme necess\u00e1rio.<\/div>\n<\/li>\n<li>\n<div class=\"auto-hide-last-sibling-br paragraph_1252f paragraph-element\"><strong>Hot\u00e9is<\/strong>: Gerenciar roupas de cama \u00e9 uma tarefa enorme na ind\u00fastria hoteleira, onde milhares de itens, de roupas de cama a toalhas, cortinas e roup\u00f5es, est\u00e3o em circula\u00e7\u00e3o. As etiquetas RFID para roupas de cama simplificam o rastreamento, garantindo limpeza e substitui\u00e7\u00e3o oportunas, e ajudam a detectar e prevenir roubos.<\/div>\n<\/li>\n<li>\n<div class=\"auto-hide-last-sibling-br paragraph_1252f paragraph-element\"><strong>Restaurantes<\/strong>Na ind\u00fastria de servi\u00e7os de alimenta\u00e7\u00e3o, as etiquetas RFID podem monitorar o uso e a limpeza de uniformes, toalhas de mesa, guardanapos e aventais de chef. Isso pode melhorar os padr\u00f5es de limpeza e ajudar a manter uma apar\u00eancia impec\u00e1vel e profissional.<\/div>\n<\/li>\n<li>\n<div class=\"auto-hide-last-sibling-br paragraph_1252f paragraph-element\"><strong>Ind\u00fastrias de vestu\u00e1rio de moda<\/strong>: As etiquetas RFID desempenham um papel enorme no rastreamento de itens por toda a cadeia de suprimentos, da produ\u00e7\u00e3o ao varejo. Elas podem fornecer informa\u00e7\u00f5es valiosas como origem, hist\u00f3rico de viagem e at\u00e9 mesmo detalhes sobre o tecido e instru\u00e7\u00f5es de cuidados.<\/div>\n<\/li>\n<li>\n<div class=\"auto-hide-last-sibling-br paragraph_1252f paragraph-element\"><strong>Vestu\u00e1rio de trabalho\/vestu\u00e1rio retardante de fogo<\/strong>: As empresas podem usar etiquetas RFID para rastrear e gerenciar itens de vestu\u00e1rio especiais. Isso pode incluir garantir que roupas retardantes de fogo ou outras roupas de prote\u00e7\u00e3o sejam inspecionadas regularmente, limpas adequadamente e substitu\u00eddas conforme necess\u00e1rio.<\/div>\n<\/li>\n<li>\n<div class=\"auto-hide-last-sibling-br paragraph_1252f paragraph-element\"><strong>Cal\u00e7ados e M\u00e1scaras<\/strong>: Especialmente importante em setores como sa\u00fade e constru\u00e7\u00e3o, onde a seguran\u00e7a \u00e9 cr\u00edtica, o rastreamento do uso, limpeza e manuten\u00e7\u00e3o de itens como m\u00e1scaras e cal\u00e7ados de seguran\u00e7a pode ser simplificado com o uso de etiquetas RFID.<\/div>\n<\/li>\n<li>\n<div class=\"auto-hide-last-sibling-br paragraph_1252f paragraph-element\"><strong>Tapetes e esfreg\u00f5es<\/strong>: Para empresas que prestam servi\u00e7os de limpeza ou gerenciam grandes instala\u00e7\u00f5es, etiquetas RFID em tapetes e esfreg\u00f5es podem ajudar a rastrear o uso e a manuten\u00e7\u00e3o, garantindo ferramentas limpas e eficazes o tempo todo.<\/div>\n<\/li>\n<\/ol>\n<h3>Perguntas frequentes sobre etiquetas RFID lav\u00e1veis<\/h3>\n<p><strong>P: As etiquetas RFID s\u00e3o \u00e0 prova d&#039;\u00e1gua?<\/strong><br \/>\nA: Sim, nossas etiquetas RFID para lavanderia s\u00e3o projetadas para serem \u00e0 prova d&#039;\u00e1gua, garantindo durabilidade em ambientes \u00famidos.<\/p>\n<p><strong>P: Quantas lavagens essas etiquetas suportam?<\/strong><br \/>\nA: Nossas etiquetas RFID lav\u00e1veis geralmente suportam at\u00e9\u00a0<strong>200 ciclos de lavagem<\/strong>\u00a0mantendo, ao mesmo tempo, sua funcionalidade de rastreamento.<\/p>\n<p><strong>P: Posso personalizar as etiquetas para atender \u00e0s minhas necessidades espec\u00edficas?<\/strong><br \/>\nA: Com certeza! N\u00f3s oferecemos\u00a0<strong>solu\u00e7\u00f5es RFID personalizadas<\/strong>\u00a0Adaptado \u00e0s suas necessidades espec\u00edficas de gest\u00e3o de lavanderia.<\/p>","protected":false},"excerpt":{"rendered":"<p><strong>Etiquetas RFID lav\u00e1veis<\/strong>, As etiquetas RFID para roupas, tamb\u00e9m conhecidas como etiquetas RFID para linho, s\u00e3o fabricadas com um exterior de borracha macio, por\u00e9m resistente. Essas etiquetas s\u00e3o projetadas para serem flex\u00edveis e robustas, suportando at\u00e9 200 ciclos de lavagem e press\u00f5es de at\u00e9 60 bar. Nossas etiquetas RFID UHF para lavanderia se destacam na leitura em massa, sendo detectadas com efici\u00eancia a v\u00e1rios metros de dist\u00e2ncia. Elas est\u00e3o dispon\u00edveis em tamanhos variados, de 1,5 a 3 polegadas de comprimento e de 1\/2 polegada a 1 polegada de largura. Essas etiquetas RFID lav\u00e1veis s\u00e3o amplamente utilizadas na \u00e1rea m\u00e9dica, frequentemente fixadas em uniformes m\u00e9dicos e de enfermagem, bem como em outros uniformes profissionais, trajes e itens para loca\u00e7\u00e3o, como colchonetes.<\/p>","protected":false},"featured_media":3085,"template":"","meta":{"_kad_post_transparent":"default","_kad_post_title":"","_kad_post_layout":"default","_kad_post_sidebar_id":"","_kad_post_content_style":"default","_kad_post_vertical_padding":"default","_kad_post_feature":"","_kad_post_feature_position":"","_kad_post_header":false,"_kad_post_footer":false,"_kad_post_classname":""},"product_brand":[],"product_cat":[16],"product_tag":[24,375,342,339,65,368,30,374,373],"class_list":{"0":"post-3084","1":"product","2":"type-product","3":"status-publish","4":"has-post-thumbnail","6":"product_cat-uhf-rfid-laundry-tags","7":"product_tag-laundry-rfid-tags","8":"product_tag-rfid-laundry-tag-7015mm","9":"product_tag-rfid-laundry-tags","10":"product_tag-rfid-washable-tags","11":"product_tag-textile-rfid-laundry-tags","12":"product_tag-textile-uhf-rfid-tags-labels","13":"product_tag-uhf-rfid-laundry-tag","14":"product_tag-washable-uhf-rfid-labels","15":"product_tag-washable-uhf-rfid-laundry-textile-labels","17":"first","18":"instock","19":"featured","20":"shipping-taxable","21":"product-type-simple","22":"entry","23":"content-bg","24":"loop-entry"},"_links":{"self":[{"href":"https:\/\/rfid-laundry-tag.com\/pt\/wp-json\/wp\/v2\/product\/3084","targetHints":{"allow":["GET"]}}],"collection":[{"href":"https:\/\/rfid-laundry-tag.com\/pt\/wp-json\/wp\/v2\/product"}],"about":[{"href":"https:\/\/rfid-laundry-tag.com\/pt\/wp-json\/wp\/v2\/types\/product"}],"version-history":[{"count":1,"href":"https:\/\/rfid-laundry-tag.com\/pt\/wp-json\/wp\/v2\/product\/3084\/revisions"}],"predecessor-version":[{"id":3087,"href":"https:\/\/rfid-laundry-tag.com\/pt\/wp-json\/wp\/v2\/product\/3084\/revisions\/3087"}],"wp:featuredmedia":[{"embeddable":true,"href":"https:\/\/rfid-laundry-tag.com\/pt\/wp-json\/wp\/v2\/media\/3085"}],"wp:attachment":[{"href":"https:\/\/rfid-laundry-tag.com\/pt\/wp-json\/wp\/v2\/media?parent=3084"}],"wp:term":[{"taxonomy":"product_brand","embeddable":true,"href":"https:\/\/rfid-laundry-tag.com\/pt\/wp-json\/wp\/v2\/product_brand?post=3084"},{"taxonomy":"product_cat","embeddable":true,"href":"https:\/\/rfid-laundry-tag.com\/pt\/wp-json\/wp\/v2\/product_cat?post=3084"},{"taxonomy":"product_tag","embeddable":true,"href":"https:\/\/rfid-laundry-tag.com\/pt\/wp-json\/wp\/v2\/product_tag?post=3084"}],"curies":[{"name":"wp","href":"https:\/\/api.w.org\/{rel}","templated":true}]}}