{"id":3079,"date":"2025-12-18T10:10:20","date_gmt":"2025-12-18T10:10:20","guid":{"rendered":"https:\/\/rfid-laundry-tag.com\/?post_type=product&#038;p=3079"},"modified":"2026-01-04T13:08:46","modified_gmt":"2026-01-04T13:08:46","slug":"rfid-laundry-tag-7015mm","status":"publish","type":"product","link":"https:\/\/rfid-laundry-tag.com\/pt\/rfid-laundry-tag-7015mm\/","title":{"rendered":"Etiqueta RFID para lavanderia - 70*15mm"},"content":{"rendered":"<h2>Etiqueta RFID para lavanderia - 70*15mm<\/h2>\n<p><b>Usar<a href=\"https:\/\/rfid-laundry-tag.com\/pt\/textile-rfid-laundry-tag\/\">\u00a0Etiquetas de lavanderia RFID<\/a>\u00a0vantagens:<\/b><br \/>\n1) Reduzir o custo da m\u00e3o de obra, juntamente com o leitor UHF port\u00e1til, permitir\u00e1 saber a quantidade.<br \/>\n2) Separe as roupas de diferentes hot\u00e9is ou empresas.<br \/>\n3) An\u00e1lise de dados: ap\u00f3s a coleta dos dados, voc\u00ea pode obter mais informa\u00e7\u00f5es, por exemplo:<br \/>\n* Se a qualidade do tecido for melhor, voc\u00ea pode escolher essa empresa para economizar em pedidos futuros.<br \/>\n* Quais hot\u00e9is ou empresas t\u00eam tecidos que se danificam com mais facilidade? etc.<\/p>\n<div class=\"entry-content-asset videofit\"><iframe title=\"Por que usar RFID na lavanderia t\u00eaxtil?\" src=\"https:\/\/www.youtube.com\/embed\/X_P3EuhS_hE?feature=oembed\" width=\"720\" height=\"405\" frameborder=\"0\" allowfullscreen=\"allowfullscreen\" data-mce-fragment=\"1\"><\/iframe><\/div>\n<div class=\"table-with-header rounded-lg border border-solid border-grey-line2-normal w-fit max-w-full mb-2\">\n<div class=\"overflow-x-auto custom-scrollbar custom-scrollbar-float max-w-full\">\n<table class=\"w-fit !mb-0 !max-w-none\">\n<thead>\n<tr>\n<th>Recurso<\/th>\n<th>Especifica\u00e7\u00e3o<\/th>\n<\/tr>\n<\/thead>\n<tbody>\n<tr>\n<td><strong>Nome do item<\/strong><\/td>\n<td><strong>Etiqueta RFID para lavanderia<\/strong><\/td>\n<\/tr>\n<tr>\n<td><strong>Padr\u00e3o RFID<\/strong><\/td>\n<td>ISO\/IEC 18000-6 Tipo C (EPC Gen2)<\/td>\n<\/tr>\n<tr>\n<td><strong>Tamanho e peso<\/strong><\/td>\n<td>70\u00d715 mm, 0,6 g<\/td>\n<\/tr>\n<tr>\n<td><strong>Tipo de chip<\/strong><\/td>\n<td>NXP U CODE 8, NXP U CODE 9<\/td>\n<\/tr>\n<tr>\n<td><strong>Mem\u00f3ria EPC<\/strong><\/td>\n<td>128 bits<\/td>\n<\/tr>\n<tr>\n<td><strong>Mem\u00f3ria do usu\u00e1rio<\/strong><\/td>\n<td>512 bits<\/td>\n<\/tr>\n<tr>\n<td><strong>Faixa de leitura<\/strong><\/td>\n<td>8m (2W ERP FCC\/ETSI)<\/td>\n<\/tr>\n<tr>\n<td><strong>Marca\u00e7\u00e3o<\/strong><\/td>\n<td>Costura, Adesivo para estampagem a quente<\/td>\n<\/tr>\n<tr>\n<td><strong>Tempo de vida estimado<\/strong><\/td>\n<td>200 ciclos de lavagem ou 3 anos<\/td>\n<\/tr>\n<tr>\n<td><strong>M\u00e9todo de lavagem<\/strong><\/td>\n<td>Lavanderia, Limpeza a seco<\/td>\n<\/tr>\n<tr>\n<td><strong>Press\u00e3o de extra\u00e7\u00e3o de \u00e1gua<\/strong><\/td>\n<td>60 barras<\/td>\n<\/tr>\n<tr>\n<td><strong>Resist\u00eancia \u00e0 \u00e1gua<\/strong><\/td>\n<td>Resistente \u00e0 \u00e1gua<\/td>\n<\/tr>\n<tr>\n<td><strong>Resist\u00eancia qu\u00edmica<\/strong><\/td>\n<td>Detergente, amaciante, alvejante (oxig\u00eanio\/cloro), \u00e1lcali<\/td>\n<\/tr>\n<tr>\n<td>\u00a0Passadeira:<\/td>\n<td>190 \u00baC ~ 225 \u00baC por 10 a 15 segundos<\/td>\n<\/tr>\n<\/tbody>\n<\/table>\n<\/div>\n<\/div>\n<h3 class=\"wp-block-heading\">Instala\u00e7\u00e3o<\/h3>\n<p><strong>Marca\u00e7\u00e3o de pontos<\/strong>: Para ser costurado na bainha de um tecido. Costure a etiqueta de lavanderia longe das linhas de dobra.<br \/>\n<strong>Selagem a quente<\/strong>: Para ser selado a quente diretamente no tecido a +200\u00b0C (392\u00b0F), por 12~14s.<br \/>\n<strong>Em bolsa<\/strong>: Para ser costurado como uma etiqueta de cuidados padr\u00e3o. Costure a etiqueta de lavanderia longe das linhas de dobra.<\/p>\n<p>&nbsp;<\/p>\n<p><strong>Apresenta\u00e7\u00e3o do produto:<\/strong><br \/>\n*Mais de 200 lavagens industriais.<br \/>\n*100% Teste de escrita de mem\u00f3ria;<br \/>\n*O material e o design foram testados quanto \u00e0 confiabilidade;<br \/>\n*O produto foi inspecionado quanto \u00e0 consist\u00eancia de RF 100% pelo equipamento Tagformace da Finl\u00e2ndia.<br \/>\n* Lavagem industrial REAL 200 vezes.<br \/>\n* Macio, flex\u00edvel;<br \/>\n* Suporta press\u00e3o atmosf\u00e9rica de at\u00e9 60 graus.<\/p>\n<figure id=\"attachment_3434\" class=\"wp-caption alignnone\" aria-describedby=\"caption-attachment-3434\">\n<p><figure id=\"attachment_3081\" aria-describedby=\"caption-attachment-3081\" style=\"width: 1000px\" class=\"wp-caption alignnone\"><a href=\"https:\/\/rfid-laundry-tag.com\/pt\/textile-rfid-laundry-tag\/\"><img fetchpriority=\"high\" decoding=\"async\" class=\"size-full wp-image-3081\" src=\"https:\/\/rfid-laundry-tag.com\/wp-content\/uploads\/2025\/12\/UHF-RFID-washable-laundry-tag-08.jpg\" alt=\"RFID Laundry Tag-70*15mm\" width=\"1000\" height=\"1000\" srcset=\"https:\/\/rfid-laundry-tag.com\/wp-content\/uploads\/2025\/12\/UHF-RFID-washable-laundry-tag-08.jpg 1000w, https:\/\/rfid-laundry-tag.com\/wp-content\/uploads\/2025\/12\/UHF-RFID-washable-laundry-tag-08-300x300.jpg 300w, https:\/\/rfid-laundry-tag.com\/wp-content\/uploads\/2025\/12\/UHF-RFID-washable-laundry-tag-08-150x150.jpg 150w, https:\/\/rfid-laundry-tag.com\/wp-content\/uploads\/2025\/12\/UHF-RFID-washable-laundry-tag-08-768x768.jpg 768w, https:\/\/rfid-laundry-tag.com\/wp-content\/uploads\/2025\/12\/UHF-RFID-washable-laundry-tag-08-12x12.jpg 12w, https:\/\/rfid-laundry-tag.com\/wp-content\/uploads\/2025\/12\/UHF-RFID-washable-laundry-tag-08-600x600.jpg 600w, https:\/\/rfid-laundry-tag.com\/wp-content\/uploads\/2025\/12\/UHF-RFID-washable-laundry-tag-08-100x100.jpg 100w\" sizes=\"(max-width: 1000px) 100vw, 1000px\" \/><\/a><figcaption id=\"caption-attachment-3081\" class=\"wp-caption-text\">Etiqueta RFID para lavanderia - 70*15mm<\/figcaption><\/figure><figcaption id=\"caption-attachment-3434\" class=\"wp-caption-text\">\u00a0<\/figcaption><\/figure>\n<p><strong>Aplica\u00e7\u00e3o do produto:<\/strong><br \/>\n* Lavagem industrial;<br \/>\n* Gest\u00e3o de uniformes escolares e de funcion\u00e1rios;<br \/>\n* Gest\u00e3o de vestu\u00e1rio m\u00e9dico;<br \/>\n* Gest\u00e3o de patrulhas de pessoal;<br \/>\n* Gest\u00e3o da produ\u00e7\u00e3o em f\u00e1bricas de vestu\u00e1rio.<\/p>\n<h2 data-spm-anchor-id=\"a2700.details-description.0.i0.40e8juJgjuJgsa\"><b><span class=\"magic-29\" data-spm-anchor-id=\"a2700.details-description.0.i4.40e8juJgjuJgsa\">Principais vantagens:<\/span><\/b><\/h2>\n<div data-spm-anchor-id=\"a2700.details-description.0.i0.40e8juJgjuJgsa\">\n<div data-spm-anchor-id=\"a2700.details-description.0.i3.40e8juJgjuJgsa\"><span class=\"magic-30\"><span class=\"magic-31\">* Instalado em superf\u00edcies met\u00e1licas e n\u00e3o met\u00e1licas, apresenta bom desempenho de radiofrequ\u00eancia, 100% com etiqueta de importa\u00e7\u00e3o europeia;<br \/>\nTeste de conformidade do sistema * ap\u00f3s valida\u00e7\u00e3o e utiliza\u00e7\u00e3o por clientes internacionais renomados;<\/span><\/span><\/div>\n<\/div>\n<div class=\"auto-hide-last-sibling-br paragraph_1252f paragraph-element\">\n<figure id=\"attachment_3033\" aria-describedby=\"caption-attachment-3033\" style=\"width: 768px\" class=\"wp-caption alignnone\"><a href=\"https:\/\/rfid-laundry-tag.com\/pt\/textile-rfid-laundry-tag\/\"><img decoding=\"async\" class=\"size-large wp-image-3033\" src=\"https:\/\/rfid-laundry-tag.com\/wp-content\/uploads\/2025\/12\/RFID-Laundry-Tag-Installation-Guide-01-768x1024.png\" alt=\"RFID Laundry Tags\" width=\"768\" height=\"1024\" srcset=\"https:\/\/rfid-laundry-tag.com\/wp-content\/uploads\/2025\/12\/RFID-Laundry-Tag-Installation-Guide-01-768x1025.png 768w, https:\/\/rfid-laundry-tag.com\/wp-content\/uploads\/2025\/12\/RFID-Laundry-Tag-Installation-Guide-01-225x300.png 225w, https:\/\/rfid-laundry-tag.com\/wp-content\/uploads\/2025\/12\/RFID-Laundry-Tag-Installation-Guide-01-9x12.png 9w, https:\/\/rfid-laundry-tag.com\/wp-content\/uploads\/2025\/12\/RFID-Laundry-Tag-Installation-Guide-01-600x801.png 600w, https:\/\/rfid-laundry-tag.com\/wp-content\/uploads\/2025\/12\/RFID-Laundry-Tag-Installation-Guide-01.png 790w\" sizes=\"(max-width: 768px) 100vw, 768px\" \/><\/a><figcaption id=\"caption-attachment-3033\" class=\"wp-caption-text\">Etiquetas RFID para lavanderia<\/figcaption><\/figure>\n<\/div>\n<div>\n<div class=\"J_module\">\n<h2 id=\"ali-anchor-AliMagic-0o5zmv\" class=\"magic-0\" data-section=\"AliMagic-0o5zmv\" data-section-title=\"FAQ\" data-spm-anchor-id=\"a2700.details-description.0.i2.40e8juJgjuJgsa\"><strong>Perguntas frequentes<\/strong><\/h2>\n<div data-section=\"AliMagic-0o5zmv\" data-section-title=\"FAQ\" data-spm-anchor-id=\"a2700.details-description.0.i2.40e8juJgjuJgsa\"><\/div>\n<\/div>\n<div class=\"J_module\">\n<div class=\"detail-decorate-json-renderer-container\">\n<div class=\"magic-17\">\n<div class=\"magic-18\">\n<div class=\"magic-19\">\n<div class=\"magic-20\">\n<div data-spm-anchor-id=\"a2700.details-description.0.i5.40e8juJgjuJgsa\"><b class=\"magic-32\">1. Voc\u00eas poderiam nos oferecer algumas amostras?<\/b><\/div>\n<div data-spm-anchor-id=\"a2700.details-description.0.i5.40e8juJgjuJgsa\">Ap\u00f3s entendermos claramente quais produtos voc\u00ea precisa, podemos oferecer uma amostra similar j\u00e1 existente para sua refer\u00eancia. A amostra \u00e9 gratuita, mediante o pagamento do frete. Caso necessite de uma amostra de etiqueta personalizada com base em seu design e requisitos, ser\u00e1 cobrado um valor razo\u00e1vel pela amostra.<\/div>\n<div data-spm-anchor-id=\"a2700.details-description.0.i5.40e8juJgjuJgsa\"><\/div>\n<div data-spm-anchor-id=\"a2700.details-description.0.i5.40e8juJgjuJgsa\"><b class=\"magic-32\">2. N\u00e3o somos especialistas na sua tecnologia, de que informa\u00e7\u00f5es voc\u00eas precisam para nos enviar uma cota\u00e7\u00e3o?<\/b><\/div>\n<div data-spm-anchor-id=\"a2700.details-description.0.i5.40e8juJgjuJgsa\">Prezado(a) amigo(a), por favor, informe-nos claramente a aplica\u00e7\u00e3o da etiqueta RFID e qual objetivo voc\u00ea deseja alcan\u00e7ar. Assim, poderemos lhe propor o produto adequado a um bom pre\u00e7o.<\/div>\n<div data-spm-anchor-id=\"a2700.details-description.0.i5.40e8juJgjuJgsa\"><\/div>\n<div data-spm-anchor-id=\"a2700.details-description.0.i5.40e8juJgjuJgsa\"><b class=\"magic-32\">3. Temos uma preocupa\u00e7\u00e3o, pois pagamos, mas voc\u00eas n\u00e3o nos enviaram a mercadoria. .<\/b>\u00a0Somos uma empresa l\u00edder em etiquetas RFID, atuando de forma honesta no mercado internacional h\u00e1 anos. Sempre recebemos feedback positivo de nossos clientes em todo o mundo.<\/div>\n<div data-spm-anchor-id=\"a2700.details-description.0.i5.40e8juJgjuJgsa\"><\/div>\n<div data-spm-anchor-id=\"a2700.details-description.0.i5.40e8juJgjuJgsa\"><span class=\"magic-32\"><b><span class=\"magic-30\">4. Podemos visitar a sua f\u00e1brica?<\/span><\/b><\/span>\u00a0Sim, ser\u00e1 um prazer receb\u00ea-lo(a) em nossa f\u00e1brica. \u00c9 uma honra sermos seu guia em sua viagem \u00e0 China.<\/div>\n<\/div>\n<div data-spm-anchor-id=\"a2700.details-description.0.i5.40e8juJgjuJgsa\">\n<figure id=\"attachment_3036\" aria-describedby=\"caption-attachment-3036\" style=\"width: 1024px\" class=\"wp-caption alignnone\"><a href=\"https:\/\/rfid-laundry-tag.com\/pt\/textile-rfid-laundry-tag\/\"><img decoding=\"async\" class=\"size-large wp-image-3036\" src=\"https:\/\/rfid-laundry-tag.com\/wp-content\/uploads\/2025\/12\/RFID-Laundry-Tag-Installation-Guide-03--1024x590.png\" alt=\"How to Sew RFID Laundry Tags into Linens and Garments\" width=\"1024\" height=\"590\" srcset=\"https:\/\/rfid-laundry-tag.com\/wp-content\/uploads\/2025\/12\/RFID-Laundry-Tag-Installation-Guide-03--1024x590.png 1024w, https:\/\/rfid-laundry-tag.com\/wp-content\/uploads\/2025\/12\/RFID-Laundry-Tag-Installation-Guide-03--300x173.png 300w, https:\/\/rfid-laundry-tag.com\/wp-content\/uploads\/2025\/12\/RFID-Laundry-Tag-Installation-Guide-03--768x442.png 768w, https:\/\/rfid-laundry-tag.com\/wp-content\/uploads\/2025\/12\/RFID-Laundry-Tag-Installation-Guide-03--18x10.png 18w, https:\/\/rfid-laundry-tag.com\/wp-content\/uploads\/2025\/12\/RFID-Laundry-Tag-Installation-Guide-03--600x345.png 600w, https:\/\/rfid-laundry-tag.com\/wp-content\/uploads\/2025\/12\/RFID-Laundry-Tag-Installation-Guide-03-.png 1148w\" sizes=\"(max-width: 1024px) 100vw, 1024px\" \/><\/a><figcaption id=\"caption-attachment-3036\" class=\"wp-caption-text\">Como costurar etiquetas RFID em roupas de cama e vestu\u00e1rio<\/figcaption><\/figure>\n<\/div>\n<\/div>\n<\/div>\n<\/div>\n<\/div>\n<\/div>\n<\/div>","protected":false},"excerpt":{"rendered":"<div class=\"elementor-element elementor-element-4f79c63 e-flex e-con-boxed e-con e-parent e-lazyloaded\" data-id=\"4f79c63\" data-element_type=\"container\" data-settings=\"{&quot;_ha_eqh_enable&quot;:false}\">\n<div class=\"e-con-inner\">\n<div class=\"elementor-element elementor-element-be3873c elementor-widget elementor-widget-woocommerce-product-short-description\" data-id=\"be3873c\" data-element_type=\"widget\" data-widget_type=\"woocommerce-product-short-description.default\">\n<div class=\"elementor-widget-container\">\n<div class=\"woocommerce-product-details__short-description\"><\/div>\n<\/div>\n<\/div>\n<\/div>\n<\/div>\n<div class=\"elementor-element elementor-element-3ad806e e-flex e-con-boxed e-con e-parent e-lazyloaded\" data-id=\"3ad806e\" data-element_type=\"container\" data-settings=\"{&quot;_ha_eqh_enable&quot;:false}\">\n<div class=\"e-con-inner\">\n<div class=\"elementor-element elementor-element-362020f elementor-widget elementor-widget-woocommerce-product-data-tabs\" data-id=\"362020f\" data-element_type=\"widget\" data-widget_type=\"woocommerce-product-data-tabs.default\">\n<div class=\"elementor-widget-container\">\n<div class=\"woocommerce-tabs wc-tabs-wrapper\">\n<h3 class=\"wp-block-heading\">Etiqueta RFID para lavanderia - 70*15mm<\/h3>\n<p>1. O tamanho \u00e9 70*15mm<br \/>\n2. Garantia de 200 ou 300 ciclos de lavagem, com esteriliza\u00e7\u00e3o, desidrata\u00e7\u00e3o e tratamento t\u00e9rmico em ferro sob press\u00e3o de 60 bar e aquecimento a 200 \u00b0C.<br \/>\n3. O prazo de entrega \u00e9 de 1 a 2 dias.<\/p>\n<\/div>\n<\/div>\n<\/div>\n<\/div>\n<\/div>","protected":false},"featured_media":3080,"template":"","meta":{"_kad_post_transparent":"default","_kad_post_title":"","_kad_post_layout":"default","_kad_post_sidebar_id":"","_kad_post_content_style":"default","_kad_post_vertical_padding":"default","_kad_post_feature":"","_kad_post_feature_position":"","_kad_post_header":false,"_kad_post_footer":false,"_kad_post_classname":""},"product_brand":[],"product_cat":[16],"product_tag":[378,24,375,342,339,380,65,368,30,379,374,373],"class_list":{"0":"post-3079","1":"product","2":"type-product","3":"status-publish","4":"has-post-thumbnail","6":"product_cat-uhf-rfid-laundry-tags","7":"product_tag-laundry-management","8":"product_tag-laundry-rfid-tags","9":"product_tag-rfid-laundry-tag-7015mm","10":"product_tag-rfid-laundry-tags","11":"product_tag-rfid-washable-tags","12":"product_tag-smart-textile","13":"product_tag-textile-rfid-laundry-tags","14":"product_tag-textile-uhf-rfid-tags-labels","15":"product_tag-uhf-rfid-laundry-tag","16":"product_tag-uniform-management","17":"product_tag-washable-uhf-rfid-labels","18":"product_tag-washable-uhf-rfid-laundry-textile-labels","20":"first","21":"instock","22":"featured","23":"shipping-taxable","24":"product-type-simple","25":"entry","26":"content-bg","27":"loop-entry"},"_links":{"self":[{"href":"https:\/\/rfid-laundry-tag.com\/pt\/wp-json\/wp\/v2\/product\/3079","targetHints":{"allow":["GET"]}}],"collection":[{"href":"https:\/\/rfid-laundry-tag.com\/pt\/wp-json\/wp\/v2\/product"}],"about":[{"href":"https:\/\/rfid-laundry-tag.com\/pt\/wp-json\/wp\/v2\/types\/product"}],"version-history":[{"count":3,"href":"https:\/\/rfid-laundry-tag.com\/pt\/wp-json\/wp\/v2\/product\/3079\/revisions"}],"predecessor-version":[{"id":3170,"href":"https:\/\/rfid-laundry-tag.com\/pt\/wp-json\/wp\/v2\/product\/3079\/revisions\/3170"}],"wp:featuredmedia":[{"embeddable":true,"href":"https:\/\/rfid-laundry-tag.com\/pt\/wp-json\/wp\/v2\/media\/3080"}],"wp:attachment":[{"href":"https:\/\/rfid-laundry-tag.com\/pt\/wp-json\/wp\/v2\/media?parent=3079"}],"wp:term":[{"taxonomy":"product_brand","embeddable":true,"href":"https:\/\/rfid-laundry-tag.com\/pt\/wp-json\/wp\/v2\/product_brand?post=3079"},{"taxonomy":"product_cat","embeddable":true,"href":"https:\/\/rfid-laundry-tag.com\/pt\/wp-json\/wp\/v2\/product_cat?post=3079"},{"taxonomy":"product_tag","embeddable":true,"href":"https:\/\/rfid-laundry-tag.com\/pt\/wp-json\/wp\/v2\/product_tag?post=3079"}],"curies":[{"name":"wp","href":"https:\/\/api.w.org\/{rel}","templated":true}]}}