{"id":3076,"date":"2025-12-18T09:52:47","date_gmt":"2025-12-18T09:52:47","guid":{"rendered":"https:\/\/rfid-laundry-tag.com\/?post_type=product&#038;p=3076"},"modified":"2026-01-04T13:40:48","modified_gmt":"2026-01-04T13:40:48","slug":"fabric-washable-uhf-rfid-laundry-tags","status":"publish","type":"product","link":"https:\/\/rfid-laundry-tag.com\/pt\/fabric-washable-uhf-rfid-laundry-tags\/","title":{"rendered":"Etiquetas de lavanderia UHF RFID lav\u00e1veis em tecido"},"content":{"rendered":"<div class=\"auto-hide-last-sibling-br paragraph_1252f paragraph-element\">\n<h2 class=\"auto-hide-last-sibling-br paragraph_1252f paragraph-element\">Etiquetas de lavanderia UHF RFID lav\u00e1veis em tecido<\/h2>\n<p><a href=\"https:\/\/rfid-laundry-tag.com\/pt\/textile-rfid-laundry-tag\/\">Etiquetas t\u00eaxteis UHF para lavanderia\u00a0<\/a>S\u00e3o projetadas para atender \u00e0s necessidades de rastreamento do setor de lavanderia, principalmente em ambientes de hot\u00e9is e hospitais. S\u00e3o constru\u00eddas para serem dur\u00e1veis e adequadas para diversos processos, incluindo lavagem, secagem, lavagem a seco e passadoria.<\/p>\n<p>Essas etiquetas possuem alta sensibilidade, permitindo a leitura simult\u00e2nea de v\u00e1rias etiquetas e funcionando eficazmente mesmo em meio a diferentes interfer\u00eancias de sinal.<\/p>\n<div data-spm-anchor-id=\"a2700.details.0.i57.23b419c7xXORP0\"><span data-spm-anchor-id=\"a2700.details.0.i75.23b419c7xXORP0\"><b>Caracter\u00edsticas das etiquetas de lavanderia UHF RFID lav\u00e1veis em tecido:<\/b><br \/>\n1) Tecnologia UHF para ler centenas de tags simultaneamente.<br \/>\n2) Dist\u00e2ncia de leitura superior a 8 m~12 m.<br \/>\n3) Pode ser lavado de 200 a 300 vezes.<\/span><\/div>\n<div data-spm-anchor-id=\"a2700.details.0.i57.23b419c7xXORP0\">\n<div class=\"entry-content-asset videofit\"><iframe title=\"Etiquetas RFID UHF adesivas t\u00e9rmicas para lavanderia, testadas a uma dist\u00e2ncia de leitura de 12 metros.\" src=\"https:\/\/www.youtube.com\/embed\/cOnG5fgEIs4?feature=oembed\" width=\"720\" height=\"405\" frameborder=\"0\" allowfullscreen=\"allowfullscreen\" data-mce-fragment=\"1\"><\/iframe><\/div>\n<\/div>\n<\/div>\n<div data-spm-anchor-id=\"a2700.details.0.i57.23b419c7xXORP0\"><\/div>\n<div data-spm-anchor-id=\"a2700.details.0.i57.23b419c7xXORP0\">\n<div class=\"text-content\" data-spm-anchor-id=\"a2700.details.0.i54.23b419c7xXORP0\">\n<table>\n<tbody>\n<tr>\n<td width=\"139\">Nome do produto<\/td>\n<td width=\"600\">Etiquetas de lavanderia UHF RFID lav\u00e1veis em tecido<\/td>\n<\/tr>\n<tr>\n<td width=\"139\">Material<\/td>\n<td width=\"600\">Tecido\/Tecido etc.<\/td>\n<\/tr>\n<tr>\n<td width=\"139\">Modelo de Chip<\/td>\n<td width=\"600\">UCODE\u00ae 9<\/td>\n<\/tr>\n<tr>\n<td width=\"139\">Mem\u00f3ria<\/td>\n<td width=\"600\">EPC: 96 bits<\/td>\n<\/tr>\n<tr>\n<td width=\"139\">Protocolo<\/td>\n<td width=\"600\">EPC C1 G2<\/td>\n<\/tr>\n<tr>\n<td width=\"139\">Tamanho<\/td>\n<td width=\"600\">70*15mm, 86*16mm; 50*20mm; 72*16mm; 35*15mm etc.<\/td>\n<\/tr>\n<tr>\n<td width=\"139\">Cor<\/td>\n<td width=\"600\">Branco<\/td>\n<\/tr>\n<tr>\n<td width=\"139\">Hor\u00e1rio de funcionamento<\/td>\n<td width=\"600\">A m\u00e9dia \u00e9 de 200 vezes, alguns podem ultrapassar as 300 vezes.<\/td>\n<\/tr>\n<tr>\n<td width=\"139\">Temperatura de opera\u00e7\u00e3o<\/td>\n<td width=\"600\">-25\u2103 a +150\u2103<\/td>\n<\/tr>\n<tr>\n<td width=\"139\">Ler dist\u00e2ncia<\/td>\n<td width=\"600\">3-10M<\/td>\n<\/tr>\n<tr>\n<td width=\"139\">Aplicativo<\/td>\n<td width=\"600\">Solu\u00e7\u00f5es para lavanderia, lavanderia industrial, gest\u00e3o de roupas em hot\u00e9is, gest\u00e3o de supermercados\/lojas de roupas, etc.<\/td>\n<\/tr>\n<\/tbody>\n<\/table>\n<\/div>\n<\/div>\n<div><\/div>\n<h3 class=\"wp-block-heading\">Como instalar etiquetas RFID UHF lav\u00e1veis em tecido para lavanderia<\/h3>\n<p><strong>Marca\u00e7\u00e3o de pontos<\/strong>: Para ser costurado na bainha de um tecido. Costure a etiqueta de lavanderia longe das linhas de dobra.<br \/>\n<strong>Selagem a quente<\/strong>: Para ser selado a quente diretamente no tecido a +200\u00b0C (392\u00b0F), por 12~14s.<br \/>\n<strong>Em bolsa<\/strong>: Para ser costurado como uma etiqueta de cuidados padr\u00e3o. Costure a etiqueta de lavanderia longe das linhas de dobra.<\/p>\n<p><b>As etiquetas RFID para lavanderia podem ser amplamente aplicadas nos seguintes campos:<br \/>\n<\/b>1) Gest\u00e3o de rastreamento<br \/>\n2) F\u00e1brica\/armaz\u00e9m\/hotel\/hospital\/parque de divers\u00f5es<br \/>\n3) Uniformes hospitalares\/Roupas de cama\/Paletes\/Sacolas de lona<br \/>\n4) Lavanderias a seco<br \/>\n5) Uso em len\u00e7\u00f3is de hotel\/ Fixado em tecido\/ Roupa de trabalho<br \/>\n6) Lavadores de dinheiro<\/p>\n<h2>O que s\u00e3o chips RFID para linho?<\/h2>\n<p><a href=\"https:\/\/rfid-laundry-tag.com\/pt\/textile-rfid-laundry-tag\/\">chips de linho RFID<\/a> S\u00e3o etiquetas compactas e dur\u00e1veis com um microchip e antena de identifica\u00e7\u00e3o por radiofrequ\u00eancia (RFID) incorporados, projetadas especificamente para rastrear t\u00eaxteis como len\u00e7\u00f3is, toalhas e uniformes em ambientes industriais. Esses chips podem ser selados a quente ou costurados em itens de tecido, permitindo a identifica\u00e7\u00e3o e o rastreamento autom\u00e1ticos durante todo o seu ciclo de vida. Ao contr\u00e1rio dos c\u00f3digos de barras tradicionais, os chips RFID n\u00e3o exigem linha de vis\u00e3o direta para leitura, possibilitando um rastreamento eficiente mesmo quando os itens est\u00e3o empilhados ou ensacados.<\/p>\n<h2>Benef\u00edcios da RFID na lavanderia t\u00eaxtil:<\/h2>\n<p>Com o crescimento dos setores de lavanderia industrial e aluguel de roupas, a necessidade de automa\u00e7\u00e3o e gest\u00e3o precisa de estoque aumenta. Atualmente, menos de 11% da ind\u00fastria global de lavanderia utiliza a tecnologia RFID, mas aqueles que a adotaram relatam vantagens significativas. A RFID \u00e9 vista como essencial para a moderniza\u00e7\u00e3o tecnol\u00f3gica no setor de lavanderia, com expectativas de maior implementa\u00e7\u00e3o nos pr\u00f3ximos anos. A redu\u00e7\u00e3o de custos e a melhoria da qualidade dos dispositivos RFID e das etiquetas t\u00eaxteis proporcionam uma vantagem competitiva que fomenta a inova\u00e7\u00e3o.<\/p>\n<ol>\n<li><strong>Classifica\u00e7\u00e3o de vestu\u00e1rio simplificado:<\/strong>\u00a0Etiquetas RFID fixadas \u00e0s roupas permitem a triagem automatizada durante a lavagem e o processamento, reduzindo a necessidade de m\u00e3o de obra manual e aumentando a efici\u00eancia.<\/li>\n<li><strong>Registros precisos do ciclo de lavagem:<\/strong>\u00a0O monitoramento dos ciclos de lavagem ajuda a prever a vida \u00fatil das roupas. O sistema alerta os usu\u00e1rios quando os itens est\u00e3o perto do fim de sua vida \u00fatil, facilitando a reposi\u00e7\u00e3o oportuna e o gerenciamento de estoque.<\/li>\n<li><strong>Visibilidade r\u00e1pida do invent\u00e1rio:<\/strong>\u00a0As etiquetas RFID permitem verifica\u00e7\u00f5es r\u00e1pidas de invent\u00e1rio, ajudando a prevenir perdas ou roubos e garantindo a efici\u00eancia operacional.<\/li>\n<li><strong>Minimizar perdas e roubos:<\/strong>\u00a0Cada etiqueta RFID possui um identificador \u00fanico, permitindo o rastreamento preciso de itens perdidos ou roubados, o que pode ajudar na recupera\u00e7\u00e3o de custos.<\/li>\n<\/ol>\n<h2>Como funcionam os chips RFID para roupas de cama em lavanderias industriais:<\/h2>\n<ul>\n<li><strong>Etiquetagem e registo:<\/strong>\u00a0Cada item possui um chip RFID embutido, vinculado a um banco de dados com seus detalhes.<\/li>\n<li><strong>Rastreamento automatizado:<\/strong>\u00a0Leitores RFID em pontos-chave do processo de lavanderia capturam dados em tempo real \u00e0 medida que os itens se movem pelas etapas de coleta, lavagem e distribui\u00e7\u00e3o.<\/li>\n<li><strong>Classifica\u00e7\u00e3o e processamento:<\/strong>\u00a0O sistema automatiza a triagem por tipo ou cliente, reduzindo os custos de m\u00e3o de obra.<\/li>\n<li><strong>Gest\u00e3o de estoque:<\/strong>\u00a0As atualiza\u00e7\u00f5es cont\u00ednuas de dados fornecem informa\u00e7\u00f5es sobre os n\u00edveis de estoque e os padr\u00f5es de uso, garantindo a disponibilidade e evitando o excesso de estoque.<\/li>\n<\/ul>\n<p>Geral, <a href=\"https:\/\/rfid-laundry-tag.com\/pt\/rfid-chips-for-uniform-and-linen\/\">chips de linho RFID<\/a> Otimizar as opera\u00e7\u00f5es de lavanderia industrial por meio de rastreamento aprimorado, maior efici\u00eancia e preven\u00e7\u00e3o de perdas.<\/p>","protected":false},"excerpt":{"rendered":"<div class=\"elementor-element elementor-element-4f79c63 e-flex e-con-boxed e-con e-parent e-lazyloaded\" data-id=\"4f79c63\" data-element_type=\"container\" data-settings=\"{&quot;_ha_eqh_enable&quot;:false}\">\n<div class=\"e-con-inner\">\n<div class=\"elementor-element elementor-element-be3873c elementor-widget elementor-widget-woocommerce-product-short-description\" data-id=\"be3873c\" data-element_type=\"widget\" data-widget_type=\"woocommerce-product-short-description.default\">\n<div class=\"elementor-widget-container\">\n<div class=\"woocommerce-product-details__short-description\"><\/div>\n<\/div>\n<\/div>\n<\/div>\n<\/div>\n<div class=\"elementor-element elementor-element-3ad806e e-flex e-con-boxed e-con e-parent e-lazyloaded\" data-id=\"3ad806e\" data-element_type=\"container\" data-settings=\"{&quot;_ha_eqh_enable&quot;:false}\">\n<div class=\"e-con-inner\">\n<div class=\"elementor-element elementor-element-362020f elementor-widget elementor-widget-woocommerce-product-data-tabs\" data-id=\"362020f\" data-element_type=\"widget\" data-widget_type=\"woocommerce-product-data-tabs.default\">\n<div class=\"elementor-widget-container\">\n<div class=\"woocommerce-tabs wc-tabs-wrapper\"><strong>Etiquetas de lavanderia UHF RFID lav\u00e1veis em tecido<\/strong> Para hot\u00e9is e hospitais, lav\u00e1veis de 200 a 300 vezes, leem centenas de etiquetas simultaneamente a uma dist\u00e2ncia de 8 a 12 metros, ideais para rastreamento eficiente.<\/div>\n<\/div>\n<\/div>\n<\/div>\n<\/div>","protected":false},"featured_media":3077,"template":"","meta":{"_kad_post_transparent":"default","_kad_post_title":"","_kad_post_layout":"default","_kad_post_sidebar_id":"","_kad_post_content_style":"default","_kad_post_vertical_padding":"default","_kad_post_feature":"","_kad_post_feature_position":"","_kad_post_header":false,"_kad_post_footer":false,"_kad_post_classname":""},"product_brand":[],"product_cat":[19],"product_tag":[381,378,24,342,339,380,65,368,30,379,374,373],"class_list":{"0":"post-3076","1":"product","2":"type-product","3":"status-publish","4":"has-post-thumbnail","6":"product_cat-textile-rfid-laundry-tag","7":"product_tag-industrial-iot","8":"product_tag-laundry-management","9":"product_tag-laundry-rfid-tags","10":"product_tag-rfid-laundry-tags","11":"product_tag-rfid-washable-tags","12":"product_tag-smart-textile","13":"product_tag-textile-rfid-laundry-tags","14":"product_tag-textile-uhf-rfid-tags-labels","15":"product_tag-uhf-rfid-laundry-tag","16":"product_tag-uniform-management","17":"product_tag-washable-uhf-rfid-labels","18":"product_tag-washable-uhf-rfid-laundry-textile-labels","20":"first","21":"instock","22":"featured","23":"shipping-taxable","24":"product-type-simple","25":"entry","26":"content-bg","27":"loop-entry"},"_links":{"self":[{"href":"https:\/\/rfid-laundry-tag.com\/pt\/wp-json\/wp\/v2\/product\/3076","targetHints":{"allow":["GET"]}}],"collection":[{"href":"https:\/\/rfid-laundry-tag.com\/pt\/wp-json\/wp\/v2\/product"}],"about":[{"href":"https:\/\/rfid-laundry-tag.com\/pt\/wp-json\/wp\/v2\/types\/product"}],"version-history":[{"count":3,"href":"https:\/\/rfid-laundry-tag.com\/pt\/wp-json\/wp\/v2\/product\/3076\/revisions"}],"predecessor-version":[{"id":3172,"href":"https:\/\/rfid-laundry-tag.com\/pt\/wp-json\/wp\/v2\/product\/3076\/revisions\/3172"}],"wp:featuredmedia":[{"embeddable":true,"href":"https:\/\/rfid-laundry-tag.com\/pt\/wp-json\/wp\/v2\/media\/3077"}],"wp:attachment":[{"href":"https:\/\/rfid-laundry-tag.com\/pt\/wp-json\/wp\/v2\/media?parent=3076"}],"wp:term":[{"taxonomy":"product_brand","embeddable":true,"href":"https:\/\/rfid-laundry-tag.com\/pt\/wp-json\/wp\/v2\/product_brand?post=3076"},{"taxonomy":"product_cat","embeddable":true,"href":"https:\/\/rfid-laundry-tag.com\/pt\/wp-json\/wp\/v2\/product_cat?post=3076"},{"taxonomy":"product_tag","embeddable":true,"href":"https:\/\/rfid-laundry-tag.com\/pt\/wp-json\/wp\/v2\/product_tag?post=3076"}],"curies":[{"name":"wp","href":"https:\/\/api.w.org\/{rel}","templated":true}]}}