{"id":3074,"date":"2025-12-18T09:36:02","date_gmt":"2025-12-18T09:36:02","guid":{"rendered":"https:\/\/rfid-laundry-tag.com\/?post_type=product&#038;p=3074"},"modified":"2025-12-18T09:36:03","modified_gmt":"2025-12-18T09:36:03","slug":"washable-uhf-rfid-laundry-textile-labels","status":"publish","type":"product","link":"https:\/\/rfid-laundry-tag.com\/pt\/washable-uhf-rfid-laundry-textile-labels\/","title":{"rendered":"Etiquetas t\u00eaxteis lav\u00e1veis com RFID UHF"},"content":{"rendered":"<div class=\"auto-hide-last-sibling-br paragraph_1252f paragraph-element\">\n<h2 class=\"auto-hide-last-sibling-br paragraph_1252f paragraph-element\">Etiquetas t\u00eaxteis lav\u00e1veis com RFID UHF<\/h2>\n<div><\/div>\n<div data-spm-anchor-id=\"a2700.details.0.i57.23b419c7xXORP0\"><span data-spm-anchor-id=\"a2700.details.0.i75.23b419c7xXORP0\"><b>Recurso:<\/b><br \/>\n1) Tecnologia UHF para ler centenas de tags simultaneamente.<br \/>\n2) Dist\u00e2ncia de leitura superior a 8 m~12 m.<br \/>\n3) Novo design mec\u00e2nico para melhor desempenho em roupas planas.<br \/>\n4) Adequado para extratores de alta press\u00e3o at\u00e9 60 bar.<br \/>\n5) Adequado para esteriliza\u00e7\u00e3o em autoclave.<br \/>\n6) Material pequeno, macio e flex\u00edvel, ideal para tecidos, roupas de cama, vestu\u00e1rio e acess\u00f3rios.<\/span><\/div>\n<div data-spm-anchor-id=\"a2700.details.0.i57.23b419c7xXORP0\">\n<div class=\"entry-content-asset videofit\"><iframe title=\"Etiquetas RFID UHF adesivas t\u00e9rmicas para lavanderia, testadas a uma dist\u00e2ncia de leitura de 12 metros.\" src=\"https:\/\/www.youtube.com\/embed\/cOnG5fgEIs4?feature=oembed\" width=\"720\" height=\"405\" frameborder=\"0\" allowfullscreen=\"allowfullscreen\" data-mce-fragment=\"1\"><\/iframe><\/div>\n<\/div>\n<\/div>\n<div data-spm-anchor-id=\"a2700.details.0.i57.23b419c7xXORP0\"><\/div>\n<div data-spm-anchor-id=\"a2700.details.0.i57.23b419c7xXORP0\">\n<div class=\"text-content\" data-spm-anchor-id=\"a2700.details.0.i54.23b419c7xXORP0\">\n<table>\n<tbody>\n<tr>\n<td width=\"139\">Nome do produto<\/td>\n<td width=\"600\">Etiquetas t\u00eaxteis lav\u00e1veis com RFID UHF<\/td>\n<\/tr>\n<tr>\n<td width=\"139\">Material<\/td>\n<td width=\"600\">Tecido\/Tecido etc.<\/td>\n<\/tr>\n<tr>\n<td width=\"139\">Modelo de Chip<\/td>\n<td width=\"600\">UCODE\u00ae 9<\/td>\n<\/tr>\n<tr>\n<td width=\"139\">Mem\u00f3ria<\/td>\n<td width=\"600\">EPC: 96 bits<\/td>\n<\/tr>\n<tr>\n<td width=\"139\">Protocolo<\/td>\n<td width=\"600\">EPC C1 G2<\/td>\n<\/tr>\n<tr>\n<td width=\"139\">Tamanho<\/td>\n<td width=\"600\">70*15mm, 86*16mm; 50*20mm; 72*16mm; 35*15mm etc.<\/td>\n<\/tr>\n<tr>\n<td width=\"139\">Cor<\/td>\n<td width=\"600\">Branco<\/td>\n<\/tr>\n<tr>\n<td width=\"139\">Hor\u00e1rio de funcionamento<\/td>\n<td width=\"600\">A m\u00e9dia \u00e9 de 200 vezes, alguns podem ultrapassar as 300 vezes.<\/td>\n<\/tr>\n<tr>\n<td width=\"139\">Temperatura de opera\u00e7\u00e3o<\/td>\n<td width=\"600\">-25\u2103 a +150\u2103<\/td>\n<\/tr>\n<tr>\n<td width=\"139\">Ler dist\u00e2ncia<\/td>\n<td width=\"600\">3-10M<\/td>\n<\/tr>\n<tr>\n<td width=\"139\">Aplicativo<\/td>\n<td width=\"600\">Solu\u00e7\u00f5es para lavanderia, lavanderia industrial, gest\u00e3o de roupas em hot\u00e9is, gest\u00e3o de supermercados\/lojas de roupas, etc.<\/td>\n<\/tr>\n<\/tbody>\n<\/table>\n<\/div>\n<\/div>\n<div><\/div>\n<div>\n<p>&nbsp;<\/p>\n<h3>O que s\u00e3o etiquetas t\u00eaxteis UHF RFID lav\u00e1veis para lavanderia?<\/h3>\n<p>Etiquetas RFID lav\u00e1veis s\u00e3o um tipo especializado de\u00a0<strong>Etiqueta RFID<\/strong>\u00a0Projetadas especificamente para aplica\u00e7\u00f5es em lavanderia. Essas etiquetas utilizam\u00a0<strong>Tecnologia RFID de alto desempenho<\/strong>\u00a0Para permitir o rastreamento e gerenciamento precisos de itens t\u00eaxteis ao longo de todo o seu ciclo de vida. Fabricadas com materiais dur\u00e1veis, as etiquetas RFID lav\u00e1veis resistem aos rigores da lavagem industrial, incluindo exposi\u00e7\u00e3o a altas temperaturas e ciclos de lavagem repetidos.<\/p>\n<\/div>\n<h3 class=\"wp-block-heading\">Como instalar<\/h3>\n<p><strong>Marca\u00e7\u00e3o de pontos<\/strong>: Para ser costurado na bainha de um tecido. Costure a etiqueta de lavanderia longe das linhas de dobra.<br \/>\n<strong>Selagem a quente<\/strong>: Para ser selado a quente diretamente no tecido a +200\u00b0C (392\u00b0F), por 12~14s.<br \/>\n<strong>Em bolsa<\/strong>: Para ser costurado como uma etiqueta de cuidados padr\u00e3o. Costure a etiqueta de lavanderia longe das linhas de dobra.<\/p>\n<h2>Perguntas frequentes (FAQ) \u2013 Etiquetas t\u00eaxteis UHF RFID lav\u00e1veis para lavanderia<\/h2>\n<p>1. Como as etiquetas t\u00eaxteis lav\u00e1veis com RFID UHF melhoram a gest\u00e3o de estoque?<br \/>\nAs etiquetas t\u00eaxteis lav\u00e1veis UHF RFID para lavanderia proporcionam rastreamento preciso das pe\u00e7as de roupa, automatizando o processo de gest\u00e3o de estoque. Ao utilizar os chips UCODE\u00ae 9, as empresas podem monitorar instantaneamente a localiza\u00e7\u00e3o e o status de cada pe\u00e7a, melhorando a efici\u00eancia operacional e reduzindo erros manuais.<\/p>\n<p>2. Qual a durabilidade das etiquetas t\u00eaxteis lav\u00e1veis UHF RFID para lavanderia?<br \/>\nNossas etiquetas RFID lav\u00e1veis s\u00e3o projetadas para suportar at\u00e9 200 ciclos de lavagem e, em alguns casos, mais de 300. Essa durabilidade garante que as etiquetas permane\u00e7am funcionais durante toda a vida \u00fatil da pe\u00e7a de roupa, reduzindo os custos de substitui\u00e7\u00e3o.<\/p>\n<p>3. Qual \u00e9 a vantagem da tecnologia RFID UHF de longo alcance?<br \/>\nCom etiquetas RFID UHF de longo alcance, as pe\u00e7as de roupa podem ser rastreadas a dist\u00e2ncias maiores, acelerando os tempos de processamento em ambientes de alto volume, como lavanderias industriais. Essa tecnologia aprimora a automa\u00e7\u00e3o, melhorando os n\u00edveis de servi\u00e7o e a produtividade operacional.<\/p>\n<p>4. Como a etiquetagem RFID resolve os problemas mais comuns do setor de lavanderias?<br \/>\nAs etiquetas RFID reduzem erros de rastreamento manual, garantem uma gest\u00e3o de ativos precisa e aumentam a durabilidade das pe\u00e7as de vestu\u00e1rio. Ao automatizar o rastreamento, as empresas podem economizar tempo, reduzir perdas e aumentar a lucratividade.<\/p>\n<p>5. Por que escolher suas etiquetas RFID em vez de outras?<br \/>\nComo um dos 5 maiores fabricantes de etiquetas RFID com mais de 15 anos de experi\u00eancia, oferecemos solu\u00e7\u00f5es dur\u00e1veis e de alta qualidade, feitas sob medida para o gerenciamento de vestu\u00e1rio em larga escala, garantindo opera\u00e7\u00f5es econ\u00f4micas e eficientes.<\/p>","protected":false},"excerpt":{"rendered":"<div class=\"elementor-element elementor-element-4f79c63 e-flex e-con-boxed e-con e-parent e-lazyloaded\" data-id=\"4f79c63\" data-element_type=\"container\" data-settings=\"{&quot;_ha_eqh_enable&quot;:false}\">\n<div class=\"e-con-inner\">\n<div class=\"elementor-element elementor-element-be3873c elementor-widget elementor-widget-woocommerce-product-short-description\" data-id=\"be3873c\" data-element_type=\"widget\" data-widget_type=\"woocommerce-product-short-description.default\">\n<div class=\"elementor-widget-container\">\n<div class=\"woocommerce-product-details__short-description\">\n<p><strong>Etiquetas t\u00eaxteis lav\u00e1veis com RFID UHF<\/strong>, As etiquetas RFID para roupas, tamb\u00e9m conhecidas como etiquetas RFID para lavanderia, s\u00e3o fabricadas com um exterior de borracha macio, por\u00e9m resistente. Essas etiquetas s\u00e3o projetadas para serem flex\u00edveis e robustas, suportando at\u00e9 200 ciclos de lavagem e press\u00f5es de at\u00e9 60 bar.<\/p>\n<\/div>\n<\/div>\n<\/div>\n<\/div>\n<\/div>\n<div class=\"elementor-element elementor-element-3ad806e e-flex e-con-boxed e-con e-parent e-lazyloaded\" data-id=\"3ad806e\" data-element_type=\"container\" data-settings=\"{&quot;_ha_eqh_enable&quot;:false}\">\n<div class=\"e-con-inner\">\n<div class=\"elementor-element elementor-element-362020f elementor-widget elementor-widget-woocommerce-product-data-tabs\" data-id=\"362020f\" data-element_type=\"widget\" data-widget_type=\"woocommerce-product-data-tabs.default\">\n<div class=\"elementor-widget-container\">\n<div class=\"woocommerce-tabs wc-tabs-wrapper\"><\/div>\n<\/div>\n<\/div>\n<\/div>\n<\/div>","protected":false},"featured_media":2870,"template":"","meta":{"_kad_post_transparent":"default","_kad_post_title":"","_kad_post_layout":"default","_kad_post_sidebar_id":"","_kad_post_content_style":"default","_kad_post_vertical_padding":"default","_kad_post_feature":"","_kad_post_feature_position":"","_kad_post_header":false,"_kad_post_footer":false,"_kad_post_classname":""},"product_brand":[],"product_cat":[19],"product_tag":[24,342,339,65,368,30,374,373],"class_list":{"0":"post-3074","1":"product","2":"type-product","3":"status-publish","4":"has-post-thumbnail","6":"product_cat-textile-rfid-laundry-tag","7":"product_tag-laundry-rfid-tags","8":"product_tag-rfid-laundry-tags","9":"product_tag-rfid-washable-tags","10":"product_tag-textile-rfid-laundry-tags","11":"product_tag-textile-uhf-rfid-tags-labels","12":"product_tag-uhf-rfid-laundry-tag","13":"product_tag-washable-uhf-rfid-labels","14":"product_tag-washable-uhf-rfid-laundry-textile-labels","16":"first","17":"instock","18":"featured","19":"shipping-taxable","20":"product-type-simple","21":"entry","22":"content-bg","23":"loop-entry"},"_links":{"self":[{"href":"https:\/\/rfid-laundry-tag.com\/pt\/wp-json\/wp\/v2\/product\/3074","targetHints":{"allow":["GET"]}}],"collection":[{"href":"https:\/\/rfid-laundry-tag.com\/pt\/wp-json\/wp\/v2\/product"}],"about":[{"href":"https:\/\/rfid-laundry-tag.com\/pt\/wp-json\/wp\/v2\/types\/product"}],"version-history":[{"count":1,"href":"https:\/\/rfid-laundry-tag.com\/pt\/wp-json\/wp\/v2\/product\/3074\/revisions"}],"predecessor-version":[{"id":3075,"href":"https:\/\/rfid-laundry-tag.com\/pt\/wp-json\/wp\/v2\/product\/3074\/revisions\/3075"}],"wp:featuredmedia":[{"embeddable":true,"href":"https:\/\/rfid-laundry-tag.com\/pt\/wp-json\/wp\/v2\/media\/2870"}],"wp:attachment":[{"href":"https:\/\/rfid-laundry-tag.com\/pt\/wp-json\/wp\/v2\/media?parent=3074"}],"wp:term":[{"taxonomy":"product_brand","embeddable":true,"href":"https:\/\/rfid-laundry-tag.com\/pt\/wp-json\/wp\/v2\/product_brand?post=3074"},{"taxonomy":"product_cat","embeddable":true,"href":"https:\/\/rfid-laundry-tag.com\/pt\/wp-json\/wp\/v2\/product_cat?post=3074"},{"taxonomy":"product_tag","embeddable":true,"href":"https:\/\/rfid-laundry-tag.com\/pt\/wp-json\/wp\/v2\/product_tag?post=3074"}],"curies":[{"name":"wp","href":"https:\/\/api.w.org\/{rel}","templated":true}]}}