{"id":304,"date":"2024-06-26T16:50:11","date_gmt":"2024-06-26T16:50:11","guid":{"rendered":"https:\/\/rfid-laundry-tag.com\/?post_type=product&#038;p=304"},"modified":"2024-06-26T17:00:07","modified_gmt":"2024-06-26T17:00:07","slug":"on-duty-ntag215-nfc-patrol-tag","status":"publish","type":"product","link":"https:\/\/rfid-laundry-tag.com\/pt\/on-duty-ntag215-nfc-patrol-tag\/","title":{"rendered":"Etiqueta de patrulha NFC Ntag215 de servi\u00e7o"},"content":{"rendered":"<p><strong>Etiqueta de patrulha NFC Ntag215 de servi\u00e7o <\/strong><\/p>\n<p>O NTAG215 foi desenvolvido pela NXP Semiconductors como ICs de tag NFC padr\u00e3o para serem usados em aplica\u00e7\u00f5es de mercado de massa, como varejo, jogos e eletr\u00f4nicos de consumo, em combina\u00e7\u00e3o com dispositivos NFC ou dispositivos de acoplamento de proximidade compat\u00edveis com NFC. O NTAG215 (de agora em diante, geralmente chamado de NTAG21x) foi projetado para estar em total conformidade com as especifica\u00e7\u00f5es NFC Forum Type 2 Tag e ISO\/IEC14443 Type A. A mem\u00f3ria \u00e9 de 504 bytes.<\/p>\n<table class=\"hight-light-first-column all magic-11\">\n<tbody>\n<tr>\n<td colspan=\"1\" rowspan=\"1\">\n<div class=\"magic-12\" data-spm-anchor-id=\"a2700.details.0.i57.12287cd6Tl6d8d\">Tamanho<\/div>\n<\/td>\n<td colspan=\"4\" rowspan=\"1\">\n<div class=\"magic-13\">Di\u00e2metro 25mm<\/div>\n<\/td>\n<\/tr>\n<tr>\n<td colspan=\"1\" rowspan=\"1\">\n<div class=\"magic-12\">Cor<\/div>\n<\/td>\n<td colspan=\"4\" rowspan=\"1\">\n<div class=\"magic-16\">Preto, Branco, Amarelo, Vermelho ou personalizado<\/div>\n<\/td>\n<\/tr>\n<tr>\n<td colspan=\"1\" rowspan=\"1\">\n<div class=\"magic-12\">Lasca<\/div>\n<\/td>\n<td colspan=\"4\" rowspan=\"1\">\n<div class=\"magic-13\">NTAG215<\/div>\n<\/td>\n<\/tr>\n<tr>\n<td colspan=\"1\" rowspan=\"1\">\n<div class=\"magic-12\">Frequ\u00eancia<\/div>\n<\/td>\n<td colspan=\"4\" rowspan=\"1\">\n<div class=\"magic-13\">13,56 MHz<\/div>\n<\/td>\n<\/tr>\n<tr>\n<td colspan=\"1\" rowspan=\"1\">\n<div class=\"magic-12\">Protocolo<\/div>\n<\/td>\n<td colspan=\"4\" rowspan=\"1\">\n<div class=\"magic-13\">ISO14443A, F\u00f3rum NFC Tipo 2<\/div>\n<\/td>\n<\/tr>\n<tr>\n<td colspan=\"1\" rowspan=\"1\">\n<div class=\"magic-12\">Material<\/div>\n<\/td>\n<td colspan=\"4\" rowspan=\"1\">\n<div class=\"magic-13\">abd\u00f4men<\/div>\n<\/td>\n<\/tr>\n<tr>\n<td colspan=\"1\" rowspan=\"1\">\n<div class=\"magic-12\">Temperatura de opera\u00e7\u00e3o<\/div>\n<\/td>\n<td colspan=\"4\" rowspan=\"1\">\n<div class=\"magic-13\">-20 a 85 graus C<\/div>\n<\/td>\n<\/tr>\n<tr>\n<td colspan=\"1\" rowspan=\"1\">\n<div class=\"magic-12\">Aplicativo<\/div>\n<\/td>\n<td colspan=\"4\" rowspan=\"1\">\n<div class=\"magic-16\">Cadeia de lavanderia, produtos qu\u00edmicos agressivos, dispositivo de pagamento, uso externo, qu\u00edmico, industrial, log\u00edstica, guarda de patrulha, associa\u00e7\u00e3o, cont\u00eainer de transporte, paletes, etc.<\/div>\n<\/td>\n<\/tr>\n<tr>\n<td colspan=\"1\" rowspan=\"1\">\n<div class=\"magic-12\">Classifica\u00e7\u00e3o \u00e0 prova d&#039;\u00e1gua<\/div>\n<\/td>\n<td colspan=\"4\" rowspan=\"1\">\n<div class=\"magic-16\">IP67<\/div>\n<\/td>\n<\/tr>\n<tr>\n<td colspan=\"1\" rowspan=\"1\">\n<div class=\"magic-12\">Faixa de leitura<\/div>\n<\/td>\n<td colspan=\"4\" rowspan=\"1\">\n<div class=\"magic-16\">5-10cm, depende do leitor<\/div>\n<\/td>\n<\/tr>\n<tr>\n<td colspan=\"1\" rowspan=\"1\">\n<div class=\"magic-12\">Artesanato<\/div>\n<\/td>\n<td colspan=\"4\" rowspan=\"1\">\n<div class=\"magic-16\">N\u00famero de s\u00e9rie gravado a laser, c\u00f3digo de barras e assim por diante<\/div>\n<\/td>\n<\/tr>\n<tr>\n<td colspan=\"1\" rowspan=\"1\">\n<div class=\"magic-12\">Montagem<\/div>\n<\/td>\n<td colspan=\"4\" rowspan=\"1\">\n<div class=\"magic-16\">Por adesivo ou parafuso, ou rebites<\/div>\n<\/td>\n<\/tr>\n<\/tbody>\n<\/table>\n<p>&nbsp;<\/p>\n<h2>Aplica\u00e7\u00e3o de etiqueta de patrulha NFC Ntag215 em servi\u00e7o<\/h2>\n<p>Este documento descreve uma aplica\u00e7\u00e3o potencial para a etiqueta NFC Ntag215 em um contexto de patrulha.<\/p>\n<p><strong>Cen\u00e1rio:<\/strong><\/p>\n<p>Um guarda de seguran\u00e7a ou policial de patrulha precisa fazer check-in em locais espec\u00edficos durante seu turno. O objetivo \u00e9 automatizar o processo de registro desses check-ins, fornecendo dados de localiza\u00e7\u00e3o em tempo real e potencialmente acionando a\u00e7\u00f5es adicionais.<\/p>\n<p><strong>Aplicativo:<\/strong><\/p>\n<ol>\n<li><strong>Etiquetas de patrulha NFC:<\/strong>\n<ul>\n<li>As etiquetas NFC Ntag215 s\u00e3o fixadas em locais estrat\u00e9gicos ao redor da rota de patrulha (por exemplo, entradas de edif\u00edcios, pontos de verifica\u00e7\u00e3o de seguran\u00e7a, zonas designadas).<\/li>\n<li>Cada tag recebe um ID exclusivo e, potencialmente, um identificador de localiza\u00e7\u00e3o.<\/li>\n<\/ul>\n<\/li>\n<li><strong>Aplicativo m\u00f3vel:<\/strong>\n<ul>\n<li>O pessoal de seguran\u00e7a usa um smartphone ou tablet com um aplicativo dedicado.<\/li>\n<li>O aplicativo se conecta \u00e0 etiqueta NFC por meio de um simples toque ou detec\u00e7\u00e3o de proximidade.<\/li>\n<li>Ao entrar em contato com uma tag, o aplicativo:\n<ul>\n<li>Registra a hora e a data do check-in.<\/li>\n<li>Registra o ID da tag e possivelmente sua localiza\u00e7\u00e3o.<\/li>\n<li>Atualiza automaticamente o status e a localiza\u00e7\u00e3o do policial de patrulha em um painel central.<\/li>\n<\/ul>\n<\/li>\n<\/ul>\n<\/li>\n<li><strong>Painel Central:<\/strong>\n<ul>\n<li>Uma plataforma baseada na web ou na nuvem exibe informa\u00e7\u00f5es em tempo real sobre os policiais de patrulha.<\/li>\n<li>Ele visualiza a localiza\u00e7\u00e3o, os hor\u00e1rios de check-in e quaisquer alertas.<\/li>\n<li>Este painel tamb\u00e9m pode ser usado para:\n<ul>\n<li>Acione notifica\u00e7\u00f5es para check-ins tardios ou paradas perdidas.<\/li>\n<li>Monitore a atividade para gerenciamento de desempenho.<\/li>\n<li>Gere relat\u00f3rios e logs automaticamente.<\/li>\n<\/ul>\n<\/li>\n<\/ul>\n<\/li>\n<\/ol>\n<p><strong>Benef\u00edcios:<\/strong><\/p>\n<ul>\n<li><strong>Check-in automatizado:<\/strong>\u00a0Elimina entradas de log manuais e poss\u00edveis erros.<\/li>\n<li><strong>Rastreamento de localiza\u00e7\u00e3o em tempo real:<\/strong>\u00a0Fornece conhecimento imediato das posi\u00e7\u00f5es dos policiais de patrulha.<\/li>\n<li><strong>Responsabilidade aprimorada:<\/strong>\u00a0Oferece uma trilha de auditoria confi\u00e1vel das atividades de patrulha.<\/li>\n<li><strong>Seguran\u00e7a aprimorada:<\/strong>\u00a0Permite resposta r\u00e1pida a incidentes e alertas.<\/li>\n<li><strong>Insights baseados em dados:<\/strong>\u00a0Oferece suporte \u00e0 an\u00e1lise de desempenho e otimiza\u00e7\u00e3o de rotas de patrulha.<\/li>\n<\/ul>\n<p><strong>Detalhes da implementa\u00e7\u00e3o:<\/strong><\/p>\n<ul>\n<li><strong>Programa\u00e7\u00e3o de tags:<\/strong>\u00a0As etiquetas Ntag215 s\u00e3o facilmente program\u00e1veis usando ferramentas NFC e podem armazenar informa\u00e7\u00f5es como identificadores de localiza\u00e7\u00e3o, c\u00f3digos de acesso ou alertas.<\/li>\n<li><strong>Desenvolvimento de aplicativos m\u00f3veis:<\/strong>\u00a0O aplicativo deve aproveitar a funcionalidade NFC do dispositivo, permitindo uma comunica\u00e7\u00e3o segura com as etiquetas.<\/li>\n<li><strong>Integra\u00e7\u00e3o do painel:<\/strong>\u00a0Os dados coletados das tags podem ser integrados a uma plataforma baseada em nuvem ou a sistemas de seguran\u00e7a existentes.<\/li>\n<li><strong>Criptografia de dados:<\/strong>\u00a0Dados confidenciais podem ser criptografados para seguran\u00e7a e privacidade.<\/li>\n<\/ul>\n<p><strong>Considera\u00e7\u00f5es:<\/strong><\/p>\n<ul>\n<li><strong>Durabilidade da etiqueta:<\/strong>\u00a0As etiquetas Ntag215 s\u00e3o resistentes a fatores ambientais, mas devem ser instaladas adequadamente para uso a longo prazo.<\/li>\n<li><strong>Conectividade de rede:<\/strong>\u00a0\u00c9 necess\u00e1ria uma conectividade confi\u00e1vel de internet ou rede para transmiss\u00e3o de dados e acesso ao painel.<\/li>\n<li><strong>Privacidade e Seguran\u00e7a:<\/strong>\u00a0Implementar medidas de seguran\u00e7a adequadas e protocolos de privacidade de dados.<\/li>\n<li><strong>An\u00e1lise de custos:<\/strong>\u00a0Considere os custos de tags, desenvolvimento de aplicativos e potencial infraestrutura de nuvem.<\/li>\n<\/ul>\n<p>&nbsp;<\/p>\n<p>&nbsp;<\/p>","protected":false},"excerpt":{"rendered":"<p>A etiqueta NFC Ntag215 oferece uma ferramenta valiosa para melhorar a efici\u00eancia e a seguran\u00e7a da patrulha. Este aplicativo pode agilizar os processos de patrulha, aumentar a responsabiliza\u00e7\u00e3o e fornecer insights de dados valiosos para uma melhor tomada de decis\u00e3o.<\/p>","protected":false},"featured_media":305,"template":"","meta":{"_kad_post_transparent":"default","_kad_post_title":"","_kad_post_layout":"default","_kad_post_sidebar_id":"","_kad_post_content_style":"default","_kad_post_vertical_padding":"default","_kad_post_feature":"","_kad_post_feature_position":"","_kad_post_header":false,"_kad_post_footer":false,"_kad_post_classname":""},"product_brand":[],"product_cat":[54],"product_tag":[118,124],"class_list":{"0":"post-304","1":"product","2":"type-product","3":"status-publish","4":"has-post-thumbnail","6":"product_cat-hot-selling-rfid-tags","7":"product_tag-anti-metal-nfc-patrol-tag","8":"product_tag-on-duty-ntag215-nfc-patrol-tag","10":"first","11":"instock","12":"shipping-taxable","13":"product-type-simple","14":"entry","15":"content-bg","16":"loop-entry"},"_links":{"self":[{"href":"https:\/\/rfid-laundry-tag.com\/pt\/wp-json\/wp\/v2\/product\/304","targetHints":{"allow":["GET"]}}],"collection":[{"href":"https:\/\/rfid-laundry-tag.com\/pt\/wp-json\/wp\/v2\/product"}],"about":[{"href":"https:\/\/rfid-laundry-tag.com\/pt\/wp-json\/wp\/v2\/types\/product"}],"version-history":[{"count":0,"href":"https:\/\/rfid-laundry-tag.com\/pt\/wp-json\/wp\/v2\/product\/304\/revisions"}],"wp:featuredmedia":[{"embeddable":true,"href":"https:\/\/rfid-laundry-tag.com\/pt\/wp-json\/wp\/v2\/media\/305"}],"wp:attachment":[{"href":"https:\/\/rfid-laundry-tag.com\/pt\/wp-json\/wp\/v2\/media?parent=304"}],"wp:term":[{"taxonomy":"product_brand","embeddable":true,"href":"https:\/\/rfid-laundry-tag.com\/pt\/wp-json\/wp\/v2\/product_brand?post=304"},{"taxonomy":"product_cat","embeddable":true,"href":"https:\/\/rfid-laundry-tag.com\/pt\/wp-json\/wp\/v2\/product_cat?post=304"},{"taxonomy":"product_tag","embeddable":true,"href":"https:\/\/rfid-laundry-tag.com\/pt\/wp-json\/wp\/v2\/product_tag?post=304"}],"curies":[{"name":"wp","href":"https:\/\/api.w.org\/{rel}","templated":true}]}}