{"id":302,"date":"2024-06-26T16:45:35","date_gmt":"2024-06-26T16:45:35","guid":{"rendered":"https:\/\/rfid-laundry-tag.com\/?post_type=product&#038;p=302"},"modified":"2024-06-26T16:49:46","modified_gmt":"2024-06-26T16:49:46","slug":"on-duty-ntag213-nfc-patrol-tag","status":"publish","type":"product","link":"https:\/\/rfid-laundry-tag.com\/pt\/on-duty-ntag213-nfc-patrol-tag\/","title":{"rendered":"Etiqueta de patrulha NFC Ntag213 de servi\u00e7o"},"content":{"rendered":"<p><strong>Etiqueta de patrulha NFC Ntag213 de servi\u00e7o<\/strong><\/p>\n<p>NTAG213, NTAG215 e NTAG216 foram desenvolvidos pela NXP Semiconductors como ICs de etiqueta NFC padr\u00e3o para serem usados em aplica\u00e7\u00f5es de mercado de massa, como varejo, jogos e eletr\u00f4nicos de consumo, em combina\u00e7\u00e3o com dispositivos NFC ou dispositivos de acoplamento de proximidade compat\u00edveis com NFC. NTAG213, NTAG215 e NTAG216 (de agora em diante, geralmente chamados de NTAG21x) s\u00e3o projetados para estar em total conformidade com as especifica\u00e7\u00f5es NFC Forum Type 2 Tag e ISO\/IEC14443 Type A.<\/p>\n<table class=\"hight-light-first-column all magic-11\">\n<tbody>\n<tr>\n<td colspan=\"1\" rowspan=\"1\">\n<div class=\"magic-12\" data-spm-anchor-id=\"a2700.details.0.i57.12287cd6Tl6d8d\">Tamanho<\/div>\n<\/td>\n<td colspan=\"4\" rowspan=\"1\">\n<div class=\"magic-13\">Di\u00e2metro 25mm<\/div>\n<\/td>\n<\/tr>\n<tr>\n<td colspan=\"1\" rowspan=\"1\">\n<div class=\"magic-12\">Cor<\/div>\n<\/td>\n<td colspan=\"4\" rowspan=\"1\">\n<div class=\"magic-16\">Preto, Branco, Amarelo, Vermelho ou personalizado<\/div>\n<\/td>\n<\/tr>\n<tr>\n<td colspan=\"1\" rowspan=\"1\">\n<div class=\"magic-12\">Lasca<\/div>\n<\/td>\n<td colspan=\"4\" rowspan=\"1\">\n<div class=\"magic-13\">NTAG213,NTAG215,NTAG216<\/div>\n<\/td>\n<\/tr>\n<tr>\n<td colspan=\"1\" rowspan=\"1\">\n<div class=\"magic-12\">Frequ\u00eancia<\/div>\n<\/td>\n<td colspan=\"4\" rowspan=\"1\">\n<div class=\"magic-13\">13,56 MHz<\/div>\n<\/td>\n<\/tr>\n<tr>\n<td colspan=\"1\" rowspan=\"1\">\n<div class=\"magic-12\">Protocolo<\/div>\n<\/td>\n<td colspan=\"4\" rowspan=\"1\">\n<div class=\"magic-13\">ISO14443A, F\u00f3rum NFC Tipo 2<\/div>\n<\/td>\n<\/tr>\n<tr>\n<td colspan=\"1\" rowspan=\"1\">\n<div class=\"magic-12\">Material<\/div>\n<\/td>\n<td colspan=\"4\" rowspan=\"1\">\n<div class=\"magic-13\">abd\u00f4men<\/div>\n<\/td>\n<\/tr>\n<tr>\n<td colspan=\"1\" rowspan=\"1\">\n<div class=\"magic-12\">Temperatura de opera\u00e7\u00e3o<\/div>\n<\/td>\n<td colspan=\"4\" rowspan=\"1\">\n<div class=\"magic-13\">-20 a 85 graus C<\/div>\n<\/td>\n<\/tr>\n<tr>\n<td colspan=\"1\" rowspan=\"1\">\n<div class=\"magic-12\">Aplicativo<\/div>\n<\/td>\n<td colspan=\"4\" rowspan=\"1\">\n<div class=\"magic-16\">Cadeia de lavanderia, produtos qu\u00edmicos agressivos, dispositivo de pagamento, uso externo, qu\u00edmico, industrial, log\u00edstica, guarda de patrulha, associa\u00e7\u00e3o, cont\u00eainer de transporte, paletes, etc.<\/div>\n<\/td>\n<\/tr>\n<tr>\n<td colspan=\"1\" rowspan=\"1\">\n<div class=\"magic-12\">Classifica\u00e7\u00e3o \u00e0 prova d&#039;\u00e1gua<\/div>\n<\/td>\n<td colspan=\"4\" rowspan=\"1\">\n<div class=\"magic-16\">IP67<\/div>\n<\/td>\n<\/tr>\n<tr>\n<td colspan=\"1\" rowspan=\"1\">\n<div class=\"magic-12\">Faixa de leitura<\/div>\n<\/td>\n<td colspan=\"4\" rowspan=\"1\">\n<div class=\"magic-16\">5-10cm, depende do leitor<\/div>\n<\/td>\n<\/tr>\n<tr>\n<td colspan=\"1\" rowspan=\"1\">\n<div class=\"magic-12\">Artesanato<\/div>\n<\/td>\n<td colspan=\"4\" rowspan=\"1\">\n<div class=\"magic-16\">N\u00famero de s\u00e9rie gravado a laser, c\u00f3digo de barras e assim por diante<\/div>\n<\/td>\n<\/tr>\n<tr>\n<td colspan=\"1\" rowspan=\"1\">\n<div class=\"magic-12\">Montagem<\/div>\n<\/td>\n<td colspan=\"4\" rowspan=\"1\">\n<div class=\"magic-16\">Por adesivo ou parafuso, ou rebites<\/div>\n<\/td>\n<\/tr>\n<\/tbody>\n<\/table>\n<h2>Aplica\u00e7\u00f5es de etiquetas de patrulha NFC NTAG213 em servi\u00e7o<\/h2>\n<p>A On Duty NTAG213 NFC Patrol Tag \u00e9 uma ferramenta vers\u00e1til para aumentar a seguran\u00e7a, efici\u00eancia e rastreamento em v\u00e1rias aplica\u00e7\u00f5es. Aqui est\u00e3o alguns exemplos:<\/p>\n<p><strong>Seguran\u00e7a e Controle de Acesso:<\/strong><\/p>\n<ul>\n<li><strong>Guarda de Patrulha:<\/strong>\u00a0Tags podem ser atribu\u00eddas a agentes de seguran\u00e7a individuais, permitindo o rastreamento em tempo real de sua localiza\u00e7\u00e3o e atividade. Isso ajuda a monitorar rotas de patrulha, garantir respostas oportunas e fornecer prova de presen\u00e7a em pontos de verifica\u00e7\u00e3o designados.<\/li>\n<li><strong>Controle de acesso:<\/strong>\u00a0Integradas com um sistema de leitor NFC, as tags podem conceder ou negar acesso a \u00e1reas ou recursos espec\u00edficos com base na identidade do usu\u00e1rio e n\u00edveis de autoriza\u00e7\u00e3o. Isso aumenta a seguran\u00e7a e restringe a entrada n\u00e3o autorizada.<\/li>\n<li><strong>Rastreamento de ativos:<\/strong>\u00a0Anexe etiquetas a equipamentos ou ativos valiosos para monitorar sua localiza\u00e7\u00e3o, movimenta\u00e7\u00e3o e uso. Isso ajuda a prevenir roubos, otimizar o gerenciamento de invent\u00e1rio e rastrear cronogramas de manuten\u00e7\u00e3o de equipamentos.<\/li>\n<\/ul>\n<p><strong>Fluxo de trabalho e efici\u00eancia:<\/strong><\/p>\n<ul>\n<li><strong>Acompanhamento de Ordem de Servi\u00e7o:<\/strong>\u00a0As tags podem ser usadas para registrar e rastrear ordens de servi\u00e7o, fornecendo atualiza\u00e7\u00f5es de status em tempo real e facilitando o gerenciamento eficiente do fluxo de trabalho.<\/li>\n<li><strong>Hor\u00e1rio e frequ\u00eancia:<\/strong>\u00a0Integre etiquetas com rel\u00f3gios de ponto habilitados para NFC para registrar os hor\u00e1rios de chegada e sa\u00edda dos funcion\u00e1rios, melhorando a precis\u00e3o e eliminando erros de controle de ponto manual.<\/li>\n<li><strong>Gest\u00e3o de estoque:<\/strong>\u00a0Anexe etiquetas aos itens de invent\u00e1rio para gerenciamento automatizado de estoque, reduzindo a contagem manual e fornecendo visibilidade em tempo real dos n\u00edveis de estoque.<\/li>\n<\/ul>\n<p><strong>Outras aplica\u00e7\u00f5es:<\/strong><\/p>\n<ul>\n<li><strong>Ingressos para eventos:<\/strong>\u00a0As tags podem servir como ingressos para eventos, fornecendo controle de entrada, permitindo que os participantes acessem conte\u00fado exclusivo e possibilitando transa\u00e7\u00f5es perfeitas.<\/li>\n<li><strong>Programas de fidelidade:<\/strong>\u00a0Integre tags com programas de fidelidade para oferecer recompensas personalizadas, descontos e benef\u00edcios exclusivos para clientes fi\u00e9is.<\/li>\n<li><strong>Armazenamento de dados:<\/strong>\u00a0A mem\u00f3ria da tag pode ser usada para armazenar informa\u00e7\u00f5es como especifica\u00e7\u00f5es do produto, registros de manuten\u00e7\u00e3o ou origem do produto. Isso permite acesso f\u00e1cil a dados relevantes por meio de dispositivos habilitados para NFC.<\/li>\n<\/ul>\n<p><strong>Benef\u00edcios do uso de etiquetas de patrulha NFC NTAG213:<\/strong><\/p>\n<ul>\n<li><strong>Seguran\u00e7a aprimorada:<\/strong>\u00a0Maior controle sobre acesso, rastreamento de ativos e atividade de funcion\u00e1rios.<\/li>\n<li><strong>Efici\u00eancia melhorada:<\/strong>\u00a0Fluxos de trabalho simplificados, captura de dados automatizada e processos manuais reduzidos.<\/li>\n<li><strong>Rastreamento em tempo real:<\/strong>\u00a0Monitoramento constante de ativos, pessoal e atividades.<\/li>\n<li><strong>Custo-efic\u00e1cia:<\/strong>\u00a0Reduz a depend\u00eancia de processos manuais, economizando potencialmente tempo e recursos.<\/li>\n<li><strong>Amigo do usu\u00e1rio:<\/strong>\u00a0F\u00e1cil integra\u00e7\u00e3o com sistemas existentes e intera\u00e7\u00e3o amig\u00e1vel por meio de dispositivos habilitados para NFC.<\/li>\n<\/ul>\n<p><strong>No geral, a etiqueta de patrulha NFC NTAG213 oferece uma solu\u00e7\u00e3o robusta e vers\u00e1til para uma ampla gama de aplica\u00e7\u00f5es, permitindo que as organiza\u00e7\u00f5es melhorem a seguran\u00e7a, otimizem fluxos de trabalho e aumentem a efici\u00eancia operacional.<\/strong><\/p>","protected":false},"excerpt":{"rendered":"<p>Etiqueta de patrulha NFC Ntag213 de plant\u00e3o: as etiquetas NFC comuns n\u00e3o funcionam bem em superf\u00edcies de metal. Isso ocorre porque o metal interrompe os sinais eletromagn\u00e9ticos usados para comunica\u00e7\u00e3o. No entanto, uma nova gera\u00e7\u00e3o de etiquetas, chamada <strong>Etiquetas NFC em metal<\/strong>, resolve esse problema. Essas tags s\u00e3o projetadas especificamente para funcionar perfeitamente em metal ou qualquer outro material condutor. Elas representam um avan\u00e7o para aplica\u00e7\u00f5es NFC em ambientes onde o metal \u00e9 abundante.<\/p>","protected":false},"featured_media":303,"template":"","meta":{"_kad_post_transparent":"default","_kad_post_title":"","_kad_post_layout":"default","_kad_post_sidebar_id":"","_kad_post_content_style":"default","_kad_post_vertical_padding":"default","_kad_post_feature":"","_kad_post_feature_position":"","_kad_post_header":false,"_kad_post_footer":false,"_kad_post_classname":""},"product_brand":[],"product_cat":[54],"product_tag":[118,123],"class_list":{"0":"post-302","1":"product","2":"type-product","3":"status-publish","4":"has-post-thumbnail","6":"product_cat-hot-selling-rfid-tags","7":"product_tag-anti-metal-nfc-patrol-tag","8":"product_tag-on-duty-ntag213-nfc-patrol-tag","10":"first","11":"instock","12":"shipping-taxable","13":"product-type-simple","14":"entry","15":"content-bg","16":"loop-entry"},"_links":{"self":[{"href":"https:\/\/rfid-laundry-tag.com\/pt\/wp-json\/wp\/v2\/product\/302","targetHints":{"allow":["GET"]}}],"collection":[{"href":"https:\/\/rfid-laundry-tag.com\/pt\/wp-json\/wp\/v2\/product"}],"about":[{"href":"https:\/\/rfid-laundry-tag.com\/pt\/wp-json\/wp\/v2\/types\/product"}],"version-history":[{"count":0,"href":"https:\/\/rfid-laundry-tag.com\/pt\/wp-json\/wp\/v2\/product\/302\/revisions"}],"wp:featuredmedia":[{"embeddable":true,"href":"https:\/\/rfid-laundry-tag.com\/pt\/wp-json\/wp\/v2\/media\/303"}],"wp:attachment":[{"href":"https:\/\/rfid-laundry-tag.com\/pt\/wp-json\/wp\/v2\/media?parent=302"}],"wp:term":[{"taxonomy":"product_brand","embeddable":true,"href":"https:\/\/rfid-laundry-tag.com\/pt\/wp-json\/wp\/v2\/product_brand?post=302"},{"taxonomy":"product_cat","embeddable":true,"href":"https:\/\/rfid-laundry-tag.com\/pt\/wp-json\/wp\/v2\/product_cat?post=302"},{"taxonomy":"product_tag","embeddable":true,"href":"https:\/\/rfid-laundry-tag.com\/pt\/wp-json\/wp\/v2\/product_tag?post=302"}],"curies":[{"name":"wp","href":"https:\/\/api.w.org\/{rel}","templated":true}]}}