{"id":299,"date":"2024-06-26T15:49:09","date_gmt":"2024-06-26T15:49:09","guid":{"rendered":"https:\/\/rfid-laundry-tag.com\/?post_type=product&#038;p=299"},"modified":"2024-06-26T15:49:09","modified_gmt":"2024-06-26T15:49:09","slug":"uhf-industrial-on-metal-rfid-tags","status":"publish","type":"product","link":"https:\/\/rfid-laundry-tag.com\/pt\/uhf-industrial-on-metal-rfid-tags\/","title":{"rendered":"Etiquetas RFID UHF industriais em metal"},"content":{"rendered":"<table class=\"has-title all magic-4\">\n<tbody>\n<tr>\n<td colspan=\"1\" rowspan=\"1\">\n<div class=\"magic-5\" data-spm-anchor-id=\"a2700.details.0.i63.6b4c1284UGSrnr\">Material<\/div>\n<\/td>\n<td colspan=\"1\" rowspan=\"1\">\n<div class=\"magic-6\">abd\u00f4men<\/div>\n<\/td>\n<\/tr>\n<tr>\n<td colspan=\"1\" rowspan=\"1\">\n<div class=\"magic-5\">Tamanho<\/div>\n<\/td>\n<td colspan=\"1\" rowspan=\"1\">\n<div class=\"magic-6\">78x31x10mm ou personalizado<\/div>\n<\/td>\n<\/tr>\n<tr>\n<td colspan=\"1\" rowspan=\"1\">\n<div class=\"magic-5\">Frequ\u00eancia<\/div>\n<\/td>\n<td colspan=\"1\" rowspan=\"1\">\n<div class=\"magic-6\">860-960 MHz<\/div>\n<\/td>\n<\/tr>\n<tr>\n<td colspan=\"1\" rowspan=\"1\">\n<div class=\"magic-5\">Tipo de CI (chip)<\/div>\n<\/td>\n<td colspan=\"1\" rowspan=\"1\">\n<div class=\"magic-6\">Impinj Monza R6P<\/div>\n<\/td>\n<\/tr>\n<tr>\n<td colspan=\"1\" rowspan=\"1\">\n<div class=\"magic-5\">Protocolo<\/div>\n<\/td>\n<td colspan=\"1\" rowspan=\"1\">\n<div class=\"magic-6\" data-spm-anchor-id=\"a2700.details.0.i64.6b4c1284UGSrnr\">EPC Global Classe 1 Gen2 e ISO18000-6C<\/div>\n<\/td>\n<\/tr>\n<tr>\n<td colspan=\"1\" rowspan=\"1\">\n<div class=\"magic-7\">Mem\u00f3ria<\/div>\n<\/td>\n<td colspan=\"1\" rowspan=\"1\">\n<div class=\"magic-6\">EPC 128 bits, Usu\u00e1rio 32 bits<\/div>\n<\/td>\n<\/tr>\n<tr>\n<td colspan=\"1\" rowspan=\"1\">\n<div class=\"magic-5\">Fator de forma da etiqueta<\/div>\n<\/td>\n<td colspan=\"1\" rowspan=\"1\">\n<div class=\"magic-6\">Etiqueta dura<\/div>\n<\/td>\n<\/tr>\n<tr>\n<td colspan=\"1\" rowspan=\"1\">\n<div class=\"magic-5\">M\u00e9todo de fixa\u00e7\u00e3o<\/div>\n<\/td>\n<td colspan=\"1\" rowspan=\"1\">\n<div class=\"magic-6\">Fixa\u00e7\u00e3o por parafuso, adesivo de filme<\/div>\n<\/td>\n<\/tr>\n<tr>\n<td colspan=\"1\" rowspan=\"1\">\n<div class=\"magic-5\">Temperatura de opera\u00e7\u00e3o<\/div>\n<\/td>\n<td colspan=\"1\" rowspan=\"1\">\n<div class=\"magic-6\">-35 \u00b0C \/ +90 \u00b0C<\/div>\n<\/td>\n<\/tr>\n<tr>\n<td colspan=\"1\" rowspan=\"1\">\n<div class=\"magic-5\">Ler dist\u00e2ncia<\/div>\n<\/td>\n<td colspan=\"1\" rowspan=\"1\">\n<div class=\"magic-6\">At\u00e9 10m<\/div>\n<\/td>\n<\/tr>\n<tr>\n<td colspan=\"1\" rowspan=\"1\">\n<div class=\"magic-8\">Materiais de superf\u00edcie aplic\u00e1veis<\/div>\n<\/td>\n<td colspan=\"1\" rowspan=\"1\">\n<div class=\"magic-6\">Substratos met\u00e1licos e n\u00e3o met\u00e1licos<\/div>\n<\/td>\n<\/tr>\n<tr>\n<td colspan=\"1\" rowspan=\"1\">\n<div class=\"magic-7\">Classifica\u00e7\u00e3o IP<\/div>\n<\/td>\n<td colspan=\"1\" rowspan=\"1\">\n<div class=\"magic-6\">IP68<\/div>\n<\/td>\n<\/tr>\n<tr>\n<td colspan=\"1\" rowspan=\"1\">\n<div class=\"magic-7\">Aplicativo<\/div>\n<\/td>\n<td colspan=\"1\" rowspan=\"1\">\n<div class=\"magic-6\" data-spm-anchor-id=\"a2700.details.0.i62.6b4c1284UGSrnr\">Para ativos, ind\u00fastria pesada e uso externo<\/div>\n<\/td>\n<\/tr>\n<\/tbody>\n<\/table>\n<p>&nbsp;<\/p>\n<h2>Etiquetas RFID UHF para ambientes industriais<\/h2>\n<p><strong>Caracter\u00edsticas:<\/strong><\/p>\n<ul>\n<li><strong>Compatibilidade com padr\u00f5es da ind\u00fastria:<\/strong>\u00a0Atende ao padr\u00e3o ISO18000-6C (EPC C1G2), garantindo integra\u00e7\u00e3o perfeita com os sistemas UHF RFID existentes.<\/li>\n<li><strong>Compatibilidade de superf\u00edcie universal:<\/strong>\u00a0Capaz de ser fixado em diversas superf\u00edcies, como metal, pl\u00e1stico e at\u00e9 mesmo l\u00edquidos, o que os torna ideais para uma variedade de aplica\u00e7\u00f5es.<\/li>\n<li><strong>Durabilidade superior:<\/strong>\u00a0Classifica\u00e7\u00e3o IP68 para resist\u00eancia excepcional contra entrada de poeira e \u00e1gua, garantindo opera\u00e7\u00e3o confi\u00e1vel em ambientes desafiadores.<\/li>\n<li><strong>Desempenho intransigente:<\/strong>\u00a0Projetado para ser \u00e0 prova d&#039;\u00e1gua e anticolis\u00e3o, garantindo leituras precisas e consistentes, mesmo em condi\u00e7\u00f5es exigentes.<\/li>\n<\/ul>\n<p><strong>Aplica\u00e7\u00f5es:<\/strong><\/p>\n<ul>\n<li><strong>Gest\u00e3o de ativos:<\/strong>\u00a0Rastreie a localiza\u00e7\u00e3o e o status de equipamentos e ativos valiosos.<\/li>\n<li><strong>Otimiza\u00e7\u00e3o da Cadeia de Suprimentos:<\/strong>\u00a0Simplifique a log\u00edstica e os processos automotivos rastreando estoque, ve\u00edculos e pe\u00e7as de forma eficaz.<\/li>\n<li><strong>Efici\u00eancia de produ\u00e7\u00e3o:<\/strong>\u00a0Otimize os processos de fabrica\u00e7\u00e3o e monitore a produtividade dos trabalhadores para maior efici\u00eancia.<\/li>\n<li><strong>Gest\u00e3o de Recursos e Seguran\u00e7a:<\/strong>\u00a0Permita o rastreamento confi\u00e1vel de equipamentos e recursos em ambientes exigentes como petr\u00f3leo e g\u00e1s e minera\u00e7\u00e3o, ao mesmo tempo em que melhora a seguran\u00e7a dos trabalhadores.<\/li>\n<\/ul>\n<p><strong>Benef\u00edcios:<\/strong><\/p>\n<ul>\n<li><strong>Dados precisos e em tempo real:<\/strong>\u00a0Obtenha insights imediatos sobre as opera\u00e7\u00f5es, facilitando uma melhor tomada de decis\u00f5es.<\/li>\n<li><strong>Controle de estoque aprimorado:<\/strong>\u00a0Minimize perdas e desperd\u00edcios mantendo visibilidade abrangente dos ativos.<\/li>\n<li><strong>Opera\u00e7\u00f5es simplificadas:<\/strong>\u00a0Otimize os fluxos de trabalho e minimize o tempo de inatividade para melhorar a efici\u00eancia.<\/li>\n<li><strong>Seguran\u00e7a aumentada:<\/strong>\u00a0Identifique riscos potenciais e proteja os trabalhadores em ambientes exigentes.<\/li>\n<\/ul>","protected":false},"excerpt":{"rendered":"<p>A ABS RFID Tag \u00e9 uma tag UHF RFID passiva de longo alcance capaz de ler em, fora e perto de superf\u00edcies met\u00e1licas. Projetada em um pequeno fator de forma, ela apresenta um encapsulamento dur\u00e1vel e estanque para uso a longo prazo em ambientes externos e industriais.<\/p>","protected":false},"featured_media":300,"template":"","meta":{"_kad_post_transparent":"default","_kad_post_title":"","_kad_post_layout":"default","_kad_post_sidebar_id":"","_kad_post_content_style":"default","_kad_post_vertical_padding":"default","_kad_post_feature":"","_kad_post_feature_position":"","_kad_post_header":false,"_kad_post_footer":false,"_kad_post_classname":""},"product_brand":[],"product_cat":[54],"product_tag":[122,121],"class_list":{"0":"post-299","1":"product","2":"type-product","3":"status-publish","4":"has-post-thumbnail","6":"product_cat-hot-selling-rfid-tags","7":"product_tag-on-metal-rfid-tags","8":"product_tag-uhf-industrial-on-metal-rfid-tags","10":"first","11":"instock","12":"shipping-taxable","13":"product-type-simple","14":"entry","15":"content-bg","16":"loop-entry"},"_links":{"self":[{"href":"https:\/\/rfid-laundry-tag.com\/pt\/wp-json\/wp\/v2\/product\/299","targetHints":{"allow":["GET"]}}],"collection":[{"href":"https:\/\/rfid-laundry-tag.com\/pt\/wp-json\/wp\/v2\/product"}],"about":[{"href":"https:\/\/rfid-laundry-tag.com\/pt\/wp-json\/wp\/v2\/types\/product"}],"version-history":[{"count":0,"href":"https:\/\/rfid-laundry-tag.com\/pt\/wp-json\/wp\/v2\/product\/299\/revisions"}],"wp:featuredmedia":[{"embeddable":true,"href":"https:\/\/rfid-laundry-tag.com\/pt\/wp-json\/wp\/v2\/media\/300"}],"wp:attachment":[{"href":"https:\/\/rfid-laundry-tag.com\/pt\/wp-json\/wp\/v2\/media?parent=299"}],"wp:term":[{"taxonomy":"product_brand","embeddable":true,"href":"https:\/\/rfid-laundry-tag.com\/pt\/wp-json\/wp\/v2\/product_brand?post=299"},{"taxonomy":"product_cat","embeddable":true,"href":"https:\/\/rfid-laundry-tag.com\/pt\/wp-json\/wp\/v2\/product_cat?post=299"},{"taxonomy":"product_tag","embeddable":true,"href":"https:\/\/rfid-laundry-tag.com\/pt\/wp-json\/wp\/v2\/product_tag?post=299"}],"curies":[{"name":"wp","href":"https:\/\/api.w.org\/{rel}","templated":true}]}}