{"id":2961,"date":"2025-11-22T13:55:10","date_gmt":"2025-11-22T13:55:10","guid":{"rendered":"https:\/\/rfid-laundry-tag.com\/?post_type=product&#038;p=2961"},"modified":"2025-11-22T13:55:11","modified_gmt":"2025-11-22T13:55:11","slug":"laundry-rfid-tags-top-5-manufacturer","status":"publish","type":"product","link":"https:\/\/rfid-laundry-tag.com\/pt\/laundry-rfid-tags-top-5-manufacturer\/","title":{"rendered":"Etiquetas RFID para lavanderia: os 5 principais fabricantes"},"content":{"rendered":"<p><a href=\"https:\/\/rfid-laundry-tag.com\/pt\/uhf-rfid-laundry-tags\/\"><strong>Etiquetas RFID para lavanderia<\/strong><\/a>\u00a0Representam uma solu\u00e7\u00e3o de ponta para rastrear e gerenciar ativos t\u00eaxteis ao longo de todo o seu ciclo de vida. Esses transponders RFID dur\u00e1veis e flex\u00edveis s\u00e3o fabricados com tecido resistente ao calor, \u00e0 press\u00e3o e ao estiramento, tornando-os ideais para monitorar itens como roupas de trabalho, uniformes e len\u00e7\u00f3is. Equipados com um identificador \u00fanico, esses transponders RFID para roupas de cama facilitam o gerenciamento de lavanderia sem contato e aumentam a transpar\u00eancia digital. Quando integrada a sistemas de gerenciamento de TI, a tecnologia RFID permite o rastreamento cont\u00ednuo de t\u00eaxteis desde a coleta de sujeira at\u00e9 a lavagem e distribui\u00e7\u00e3o.<\/p>\n<table class=\"has-title is-zebra hight-light-first-column all magic-19\">\n<tbody>\n<tr>\n<td colspan=\"1\" rowspan=\"1\">\n<div class=\"magic-20\"><strong><span class=\"magic-21\">Item<\/span><\/strong><\/div>\n<\/td>\n<td colspan=\"1\" rowspan=\"1\">\n<div class=\"magic-22\">\u00a0Etiquetas RFID para lavanderia<\/div>\n<\/td>\n<\/tr>\n<tr>\n<td colspan=\"1\" rowspan=\"1\">\n<div class=\"magic-20\"><span class=\"magic-21\">Tamanho<\/span><\/div>\n<\/td>\n<td colspan=\"1\" rowspan=\"1\">\n<div class=\"magic-22\"><span class=\"magic-21\">55 x 12 mm, 70 x 15 mm, 87 x 17 mm<\/span><\/div>\n<\/td>\n<\/tr>\n<tr>\n<td colspan=\"1\" rowspan=\"1\">\n<div class=\"magic-20\"><span class=\"magic-21\">Frequ\u00eancia de opera\u00e7\u00e3o<\/span><\/div>\n<\/td>\n<td colspan=\"1\" rowspan=\"1\">\n<div class=\"magic-22\"><span class=\"magic-21\" data-spm-anchor-id=\"a2700.details.0.i69.56bf53e8OmNXev\">865-928 MHz<\/span><\/div>\n<\/td>\n<\/tr>\n<tr>\n<td colspan=\"1\" rowspan=\"1\">\n<div class=\"magic-20\"><span class=\"magic-21\">Material da etiqueta<\/span><\/div>\n<\/td>\n<td colspan=\"1\" rowspan=\"1\">\n<div class=\"magic-22\"><span class=\"magic-21\">Poli\u00e9ster\u00a0<\/span><\/div>\n<\/td>\n<\/tr>\n<tr>\n<td colspan=\"1\" rowspan=\"1\">\n<div class=\"magic-20\"><span class=\"magic-21\">Batatas fritas<\/span><\/div>\n<\/td>\n<td colspan=\"1\" rowspan=\"1\">\n<div class=\"magic-22\"><span class=\"magic-21\">U8, U9, etc<\/span><\/div>\n<\/td>\n<\/tr>\n<tr>\n<td colspan=\"1\" rowspan=\"1\">\n<div class=\"magic-20\"><span class=\"magic-21\">Garantia da etiqueta<\/span><\/div>\n<\/td>\n<td colspan=\"1\" rowspan=\"1\">\n<div class=\"magic-22\"><span class=\"magic-21\">Primeiro de 200 ou 300 ciclos de lavagem ou 3 anos a partir da data de envio.<\/span><\/div>\n<\/td>\n<\/tr>\n<tr>\n<td colspan=\"1\" rowspan=\"1\">\n<div class=\"magic-20\"><span class=\"magic-21\">Ler dist\u00e2ncia<\/span><\/div>\n<\/td>\n<td colspan=\"1\" rowspan=\"1\">\n<div class=\"magic-22\"><span class=\"magic-21\">At\u00e9 8 metros (at\u00e9 9 p\u00e9s), precisa testar com seu leitor.<\/span><\/div>\n<\/td>\n<\/tr>\n<tr>\n<td colspan=\"1\" rowspan=\"1\">\n<div class=\"magic-20\"><span class=\"magic-21\">Temperatura de armazenamento<\/span><\/div>\n<\/td>\n<td colspan=\"1\" rowspan=\"1\">\n<div class=\"magic-22\"><span class=\"magic-21\">-40\u2103 a+120\u2103(-40\u2109 a +248\u2109)<\/span><\/div>\n<\/td>\n<\/tr>\n<tr>\n<td colspan=\"1\" rowspan=\"1\">\n<div class=\"magic-20\"><span class=\"magic-21\">Ferro de passar<\/span><\/div>\n<\/td>\n<td colspan=\"1\" rowspan=\"1\">\n<div class=\"magic-22\"><span class=\"magic-21\">+195\u2103 (+383 F) 30 segundos &lt;18 barras<\/span><\/div>\n<\/td>\n<\/tr>\n<tr>\n<td colspan=\"1\" rowspan=\"1\">\n<div class=\"magic-20\"><span class=\"magic-21\">Extrator de \u00e1gua<\/span><\/div>\n<\/td>\n<td colspan=\"1\" rowspan=\"1\">\n<div class=\"magic-22\"><span class=\"magic-21\">60 compassos, 80 segundos<\/span><\/div>\n<\/td>\n<\/tr>\n<tr>\n<td colspan=\"1\" rowspan=\"1\">\n<div class=\"magic-20\"><span class=\"magic-21\">Autoclave<\/span><\/div>\n<\/td>\n<td colspan=\"1\" rowspan=\"1\">\n<div class=\"magic-22\"><span class=\"magic-21\">Remo\u00e7\u00e3o de ar: +100\u00b0C (+212\u00b0F), 5 minutos, 0,1 bar.,<\/span><\/div>\n<\/td>\n<\/tr>\n<tr>\n<td colspan=\"1\" rowspan=\"1\">\n<div class=\"magic-20\"><span class=\"magic-21\">Secagem<\/span><\/div>\n<\/td>\n<td colspan=\"1\" rowspan=\"1\">\n<div class=\"magic-22\"><span class=\"magic-21\">+45\u2103 (+113\u2109), 15 minutos, 0,2 bar<\/span><\/div>\n<\/td>\n<\/tr>\n<tr>\n<td colspan=\"1\" rowspan=\"1\">\n<div class=\"magic-20\"><span class=\"magic-21\">Resist\u00eancia qu\u00edmica<\/span><\/div>\n<\/td>\n<td colspan=\"1\" rowspan=\"1\">\n<div class=\"magic-22\" data-spm-anchor-id=\"a2700.details.0.i68.56bf53e8OmNXev\"><span class=\"magic-21\">Todos os produtos qu\u00edmicos comuns ao processo de lavagem.<\/span><\/div>\n<\/td>\n<\/tr>\n<\/tbody>\n<\/table>\n<div>\n<figure id=\"attachment_2928\" class=\"wp-caption alignnone\" aria-describedby=\"caption-attachment-2928\"><a href=\"https:\/\/rfid-laundry-tag.com\/pt\/uhf-rfid-laundry-tags\/\"><img fetchpriority=\"high\" decoding=\"async\" class=\"size-full wp-image-2928\" title=\"Etiquetas RFID para Lavanderia - TOP 5 Fabricantes 4\" src=\"https:\/\/www.rfidtaglaundry.com\/wp-content\/uploads\/2024\/11\/6_H39416607c5cf4905b542e69b55e844a5b.jpg\" sizes=\"(max-width: 800px) 100vw, 800px\" srcset=\"https:\/\/www.rfidtaglaundry.com\/wp-content\/uploads\/2024\/11\/6_H39416607c5cf4905b542e69b55e844a5b.jpg 800w, https:\/\/www.rfidtaglaundry.com\/wp-content\/uploads\/2024\/11\/6_H39416607c5cf4905b542e69b55e844a5b-300x300.jpg 300w, https:\/\/www.rfidtaglaundry.com\/wp-content\/uploads\/2024\/11\/6_H39416607c5cf4905b542e69b55e844a5b-150x150.jpg 150w, https:\/\/www.rfidtaglaundry.com\/wp-content\/uploads\/2024\/11\/6_H39416607c5cf4905b542e69b55e844a5b-768x768.jpg 768w, https:\/\/www.rfidtaglaundry.com\/wp-content\/uploads\/2024\/11\/6_H39416607c5cf4905b542e69b55e844a5b-12x12.jpg 12w, https:\/\/www.rfidtaglaundry.com\/wp-content\/uploads\/2024\/11\/6_H39416607c5cf4905b542e69b55e844a5b-600x600.jpg 600w, https:\/\/www.rfidtaglaundry.com\/wp-content\/uploads\/2024\/11\/6_H39416607c5cf4905b542e69b55e844a5b-100x100.jpg 100w\" alt=\"Laundry RFID Tags\" width=\"800\" height=\"800\" \/><\/a><figcaption id=\"caption-attachment-2928\" class=\"wp-caption-text\">Etiquetas RFID para lavanderia<\/figcaption><\/figure>\n<\/div>\n<div>\n<h3>Perguntas frequentes (FAQ) sobre etiquetas RFID para lavanderia<\/h3>\n<p><strong>P1: Quais problemas as etiquetas RFID para lavanderia resolvem durante o processo de lavagem?<\/strong><br \/>\n<strong>A1:<\/strong>\u00a0Um dos principais problemas \u00e9 que as etiquetas podem ser facilmente danificadas, levando \u00e0 perda de dados. Nossa solu\u00e7\u00e3o utiliza poli\u00e9ster de n\u00edvel industrial e tecnologia de cura em alta temperatura, permitindo que as etiquetas resistam a temperaturas de 195 \u00b0C e press\u00e3o de \u00e1gua de 60 bar, sendo perfeitamente adequadas para processos de esteriliza\u00e7\u00e3o de roupas de cama de hot\u00e9is. Nosso revestimento exclusivo resistente a produtos qu\u00edmicos protege contra alvejantes e detergentes alcalinos fortes, garantindo zero danos ao chip U8 ap\u00f3s mais de 300 lavagens, com o respaldo de 15 anos de experi\u00eancia.<\/p>\n<p><strong>P2: Como as suas etiquetas melhoram a efici\u00eancia da triagem?<\/strong><br \/>\n<strong>A2:<\/strong>\u00a0As etiquetas tradicionais costumam ter um alcance de leitura curto, o que pode prejudicar a efici\u00eancia da triagem. Nossa tecnologia RFID oferece um impressionante alcance de leitura de 9 metros, em compara\u00e7\u00e3o com a m\u00e9dia do setor de 5 metros. Aliada a antenas direcionais, essa tecnologia aprimora a leitura em lotes em esteiras transportadoras de lavanderia, melhorando a efici\u00eancia da triagem em 60%. Nossas etiquetas tamb\u00e9m suportam uma faixa de frequ\u00eancia completa de 865 a 928 MHz e s\u00e3o compat\u00edveis com os principais dispositivos RFID do mundo.<\/p>\n<p><strong>P3: Como as suas etiquetas reduzem os custos operacionais?<\/strong><br \/>\n<strong>A3:<\/strong>\u00a0A substitui\u00e7\u00e3o frequente de etiquetas aumenta os custos operacionais. Oferecemos uma garantia dupla pioneira de \u201c3 anos ou 300 lavagens\u201d, reduzindo os custos do ciclo de vida em 42% em compara\u00e7\u00e3o com as etiquetas padr\u00e3o. Nosso design de chip modular permite atualiza\u00e7\u00f5es perfeitas das vers\u00f5es U8 para U9, evitando a necessidade de substitui\u00e7\u00e3o completa das etiquetas devido a mudan\u00e7as nos equipamentos. Nossas etiquetas foram certificadas em 2000 testes de lavagem industrial, tornando-as ideais para cen\u00e1rios de alta rotatividade em empresas de aluguel de roupas de cama.<\/p>\n<p><strong>Vantagem da f\u00e1brica:<\/strong>\u00a0Como um dos 5 maiores fabricantes globais de etiquetas RFID para lavanderia, com 15 anos de experi\u00eancia em tecnologia de radiofrequ\u00eancia, oferecemos solu\u00e7\u00f5es completas, desde a embalagem do chip at\u00e9 testes de cen\u00e1rios. J\u00e1 entregamos mais de 200 milh\u00f5es de etiquetas especializadas para lavanderia a clientes como Hilton e Mayo Clinic, com o suporte de uma equipe profissional para desenvolvimento personalizado.<\/p>\n<\/div>\n<div class=\"auto-hide-last-sibling-br paragraph_1252f paragraph-element\">\n<p>&nbsp;<\/p>\n<h2>Dados vari\u00e1veis para etiquetas RFID de lavanderia<\/h2>\n<p>Cada<a href=\"https:\/\/rfid-laundry-tag.com\/pt\/uhf-rfid-laundry-tags\/\">\u00a0etiqueta RFID para lavanderia<\/a>\u00a0est\u00e1 equipado com dados vari\u00e1veis, incluindo:<\/p>\n<ul>\n<li><strong>Informa\u00e7\u00f5es impressas a laser<\/strong>Isso inclui c\u00f3digos EPC, c\u00f3digos de barras 1D e 2D, c\u00f3digos QR e logotipos.<\/li>\n<li><strong>Programa\u00e7\u00e3o de dados do chip RFID<\/strong>As etiquetas podem ser programadas com codifica\u00e7\u00e3o EPC e bloqueadas com uma senha de acesso.<\/li>\n<li><strong>Testes abrangentes<\/strong>Todos os dados, incluindo a codifica\u00e7\u00e3o EPC e o TID, s\u00e3o testados com o padr\u00e3o 100% para garantir a correspond\u00eancia precisa de cada etiqueta espec\u00edfica.<\/li>\n<\/ul>\n<h2>M\u00e9todos de instala\u00e7\u00e3o<\/h2>\n<ul>\n<li><strong>Marca\u00e7\u00e3o de pontos<\/strong>Ideal para costurar na bainha de tecidos, garantindo que as etiquetas fiquem afastadas das linhas de dobra para uma durabilidade ideal.<\/li>\n<li><strong>Selagem a quente<\/strong>Etiquetas podem ser seladas a quente diretamente em tecidos a +200\u00b0C (392\u00b0F) durante 12 a 14 segundos.<\/li>\n<li><strong>Em bolsa<\/strong>Semelhantes \u00e0s etiquetas de cuidados padr\u00e3o, essas etiquetas podem ser costuradas em uma bolsinha, mantendo-as seguras e de f\u00e1cil acesso.<\/li>\n<\/ul>\n<h2>Aplica\u00e7\u00f5es de etiquetas RFID para lavanderia<\/h2>\n<p>As etiquetas RFID para lavanderia s\u00e3o vers\u00e1teis e podem ser utilizadas em diversos setores para rastrear ativos t\u00eaxteis, incluindo:<\/p>\n<ul>\n<li><strong>Assist\u00eancia m\u00e9dica<\/strong>Monitoramento de roupas de cama, uniformes, m\u00e1scaras e esfreg\u00f5es.<\/li>\n<li><strong>Hospitalidade<\/strong>Gerenciamento de roupas de cama e uniformes para hot\u00e9is e restaurantes.<\/li>\n<li><strong>Vestu\u00e1rio de moda<\/strong>Melhoria na gest\u00e3o e rastreamento de estoque de roupas e acess\u00f3rios.<\/li>\n<\/ul>\n<p>Com a evolu\u00e7\u00e3o da ind\u00fastria da moda e do vestu\u00e1rio, a demanda por solu\u00e7\u00f5es tecnol\u00f3gicas avan\u00e7adas cresce. A tecnologia RFID emergiu como uma ferramenta vital para melhorar a efici\u00eancia operacional, aprimorar a experi\u00eancia do cliente e apoiar iniciativas de sustentabilidade. A implementa\u00e7\u00e3o de\u00a0<strong>etiquetas RFID para lavanderia<\/strong>\u00a0Na gest\u00e3o de vestu\u00e1rio e t\u00eaxteis, a tecnologia transformou a forma como as organiza\u00e7\u00f5es supervisionam suas opera\u00e7\u00f5es de lavanderia, permitindo rastreamento em tempo real, melhor gest\u00e3o de estoque, maior visibilidade da cadeia de suprimentos e maior sustentabilidade.<\/p>\n<p>Ao adotar essas solu\u00e7\u00f5es inovadoras, as empresas podem otimizar seus processos e atender \u00e0s crescentes demandas de um mercado din\u00e2mico.<\/p>\n<\/div>","protected":false},"excerpt":{"rendered":"<p>Como um dos principais fabricantes globais de etiquetas RFID, somos especializados em <strong>Etiquetas RFID para lavanderia<\/strong>, oferecendo solu\u00e7\u00f5es personalizadas, respaldadas por 15 anos de experi\u00eancia e mais de 200 milh\u00f5es de etiquetas entregues.<\/p>","protected":false},"featured_media":2964,"template":"","meta":{"_kad_post_transparent":"default","_kad_post_title":"","_kad_post_layout":"default","_kad_post_sidebar_id":"","_kad_post_content_style":"default","_kad_post_vertical_padding":"default","_kad_post_feature":"","_kad_post_feature_position":"","_kad_post_header":false,"_kad_post_footer":false,"_kad_post_classname":""},"product_brand":[],"product_cat":[16,19],"product_tag":[24,367,342,339,65,30],"class_list":{"0":"post-2961","1":"product","2":"type-product","3":"status-publish","4":"has-post-thumbnail","6":"product_cat-uhf-rfid-laundry-tags","7":"product_cat-textile-rfid-laundry-tag","8":"product_tag-laundry-rfid-tags","9":"product_tag-laundry-rfid-tags-top-5-manufacturer","10":"product_tag-rfid-laundry-tags","11":"product_tag-rfid-washable-tags","12":"product_tag-textile-rfid-laundry-tags","13":"product_tag-uhf-rfid-laundry-tag","15":"first","16":"instock","17":"featured","18":"shipping-taxable","19":"product-type-simple","20":"entry","21":"content-bg","22":"loop-entry"},"_links":{"self":[{"href":"https:\/\/rfid-laundry-tag.com\/pt\/wp-json\/wp\/v2\/product\/2961","targetHints":{"allow":["GET"]}}],"collection":[{"href":"https:\/\/rfid-laundry-tag.com\/pt\/wp-json\/wp\/v2\/product"}],"about":[{"href":"https:\/\/rfid-laundry-tag.com\/pt\/wp-json\/wp\/v2\/types\/product"}],"version-history":[{"count":1,"href":"https:\/\/rfid-laundry-tag.com\/pt\/wp-json\/wp\/v2\/product\/2961\/revisions"}],"predecessor-version":[{"id":2966,"href":"https:\/\/rfid-laundry-tag.com\/pt\/wp-json\/wp\/v2\/product\/2961\/revisions\/2966"}],"wp:featuredmedia":[{"embeddable":true,"href":"https:\/\/rfid-laundry-tag.com\/pt\/wp-json\/wp\/v2\/media\/2964"}],"wp:attachment":[{"href":"https:\/\/rfid-laundry-tag.com\/pt\/wp-json\/wp\/v2\/media?parent=2961"}],"wp:term":[{"taxonomy":"product_brand","embeddable":true,"href":"https:\/\/rfid-laundry-tag.com\/pt\/wp-json\/wp\/v2\/product_brand?post=2961"},{"taxonomy":"product_cat","embeddable":true,"href":"https:\/\/rfid-laundry-tag.com\/pt\/wp-json\/wp\/v2\/product_cat?post=2961"},{"taxonomy":"product_tag","embeddable":true,"href":"https:\/\/rfid-laundry-tag.com\/pt\/wp-json\/wp\/v2\/product_tag?post=2961"}],"curies":[{"name":"wp","href":"https:\/\/api.w.org\/{rel}","templated":true}]}}