{"id":296,"date":"2024-06-26T15:26:44","date_gmt":"2024-06-26T15:26:44","guid":{"rendered":"https:\/\/rfid-laundry-tag.com\/?post_type=product&#038;p=296"},"modified":"2024-08-14T16:29:49","modified_gmt":"2024-08-14T16:29:49","slug":"on-metal-abs-uhf-rfid-tag","status":"publish","type":"product","link":"https:\/\/rfid-laundry-tag.com\/pt\/on-metal-abs-uhf-rfid-tag\/","title":{"rendered":"Em Metal ABS UHF RFID Tag"},"content":{"rendered":"<p><b class=\"magic-15\"><span class=\"magic-16\" data-spm-anchor-id=\"a2700.details.0.i71.6b4c1284vyugjJ\">As personaliza\u00e7\u00f5es dispon\u00edveis s\u00e3o as seguintes:<\/span><\/b> * Impress\u00e3o: impress\u00e3o monocrom\u00e1tica ou 4 cores em offset, partindo de um layout gr\u00e1fico equipado pelo cliente em formato vetorial. Impress\u00e3o de c\u00f3digo EPC, c\u00f3digo serial progressivo de banco de dados ou n\u00e3o, ou arquivo .xls; impress\u00e3o de c\u00f3digos de barras, QRCode. Outras op\u00e7\u00f5es de personaliza\u00e7\u00e3o est\u00e3o dispon\u00edveis sob demanda. * Codifica\u00e7\u00e3o de mem\u00f3ria de chip: Codifica\u00e7\u00e3o de c\u00f3digo EPC de transponders RFID UHF, grava\u00e7\u00e3o de mem\u00f3ria de tag UHF, tamb\u00e9m de banco de dados fornecido pelo cliente. O conte\u00fado pode ser, tempor\u00e1ria ou permanentemente, bloqueado por meio de uma senha. Associa\u00e7\u00e3o de c\u00f3digo EPC e c\u00f3digo TID em banco de dados. Associa\u00e7\u00e3o de c\u00f3digo TID e c\u00f3digo progressivo\/c\u00f3digo de barras.<\/p>\n<p><img fetchpriority=\"high\" decoding=\"async\" class=\"alignnone wp-image-297\" src=\"https:\/\/rfid-laundry-tag.com\/wp-content\/uploads\/2024\/06\/on-metal-UHF-tag-235x300.png\" alt=\"\" width=\"486\" height=\"621\" srcset=\"https:\/\/rfid-laundry-tag.com\/wp-content\/uploads\/2024\/06\/on-metal-UHF-tag-235x300.png 235w, https:\/\/rfid-laundry-tag.com\/wp-content\/uploads\/2024\/06\/on-metal-UHF-tag-9x12.png 9w\" sizes=\"(max-width: 486px) 100vw, 486px\" \/><\/p>\n<table class=\"has-title all magic-4\">\n<tbody>\n<tr>\n<td colspan=\"1\" rowspan=\"1\">\n<div class=\"magic-5\" data-spm-anchor-id=\"a2700.details.0.i72.6b4c1284vyugjJ\">Material<\/div>\n<\/td>\n<td colspan=\"1\" rowspan=\"1\">\n<div class=\"magic-6\">abd\u00f4men<\/div>\n<\/td>\n<\/tr>\n<tr>\n<td colspan=\"1\" rowspan=\"1\">\n<div class=\"magic-5\">Tamanho<\/div>\n<\/td>\n<td colspan=\"1\" rowspan=\"1\">\n<div class=\"magic-6\">78x31x10mm ou personalizado<\/div>\n<\/td>\n<\/tr>\n<tr>\n<td colspan=\"1\" rowspan=\"1\">\n<div class=\"magic-5\">Frequ\u00eancia<\/div>\n<\/td>\n<td colspan=\"1\" rowspan=\"1\">\n<div class=\"magic-6\">860-960 MHz<\/div>\n<\/td>\n<\/tr>\n<tr>\n<td colspan=\"1\" rowspan=\"1\">\n<div class=\"magic-5\">Tipo de CI (chip)<\/div>\n<\/td>\n<td colspan=\"1\" rowspan=\"1\">\n<div class=\"magic-6\">Impinj Monza R6P<\/div>\n<\/td>\n<\/tr>\n<tr>\n<td colspan=\"1\" rowspan=\"1\">\n<div class=\"magic-5\">Protocolo<\/div>\n<\/td>\n<td colspan=\"1\" rowspan=\"1\">\n<div class=\"magic-6\">EPC Global Classe 1 Gen2 e ISO18000-6C<\/div>\n<\/td>\n<\/tr>\n<tr>\n<td colspan=\"1\" rowspan=\"1\">\n<div class=\"magic-7\">Mem\u00f3ria<\/div>\n<\/td>\n<td colspan=\"1\" rowspan=\"1\">\n<div class=\"magic-6\">EPC 128 bits, Usu\u00e1rio 32 bits<\/div>\n<\/td>\n<\/tr>\n<tr>\n<td colspan=\"1\" rowspan=\"1\">\n<div class=\"magic-5\">Fator de forma da etiqueta<\/div>\n<\/td>\n<td colspan=\"1\" rowspan=\"1\">\n<div class=\"magic-6\">Etiqueta dura<\/div>\n<\/td>\n<\/tr>\n<tr>\n<td colspan=\"1\" rowspan=\"1\">\n<div class=\"magic-5\">M\u00e9todo de fixa\u00e7\u00e3o<\/div>\n<\/td>\n<td colspan=\"1\" rowspan=\"1\">\n<div class=\"magic-6\" data-spm-anchor-id=\"a2700.details.0.i73.6b4c1284vyugjJ\">Fixa\u00e7\u00e3o por parafuso, adesivo de filme<\/div>\n<\/td>\n<\/tr>\n<tr>\n<td colspan=\"1\" rowspan=\"1\">\n<div class=\"magic-5\">Temperatura de opera\u00e7\u00e3o<\/div>\n<\/td>\n<td colspan=\"1\" rowspan=\"1\">\n<div class=\"magic-6\">-35 \u00b0C \/ +90 \u00b0C<\/div>\n<\/td>\n<\/tr>\n<tr>\n<td colspan=\"1\" rowspan=\"1\">\n<div class=\"magic-5\">Ler dist\u00e2ncia<\/div>\n<\/td>\n<td colspan=\"1\" rowspan=\"1\">\n<div class=\"magic-6\" data-spm-anchor-id=\"a2700.details.0.i67.6b4c1284vyugjJ\">At\u00e9 10m<\/div>\n<\/td>\n<\/tr>\n<tr>\n<td colspan=\"1\" rowspan=\"1\">\n<div class=\"magic-8\">Materiais de superf\u00edcie aplic\u00e1veis<\/div>\n<\/td>\n<td colspan=\"1\" rowspan=\"1\">\n<div class=\"magic-6\">Substratos met\u00e1licos e n\u00e3o met\u00e1licos<\/div>\n<\/td>\n<\/tr>\n<tr>\n<td colspan=\"1\" rowspan=\"1\">\n<div class=\"magic-7\">Classifica\u00e7\u00e3o IP<\/div>\n<\/td>\n<td colspan=\"1\" rowspan=\"1\">\n<div class=\"magic-6\">IP68<\/div>\n<\/td>\n<\/tr>\n<tr>\n<td colspan=\"1\" rowspan=\"1\">\n<div class=\"magic-7\">Aplicativo<\/div>\n<\/td>\n<td colspan=\"1\" rowspan=\"1\">\n<div class=\"magic-6\">Para ativos, ind\u00fastria pesada e uso externo<\/div>\n<\/td>\n<\/tr>\n<\/tbody>\n<\/table>\n<p>&nbsp;<\/p>\n<ul>\n<li><strong>Codifica\u00e7\u00e3o de mem\u00f3ria do chip:<\/strong>\n<ul>\n<li><strong>Codifica\u00e7\u00e3o de c\u00f3digo EPC:<\/strong>\u00a0Suporta codifica\u00e7\u00e3o de c\u00f3digos EPC para transponders UHF.<\/li>\n<li><strong>Grava\u00e7\u00e3o de mem\u00f3ria de tag UHF:<\/strong>\u00a0Permite gravar dados na mem\u00f3ria da etiqueta UHF, incluindo dados de um banco de dados fornecido pelo cliente.<\/li>\n<li><strong>Dados protegidos por senha:<\/strong>\u00a0Os dados podem ser bloqueados tempor\u00e1ria ou permanentemente por meio de uma senha.<\/li>\n<li><strong>Associa\u00e7\u00e3o de banco de dados:<\/strong>\u00a0Suporta associa\u00e7\u00e3o de c\u00f3digo EPC e c\u00f3digo TID em bancos de dados, bem como associa\u00e7\u00e3o de c\u00f3digo TID e c\u00f3digo progressivo\/c\u00f3digo de barras.<\/li>\n<\/ul>\n<\/li>\n<\/ul>\n<p><strong>F\u00f3rmulas:<\/strong><\/p>\n<ul>\n<li><strong>C\u00f3digo EPC:<\/strong>\u00a0<span class=\"math math-inline\"><span class=\"katex\"><span class=\"katex-mathml\">\ud835\udc38\ud835\udc43\ud835\udc36={sinal, n\u00famero}<\/span><span class=\"katex-html\" aria-hidden=\"true\"><span class=\"base\"><span class=\"mord mathnormal\">EPC<\/span><span class=\"mrel\">=<\/span><\/span><span class=\"base\"><span class=\"mopen\">{<\/span><span class=\"mord mathnormal\">voc\u00ea<\/span><span class=\"mord mathnormal\">EU<\/span><span class=\"mord mathnormal\">E<\/span><span class=\"mpunct\">,<\/span><span class=\"mord mathnormal\">UM<\/span><span class=\"mord mathnormal\">pessoas<\/span><span class=\"mord mathnormal\">eu<\/span><span class=\"mord mathnormal\">c<\/span><span class=\"mord mathnormal\">um<\/span><span class=\"mord mathnormal\">para<\/span><span class=\"mord mathnormal\">eu<\/span><span class=\"mord mathnormal\">o<\/span><span class=\"mord mathnormal\">n\u00e3o<\/span><span class=\"mord mathnormal\">E<\/span><span class=\"mord mathnormal\">um<\/span><span class=\"mord mathnormal\">para<\/span><span class=\"mord mathnormal\">um<\/span><span class=\"mclose\">}<\/span><\/span><\/span><\/span><\/span><\/li>\n<li><strong>C\u00f3digo TID:<\/strong>\u00a0<span class=\"math math-inline\"><span class=\"katex\"><span class=\"katex-mathml\">\ud835\udc47\ud835\udc3c\ud835\udc37={sinaliza\u00e7\u00e3o,sinaliza\u00e7\u00e3o}<\/span><span class=\"katex-html\" aria-hidden=\"true\"><span class=\"base\"><span class=\"mord mathnormal\">E<\/span><span class=\"mord mathnormal\">EU<\/span><span class=\"mord mathnormal\">E<\/span><span class=\"mrel\">=<\/span><\/span><span class=\"base\"><span class=\"mopen\">{<\/span><span class=\"mord mathnormal\">E<\/span><span class=\"mord mathnormal\">um<\/span><span class=\"mord mathnormal\">g<\/span><span class=\"mord mathnormal\">EU<\/span><span class=\"mord mathnormal\">E<\/span><span class=\"mpunct\">,<\/span><span class=\"mord mathnormal\">M<\/span><span class=\"mord mathnormal\">um<\/span><span class=\"mord mathnormal\">voc\u00ea<\/span><span class=\"mord mathnormal\">e<\/span><span class=\"mord mathnormal\">um<\/span><span class=\"mord mathnormal\">c<\/span><span class=\"mord mathnormal\">para<\/span><span class=\"mord mathnormal\">voc\u00ea<\/span><span class=\"mord mathnormal\">rerD<\/span><span class=\"mord mathnormal\">um<\/span><span class=\"mord mathnormal\">para<\/span><span class=\"mord mathnormal\">um<\/span><span class=\"mclose\">}<\/span><\/span><\/span><\/span><\/span><\/li>\n<\/ul>\n<p><strong>Onde:<\/strong><\/p>\n<ul>\n<li><strong>Identifica\u00e7\u00e3o UID:<\/strong>\u00a0Identificador \u00danico<\/li>\n<li><strong>Dados da aplica\u00e7\u00e3o:<\/strong>\u00a0Dados espec\u00edficos da aplica\u00e7\u00e3o<\/li>\n<li><strong>ID da etiqueta:<\/strong>\u00a0ID de etiqueta exclusiva<\/li>\n<li><strong>Dados do fabricante:<\/strong>\u00a0Dados fornecidos pelo fabricante<\/li>\n<\/ul>\n<p><strong>Conclus\u00e3o:<\/strong><\/p>\n<p>A etiqueta ABS RFID \u00e9 uma solu\u00e7\u00e3o vers\u00e1til e personaliz\u00e1vel para diversas aplica\u00e7\u00f5es, oferecendo uma combina\u00e7\u00e3o de desempenho robusto e op\u00e7\u00f5es flex\u00edveis para atender a necessidades espec\u00edficas.<\/p>","protected":false},"excerpt":{"rendered":"<p>A etiqueta RFID UHF ABS On Metal \u00e9 uma etiqueta RFID UHF passiva, poderosa e de longo alcance, projetada para se destacar em ambientes exigentes.<\/p>","protected":false},"featured_media":298,"template":"","meta":{"_kad_post_transparent":"default","_kad_post_title":"","_kad_post_layout":"default","_kad_post_sidebar_id":"","_kad_post_content_style":"default","_kad_post_vertical_padding":"default","_kad_post_feature":"","_kad_post_feature_position":"","_kad_post_header":false,"_kad_post_footer":false,"_kad_post_classname":""},"product_brand":[],"product_cat":[54],"product_tag":[120,119],"class_list":{"0":"post-296","1":"product","2":"type-product","3":"status-publish","4":"has-post-thumbnail","6":"product_cat-hot-selling-rfid-tags","7":"product_tag-on-metal-abs-rfid-tag","8":"product_tag-on-metal-abs-uhf-rfid-tag","10":"first","11":"instock","12":"shipping-taxable","13":"product-type-simple","14":"entry","15":"content-bg","16":"loop-entry"},"_links":{"self":[{"href":"https:\/\/rfid-laundry-tag.com\/pt\/wp-json\/wp\/v2\/product\/296","targetHints":{"allow":["GET"]}}],"collection":[{"href":"https:\/\/rfid-laundry-tag.com\/pt\/wp-json\/wp\/v2\/product"}],"about":[{"href":"https:\/\/rfid-laundry-tag.com\/pt\/wp-json\/wp\/v2\/types\/product"}],"version-history":[{"count":1,"href":"https:\/\/rfid-laundry-tag.com\/pt\/wp-json\/wp\/v2\/product\/296\/revisions"}],"predecessor-version":[{"id":1322,"href":"https:\/\/rfid-laundry-tag.com\/pt\/wp-json\/wp\/v2\/product\/296\/revisions\/1322"}],"wp:featuredmedia":[{"embeddable":true,"href":"https:\/\/rfid-laundry-tag.com\/pt\/wp-json\/wp\/v2\/media\/298"}],"wp:attachment":[{"href":"https:\/\/rfid-laundry-tag.com\/pt\/wp-json\/wp\/v2\/media?parent=296"}],"wp:term":[{"taxonomy":"product_brand","embeddable":true,"href":"https:\/\/rfid-laundry-tag.com\/pt\/wp-json\/wp\/v2\/product_brand?post=296"},{"taxonomy":"product_cat","embeddable":true,"href":"https:\/\/rfid-laundry-tag.com\/pt\/wp-json\/wp\/v2\/product_cat?post=296"},{"taxonomy":"product_tag","embeddable":true,"href":"https:\/\/rfid-laundry-tag.com\/pt\/wp-json\/wp\/v2\/product_tag?post=296"}],"curies":[{"name":"wp","href":"https:\/\/api.w.org\/{rel}","templated":true}]}}