{"id":2942,"date":"2025-10-27T13:54:59","date_gmt":"2025-10-27T13:54:59","guid":{"rendered":"https:\/\/rfid-laundry-tag.com\/?post_type=product&#038;p=2942"},"modified":"2025-10-27T14:13:32","modified_gmt":"2025-10-27T14:13:32","slug":"iron-heating-sealed-rfid-laundry-tag","status":"publish","type":"product","link":"https:\/\/rfid-laundry-tag.com\/pt\/iron-heating-sealed-rfid-laundry-tag\/","title":{"rendered":"Etiqueta RFID selada para lavagem com aquecimento de ferro"},"content":{"rendered":"<div>\n<div class=\"auto-hide-last-sibling-br paragraph_1252f paragraph-element\">\n<h2 data-start=\"0\" data-end=\"75\"><strong data-start=\"0\" data-end=\"75\">Etiqueta RFID selada para aquecimento de ferro de passar roupa \u2013 Dur\u00e1vel, eficiente e confi\u00e1vel.<\/strong><\/h2>\n<p data-start=\"77\" data-end=\"443\">O <strong data-start=\"81\" data-end=\"121\">Etiqueta RFID selada para lavagem com aquecimento de ferro<\/strong> \u00c9 uma solu\u00e7\u00e3o de alto desempenho para identifica\u00e7\u00e3o e rastreamento de t\u00eaxteis, projetada especificamente para os setores de lavanderia industrial, sa\u00fade e gest\u00e3o de uniformes. Com sua durabilidade superior, destaca-se em condi\u00e7\u00f5es extremas de lavagem, garantindo o rastreamento cont\u00ednuo e de longo prazo de itens de lavanderia na Europa, nos EUA e no Canad\u00e1.<\/p>\n<h3 data-start=\"445\" data-end=\"462\">Principais benef\u00edcios:<\/h3>\n<ul data-start=\"463\" data-end=\"937\">\n<li data-start=\"463\" data-end=\"616\">\n<p data-start=\"465\" data-end=\"616\"><strong data-start=\"465\" data-end=\"496\">\u00c0 prova d&#039;\u00e1gua e resistente ao calor<\/strong>Resiste \u00e0 exposi\u00e7\u00e3o a detergentes, alvejantes e altas temperaturas, garantindo durabilidade em processos de lavanderia industrial.<\/p>\n<\/li>\n<li data-start=\"617\" data-end=\"731\">\n<p data-start=\"619\" data-end=\"731\"><strong data-start=\"619\" data-end=\"647\">Desempenho de longa dura\u00e7\u00e3o<\/strong>: Suporta at\u00e9 <strong data-start=\"663\" data-end=\"685\">200 ciclos de lavagem<\/strong> ou <strong data-start=\"689\" data-end=\"703\">300 lavagens<\/strong>, garantindo uso prolongado.<\/p>\n<\/li>\n<li data-start=\"732\" data-end=\"829\">\n<p data-start=\"734\" data-end=\"829\"><strong data-start=\"734\" data-end=\"757\">Alcance de leitura superior<\/strong>Oferece uma dist\u00e2ncia de leitura de <strong data-start=\"785\" data-end=\"800\">8-12 metros<\/strong> Para uma digitaliza\u00e7\u00e3o r\u00e1pida e precisa.<\/p>\n<\/li>\n<li data-start=\"830\" data-end=\"937\">\n<p data-start=\"832\" data-end=\"937\"><strong data-start=\"832\" data-end=\"852\">Entrega r\u00e1pida<\/strong>Prazo de entrega r\u00e1pido de apenas <strong data-start=\"877\" data-end=\"887\">3 dias<\/strong>, garantindo que voc\u00ea receba o que precisa quando precisa.<\/p>\n<\/li>\n<\/ul>\n<h3 data-start=\"939\" data-end=\"956\">Principais caracter\u00edsticas:<\/h3>\n<ul data-start=\"957\" data-end=\"1499\">\n<li data-start=\"957\" data-end=\"1123\">\n<p data-start=\"959\" data-end=\"1123\"><strong data-start=\"959\" data-end=\"990\">Resist\u00eancia qu\u00edmica e \u00e0 \u00e1gua<\/strong>Constru\u00edda para resistir a detergentes, amaciantes, \u00e1gua sanit\u00e1ria e tratamentos alcalinos, esta etiqueta RFID permanece operacional mesmo em condi\u00e7\u00f5es exigentes.<\/p>\n<\/li>\n<li data-start=\"1124\" data-end=\"1248\">\n<p data-start=\"1126\" data-end=\"1248\"><strong data-start=\"1126\" data-end=\"1152\">Tecnologia de selagem t\u00e9rmica<\/strong>Integra-se facilmente com m\u00e1quinas de selagem t\u00e9rmica, proporcionando uma fixa\u00e7\u00e3o firme e permanente aos tecidos.<\/p>\n<\/li>\n<li data-start=\"1249\" data-end=\"1388\">\n<p data-start=\"1251\" data-end=\"1388\"><strong data-start=\"1251\" data-end=\"1272\">Termocolante e costur\u00e1vel<\/strong>Aplica\u00e7\u00e3o flex\u00edvel por meio de prensa t\u00e9rmica ou costura, ideal para incorporar etiquetas em bordas de tecidos ou etiquetas de cuidados.<\/p>\n<\/li>\n<li data-start=\"1389\" data-end=\"1499\">\n<p data-start=\"1391\" data-end=\"1499\"><strong data-start=\"1391\" data-end=\"1421\">Resistente a altas temperaturas<\/strong>Projetado para suportar o calor intenso e o estresse mec\u00e2nico de lavanderias industriais.<\/p>\n<\/li>\n<\/ul>\n<h3 data-start=\"1501\" data-end=\"1530\">Especifica\u00e7\u00f5es t\u00e9cnicas:<\/h3>\n<ul data-start=\"1531\" data-end=\"2169\">\n<li data-start=\"1531\" data-end=\"1653\">\n<p data-start=\"1533\" data-end=\"1653\"><strong data-start=\"1533\" data-end=\"1549\">Op\u00e7\u00f5es de tamanho<\/strong>: 35 mm x 15 mm, 58 mm x 15 mm, 70 mm x 10 mm, 70 mm x 15 mm, 75 mm x 12 mm, 75 mm x 15 mm (tamanhos personalizados dispon\u00edveis).<\/p>\n<\/li>\n<li data-start=\"1654\" data-end=\"1710\">\n<p data-start=\"1656\" data-end=\"1710\"><strong data-start=\"1656\" data-end=\"1674\">Padr\u00f5es RFID<\/strong>: ISO\/IEC 18000-6 Tipo C (EPC Gen2).<\/p>\n<\/li>\n<li data-start=\"1711\" data-end=\"1770\">\n<p data-start=\"1713\" data-end=\"1770\"><strong data-start=\"1713\" data-end=\"1729\">Op\u00e7\u00f5es de Chip<\/strong>: NXP U CODE 9, Alien H9, etc.<\/p>\n<\/li>\n<li data-start=\"1771\" data-end=\"1813\">\n<p data-start=\"1773\" data-end=\"1813\"><strong data-start=\"1773\" data-end=\"1783\">Mem\u00f3ria<\/strong>EPC 128 bits, Usu\u00e1rio 512 bits.<\/p>\n<\/li>\n<li data-start=\"1814\" data-end=\"1852\">\n<p data-start=\"1816\" data-end=\"1852\"><strong data-start=\"1816\" data-end=\"1830\">Faixa de leitura<\/strong>: 8M \u2013 10M (FCC\/ETSI).<\/p>\n<\/li>\n<li data-start=\"1853\" data-end=\"1927\">\n<p data-start=\"1855\" data-end=\"1927\"><strong data-start=\"1855\" data-end=\"1874\">M\u00e9todos de marca\u00e7\u00e3o<\/strong>Selagem t\u00e9rmica, adesivo para estampagem a quente ou perfura\u00e7\u00e3o de furos.<\/p>\n<\/li>\n<li data-start=\"1928\" data-end=\"2042\">\n<p data-start=\"1930\" data-end=\"2042\"><strong data-start=\"1930\" data-end=\"1956\">Temperatura e umidade<\/strong>Opera entre <strong data-start=\"1975\" data-end=\"1993\">-20\u00b0C a 110\u00b0C<\/strong>; intervalo de armazenamento <strong data-start=\"2009\" data-end=\"2027\">-40\u00b0C a 110\u00b0C<\/strong> com 8-95% RH.<\/p>\n<\/li>\n<li data-start=\"2043\" data-end=\"2169\">\n<p data-start=\"2045\" data-end=\"2169\"><strong data-start=\"2045\" data-end=\"2072\">Lavagem e esteriliza\u00e7\u00e3o<\/strong>: Tolera temperaturas de lavagem de at\u00e9 <strong data-start=\"2111\" data-end=\"2119\">90\u00b0C<\/strong> e esteriliza\u00e7\u00e3o em <strong data-start=\"2141\" data-end=\"2168\">135\u00b0C por 15 a 20 minutos<\/strong>.<\/p>\n<\/li>\n<\/ul>\n<\/div>\n<\/div>\n<h2 data-start=\"2812\" data-end=\"3015\"><strong>Ficha de dados<\/strong><\/h2>\n<div>\n<div class=\"auto-hide-last-sibling-br paragraph_1252f paragraph-element\">\n<div>\n<table width=\"637\">\n<tbody>\n<tr>\n<td width=\"328\">Nome do item:<\/td>\n<td width=\"309\">Etiqueta RFID selada para lavagem com aquecimento de ferro<\/td>\n<\/tr>\n<tr>\n<td width=\"328\">Padr\u00e3o RFID:<\/td>\n<td width=\"309\">ISO\/IEC 18000-6 Tipo C (EPC Gen2)<\/td>\n<\/tr>\n<tr>\n<td width=\"328\">Tamanho e peso:<\/td>\n<td width=\"309\">\u00a035 mm x 15 mm; 58 mm x 15 mm; 70 mm x 10 mm; 70 mm x 15 mm; 75 mm x 12 mm; 75 mm x 15 mm ou sob medida.<\/td>\n<\/tr>\n<tr>\n<td width=\"328\">Tipo de chip:<\/td>\n<td width=\"309\">Monza 4QT, NXP U CODE 9, Alien H9 etc.<\/td>\n<\/tr>\n<tr>\n<td width=\"328\">Mem\u00f3ria EPC:<\/td>\n<td width=\"309\">128 bits<\/td>\n<\/tr>\n<tr>\n<td width=\"328\">Mem\u00f3ria do usu\u00e1rio:<\/td>\n<td width=\"309\">512 bits<\/td>\n<\/tr>\n<tr>\n<td width=\"328\">Alcance de leitura (2W ERP FCC):<\/td>\n<td width=\"309\">8M~10M<\/td>\n<\/tr>\n<tr>\n<td width=\"328\">Alcance de leitura (2W ERP ETSI):<\/td>\n<td width=\"309\">8M~10M<\/td>\n<\/tr>\n<tr>\n<td width=\"328\">Marca\u00e7\u00e3o:<\/td>\n<td width=\"309\">Adesivo para estampagem a quente, selagem t\u00e9rmica, furo etc.<\/td>\n<\/tr>\n<tr>\n<td width=\"328\">Vida \u00fatil estimada:<\/td>\n<td width=\"309\">200 ciclos de lavagem ou 300 vezes<\/td>\n<\/tr>\n<tr>\n<td width=\"328\">M\u00e9todo de lavagem:<\/td>\n<td width=\"309\">Lavanderia, Limpeza a seco<\/td>\n<\/tr>\n<tr>\n<td width=\"328\">Press\u00e3o de extra\u00e7\u00e3o de \u00e1gua:<\/td>\n<td width=\"309\">60 barras<\/td>\n<\/tr>\n<tr>\n<td width=\"328\">Resist\u00eancia \u00e0 \u00e1gua:<\/td>\n<td width=\"309\">Resistente \u00e0 \u00e1gua<\/td>\n<\/tr>\n<tr>\n<td width=\"328\">Resist\u00eancia qu\u00edmica:<\/td>\n<td width=\"309\">Detergente, Amaciante, Alvejante (Oxig\u00eanio\/ Cloro), \u00c1lcali<\/td>\n<\/tr>\n<tr>\n<td width=\"328\">Pr\u00e9-secagem em tambor:<\/td>\n<td width=\"309\">125 \u00baC por 15-20 minutos<\/td>\n<\/tr>\n<tr>\n<td width=\"328\">Temperatura de esteriliza\u00e7\u00e3o:<\/td>\n<td width=\"309\">135\u00b0C por 15-20 minutos<\/td>\n<\/tr>\n<tr>\n<td width=\"328\">Temperatura de lavagem:<\/td>\n<td width=\"309\">90\u00b0C, at\u00e9 15min.<\/td>\n<\/tr>\n<tr>\n<td width=\"328\">Umidade\/Temperatura-Opera\u00e7\u00e3o:<\/td>\n<td width=\"309\">-20 a 110\u00b0C, 8 a 95%RH<\/td>\n<\/tr>\n<tr>\n<td width=\"328\">Umidade\/Temperatura-Armazenamento:<\/td>\n<td width=\"309\">-40 a 110\u00b0C, 8 a 95%RH<\/td>\n<\/tr>\n<\/tbody>\n<\/table>\n<\/div>\n<\/div>\n<\/div>\n<div><\/div>\n<div class=\"auto-hide-last-sibling-br paragraph_1252f paragraph-element\"><span class=\"AnswerParser_TextContainer__z_Iiv\" data-testid=\"youchat-text\"><strong>Etiquetas de lavanderia RFID UHF<\/strong> s\u00e3o a solu\u00e7\u00e3o definitiva para gerenciar com efici\u00eancia roupas de trabalho, toalhas de hotel e roupas de cama hospitalares. Essas etiquetas dur\u00e1veis s\u00e3o projetadas para suportar altas temperaturas e produtos qu\u00edmicos agressivos normalmente usados em processos de lavagem industrial. Sua constru\u00e7\u00e3o robusta garante que elas permane\u00e7am funcionais mesmo ap\u00f3s v\u00e1rios ciclos de lavagem, tornando-as um recurso inestim\u00e1vel em qualquer opera\u00e7\u00e3o de lavanderia.<\/span><span class=\"AnswerParser_TextContainer__z_Iiv\" data-testid=\"youchat-text\">Ao integrar a tecnologia RFID ao seu sistema de gerenciamento de lavanderia, voc\u00ea pode reduzir significativamente os custos de manuseio. Gateways e contadores RFID simplificam o processo de rastreamento, permitindo que voc\u00ea localize e identifique itens de lavanderia rapidamente. Isso n\u00e3o s\u00f3 economiza tempo, mas tamb\u00e9m aumenta a precis\u00e3o do invent\u00e1rio, permitindo que voc\u00ea acompanhe os ciclos de lavagem com facilidade. Com as etiquetas de lavanderia RFID UHF, voc\u00ea melhorar\u00e1 sua efici\u00eancia operacional e garantir\u00e1 que seus itens de lavanderia sejam sempre contabilizados.<\/span><\/div>\n<div><\/div>\n<div>\n<h3 data-start=\"2171\" data-end=\"2219\">Otimizado para opera\u00e7\u00f5es de lavanderia industrial:<\/h3>\n<p data-start=\"2220\" data-end=\"2515\">As etiquetas RFID UHF para lavanderia oferecem gerenciamento eficiente de ativos para uniformes de trabalho, roupas de cama de hotel, t\u00eaxteis hospitalares e muito mais. Com a capacidade de suportar altas temperaturas e produtos qu\u00edmicos agressivos, elas permanecem funcionais mesmo ap\u00f3s v\u00e1rios ciclos de lavagem, garantindo o bom funcionamento da sua lavanderia.<\/p>\n<p data-start=\"2517\" data-end=\"2583\">Ao integrar a tecnologia RFID ao seu sistema de gest\u00e3o de lavanderia, voc\u00ea obt\u00e9m:<\/p>\n<ul data-start=\"2584\" data-end=\"2810\">\n<li data-start=\"2584\" data-end=\"2675\">\n<p data-start=\"2586\" data-end=\"2675\"><strong data-start=\"2586\" data-end=\"2609\">Efici\u00eancia aprimorada<\/strong>Um rastreamento de estoque mais r\u00e1pido e preciso reduz os custos de manuseio.<\/p>\n<\/li>\n<li data-start=\"2676\" data-end=\"2810\">\n<p data-start=\"2678\" data-end=\"2810\"><strong data-start=\"2678\" data-end=\"2699\">Precis\u00e3o melhorada<\/strong>A tecnologia RFID garante um rastreamento preciso da localiza\u00e7\u00e3o, reduzindo erros e assegurando que os itens sejam contabilizados.<\/p>\n<\/li>\n<\/ul>\n<p data-start=\"2812\" data-end=\"3015\"><strong data-start=\"2812\" data-end=\"2853\">Etiquetas RFID seladas para aquecimento de ferro de passar roupa<\/strong> Torne sua opera\u00e7\u00e3o de lavanderia mais r\u00e1pida, confi\u00e1vel e econ\u00f4mica, otimizando seu fluxo de trabalho e garantindo que seus itens permane\u00e7am rastre\u00e1veis em todas as lavagens.<\/p>\n<\/div>\n<div data-spm-anchor-id=\"a2700.details.0.i57.23b419c7xXORP0\"><\/div>\n<div class=\"auto-hide-last-sibling-br paragraph_1252f paragraph-element\"><\/div>\n<div class=\"auto-hide-last-sibling-br paragraph_1252f paragraph-element\"><\/div>","protected":false},"excerpt":{"rendered":"<p>Somos um dos 5 maiores fabricantes de etiquetas RFID seladas para aquecimento de ferro de passar roupa.<strong>.Etiqueta RFID para lavanderia<\/strong>\u00a0Garante rastreamento t\u00eaxtil dur\u00e1vel em ambientes de sa\u00fade, lavanderia e uniformes na Europa, EUA e Canad\u00e1, resistindo a ciclos de lavagem agressivos.<\/p>","protected":false},"featured_media":2943,"template":"","meta":{"_kad_post_transparent":"default","_kad_post_title":"","_kad_post_layout":"default","_kad_post_sidebar_id":"","_kad_post_content_style":"default","_kad_post_vertical_padding":"default","_kad_post_feature":"","_kad_post_feature_position":"","_kad_post_header":false,"_kad_post_footer":false,"_kad_post_classname":""},"product_brand":[],"product_cat":[16],"product_tag":[364,363,338,342,339,65,30],"class_list":{"0":"post-2942","1":"product","2":"type-product","3":"status-publish","4":"has-post-thumbnail","6":"product_cat-uhf-rfid-laundry-tags","7":"product_tag-heating-sealed-rfid-laundry-tag","8":"product_tag-iron-heating-sealed-rfid-laundry-tag","9":"product_tag-rfid-chips-for-uniforms","10":"product_tag-rfid-laundry-tags","11":"product_tag-rfid-washable-tags","12":"product_tag-textile-rfid-laundry-tags","13":"product_tag-uhf-rfid-laundry-tag","15":"first","16":"instock","17":"featured","18":"shipping-taxable","19":"product-type-simple","20":"entry","21":"content-bg","22":"loop-entry"},"_links":{"self":[{"href":"https:\/\/rfid-laundry-tag.com\/pt\/wp-json\/wp\/v2\/product\/2942","targetHints":{"allow":["GET"]}}],"collection":[{"href":"https:\/\/rfid-laundry-tag.com\/pt\/wp-json\/wp\/v2\/product"}],"about":[{"href":"https:\/\/rfid-laundry-tag.com\/pt\/wp-json\/wp\/v2\/types\/product"}],"version-history":[{"count":2,"href":"https:\/\/rfid-laundry-tag.com\/pt\/wp-json\/wp\/v2\/product\/2942\/revisions"}],"predecessor-version":[{"id":2948,"href":"https:\/\/rfid-laundry-tag.com\/pt\/wp-json\/wp\/v2\/product\/2942\/revisions\/2948"}],"wp:featuredmedia":[{"embeddable":true,"href":"https:\/\/rfid-laundry-tag.com\/pt\/wp-json\/wp\/v2\/media\/2943"}],"wp:attachment":[{"href":"https:\/\/rfid-laundry-tag.com\/pt\/wp-json\/wp\/v2\/media?parent=2942"}],"wp:term":[{"taxonomy":"product_brand","embeddable":true,"href":"https:\/\/rfid-laundry-tag.com\/pt\/wp-json\/wp\/v2\/product_brand?post=2942"},{"taxonomy":"product_cat","embeddable":true,"href":"https:\/\/rfid-laundry-tag.com\/pt\/wp-json\/wp\/v2\/product_cat?post=2942"},{"taxonomy":"product_tag","embeddable":true,"href":"https:\/\/rfid-laundry-tag.com\/pt\/wp-json\/wp\/v2\/product_tag?post=2942"}],"curies":[{"name":"wp","href":"https:\/\/api.w.org\/{rel}","templated":true}]}}