{"id":2860,"date":"2024-11-05T13:06:31","date_gmt":"2024-11-05T13:06:31","guid":{"rendered":"https:\/\/rfid-laundry-tag.com\/?post_type=product&#038;p=2860"},"modified":"2024-11-05T13:13:50","modified_gmt":"2024-11-05T13:13:50","slug":"rfid-keyfobs-abs-iso14443a","status":"publish","type":"product","link":"https:\/\/rfid-laundry-tag.com\/pt\/rfid-keyfobs-abs-iso14443a\/","title":{"rendered":"Chaveiro RFID ABS ISO14443A"},"content":{"rendered":"<h2>Chaveiro RFID ABS ISO14443A<\/h2>\n<table class=\"has-title all magic-13\">\n<tbody>\n<tr>\n<td colspan=\"1\" rowspan=\"2\">\n<div class=\"magic-14\">material<\/div>\n<\/td>\n<td colspan=\"1\" rowspan=\"1\">\n<div class=\"magic-15\">Material da antena:Folha de alum\u00ednio<\/div>\n<\/td>\n<\/tr>\n<tr>\n<td colspan=\"1\" rowspan=\"1\">\n<div class=\"magic-15\" data-spm-anchor-id=\"a2700.details.0.i43.3c939b1b0qFtg1\">material de superf\u00edcie: ABS\/couro\/madeira<\/div>\n<\/td>\n<\/tr>\n<tr>\n<td colspan=\"1\" rowspan=\"1\">\n<div class=\"magic-17\">tamanho<\/div>\n<\/td>\n<td colspan=\"1\" rowspan=\"1\">\n<div class=\"magic-15\" data-spm-anchor-id=\"a2700.details.0.i41.3c939b1b0qFtg1\">40,38*31,5 mm, 35,5*28 mm, 51,5*32 mm ou personalizado<\/div>\n<\/td>\n<\/tr>\n<tr>\n<td colspan=\"1\" rowspan=\"1\">\n<div class=\"magic-17\">Artesanato Personalizado<\/div>\n<\/td>\n<td colspan=\"1\" rowspan=\"1\">\n<div class=\"magic-15\">logotipo serigrafia\/c\u00f3digo UID, c\u00f3digo de s\u00e9rie ou personalizado<\/div>\n<\/td>\n<\/tr>\n<tr>\n<td colspan=\"1\" rowspan=\"1\">\n<div class=\"magic-17\">Temperatura de opera\u00e7\u00e3o<\/div>\n<\/td>\n<td colspan=\"1\" rowspan=\"1\">\n<div class=\"magic-15\">-20\u00b0C~+90\u00b0C<\/div>\n<\/td>\n<\/tr>\n<tr>\n<td colspan=\"1\" rowspan=\"1\">\n<div class=\"magic-17\">codificar<\/div>\n<\/td>\n<td colspan=\"1\" rowspan=\"1\">\n<div class=\"magic-15\">chip grav\u00e1vel dispon\u00edvel<\/div>\n<\/td>\n<\/tr>\n<tr>\n<td colspan=\"1\" rowspan=\"1\">\n<div class=\"magic-17\">op\u00e7\u00f5es de cores<\/div>\n<\/td>\n<td colspan=\"1\" rowspan=\"1\">\n<div class=\"magic-15\" data-spm-anchor-id=\"a2700.details.0.i42.3c939b1b0qFtg1\">Vermelho, Azul, Preto, Roxo, Laranja, Amarelo (pode ser personalizado)<\/div>\n<\/td>\n<\/tr>\n<tr>\n<td colspan=\"1\" rowspan=\"1\">\n<div class=\"magic-17\">dist\u00e2ncia de leitura<\/div>\n<\/td>\n<td colspan=\"1\" rowspan=\"1\">\n<div class=\"magic-15\">1~10cm (depende do leitor)<\/div>\n<\/td>\n<\/tr>\n<tr>\n<td colspan=\"1\" rowspan=\"1\">\n<div class=\"magic-17\">aplica\u00e7\u00f5es<\/div>\n<\/td>\n<td colspan=\"1\" rowspan=\"1\">\n<div class=\"magic-15\" data-spm-anchor-id=\"a2700.details.0.i40.3c939b1b0qFtg1\">sistema de associa\u00e7\u00e3o\/academia\/controle de acesso\/pagamento etc.<\/div>\n<\/td>\n<\/tr>\n<\/tbody>\n<\/table>\n<p><strong>Chaveiros RFID<\/strong> est\u00e3o na vanguarda do gerenciamento de acesso seguro e conveniente. Esses dispositivos pequenos e leves usam <strong>identifica\u00e7\u00e3o por radiofrequ\u00eancia<\/strong> (RFID) para permitir entrada r\u00e1pida e sem interrup\u00e7\u00f5es em \u00e1reas seguras. Eles s\u00e3o comumente usados em v\u00e1rios setores, incluindo hospitalidade, pr\u00e9dios de escrit\u00f3rios e propriedades residenciais, para sistemas de controle de acesso seguro.<\/p>\n<p>Nesta descri\u00e7\u00e3o do produto, exploraremos os recursos e benef\u00edcios de <strong>Chaveiros RFID<\/strong>, com foco no <strong>ABS ISO14443A<\/strong> especifica\u00e7\u00e3o. Discutiremos por que esses fobs s\u00e3o a escolha preferida tanto para empresas quanto para indiv\u00edduos que buscam solu\u00e7\u00f5es de acesso eficientes, seguras e f\u00e1ceis de usar.<\/p>\n<p><strong>Chaveiros RFID<\/strong> est\u00e3o na vanguarda do gerenciamento de acesso seguro e conveniente. Esses dispositivos pequenos e leves usam <strong>identifica\u00e7\u00e3o por radiofrequ\u00eancia<\/strong> (RFID) para permitir entrada r\u00e1pida e sem interrup\u00e7\u00f5es em \u00e1reas seguras. Eles s\u00e3o comumente usados em v\u00e1rios setores, incluindo hospitalidade, pr\u00e9dios de escrit\u00f3rios e propriedades residenciais, para sistemas de controle de acesso seguro.<\/p>\n<h2><strong>O que \u00e9 um chaveiro RFID?<\/strong><\/h2>\n<p>Um <strong>Chaveiro RFID<\/strong> \u00e9 um dispositivo compacto e port\u00e1til que se comunica com um <strong>Leitor RFID<\/strong> para conceder acesso a uma \u00e1rea segura. Ele normalmente cont\u00e9m um pequeno microchip e uma antena embutidos em um dispositivo dur\u00e1vel <strong>Inv\u00f3lucro ABS<\/strong>. O <strong>Frequ\u00eancia de 13,56 MHz<\/strong> Os chaveiros RFID ISO14443A utilizados garantem uma detec\u00e7\u00e3o r\u00e1pida e confi\u00e1vel, tornando-os uma solu\u00e7\u00e3o altamente eficaz para sistemas de controle de acesso.<\/p>\n<p>Ao contr\u00e1rio das chaves ou cart\u00f5es tradicionais, um <strong>Chaveiro RFID<\/strong> n\u00e3o requer contato f\u00edsico com o leitor; opera em <strong>sem contato<\/strong> princ\u00edpios, tornando-o mais seguro e mais conveniente. Os usu\u00e1rios podem simplesmente tocar seu fob perto de um leitor para obter acesso, eliminando a necessidade de desbloqueio manual ou c\u00f3digos PIN.<\/p>\n<hr \/>\n<h2><strong>Principais caracter\u00edsticas dos chaveiros RFID<\/strong><\/h2>\n<h3><strong>1. Controle de acesso seguro<\/strong><\/h3>\n<p>Uma das maiores vantagens de usar <strong>Chaveiros RFID<\/strong> \u00e9 seguran\u00e7a aprimorada. Esses dispositivos oferecem v\u00e1rias camadas de prote\u00e7\u00e3o, incluindo protocolos de criptografia, impedindo que usu\u00e1rios n\u00e3o autorizados obtenham acesso. <strong>13,56 MHz<\/strong> frequ\u00eancia usada por <strong>Controles remotos ISO14443A<\/strong> garante alta compatibilidade com v\u00e1rios <strong>sistemas de controle de acesso<\/strong>, desde fechaduras de hot\u00e9is at\u00e9 portas de entrada de escrit\u00f3rios.<\/p>\n<p>Ao utilizar a tecnologia RFID, <strong>Chaveiros RFID<\/strong> oferecer <strong>entrada sem chave<\/strong>, reduzindo o risco de arrombamento de fechaduras ou duplica\u00e7\u00e3o n\u00e3o autorizada. Quando integrado em <strong>controle de acesso<\/strong> sistemas, esses chaveiros servem como um token seguro para verificar e autenticar usu\u00e1rios com o m\u00ednimo de esfor\u00e7o.<\/p>\n<h3><strong>2. Constru\u00e7\u00e3o ABS dur\u00e1vel<\/strong><\/h3>\n<p>A constru\u00e7\u00e3o de <strong>Chaveiros RFID<\/strong> \u00e9 t\u00e3o importante quanto sua funcionalidade. Esses chaveiros s\u00e3o feitos de <strong>Pl\u00e1stico ABS<\/strong>, que \u00e9 um material dur\u00e1vel e leve que pode suportar v\u00e1rias condi\u00e7\u00f5es ambientais. Quer voc\u00ea os esteja usando em um ambiente de escrit\u00f3rio ou carregando-os em um chaveiro, esses chaveiros s\u00e3o feitos para durar.<\/p>\n<p>O <strong>Inv\u00f3lucro ABS<\/strong> n\u00e3o s\u00f3 protege os componentes internos, mas tamb\u00e9m garante que o fob permane\u00e7a operacional mesmo ap\u00f3s uso prolongado. Seu tamanho compacto e design robusto os tornam resistentes ao desgaste, garantindo uma solu\u00e7\u00e3o duradoura para as necessidades de controle de acesso.<\/p>\n<h3><strong>3. F\u00e1cil integra\u00e7\u00e3o com sistemas RFID<\/strong><\/h3>\n<p><strong>Chaveiros RFID<\/strong> s\u00e3o totalmente compat\u00edveis com a maioria <strong>Sistemas RFID<\/strong>. Quer voc\u00ea esteja atualizando de cart\u00f5es-chave tradicionais ou instalando um sistema de controle de acesso completamente novo, esses chaveiros integram-se perfeitamente \u00e0 infraestrutura existente. <strong>Norma ISO 14443A<\/strong> O padr\u00e3o \u00e9 amplamente reconhecido e utilizado em v\u00e1rios setores, garantindo compatibilidade com leitores e softwares.<\/p>\n<p>Al\u00e9m disso, muitos <strong>Chaveiros RFID<\/strong> s\u00e3o <strong>regrav\u00e1vel<\/strong>, permitindo que as empresas alterem as credenciais de acesso conforme necess\u00e1rio, sem comprar novos fobs. Isso <strong>flexibilidade<\/strong> faz dos chaveiros RFID um excelente investimento de longo prazo para organiza\u00e7\u00f5es que buscam solu\u00e7\u00f5es de acesso escal\u00e1veis.<\/p>\n<hr \/>\n<h2><strong>Por que escolher chaveiros RFID ISO14443A?<\/strong><\/h2>\n<h3><strong>4. Alta frequ\u00eancia para resposta mais r\u00e1pida<\/strong><\/h3>\n<p><strong>Chaveiros RFID de 13,56 MHz<\/strong>, como o <strong>Norma ISO 14443A<\/strong>, oferecem uma faixa de alta frequ\u00eancia que permite <strong>detec\u00e7\u00e3o r\u00e1pida<\/strong> e comunica\u00e7\u00e3o com o leitor RFID. Esta faixa de alta frequ\u00eancia garante que o acesso seja concedido de forma r\u00e1pida e eficiente, melhorando a experi\u00eancia do usu\u00e1rio.<\/p>\n<p>Quando voc\u00ea segura o fob perto do leitor, o sistema identifica rapidamente as credenciais armazenadas dentro do fob, concedendo acesso em uma fra\u00e7\u00e3o de segundo. Esse tempo de resposta r\u00e1pido \u00e9 particularmente importante em \u00e1reas de alto tr\u00e1fego, garantindo que filas n\u00e3o se formem e que as pessoas possam entrar e sair sem demora.<\/p>\n<h3><strong>5. Versatilidade em m\u00faltiplas aplica\u00e7\u00f5es<\/strong><\/h3>\n<p><strong>Chaveiros RFID<\/strong> s\u00e3o altamente vers\u00e1teis e podem ser usados em uma variedade de aplica\u00e7\u00f5es al\u00e9m de apenas fechaduras de portas. Alguns usos comuns para <strong>Chaveiros RFID<\/strong> incluir:<\/p>\n<ul>\n<li><strong>Acesso ao quarto do hotel:<\/strong> Os h\u00f3spedes podem usar o controle remoto para destrancar a porta do quarto do hotel.<\/li>\n<li><strong>Seguran\u00e7a no local de trabalho:<\/strong> Os funcion\u00e1rios podem usar o controle remoto para acessar escrit\u00f3rios, salas de servidores ou \u00e1reas restritas.<\/li>\n<li><strong>Pagamento e identifica\u00e7\u00e3o:<\/strong> Certo <strong>Chaveiros RFID<\/strong> tamb\u00e9m pode ser usado para fazer pagamentos ou para identifica\u00e7\u00e3o em programas de associa\u00e7\u00e3o.<\/li>\n<\/ul>\n<p>Gra\u00e7as ao seu tamanho pequeno e portabilidade, esses chaveiros s\u00e3o uma solu\u00e7\u00e3o conveniente para uma ampla variedade de ind\u00fastrias.<\/p>\n<h3><strong>6. Tecnologia sem contato para conveni\u00eancia e higiene<\/strong><\/h3>\n<p>No mundo de hoje, <strong>tecnologia sem contato<\/strong> ganhou aten\u00e7\u00e3o significativa devido aos benef\u00edcios de higiene que proporciona. <strong>Chaveiros RFID<\/strong> s\u00e3o sem contato, o que significa que os usu\u00e1rios n\u00e3o precisam tocar fisicamente em uma fechadura ou leitor. Isso reduz o risco de transfer\u00eancia de germes e bact\u00e9rias, tornando-o uma escolha ideal para ambientes como hospitais, escolas e escrit\u00f3rios onde a higiene \u00e9 cr\u00edtica.<\/p>\n<p>Al\u00e9m disso, isso <strong>entrada sem chave<\/strong> sistema acrescenta conveni\u00eancia. Os usu\u00e1rios n\u00e3o precisam procurar chaves ou lembrar de PINs \u2014 eles podem simplesmente carregar seus <strong>Chaveiro RFID<\/strong> no chaveiro ou no bolso, prontos para usar sempre que necess\u00e1rio.<\/p>\n<p>Esses <strong>Chaveiros RFID<\/strong> operar em um <strong>Frequ\u00eancia de 13,56 MHz<\/strong>, tornando-os compat\u00edveis com a maioria <strong>Leitores RFID<\/strong> usado em sistemas modernos de controle de acesso. Os controles remotos s\u00e3o feitos de alta qualidade <strong>Pl\u00e1stico ABS<\/strong>, garantindo um design dur\u00e1vel e leve, port\u00e1til e duradouro.<\/p>\n<hr \/>\n<h2><strong>Impacto Ambiental e Sustentabilidade<\/strong><\/h2>\n<p>\u00c0 medida que as organiza\u00e7\u00f5es avan\u00e7am em dire\u00e7\u00e3o <strong>acesso sem contato<\/strong> e solu\u00e7\u00f5es de seguran\u00e7a, \u00e9 importante considerar o impacto ambiental desses produtos. <strong>Pl\u00e1stico ABS<\/strong> usado em <strong>Chaveiros RFID<\/strong> \u00e9 um material amplamente recicl\u00e1vel. Al\u00e9m disso, <strong>Sistemas RFID<\/strong> eles pr\u00f3prios ajudam a reduzir a necessidade de chaves f\u00edsicas e fechaduras tradicionais, diminuindo ainda mais a pegada ambiental geral.<\/p>\n<p>Al\u00e9m disso, muitos <strong>Chaveiros RFID<\/strong> pode ser <strong>reescrito<\/strong>, o que significa que n\u00e3o h\u00e1 necessidade de substitu\u00ed-los constantemente. Isso reduz o lixo eletr\u00f4nico, tornando-os uma escolha sustent\u00e1vel para empresas e indiv\u00edduos que buscam solu\u00e7\u00f5es ecologicamente corretas.<\/p>\n<hr \/>\n<h2><strong>Coment\u00e1rios e feedback do cliente<\/strong><\/h2>\n<p>Muitos clientes apreciam a conveni\u00eancia e a seguran\u00e7a que <strong>Chaveiros RFID<\/strong> fornecer. Aqui est\u00e1 um r\u00e1pido resumo de feedback comum:<\/p>\n<ul>\n<li><strong>\u201cAcesso conveniente e r\u00e1pido!\u201d<\/strong> \u2013 Muitos usu\u00e1rios destacam a rapidez e efici\u00eancia do <strong>Chaveiros RFID<\/strong>. O r\u00e1pido tempo de resposta os torna uma escolha ideal para ambientes movimentados, como pr\u00e9dios de escrit\u00f3rios e hot\u00e9is.<\/li>\n<li><strong>\u201cDur\u00e1vel e confi\u00e1vel\u201d<\/strong> \u2013 Os clientes tamb\u00e9m apreciam o <strong>constru\u00e7\u00e3o dur\u00e1vel<\/strong> dos chaveiros, com muitos observando que eles resistiram a meses ou anos de uso di\u00e1rio.<\/li>\n<li><strong>\u201c\u00d3timo para hot\u00e9is\u201d<\/strong> \u2013 As empresas de hospitalidade desfrutam da facilidade de uso <strong>Chaveiros RFID<\/strong> para acesso de h\u00f3spedes, eliminando a necessidade de chaves tradicionais nos quartos.<\/li>\n<\/ul>\n<hr \/>\n<h2><strong>Perguntas frequentes<\/strong><\/h2>\n<h3><strong>1. Os chaveiros RFID podem ser programados?<\/strong><\/h3>\n<p>Sim, muitos <strong>Chaveiros RFID<\/strong> s\u00e3o <strong>regrav\u00e1vel<\/strong>, o que significa que voc\u00ea pode alterar os dados armazenados neles, como credenciais de acesso.<\/p>\n<h3><strong>2. Qual a dist\u00e2ncia que um chaveiro RFID pode transmitir?<\/strong><\/h3>\n<p>O alcance de um <strong>Chaveiro RFID<\/strong> normalmente se estende de <strong>0 a 10 cm<\/strong> dependendo do leitor e das condi\u00e7\u00f5es ambientais.<\/p>\n<h3><strong>3. Os chaveiros RFID s\u00e3o seguros?<\/strong><\/h3>\n<p>Sim, <strong>Chaveiros RFID<\/strong> s\u00e3o muito seguros. Eles geralmente incluem criptografia e outros recursos de prote\u00e7\u00e3o para impedir acesso n\u00e3o autorizado.<\/p>\n<h3><strong>4. Quais ind\u00fastrias usam chaveiros RFID?<\/strong><\/h3>\n<p><strong>Chaveiros RFID<\/strong> s\u00e3o usados em uma variedade de setores, incluindo hospitalidade, sa\u00fade, escrit\u00f3rios corporativos e at\u00e9 mesmo para chaves de carro.<\/p>\n<hr \/>\n<h2><strong>Conclus\u00e3o: Por que comprar chaveiros RFID?<\/strong><\/h2>\n<p>Investindo em <strong>Chaveiros RFID<\/strong> fornece seguran\u00e7a, conveni\u00eancia e durabilidade aprimoradas para empresas e indiv\u00edduos. Quer voc\u00ea esteja procurando simplificar seu <strong>sistema de controle de acesso<\/strong>, implementar <strong>entrada sem chave<\/strong> no seu hotel ou melhorar a seguran\u00e7a no seu escrit\u00f3rio, <strong>Chaveiros RFID<\/strong> s\u00e3o uma solu\u00e7\u00e3o pr\u00e1tica, econ\u00f4mica e confi\u00e1vel.<\/p>\n<p>Com sua tecnologia avan\u00e7ada, f\u00e1cil integra\u00e7\u00e3o com <strong>Sistemas RFID<\/strong>, e constru\u00e7\u00e3o duradoura, <strong>Chaveiros RFID<\/strong> representam uma solu\u00e7\u00e3o voltada para o futuro para os desafios de seguran\u00e7a atuais.<\/p>\n<p>&nbsp;<\/p>","protected":false},"excerpt":{"rendered":"<p><strong>Chaveiros RFID<\/strong> O ABS ISO14443A oferece op\u00e7\u00f5es de frequ\u00eancia dupla (13,56 MHz\/125 KHz), design dur\u00e1vel, UID program\u00e1vel e recursos de seguran\u00e7a avan\u00e7ados, como anticlonagem e comunica\u00e7\u00e3o criptografada.<\/p>","protected":false},"featured_media":2861,"template":"","meta":{"_kad_post_transparent":"default","_kad_post_title":"","_kad_post_layout":"default","_kad_post_sidebar_id":"","_kad_post_content_style":"default","_kad_post_vertical_padding":"default","_kad_post_feature":"","_kad_post_feature_position":"","_kad_post_header":false,"_kad_post_footer":false,"_kad_post_classname":""},"product_brand":[],"product_cat":[54],"product_tag":[346,344,345,343,351,350],"class_list":{"0":"post-2860","1":"product","2":"type-product","3":"status-publish","4":"has-post-thumbnail","6":"product_cat-hot-selling-rfid-tags","7":"product_tag-nfc-key-tag","8":"product_tag-nfc-keychain","9":"product_tag-rfid-fob","10":"product_tag-rfid-keyfobs","11":"product_tag-rfid-keyfobs-abs","12":"product_tag-rfid-keyfobs-iso14443a","14":"first","15":"instock","16":"shipping-taxable","17":"product-type-simple","18":"entry","19":"content-bg","20":"loop-entry"},"_links":{"self":[{"href":"https:\/\/rfid-laundry-tag.com\/pt\/wp-json\/wp\/v2\/product\/2860","targetHints":{"allow":["GET"]}}],"collection":[{"href":"https:\/\/rfid-laundry-tag.com\/pt\/wp-json\/wp\/v2\/product"}],"about":[{"href":"https:\/\/rfid-laundry-tag.com\/pt\/wp-json\/wp\/v2\/types\/product"}],"version-history":[{"count":2,"href":"https:\/\/rfid-laundry-tag.com\/pt\/wp-json\/wp\/v2\/product\/2860\/revisions"}],"predecessor-version":[{"id":2863,"href":"https:\/\/rfid-laundry-tag.com\/pt\/wp-json\/wp\/v2\/product\/2860\/revisions\/2863"}],"wp:featuredmedia":[{"embeddable":true,"href":"https:\/\/rfid-laundry-tag.com\/pt\/wp-json\/wp\/v2\/media\/2861"}],"wp:attachment":[{"href":"https:\/\/rfid-laundry-tag.com\/pt\/wp-json\/wp\/v2\/media?parent=2860"}],"wp:term":[{"taxonomy":"product_brand","embeddable":true,"href":"https:\/\/rfid-laundry-tag.com\/pt\/wp-json\/wp\/v2\/product_brand?post=2860"},{"taxonomy":"product_cat","embeddable":true,"href":"https:\/\/rfid-laundry-tag.com\/pt\/wp-json\/wp\/v2\/product_cat?post=2860"},{"taxonomy":"product_tag","embeddable":true,"href":"https:\/\/rfid-laundry-tag.com\/pt\/wp-json\/wp\/v2\/product_tag?post=2860"}],"curies":[{"name":"wp","href":"https:\/\/api.w.org\/{rel}","templated":true}]}}