{"id":2853,"date":"2024-11-05T12:54:13","date_gmt":"2024-11-05T12:54:13","guid":{"rendered":"https:\/\/rfid-laundry-tag.com\/?post_type=product&#038;p=2853"},"modified":"2024-11-05T13:04:21","modified_gmt":"2024-11-05T13:04:21","slug":"proximity-abs-tk4100-key-fob","status":"publish","type":"product","link":"https:\/\/rfid-laundry-tag.com\/pt\/proximity-abs-tk4100-key-fob\/","title":{"rendered":"Chaveiro ABS TK4100 de proximidade"},"content":{"rendered":"<h2>Chaveiro ABS TK4100 de proximidade<\/h2>\n<table class=\"has-title all magic-13\">\n<tbody>\n<tr>\n<td colspan=\"1\" rowspan=\"2\">\n<div class=\"magic-14\">material<\/div>\n<\/td>\n<td colspan=\"1\" rowspan=\"1\">\n<div class=\"magic-15\">Material da antena:Folha de alum\u00ednio<\/div>\n<\/td>\n<\/tr>\n<tr>\n<td colspan=\"1\" rowspan=\"1\">\n<div class=\"magic-15\">material de superf\u00edcie: ABS\/couro\/madeira<\/div>\n<\/td>\n<\/tr>\n<tr>\n<td colspan=\"1\" rowspan=\"1\">\n<div class=\"magic-17\">tamanho<\/div>\n<\/td>\n<td colspan=\"1\" rowspan=\"1\">\n<div class=\"magic-15\" data-spm-anchor-id=\"a2700.details.0.i41.3c939b1b0qFtg1\">40,38*31,5 mm, 35,5*28 mm, 51,5*32 mm ou personalizado<\/div>\n<\/td>\n<\/tr>\n<tr>\n<td colspan=\"1\" rowspan=\"1\">\n<div class=\"magic-17\">Artesanato Personalizado<\/div>\n<\/td>\n<td colspan=\"1\" rowspan=\"1\">\n<div class=\"magic-15\">logotipo serigrafia\/c\u00f3digo UID, c\u00f3digo de s\u00e9rie ou personalizado<\/div>\n<\/td>\n<\/tr>\n<tr>\n<td colspan=\"1\" rowspan=\"1\">\n<div class=\"magic-17\">Temperatura de opera\u00e7\u00e3o<\/div>\n<\/td>\n<td colspan=\"1\" rowspan=\"1\">\n<div class=\"magic-15\">-20\u00b0C~+90\u00b0C<\/div>\n<\/td>\n<\/tr>\n<tr>\n<td colspan=\"1\" rowspan=\"1\">\n<div class=\"magic-17\">codificar<\/div>\n<\/td>\n<td colspan=\"1\" rowspan=\"1\">\n<div class=\"magic-15\">chip grav\u00e1vel dispon\u00edvel<\/div>\n<\/td>\n<\/tr>\n<tr>\n<td colspan=\"1\" rowspan=\"1\">\n<div class=\"magic-17\">op\u00e7\u00f5es de cores<\/div>\n<\/td>\n<td colspan=\"1\" rowspan=\"1\">\n<div class=\"magic-15\">Vermelho, Azul, Preto, Roxo, Laranja, Amarelo (pode ser personalizado)<\/div>\n<\/td>\n<\/tr>\n<tr>\n<td colspan=\"1\" rowspan=\"1\">\n<div class=\"magic-17\">dist\u00e2ncia de leitura<\/div>\n<\/td>\n<td colspan=\"1\" rowspan=\"1\">\n<div class=\"magic-15\">1~10cm (depende do leitor)<\/div>\n<\/td>\n<\/tr>\n<tr>\n<td colspan=\"1\" rowspan=\"1\">\n<div class=\"magic-17\">aplica\u00e7\u00f5es<\/div>\n<\/td>\n<td colspan=\"1\" rowspan=\"1\">\n<div class=\"magic-15\" data-spm-anchor-id=\"a2700.details.0.i40.3c939b1b0qFtg1\">sistema de associa\u00e7\u00e3o\/academia\/controle de acesso\/pagamento etc.<\/div>\n<\/td>\n<\/tr>\n<\/tbody>\n<\/table>\n<p>&nbsp;<\/p>\n<p>Cada <strong>Chaveiro ABS TK4100 de proximidade<\/strong> vem pr\u00e9-programado com um n\u00famero de identifica\u00e7\u00e3o de d\u00edgito exclusivo, tornando-o uma escolha ideal para uso em RFID <strong>Sistemas de controle de acesso por proximidade<\/strong>. Esses controles remotos s\u00e3o projetados para se integrar perfeitamente a sistemas que gerenciam o acesso a portas, fechaduras el\u00e9tricas e at\u00e9 mesmo videoporteiros, garantindo recursos de desbloqueio seguros e confi\u00e1veis.<\/p>\n<p>Os controles remotos s\u00e3o constru\u00eddos com materiais dur\u00e1veis <strong>Material ABS<\/strong>, oferecendo <strong>imperme\u00e1vel<\/strong> prote\u00e7\u00e3o para garantir um desempenho duradouro em v\u00e1rios ambientes. Cada chaveiro \u00e9 conectado a um <strong>chaveiro de metal<\/strong>, tornando-o f\u00e1cil de transportar e prender a chaveiros ou cord\u00f5es. Isso os torna convenientes para os usu\u00e1rios, mantendo sua funcionalidade em condi\u00e7\u00f5es adversas.<\/p>\n<p>Esses controles remotos s\u00e3o amplamente utilizados em <strong>sistemas de controle de acesso<\/strong>, permitindo fun\u00e7\u00f5es como desbloqueio de portas, gerenciamento de senhas e permiss\u00f5es de acesso. Eles s\u00e3o <strong>compat\u00edvel com dispositivos de acesso EM ID padr\u00e3o<\/strong> ou <strong>Leitores de ID<\/strong>, tornando-os altamente vers\u00e1teis para diversas aplica\u00e7\u00f5es de controle de acesso.<\/p>","protected":false},"excerpt":{"rendered":"<p>O <strong>Chaveiro ABS TK4100 de proximidade<\/strong> \u00e9 um chaveiro RFID altamente confi\u00e1vel, dur\u00e1vel e seguro, adequado para v\u00e1rios sistemas de controle de acesso. Pr\u00e9-programado com um ID exclusivo, \u00e9 amplamente utilizado para <strong>destrancando portas<\/strong>, <strong>gerenciando senhas<\/strong>, e muito mais. Feito de material ABS \u00e0 prova d&#039;\u00e1gua com um chaveiro de metal, \u00e9 ideal para uso interno e externo.<\/p>","protected":false},"featured_media":2855,"template":"","meta":{"_kad_post_transparent":"default","_kad_post_title":"","_kad_post_layout":"default","_kad_post_sidebar_id":"","_kad_post_content_style":"default","_kad_post_vertical_padding":"default","_kad_post_feature":"","_kad_post_feature_position":"","_kad_post_header":false,"_kad_post_footer":false,"_kad_post_classname":""},"product_brand":[],"product_cat":[54],"product_tag":[348,346,349,344,345,343],"class_list":{"0":"post-2853","1":"product","2":"type-product","3":"status-publish","4":"has-post-thumbnail","6":"product_cat-hot-selling-rfid-tags","7":"product_tag-nfc-key-fobs-ntag213","8":"product_tag-nfc-key-tag","9":"product_tag-nfc-key-tags","10":"product_tag-nfc-keychain","11":"product_tag-rfid-fob","12":"product_tag-rfid-keyfobs","14":"first","15":"instock","16":"shipping-taxable","17":"product-type-simple","18":"entry","19":"content-bg","20":"loop-entry"},"_links":{"self":[{"href":"https:\/\/rfid-laundry-tag.com\/pt\/wp-json\/wp\/v2\/product\/2853","targetHints":{"allow":["GET"]}}],"collection":[{"href":"https:\/\/rfid-laundry-tag.com\/pt\/wp-json\/wp\/v2\/product"}],"about":[{"href":"https:\/\/rfid-laundry-tag.com\/pt\/wp-json\/wp\/v2\/types\/product"}],"version-history":[{"count":2,"href":"https:\/\/rfid-laundry-tag.com\/pt\/wp-json\/wp\/v2\/product\/2853\/revisions"}],"predecessor-version":[{"id":2859,"href":"https:\/\/rfid-laundry-tag.com\/pt\/wp-json\/wp\/v2\/product\/2853\/revisions\/2859"}],"wp:featuredmedia":[{"embeddable":true,"href":"https:\/\/rfid-laundry-tag.com\/pt\/wp-json\/wp\/v2\/media\/2855"}],"wp:attachment":[{"href":"https:\/\/rfid-laundry-tag.com\/pt\/wp-json\/wp\/v2\/media?parent=2853"}],"wp:term":[{"taxonomy":"product_brand","embeddable":true,"href":"https:\/\/rfid-laundry-tag.com\/pt\/wp-json\/wp\/v2\/product_brand?post=2853"},{"taxonomy":"product_cat","embeddable":true,"href":"https:\/\/rfid-laundry-tag.com\/pt\/wp-json\/wp\/v2\/product_cat?post=2853"},{"taxonomy":"product_tag","embeddable":true,"href":"https:\/\/rfid-laundry-tag.com\/pt\/wp-json\/wp\/v2\/product_tag?post=2853"}],"curies":[{"name":"wp","href":"https:\/\/api.w.org\/{rel}","templated":true}]}}