{"id":2850,"date":"2024-11-05T12:42:51","date_gmt":"2024-11-05T12:42:51","guid":{"rendered":"https:\/\/rfid-laundry-tag.com\/?post_type=product&#038;p=2850"},"modified":"2024-11-05T12:49:55","modified_gmt":"2024-11-05T12:49:55","slug":"nfc-key-fobs-ntag213","status":"publish","type":"product","link":"https:\/\/rfid-laundry-tag.com\/pt\/nfc-key-fobs-ntag213\/","title":{"rendered":"NFC Chaves fob Ntag213"},"content":{"rendered":"<h2>NFC Chaves fob Ntag213<\/h2>\n<p>Os chaveiros NFC, como o Ntag213, est\u00e3o revolucionando a maneira como interagimos com nossos ambientes, oferecendo solu\u00e7\u00f5es seguras e sem contato para controle de acesso, identifica\u00e7\u00e3o e muito mais. Se voc\u00ea precisa de um sistema de entrada sem chave para seu escrit\u00f3rio, hotel ou ve\u00edculo pessoal, o chaveiro NFC Ntag213 oferece uma experi\u00eancia perfeita e confi\u00e1vel. Esta descri\u00e7\u00e3o do produto se aprofunda nos benef\u00edcios, recursos e usos do chaveiro NFC Ntag213, oferecendo detalhes abrangentes para aqueles que consideram essa tecnologia avan\u00e7ada.<\/p>\n<hr \/>\n<h2>Vis\u00e3o geral do produto<\/h2>\n<p>O <strong>NFC Chaveiro Ntag213<\/strong> \u00e9 um dispositivo de alto desempenho, sem contato, que alavanca a tecnologia de comunica\u00e7\u00e3o de campo pr\u00f3ximo (NFC). Projetado para ser compacto, seguro e f\u00e1cil de usar, este chaveiro permite uma ampla gama de aplica\u00e7\u00f5es, incluindo controle de acesso, sistemas de pagamento e autentica\u00e7\u00e3o de produtos. Com foco em seguran\u00e7a, facilidade de uso e efici\u00eancia, o chaveiro Ntag213 fornece funcionalidade superior para empresas, hot\u00e9is, resid\u00eancias e muito mais.<\/p>\n<h3>Por que comprar o chaveiro NFC Ntag213?<\/h3>\n<p>O Ntag213 \u00e9 mais do que apenas um chaveiro \u2014 \u00e9 uma solu\u00e7\u00e3o de acesso confi\u00e1vel e segura. Oferecendo uma combina\u00e7\u00e3o de desempenho de alta qualidade, facilidade de integra\u00e7\u00e3o e compatibilidade com sistemas existentes, \u00e9 a escolha ideal para empresas que buscam atualizar suas medidas de seguran\u00e7a ou indiv\u00edduos que buscam uma maneira mais eficiente de gerenciar seu acesso. Veja por que vale a pena o investimento:<\/p>\n<ul>\n<li><strong>Seguran\u00e7a confi\u00e1vel:<\/strong> Com criptografia integrada e um identificador exclusivo (UID), este chaveiro garante acesso seguro sem o risco de duplica\u00e7\u00e3o ou uso n\u00e3o autorizado.<\/li>\n<li><strong>Durabilidade duradoura:<\/strong> Projetado para uso di\u00e1rio, o chaveiro NFC Ntag213 possui uma longa vida \u00fatil, com at\u00e9 100.000 ciclos de grava\u00e7\u00e3o e um tempo de reten\u00e7\u00e3o de dados de 10 anos.<\/li>\n<li><strong>Compatibilidade vers\u00e1til:<\/strong> Sua compatibilidade com ambos <strong>Sistemas RFID de 13,56 MHz<\/strong> e <strong>Dispositivos habilitados para NFC<\/strong> o que o torna uma solu\u00e7\u00e3o vers\u00e1til para uma variedade de aplica\u00e7\u00f5es.<\/li>\n<\/ul>\n<p>Vamos nos aprofundar nos principais recursos e benef\u00edcios do chaveiro NFC Ntag213.<\/p>\n<hr \/>\n<h2>Tecnologia NFC: a espinha dorsal das solu\u00e7\u00f5es de seguran\u00e7a modernas<\/h2>\n<p>A tecnologia NFC (Near-Field Communication) \u00e9 a for\u00e7a motriz por tr\u00e1s dos sistemas de acesso sem contato. <strong>Ntag213<\/strong> \u00e9 uma das etiquetas NFC mais populares desenvolvidas pela <strong>Semicondutores NXP\u00ae<\/strong>, aderindo ao <strong>Tag do tipo 2 do f\u00f3rum NFC<\/strong> padr\u00e3o. Essa conformidade garante que o dispositivo funcione perfeitamente com smartphones habilitados para NFC, tablets e leitores NFC dedicados.<\/p>\n<h3>Integra\u00e7\u00e3o perfeita com sistemas de controle de acesso<\/h3>\n<p>Seja um <strong>sistema de entrada de hotel<\/strong>, <strong>entrada sem chave no escrit\u00f3rio<\/strong>, ou um sistema de controle de acesso pessoal, a tecnologia NFC simplifica o processo. O <strong>Ntag213 NFC chaveiro<\/strong> \u00e9 um componente cr\u00edtico das solu\u00e7\u00f5es de acesso modernas, oferecendo uma <strong>m\u00e9todo seguro e sem contato<\/strong> para destrancar portas, obter acesso a \u00e1reas restritas e at\u00e9 mesmo fazer pagamentos. Com seus recursos de proximidade intuitivos, os usu\u00e1rios podem destrancar portas simplesmente segurando o controle remoto pr\u00f3ximo a um leitor habilitado para NFC.<\/p>\n<h3>Maior conveni\u00eancia para o usu\u00e1rio<\/h3>\n<p>A tecnologia NFC elimina a necessidade de chaves tradicionais ou cart\u00f5es f\u00edsicos, permitindo acesso mais r\u00e1pido e eficiente. <strong>dist\u00e2ncia de leitura<\/strong> de at\u00e9 100 mm (dependendo da geometria da antena) garante que o chaveiro possa ser escaneado facilmente sem a necessidade de contato direto. Esse recurso fornece conveni\u00eancia adicional para propriet\u00e1rios de empresas e usu\u00e1rios.<\/p>\n<hr \/>\n<h2>Principais caracter\u00edsticas do chaveiro NFC Ntag213<\/h2>\n<h3>1. <strong>Recursos de seguran\u00e7a integrados para acesso seguro<\/strong><\/h3>\n<p>A seguran\u00e7a \u00e9 uma prioridade m\u00e1xima quando se trata de controle de acesso e <strong>Ntag213 NFC Chave Fob<\/strong> oferece exatamente isso. Com seu <strong>UID exclusivo de 7 bytes<\/strong>, o dispositivo garante que cada chaveiro seja \u00fanico, evitando duplica\u00e7\u00e3o n\u00e3o autorizada. <strong>prote\u00e7\u00e3o por senha<\/strong> e <strong>Assinatura de originalidade baseada em ECC<\/strong> proteger ainda mais os dados e garantir que o chaveiro n\u00e3o possa ser adulterado.<\/p>\n<ul>\n<li><strong>Prote\u00e7\u00e3o por senha<\/strong>: A capacidade de configurar uma senha de 32 bits garante que somente usu\u00e1rios autorizados possam acessar o sistema.<\/li>\n<li><strong>Assinatura ECC<\/strong>: O <strong>Assinatura de originalidade baseada em ECC<\/strong> oferece uma camada adicional de seguran\u00e7a, dificultando que fraudadores falsifiquem o chaveiro.<\/li>\n<\/ul>\n<h3>2. <strong>Uso multi-aplica\u00e7\u00e3o<\/strong><\/h3>\n<p>Uma das vantagens mais significativas do <strong>Ntag213 NFC Chave Fob<\/strong> \u00e9 sua versatilidade. Pode ser usado para v\u00e1rias aplica\u00e7\u00f5es, incluindo:<\/p>\n<ul>\n<li><strong>Controle de acesso:<\/strong> Usado para destrancar portas em escrit\u00f3rios, hot\u00e9is ou resid\u00eancias.<\/li>\n<li><strong>Sistemas de pagamento:<\/strong> Pagamentos seguros e sem contato via integra\u00e7\u00e3o NFC m\u00f3vel.<\/li>\n<li><strong>Autentica\u00e7\u00e3o do produto:<\/strong> Verifique a autenticidade de produtos ou mercadorias de alta qualidade.<\/li>\n<li><strong>Publicidade inteligente:<\/strong> Melhore as campanhas de marketing fora de casa usando etiquetas NFC incorporadas em m\u00eddia impressa.<\/li>\n<\/ul>\n<h3>3. <strong>Durabilidade e Longevidade<\/strong><\/h3>\n<p>Com um <strong>escrever resist\u00eancia de 100.000 ciclos<\/strong> e um <strong>tempo de reten\u00e7\u00e3o de dados de 10 anos<\/strong>, o <strong>Ntag213 NFC Chave Fob<\/strong> \u00e9 feito para durar. Seja usado diariamente em um ambiente de escrit\u00f3rio movimentado ou como parte de uma aplica\u00e7\u00e3o de baixo tr\u00e1fego, este chaveiro pode suportar uso de longo prazo sem degrada\u00e7\u00e3o no desempenho.<\/p>\n<h3>4. <strong>Design compacto e leve<\/strong><\/h3>\n<p>O chaveiro Ntag213 \u00e9 compacto e leve, o que o torna f\u00e1cil de transportar. \u00c9 <strong>compat\u00edvel com chaveiros<\/strong>, permitindo que os usu\u00e1rios o conectem \u00e0s suas chaves para acesso conveniente. O <strong>pegada pequena<\/strong> o que o torna ideal para aplica\u00e7\u00f5es que exigem solu\u00e7\u00f5es que economizam espa\u00e7o, como etiquetas incorporadas em etiquetas de produtos ou cart\u00f5es de jogos.<\/p>\n<hr \/>\n<h2>Impacto Ambiental e Sustentabilidade<\/h2>\n<p>\u00c0 medida que as empresas e os consumidores continuam a priorizar a sustentabilidade, a <strong>Ntag213 NFC Chave Fob<\/strong> \u00e9 projetado com a responsabilidade ambiental em mente. Seu <strong>baixo consumo de energia<\/strong> e durabilidade de longa dura\u00e7\u00e3o contribuem para a redu\u00e7\u00e3o de res\u00edduos e menos substitui\u00e7\u00f5es ao longo do tempo. Al\u00e9m disso, como um <strong>etiqueta RFID passiva<\/strong>, o Ntag213 n\u00e3o requer bateria para funcionar, minimizando ainda mais sua pegada ambiental.<\/p>\n<hr \/>\n<h2>Como usar o chaveiro NFC Ntag213<\/h2>\n<p>Usando o <strong>Ntag213 NFC Chave Fob<\/strong> \u00e9 simples e direto:<\/p>\n<ol>\n<li><strong>Programa\u00e7\u00e3o<\/strong>: Use software NFC ou leitores compat\u00edveis para programar o chaveiro com as informa\u00e7\u00f5es necess\u00e1rias, como credenciais de acesso ou informa\u00e7\u00f5es de pagamento.<\/li>\n<li><strong>Integra\u00e7\u00e3o<\/strong>: Integre o controle remoto com um sistema de controle de acesso habilitado para NFC ou terminal de pagamento.<\/li>\n<li><strong>Ativa\u00e7\u00e3o<\/strong>: Segure o chaveiro pr\u00f3ximo a um leitor NFC para obter acesso ou concluir uma transa\u00e7\u00e3o. O <strong>sem contato<\/strong> a intera\u00e7\u00e3o garante um uso suave e eficiente.<\/li>\n<\/ol>\n<hr \/>\n<h2>Avalia\u00e7\u00f5es de clientes<\/h2>\n<p>Muitos usu\u00e1rios elogiaram o <strong>Ntag213 NFC Chave Fob<\/strong> para o seu <strong>facilidade de uso<\/strong>, <strong>seguran\u00e7a<\/strong>, e <strong>confiabilidade<\/strong>. Aqui est\u00e3o alguns depoimentos de clientes satisfeitos:<\/p>\n<ul>\n<li><strong>John D., Gerente de Escrit\u00f3rio<\/strong>: \u201cO Ntag213 tornou o acesso ao nosso pr\u00e9dio de escrit\u00f3rios mais f\u00e1cil do que nunca. \u00c9 seguro, f\u00e1cil de usar e n\u00e3o preciso mais me preocupar com chaves perdidas.\u201d<\/li>\n<li><strong>Sarah T., Propriet\u00e1ria de Hotel<\/strong>: \u201cImplementamos o Ntag213 para o sistema de chaves do nosso hotel, e ele melhorou significativamente a satisfa\u00e7\u00e3o dos h\u00f3spedes. \u00c9 r\u00e1pido, seguro e muito conveniente.\u201d<\/li>\n<\/ul>\n<hr \/>\n<h2>Perguntas frequentes<\/h2>\n<h3>P1: Posso programar o chaveiro Ntag213 sozinho?<\/h3>\n<p>Sim, voc\u00ea pode programar o chaveiro Ntag213 usando leitores e software NFC compat\u00edveis. Isso facilita a integra\u00e7\u00e3o do chaveiro com seus sistemas existentes.<\/p>\n<h3>P2: Quanto tempo dura a bateria do chaveiro Ntag213?<\/h3>\n<p>O chaveiro Ntag213 n\u00e3o requer bateria, pois funciona com <strong>tecnologia RFID passiva<\/strong>, consumindo energia do leitor NFC quando estiver pr\u00f3ximo.<\/p>\n<h3>Q3: Qual \u00e9 o alcance de leitura do chaveiro NFC Ntag213?<\/h3>\n<p>O alcance de leitura t\u00edpico \u00e9 de at\u00e9 100 mm, dependendo de fatores como a <strong>projeto de antena do leitor<\/strong> e intensidade de campo.<\/p>\n<hr \/>\n<h2>Conclus\u00e3o: Por que escolher o chaveiro NFC Ntag213?<\/h2>\n<p>O <strong>Ntag213 NFC Chave Fob<\/strong> oferece uma combina\u00e7\u00e3o ideal de seguran\u00e7a, confiabilidade e conveni\u00eancia do usu\u00e1rio. Seu <strong>tecnologia sem contato<\/strong>, <strong>design compacto<\/strong>, e <strong>versatilidade multi-aplica\u00e7\u00e3o<\/strong> fa\u00e7a dele a escolha perfeita para sistemas modernos de controle de acesso, pagamentos e identifica\u00e7\u00e3o. Seja voc\u00ea uma empresa que busca aprimorar sua infraestrutura de seguran\u00e7a ou um consumidor que busca uma solu\u00e7\u00e3o conveniente e segura para suas necessidades de acesso pessoal, o Ntag213 \u00e9 um investimento inteligente.<\/p>\n<p>Garanta seu acesso hoje mesmo com o <strong>Ntag213 NFC Chave Fob<\/strong>\u2014o futuro da seguran\u00e7a sem contato chegou.<\/p>","protected":false},"excerpt":{"rendered":"<p><strong>Ntag213 NFC Chave Fob<\/strong> oferece uma combina\u00e7\u00e3o ideal de seguran\u00e7a, confiabilidade e conveni\u00eancia do usu\u00e1rio. Seu <strong>tecnologia sem contato<\/strong>, <strong>design compacto<\/strong>, e <strong>versatilidade multi-aplica\u00e7\u00e3o<\/strong> fazem dela a escolha perfeita para sistemas modernos de controle de acesso, pagamentos e identifica\u00e7\u00e3o.<\/p>","protected":false},"featured_media":2845,"template":"","meta":{"_kad_post_transparent":"default","_kad_post_title":"","_kad_post_layout":"default","_kad_post_sidebar_id":"","_kad_post_content_style":"default","_kad_post_vertical_padding":"default","_kad_post_feature":"","_kad_post_feature_position":"","_kad_post_header":false,"_kad_post_footer":false,"_kad_post_classname":""},"product_brand":[],"product_cat":[54],"product_tag":[348,346,349,344,345,343],"class_list":{"0":"post-2850","1":"product","2":"type-product","3":"status-publish","4":"has-post-thumbnail","6":"product_cat-hot-selling-rfid-tags","7":"product_tag-nfc-key-fobs-ntag213","8":"product_tag-nfc-key-tag","9":"product_tag-nfc-key-tags","10":"product_tag-nfc-keychain","11":"product_tag-rfid-fob","12":"product_tag-rfid-keyfobs","14":"first","15":"instock","16":"shipping-taxable","17":"product-type-simple","18":"entry","19":"content-bg","20":"loop-entry"},"_links":{"self":[{"href":"https:\/\/rfid-laundry-tag.com\/pt\/wp-json\/wp\/v2\/product\/2850","targetHints":{"allow":["GET"]}}],"collection":[{"href":"https:\/\/rfid-laundry-tag.com\/pt\/wp-json\/wp\/v2\/product"}],"about":[{"href":"https:\/\/rfid-laundry-tag.com\/pt\/wp-json\/wp\/v2\/types\/product"}],"version-history":[{"count":2,"href":"https:\/\/rfid-laundry-tag.com\/pt\/wp-json\/wp\/v2\/product\/2850\/revisions"}],"predecessor-version":[{"id":2852,"href":"https:\/\/rfid-laundry-tag.com\/pt\/wp-json\/wp\/v2\/product\/2850\/revisions\/2852"}],"wp:featuredmedia":[{"embeddable":true,"href":"https:\/\/rfid-laundry-tag.com\/pt\/wp-json\/wp\/v2\/media\/2845"}],"wp:attachment":[{"href":"https:\/\/rfid-laundry-tag.com\/pt\/wp-json\/wp\/v2\/media?parent=2850"}],"wp:term":[{"taxonomy":"product_brand","embeddable":true,"href":"https:\/\/rfid-laundry-tag.com\/pt\/wp-json\/wp\/v2\/product_brand?post=2850"},{"taxonomy":"product_cat","embeddable":true,"href":"https:\/\/rfid-laundry-tag.com\/pt\/wp-json\/wp\/v2\/product_cat?post=2850"},{"taxonomy":"product_tag","embeddable":true,"href":"https:\/\/rfid-laundry-tag.com\/pt\/wp-json\/wp\/v2\/product_tag?post=2850"}],"curies":[{"name":"wp","href":"https:\/\/api.w.org\/{rel}","templated":true}]}}