{"id":2843,"date":"2024-11-05T12:37:22","date_gmt":"2024-11-05T12:37:22","guid":{"rendered":"https:\/\/rfid-laundry-tag.com\/?post_type=product&#038;p=2843"},"modified":"2024-11-05T12:37:24","modified_gmt":"2024-11-05T12:37:24","slug":"rfid-keyfobs-mifare-s50-1k","status":"publish","type":"product","link":"https:\/\/rfid-laundry-tag.com\/pt\/rfid-keyfobs-mifare-s50-1k\/","title":{"rendered":"Chaveiro RFID Mifare S50 1K"},"content":{"rendered":"<h2>Chaveiro RFID Mifare S50 1K<\/h2>\n<p><span class=\"AnswerParser_TextContainer__z_Iiv\" data-testid=\"youchat-text\">O vers\u00e1til <strong>Chaveiro RFID<\/strong> representa a mistura perfeita de conveni\u00eancia e seguran\u00e7a para sistemas modernos de controle de acesso. Dispon\u00edveis em frequ\u00eancias de 13,56 MHz e 125 KHz, esses dispositivos compactos oferecem identifica\u00e7\u00e3o confi\u00e1vel e gerenciamento de acesso cont\u00ednuo para v\u00e1rias aplica\u00e7\u00f5es.<\/span><\/p>\n<p>NXP<sup>\u00ae<\/sup>\u00a0desenvolveu o MIFARE<sup>\u00ae<\/sup>\u00a0MF1ICS50 para ser usado em um cart\u00e3o inteligente sem contato de acordo com ISO\/IEC 14443 Tipo A.<\/p>\n<p>O MIFARE MF1ICS50 IC \u00e9 usado em aplica\u00e7\u00f5es como emiss\u00e3o de bilhetes de transporte p\u00fablico, onde grandes cidades adotaram o MIFARE como sua solu\u00e7\u00e3o de emiss\u00e3o de bilhetes eletr\u00f4nicos preferida.<\/p>\n<p>Uma fun\u00e7\u00e3o anticolis\u00e3o inteligente permite operar mais de um cart\u00e3o no campo simultaneamente. O algoritmo anticolis\u00e3o seleciona cada cart\u00e3o individualmente e garante que a execu\u00e7\u00e3o de uma transa\u00e7\u00e3o com um cart\u00e3o selecionado seja realizada corretamente sem corrup\u00e7\u00e3o de dados resultante de outros cart\u00f5es no campo.<\/p>\n<p>O MF1ICS50 foi projetado para integra\u00e7\u00e3o simples e conveni\u00eancia do usu\u00e1rio. O que pode permitir que transa\u00e7\u00f5es completas de emiss\u00e3o de bilhetes sejam tratadas em menos de 100 ms. Assim, o usu\u00e1rio do cart\u00e3o MF1ICS50 n\u00e3o \u00e9 for\u00e7ado a parar no leitor, o que leva a um alto rendimento nos port\u00f5es e tempos de embarque reduzidos nos \u00f4nibus. O cart\u00e3o baseado no produto MIFARE tamb\u00e9m pode permanecer na carteira durante a transa\u00e7\u00e3o, mesmo que haja moedas nele.<\/p>\n<h3>Caracter\u00edsticas do chip Mifare S50 1K<\/h3>\n<div id=\"featuresXsp\" class=\"features-list\">\n<div class=\"features-xsp\">\n<div class=\"collapse-mobile ste-list\">\n<h3>MIFARE, Interface RF (ISO\/IEC 14443 A)<\/h3>\n<ul class=\"boxes\">\n<li>Transmiss\u00e3o de dados sem contato e fornecimento de energia (n\u00e3o necessita de bateria)<\/li>\n<li>Dist\u00e2ncia operacional: at\u00e9 100 mm (dependendo da geometria da antena)<\/li>\n<li>Frequ\u00eancia de opera\u00e7\u00e3o: 13,56 MHz<\/li>\n<li>Transfer\u00eancia de dados: 106 kbit\/s<\/li>\n<li>Integridade de dados: CRC de 16 bits, paridade, codifica\u00e7\u00e3o de bits, contagem de bits<\/li>\n<li>Anticolis\u00e3o<\/li>\n<li>Transa\u00e7\u00e3o t\u00edpica de emiss\u00e3o de t\u00edquetes: &lt; 100 ms (incluindo gerenciamento de backup)<\/li>\n<\/ul>\n<\/div>\n<div class=\"collapse-mobile ste-list\">\n<h3>EEPROM<\/h3>\n<ul class=\"boxes\">\n<li>1 kB \u2013 4 kB, organizados em 16 setores com 4 blocos de 16 bytes cada (um bloco consiste em 16 bytes)<\/li>\n<li>Condi\u00e7\u00f5es de acesso definidas pelo usu\u00e1rio para cada bloco de mem\u00f3ria<\/li>\n<li>Reten\u00e7\u00e3o de dados de 10 anos<\/li>\n<li>Escrever resist\u00eancia 100.000 \u2013 200.000 ciclos<\/li>\n<\/ul>\n<\/div>\n<div class=\"collapse-mobile ste-list\">\n<h3>Seguran\u00e7a<\/h3>\n<ul class=\"boxes\">\n<li>Autentica\u00e7\u00e3o m\u00fatua de tr\u00eas passagens (ISO\/IEC DIS 9798-2)<\/li>\n<li>Um conjunto individual de duas chaves por setor (por aplicativo) para oferecer suporte a v\u00e1rios aplicativos com hierarquia de chaves<\/li>\n<li>Um n\u00famero de s\u00e9rie exclusivo para cada dispositivo<\/li>\n<\/ul>\n<\/div>\n<div class=\"collapse-mobile ste-list\">\n<h3>Op\u00e7\u00f5es de entrega<\/h3>\n<ul class=\"boxes\">\n<li>Morrer na bolacha<\/li>\n<li>Morreu batido na bolacha<\/li>\n<li>M\u00f3dulo de cart\u00e3o sem contato MOA4 ou MOA2<\/li>\n<\/ul>\n<\/div>\n<\/div>\n<\/div>\n<h2 class=\"AnswerParser_AnswerParserH2__SIHnF\">Vis\u00e3o geral do produto e especifica\u00e7\u00f5es t\u00e9cnicas<\/h2>\n<p><span class=\"AnswerParser_TextContainer__z_Iiv\" data-testid=\"youchat-text\">Nossos chaveiros RFID apresentam:<\/span><\/p>\n<ul class=\"AnswerParser_AnswerParserUnorderedList__P_1FW\">\n<li class=\"AnswerParser_ListItem__XqLOV\" translate=\"yes\">Op\u00e7\u00f5es de frequ\u00eancia dupla: 13,56 MHz<\/li>\n<li class=\"AnswerParser_ListItem__XqLOV\" translate=\"yes\">Constru\u00e7\u00e3o dur\u00e1vel em ABS ou couro<\/li>\n<li class=\"AnswerParser_ListItem__XqLOV\" translate=\"yes\">Compat\u00edvel com os principais sistemas de controle de acesso<\/li>\n<li class=\"AnswerParser_ListItem__XqLOV\" translate=\"yes\">UID program\u00e1vel<\/li>\n<li class=\"AnswerParser_ListItem__XqLOV\" translate=\"yes\">Design resistente \u00e0 \u00e1gua<\/li>\n<li class=\"AnswerParser_ListItem__XqLOV\" translate=\"yes\">Prote\u00e7\u00e3o de bloqueio de sinal<\/li>\n<\/ul>\n<h2 class=\"AnswerParser_AnswerParserH2__SIHnF\">Recursos avan\u00e7ados de seguran\u00e7a<\/h2>\n<p><span class=\"AnswerParser_TextContainer__z_Iiv\" data-testid=\"youchat-text\">A seguran\u00e7a \u00e9 primordial no design do nosso chaveiro:<\/span><\/p>\n<ul class=\"AnswerParser_AnswerParserUnorderedList__P_1FW\">\n<li class=\"AnswerParser_ListItem__XqLOV\" translate=\"yes\"><strong>Tecnologia anti-clonagem<\/strong>: Impede duplica\u00e7\u00e3o n\u00e3o autorizada<\/li>\n<li class=\"AnswerParser_ListItem__XqLOV\" translate=\"yes\"><strong>Comunica\u00e7\u00e3o Criptografada<\/strong>: Transmiss\u00e3o segura de dados<\/li>\n<li class=\"AnswerParser_ListItem__XqLOV\" translate=\"yes\"><strong>Identificador \u00danico<\/strong>:Cada chaveiro tem um UID distinto<\/li>\n<li class=\"AnswerParser_ListItem__XqLOV\" translate=\"yes\"><strong>Prote\u00e7\u00e3o de Sinal<\/strong>: Tecnologia de gaiola de Faraday opcional dispon\u00edvel<\/li>\n<\/ul>\n<h2 class=\"AnswerParser_AnswerParserH2__SIHnF\">Aplica\u00e7\u00f5es e casos de uso<\/h2>\n<p><span class=\"AnswerParser_TextContainer__z_Iiv\" data-testid=\"youchat-text\">Estes vers\u00e1teis <strong>Chaveiro RFID Mifare S50 1K<\/strong> sobressai em:<\/span><\/p>\n<ul class=\"AnswerParser_AnswerParserUnorderedList__P_1FW\">\n<li class=\"AnswerParser_ListItem__XqLOV\" translate=\"yes\">Sistemas de controle de acesso de portas<\/li>\n<li class=\"AnswerParser_ListItem__XqLOV\" translate=\"yes\">Acesso ao quarto do hotel<\/li>\n<li class=\"AnswerParser_ListItem__XqLOV\" translate=\"yes\">Entrada sem chave no ve\u00edculo<\/li>\n<li class=\"AnswerParser_ListItem__XqLOV\" translate=\"yes\">Controle de presen\u00e7a e tempo<\/li>\n<li class=\"AnswerParser_ListItem__XqLOV\" translate=\"yes\">Sistemas de pagamento<\/li>\n<li class=\"AnswerParser_ListItem__XqLOV\" translate=\"yes\">Gest\u00e3o de membros do clube\/SPA<\/li>\n<li class=\"AnswerParser_ListItem__XqLOV\" translate=\"yes\">Controle de acesso ao estacionamento<\/li>\n<\/ul>\n<h2 class=\"AnswerParser_AnswerParserH2__SIHnF\">Design e Durabilidade<\/h2>\n<p><span class=\"AnswerParser_TextContainer__z_Iiv\" data-testid=\"youchat-text\">Nossos chaveiros s\u00e3o projetados para durar:<\/span><\/p>\n<ul class=\"AnswerParser_AnswerParserUnorderedList__P_1FW\">\n<li class=\"AnswerParser_ListItem__XqLOV\" translate=\"yes\">Carca\u00e7a ABS resistente a impactos<\/li>\n<li class=\"AnswerParser_ListItem__XqLOV\" translate=\"yes\">Escolha de op\u00e7\u00f5es de couro premium<\/li>\n<li class=\"AnswerParser_ListItem__XqLOV\" translate=\"yes\">Fixa\u00e7\u00e3o refor\u00e7ada do porta-chaves<\/li>\n<li class=\"AnswerParser_ListItem__XqLOV\" translate=\"yes\">Constru\u00e7\u00e3o resistente \u00e0s intemp\u00e9ries<\/li>\n<li class=\"AnswerParser_ListItem__XqLOV\" translate=\"yes\">Dispon\u00edvel em v\u00e1rias cores<\/li>\n<\/ul>\n<h2 class=\"AnswerParser_AnswerParserH2__SIHnF\">Tabela de Especifica\u00e7\u00f5es T\u00e9cnicas<\/h2>\n<div class=\"AnswerParser_TableContainer__Erb6v\" data-testid=\"table-container\">\n<table>\n<thead>\n<tr>\n<th style=\"text-align: left;\">Recurso<\/th>\n<th style=\"text-align: left;\">Especifica\u00e7\u00e3o<\/th>\n<\/tr>\n<\/thead>\n<tbody>\n<tr>\n<td>Op\u00e7\u00f5es de frequ\u00eancia<\/td>\n<td>13,56 MHz<\/td>\n<\/tr>\n<tr>\n<td>Faixa de leitura<\/td>\n<td>At\u00e9 5cm<\/td>\n<\/tr>\n<tr>\n<td>Mem\u00f3ria<\/td>\n<td>1K (Mifare S50)<\/td>\n<\/tr>\n<tr>\n<td>Material<\/td>\n<td>ABS ou couro<\/td>\n<\/tr>\n<tr>\n<td>Tamanho<\/td>\n<td>40 mm x 30 mm x 6 mm<\/td>\n<\/tr>\n<tr>\n<td>Temperatura de opera\u00e7\u00e3o<\/td>\n<td>-20\u00b0C a +70\u00b0C<\/td>\n<\/tr>\n<\/tbody>\n<\/table>\n<\/div>\n<h2 class=\"AnswerParser_AnswerParserH2__SIHnF\">Op\u00e7\u00f5es de personaliza\u00e7\u00e3o<\/h2>\n<p><span class=\"AnswerParser_TextContainer__z_Iiv\" data-testid=\"youchat-text\">Oferecemos ampla personaliza\u00e7\u00e3o:<\/span><\/p>\n<ul class=\"AnswerParser_AnswerParserUnorderedList__P_1FW\">\n<li class=\"AnswerParser_ListItem__XqLOV\" translate=\"yes\">Impress\u00e3o de logotipo<\/li>\n<li class=\"AnswerParser_ListItem__XqLOV\" translate=\"yes\">Cores personalizadas<\/li>\n<li class=\"AnswerParser_ListItem__XqLOV\" translate=\"yes\">Codifica\u00e7\u00e3o de n\u00famero de s\u00e9rie<\/li>\n<li class=\"AnswerParser_ListItem__XqLOV\" translate=\"yes\">Embalagem especial<\/li>\n<li class=\"AnswerParser_ListItem__XqLOV\" translate=\"yes\">Grandes quantidades dispon\u00edveis<\/li>\n<\/ul>\n<h3 class=\"AnswerParser_AnswerParserH3__Mpe4s\">Principais benef\u00edcios:<\/h3>\n<ol class=\"AnswerParser_AnswerParserOrderedList__kl_2Y\">\n<li class=\"AnswerParser_ListItem__XqLOV\" translate=\"yes\"><strong>Conveni\u00eancia<\/strong>: F\u00e1cil de transportar e usar<\/li>\n<li class=\"AnswerParser_ListItem__XqLOV\" translate=\"yes\"><strong>Durabilidade<\/strong>: Constru\u00eddo para durar<\/li>\n<li class=\"AnswerParser_ListItem__XqLOV\" translate=\"yes\"><strong>Versatilidade<\/strong>: M\u00faltiplas aplica\u00e7\u00f5es<\/li>\n<li class=\"AnswerParser_ListItem__XqLOV\" translate=\"yes\"><strong>Seguran\u00e7a<\/strong>: Criptografia avan\u00e7ada<\/li>\n<li class=\"AnswerParser_ListItem__XqLOV\" translate=\"yes\"><strong>Personaliza\u00e7\u00e3o<\/strong>: Op\u00e7\u00f5es flex\u00edveis<\/li>\n<\/ol>\n<blockquote><p><span class=\"AnswerParser_TextContainer__z_Iiv\" data-testid=\"youchat-text\">\u201cNossos chaveiros RFID oferecem o equil\u00edbrio perfeito entre seguran\u00e7a e conveni\u00eancia para as necessidades modernas de controle de acesso.\u201d<\/span><\/p><\/blockquote>\n<h2 class=\"AnswerParser_AnswerParserH2__SIHnF\">Instala\u00e7\u00e3o e configura\u00e7\u00e3o<\/h2>\n<p><span class=\"AnswerParser_TextContainer__z_Iiv\" data-testid=\"youchat-text\">Processo de implementa\u00e7\u00e3o simples:<\/span><\/p>\n<ol class=\"AnswerParser_AnswerParserOrderedList__kl_2Y\">\n<li class=\"AnswerParser_ListItem__XqLOV\" translate=\"yes\">Escolha o tipo de frequ\u00eancia<\/li>\n<li class=\"AnswerParser_ListItem__XqLOV\" translate=\"yes\">Identificadores exclusivos do programa<\/li>\n<li class=\"AnswerParser_ListItem__XqLOV\" translate=\"yes\">Registre-se no sistema de controle de acesso<\/li>\n<li class=\"AnswerParser_ListItem__XqLOV\" translate=\"yes\">Funcionalidade de teste<\/li>\n<li class=\"AnswerParser_ListItem__XqLOV\" translate=\"yes\">Implantar para usu\u00e1rios<\/li>\n<\/ol>\n<h2 class=\"AnswerParser_AnswerParserH2__SIHnF\">Informa\u00e7\u00f5es para pedidos<\/h2>\n<ul class=\"AnswerParser_AnswerParserUnorderedList__P_1FW\">\n<li class=\"AnswerParser_ListItem__XqLOV\" translate=\"yes\">Pedido m\u00ednimo: 200 pe\u00e7as<\/li>\n<li class=\"AnswerParser_ListItem__XqLOV\" translate=\"yes\">Descontos em grandes quantidades dispon\u00edveis<\/li>\n<li class=\"AnswerParser_ListItem__XqLOV\" translate=\"yes\">Pedidos de amostra s\u00e3o bem-vindos<\/li>\n<li class=\"AnswerParser_ListItem__XqLOV\" translate=\"yes\">Tempos de entrega r\u00e1pidos<\/li>\n<li class=\"AnswerParser_ListItem__XqLOV\" translate=\"yes\">Suporte t\u00e9cnico inclu\u00eddo<\/li>\n<\/ul>\n<p><span class=\"AnswerParser_TextContainer__z_Iiv\" data-testid=\"youchat-text\">Entre em contato conosco hoje para saber os pre\u00e7os e discutir como nossos chaveiros RFID podem aprimorar seu sistema de controle de acesso. Solu\u00e7\u00f5es personalizadas e pre\u00e7os por volume dispon\u00edveis mediante solicita\u00e7\u00e3o.<\/span><\/p>","protected":false},"excerpt":{"rendered":"<p>RFID Keyfobs Mifare S50 1K, nosso <strong>Chaveiros RFID<\/strong> oferece op\u00e7\u00f5es de frequ\u00eancia dupla (13,56 MHz\/125 KHz), design dur\u00e1vel, UID program\u00e1vel e recursos de seguran\u00e7a avan\u00e7ados, como anticlonagem e comunica\u00e7\u00e3o criptografada.<\/p>","protected":false},"featured_media":2844,"template":"","meta":{"_kad_post_transparent":"default","_kad_post_title":"","_kad_post_layout":"default","_kad_post_sidebar_id":"","_kad_post_content_style":"default","_kad_post_vertical_padding":"default","_kad_post_feature":"","_kad_post_feature_position":"","_kad_post_header":false,"_kad_post_footer":false,"_kad_post_classname":""},"product_brand":[],"product_cat":[54],"product_tag":[347,346,344,345,343],"class_list":{"0":"post-2843","1":"product","2":"type-product","3":"status-publish","4":"has-post-thumbnail","6":"product_cat-hot-selling-rfid-tags","7":"product_tag-mifare-key-fobs","8":"product_tag-nfc-key-tag","9":"product_tag-nfc-keychain","10":"product_tag-rfid-fob","11":"product_tag-rfid-keyfobs","13":"first","14":"instock","15":"shipping-taxable","16":"product-type-simple","17":"entry","18":"content-bg","19":"loop-entry"},"_links":{"self":[{"href":"https:\/\/rfid-laundry-tag.com\/pt\/wp-json\/wp\/v2\/product\/2843","targetHints":{"allow":["GET"]}}],"collection":[{"href":"https:\/\/rfid-laundry-tag.com\/pt\/wp-json\/wp\/v2\/product"}],"about":[{"href":"https:\/\/rfid-laundry-tag.com\/pt\/wp-json\/wp\/v2\/types\/product"}],"version-history":[{"count":2,"href":"https:\/\/rfid-laundry-tag.com\/pt\/wp-json\/wp\/v2\/product\/2843\/revisions"}],"predecessor-version":[{"id":2849,"href":"https:\/\/rfid-laundry-tag.com\/pt\/wp-json\/wp\/v2\/product\/2843\/revisions\/2849"}],"wp:featuredmedia":[{"embeddable":true,"href":"https:\/\/rfid-laundry-tag.com\/pt\/wp-json\/wp\/v2\/media\/2844"}],"wp:attachment":[{"href":"https:\/\/rfid-laundry-tag.com\/pt\/wp-json\/wp\/v2\/media?parent=2843"}],"wp:term":[{"taxonomy":"product_brand","embeddable":true,"href":"https:\/\/rfid-laundry-tag.com\/pt\/wp-json\/wp\/v2\/product_brand?post=2843"},{"taxonomy":"product_cat","embeddable":true,"href":"https:\/\/rfid-laundry-tag.com\/pt\/wp-json\/wp\/v2\/product_cat?post=2843"},{"taxonomy":"product_tag","embeddable":true,"href":"https:\/\/rfid-laundry-tag.com\/pt\/wp-json\/wp\/v2\/product_tag?post=2843"}],"curies":[{"name":"wp","href":"https:\/\/api.w.org\/{rel}","templated":true}]}}