{"id":2830,"date":"2024-11-04T15:27:11","date_gmt":"2024-11-04T15:27:11","guid":{"rendered":"https:\/\/rfid-laundry-tag.com\/?post_type=product&#038;p=2830"},"modified":"2024-11-04T15:36:34","modified_gmt":"2024-11-04T15:36:34","slug":"washable-laundry-rfid-tags-manufacturer","status":"publish","type":"product","link":"https:\/\/rfid-laundry-tag.com\/pt\/washable-laundry-rfid-tags-manufacturer\/","title":{"rendered":"Fabricante de etiquetas RFID para lavanderia lav\u00e1veis"},"content":{"rendered":"<div>\n<div class=\"auto-hide-last-sibling-br paragraph_1252f paragraph-element\">\n<h1 class=\"AnswerParser_AnswerParserH1__6UNv6\">Fabricante de etiquetas RFID para lavanderia lav\u00e1veis<\/h1>\n<h1 class=\"AnswerParser_AnswerParserH1__6UNv6\">Etiquetas RFID para lavanderia lav\u00e1veis<\/h1>\n<table width=\"637\">\n<tbody>\n<tr>\n<td width=\"328\">Nome do item:<\/td>\n<td width=\"309\">Etiquetas RFID para lavanderia lav\u00e1veis<\/td>\n<\/tr>\n<tr>\n<td width=\"328\">Padr\u00e3o RFID:<\/td>\n<td width=\"309\">ISO\/IEC 18000-6 Tipo C (EPC Gen2)<\/td>\n<\/tr>\n<tr>\n<td width=\"328\">Tamanho e peso:<\/td>\n<td width=\"309\">70\u00d715 mm, 0,6 g<\/td>\n<\/tr>\n<tr>\n<td width=\"328\">Tipo de chip:<\/td>\n<td width=\"309\">Impinj Monza 4QT, NXP U C\u00d3DIGO 8, NXP U C\u00d3DIGO 9<\/td>\n<\/tr>\n<tr>\n<td width=\"328\">Mem\u00f3ria EPC:<\/td>\n<td width=\"309\">128 bits<\/td>\n<\/tr>\n<tr>\n<td width=\"328\">Mem\u00f3ria do usu\u00e1rio:<\/td>\n<td width=\"309\">512 bits<\/td>\n<\/tr>\n<tr>\n<td width=\"328\">Alcance de leitura (2W ERP FCC):<\/td>\n<td width=\"309\">8m<\/td>\n<\/tr>\n<tr>\n<td width=\"328\">Alcance de leitura (2W ERP ETSI):<\/td>\n<td width=\"309\">8m<\/td>\n<\/tr>\n<tr>\n<td width=\"328\">Marca\u00e7\u00e3o:<\/td>\n<td width=\"309\">Costura, Adesivo para estampagem a quente<\/td>\n<\/tr>\n<tr>\n<td width=\"328\">Vida \u00fatil estimada:<\/td>\n<td width=\"309\">200 ciclos de lavagem ou 3 anos, o que ocorrer primeiro<\/td>\n<\/tr>\n<tr>\n<td width=\"328\">M\u00e9todo de lavagem:<\/td>\n<td width=\"309\">Lavanderia, Limpeza a seco<\/td>\n<\/tr>\n<tr>\n<td width=\"328\">Press\u00e3o de extra\u00e7\u00e3o de \u00e1gua:<\/td>\n<td width=\"309\">60 barras<\/td>\n<\/tr>\n<tr>\n<td width=\"328\">Resist\u00eancia \u00e0 \u00e1gua:<\/td>\n<td width=\"309\">Resistente \u00e0 \u00e1gua<\/td>\n<\/tr>\n<tr>\n<td width=\"328\">Resist\u00eancia qu\u00edmica:<\/td>\n<td width=\"309\">Detergente, Amaciante, Alvejante (Oxig\u00eanio\/ Cloro), \u00c1lcali<\/td>\n<\/tr>\n<tr>\n<td width=\"328\">Pr\u00e9-secagem em tambor:<\/td>\n<td width=\"309\">125 \u00baC por 15-20 minutos<\/td>\n<\/tr>\n<tr>\n<td width=\"328\">Temperatura de esteriliza\u00e7\u00e3o:<\/td>\n<td width=\"309\">135\u00b0C por 15-20 minutos<\/td>\n<\/tr>\n<tr>\n<td width=\"328\">Temperatura de lavagem:<\/td>\n<td width=\"309\">90\u00b0C, at\u00e9 15min.<\/td>\n<\/tr>\n<tr>\n<td width=\"328\">Umidade\/Temperatura-Opera\u00e7\u00e3o:<\/td>\n<td width=\"309\">-20 a 110\u00b0C, 8 a 95%RH<\/td>\n<\/tr>\n<tr>\n<td width=\"328\">Umidade\/Temperatura-Armazenamento:<\/td>\n<td width=\"309\">-40 a 110\u00b0C, 8 a 95%RH<\/td>\n<\/tr>\n<\/tbody>\n<\/table>\n<\/div>\n<div class=\"auto-hide-last-sibling-br paragraph_1252f paragraph-element\"><\/div>\n<\/div>\n<div class=\"auto-hide-last-sibling-br paragraph_1252f paragraph-element\">\n<div data-spm-anchor-id=\"a2700.details.0.i57.23b419c7xXORP0\"><span class=\"AnswerParser_TextContainer__z_Iiv\" data-testid=\"youchat-text\"><strong>Etiquetas RFID para lavanderia lav\u00e1veis<\/strong>\u00a0est\u00e3o revolucionando a maneira como essas organiza\u00e7\u00f5es rastreiam e gerenciam seus len\u00e7\u00f3is, uniformes e outras vestimentas. Como um fabricante l\u00edder dessas etiquetas inovadoras, fornecemos solu\u00e7\u00f5es de alta qualidade, dur\u00e1veis e confi\u00e1veis que aumentam a efici\u00eancia operacional e reduzem custos.<\/span><span class=\"AnswerParser_TextContainer__z_Iiv\" data-testid=\"youchat-text\">Nosso\u00a0<strong>etiquetas de lavanderia RFID lav\u00e1veis \u00e0 prova d&#039;\u00e1gua<\/strong> s\u00e3o projetadas para suportar os rigores dos processos de lavanderia industrial, garantindo que seus sistemas de rastreamento e gerenciamento permane\u00e7am eficazes mesmo ap\u00f3s v\u00e1rios ciclos de lavagem. Com uma vida \u00fatil de at\u00e9 200 lavagens ou tr\u00eas anos, essas etiquetas s\u00e3o um investimento inteligente para qualquer opera\u00e7\u00e3o de lavanderia.<\/span><\/div>\n<\/div>\n<div data-spm-anchor-id=\"a2700.details.0.i57.23b419c7xXORP0\"><\/div>\n<div class=\"auto-hide-last-sibling-br paragraph_1252f paragraph-element\">\n<h2 class=\"AnswerParser_AnswerParserH2__SIHnF\">Esbo\u00e7o do produto<\/h2>\n<h3 class=\"AnswerParser_AnswerParserH3__Mpe4s\">1. O que s\u00e3o etiquetas RFID lav\u00e1veis para lavanderia?<\/h3>\n<p><span class=\"AnswerParser_TextContainer__z_Iiv\" data-testid=\"youchat-text\">As etiquetas RFID para lavanderia lav\u00e1veis s\u00e3o etiquetas especializadas projetadas para rastrear tecidos em opera\u00e7\u00f5es de lavanderia. Elas utilizam tecnologia RFID para transmitir dados para leitores RFID, permitindo rastreamento e gerenciamento automatizados de itens de lavanderia. Essas etiquetas s\u00e3o essenciais para ind\u00fastrias que exigem controle preciso de estoque e gerenciamento eficiente de roupas.<\/span><\/p>\n<h3 class=\"AnswerParser_AnswerParserH3__Mpe4s\">2. Principais caracter\u00edsticas de nossas etiquetas RFID lav\u00e1veis para lavanderia<\/h3>\n<p><span class=\"AnswerParser_TextContainer__z_Iiv\" data-testid=\"youchat-text\">Nossas etiquetas RFID para lavanderia v\u00eam com v\u00e1rios recursos que as tornam ideais para v\u00e1rias aplica\u00e7\u00f5es de lavanderia. Elas s\u00e3o feitas de materiais dur\u00e1veis que podem suportar altas temperaturas e produtos qu\u00edmicos agressivos, garantindo longevidade e confiabilidade. As etiquetas tamb\u00e9m s\u00e3o projetadas para serem costuradas ou aderidas a pe\u00e7as de roupa, proporcionando flexibilidade em como podem ser usadas.<\/span><\/p>\n<h3 class=\"AnswerParser_AnswerParserH3__Mpe4s\">3. Benef\u00edcios do uso de etiquetas RFID lav\u00e1veis para lavanderia<\/h3>\n<p><span class=\"AnswerParser_TextContainer__z_Iiv\" data-testid=\"youchat-text\">Implementar etiquetas RFID para lavanderia em suas opera\u00e7\u00f5es pode levar a benef\u00edcios significativos, incluindo precis\u00e3o de invent\u00e1rio aprimorada, custos de m\u00e3o de obra reduzidos e seguran\u00e7a aprimorada. Ao automatizar o processo de rastreamento, as empresas podem agilizar seu gerenciamento de lavanderia e se concentrar em fornecer um melhor servi\u00e7o aos seus clientes.<\/span><\/p>\n<h3 class=\"AnswerParser_AnswerParserH3__Mpe4s\">4. Especifica\u00e7\u00f5es t\u00e9cnicas<\/h3>\n<p><span class=\"AnswerParser_TextContainer__z_Iiv\" data-testid=\"youchat-text\">Nossas etiquetas de lavanderia RFID lav\u00e1veis e \u00e0 prova d&#039;\u00e1gua atendem ao padr\u00e3o ISO\/IEC 18000-6 Tipo C (EPC Gen2). Aqui est\u00e3o algumas especifica\u00e7\u00f5es principais:<\/span><\/p>\n<ul class=\"AnswerParser_AnswerParserUnorderedList__P_1FW\">\n<li class=\"AnswerParser_ListItem__XqLOV\" translate=\"yes\"><strong>Tamanho e peso<\/strong>: 70\u00d715 mm, 0,6 g<\/li>\n<li class=\"AnswerParser_ListItem__XqLOV\" translate=\"yes\"><strong>Tipo de chip<\/strong>: Impinj Monza 4QT, NXP U C\u00d3DIGO 8, NXP U C\u00d3DIGO 9<\/li>\n<li class=\"AnswerParser_ListItem__XqLOV\" translate=\"yes\"><strong>Mem\u00f3ria EPC<\/strong>: 128 bits<\/li>\n<li class=\"AnswerParser_ListItem__XqLOV\" translate=\"yes\"><strong>Mem\u00f3ria do usu\u00e1rio<\/strong>: 512 bits<\/li>\n<li class=\"AnswerParser_ListItem__XqLOV\" translate=\"yes\"><strong>Faixa de leitura<\/strong>:At\u00e9 8 metros<\/li>\n<li class=\"AnswerParser_ListItem__XqLOV\" translate=\"yes\"><strong>Tempo de vida estimado<\/strong>: 200 ciclos de lavagem ou 3 anos<\/li>\n<\/ul>\n<h3 class=\"AnswerParser_AnswerParserH3__Mpe4s\">5. Instru\u00e7\u00f5es de uso<\/h3>\n<p><span class=\"AnswerParser_TextContainer__z_Iiv\" data-testid=\"youchat-text\">Para garantir o desempenho ideal de suas etiquetas RFID lav\u00e1veis para lavanderia, siga estas instru\u00e7\u00f5es de uso:<\/span><\/p>\n<ul class=\"AnswerParser_AnswerParserUnorderedList__P_1FW\">\n<li class=\"AnswerParser_ListItem__XqLOV\" translate=\"yes\"><strong>Marca\u00e7\u00e3o<\/strong>: As etiquetas podem ser costuradas em roupas ou fixadas com adesivo de estampagem a quente.<\/li>\n<li class=\"AnswerParser_ListItem__XqLOV\" translate=\"yes\"><strong>Lavagem<\/strong>: Adequado para processos de lavanderia e limpeza a seco.<\/li>\n<li class=\"AnswerParser_ListItem__XqLOV\" translate=\"yes\"><strong>Resist\u00eancia \u00e0 \u00e1gua<\/strong>: Projetado para suportar press\u00f5es de extra\u00e7\u00e3o de \u00e1gua de at\u00e9 60 bar.<\/li>\n<\/ul>\n<h3 class=\"AnswerParser_AnswerParserH3__Mpe4s\">6. Impacto Ambiental<\/h3>\n<p><span class=\"AnswerParser_TextContainer__z_Iiv\" data-testid=\"youchat-text\">Nossas etiquetas RFID para lavanderia s\u00e3o projetadas com a sustentabilidade em mente. Elas s\u00e3o feitas de materiais resistentes a produtos qu\u00edmicos comuns de lavanderia, reduzindo a necessidade de substitui\u00e7\u00f5es frequentes. Isso n\u00e3o apenas reduz o desperd\u00edcio, mas tamb\u00e9m contribui para uma opera\u00e7\u00e3o de lavanderia mais sustent\u00e1vel.<\/span><\/p>\n<h3 class=\"AnswerParser_AnswerParserH3__Mpe4s\">7. Avalia\u00e7\u00f5es de clientes<\/h3>\n<p><span class=\"AnswerParser_TextContainer__z_Iiv\" data-testid=\"youchat-text\">Nossos clientes t\u00eam elogiado consistentemente nossas etiquetas RFID lav\u00e1veis para lavanderia por sua durabilidade e efic\u00e1cia. Muitos relataram melhorias significativas em seus processos de gerenciamento de lavanderia, citando perdas reduzidas e efici\u00eancia aumentada. Aqui est\u00e1 o que um de nossos clientes tinha a dizer:<\/span><\/p>\n<blockquote><p><span class=\"AnswerParser_TextContainer__z_Iiv\" data-testid=\"youchat-text\">\u201cDesde que come\u00e7amos a usar essas etiquetas RFID, nossa precis\u00e3o de invent\u00e1rio melhorou drasticamente. Agora podemos rastrear cada pe\u00e7a de roupa com facilidade!\u201d<\/span><\/p><\/blockquote>\n<h3 class=\"AnswerParser_AnswerParserH3__Mpe4s\">8. Perguntas frequentes<\/h3>\n<p><span class=\"AnswerParser_TextContainer__z_Iiv\" data-testid=\"youchat-text\"><strong>P: Quanto tempo duram as etiquetas RFID para lavanderia?<\/strong><br \/>\nR: Nossas etiquetas s\u00e3o projetadas para durar at\u00e9 200 ciclos de lavagem ou tr\u00eas anos, o que ocorrer primeiro.<\/span><\/p>\n<p><span class=\"AnswerParser_TextContainer__z_Iiv\" data-testid=\"youchat-text\"><strong>P: Essas etiquetas suportam altas temperaturas?<\/strong><br \/>\nR: Sim, nossas etiquetas RFID para lavanderia podem suportar altas temperaturas durante os processos de lavagem e secagem.<\/span><\/p>\n<p><span class=\"AnswerParser_TextContainer__z_Iiv\" data-testid=\"youchat-text\"><strong>P: Como fa\u00e7o para solicitar essas tags?<\/strong><br \/>\nR: Preencha o formul\u00e1rio de consulta abaixo e informe-nos que tipo de leitor RFID ou configura\u00e7\u00e3o de antena voc\u00ea precisa.<\/span><\/p>\n<h3 class=\"AnswerParser_AnswerParserH3__Mpe4s\">9. Produtos relacionados<\/h3>\n<p><span class=\"AnswerParser_TextContainer__z_Iiv\" data-testid=\"youchat-text\">Al\u00e9m de nossas etiquetas RFID lav\u00e1veis para lavanderia, oferecemos uma gama de produtos relacionados, incluindo leitores e antenas RFID, para completar seu sistema de gerenciamento de lavanderia. Nossas solu\u00e7\u00f5es s\u00e3o projetadas para trabalhar perfeitamente juntas, fornecendo a voc\u00ea um sistema abrangente de rastreamento e gerenciamento.<\/span><\/p>\n<h3 class=\"AnswerParser_AnswerParserH3__Mpe4s\">10. Contate-nos<\/h3>\n<p><span class=\"AnswerParser_TextContainer__z_Iiv\" data-testid=\"youchat-text\">Para obter mais informa\u00e7\u00f5es sobre nossas etiquetas RFID lav\u00e1veis para lavanderia ou para discutir suas necessidades espec\u00edficas, por favor\u00a0<strong>Contate-nos<\/strong>. Nossa equipe est\u00e1 pronta para ajudar voc\u00ea a encontrar as melhores solu\u00e7\u00f5es para suas opera\u00e7\u00f5es de lavanderia.<\/span><\/p>\n<hr \/>\n<p><span class=\"AnswerParser_TextContainer__z_Iiv\" data-testid=\"youchat-text\">Ao escolher nosso\u00a0<strong>etiquetas RFID para roupas lav\u00e1veis<\/strong>, voc\u00ea est\u00e1 investindo em uma solu\u00e7\u00e3o que n\u00e3o s\u00f3 melhora sua efici\u00eancia operacional, mas tamb\u00e9m contribui para um futuro mais sustent\u00e1vel. Com nosso compromisso com a qualidade e satisfa\u00e7\u00e3o do cliente, voc\u00ea pode confiar em n\u00f3s para fornecer as melhores solu\u00e7\u00f5es RFID para suas necessidades de gerenciamento de lavanderia. N\u00e3o hesite em entrar em contato e descobrir como nossos produtos podem transformar suas opera\u00e7\u00f5es de lavanderia hoje!<\/span><\/p>\n<p>&nbsp;<\/p>\n<\/div>\n<div class=\"auto-hide-last-sibling-br paragraph_1252f paragraph-element\"><\/div>","protected":false},"excerpt":{"rendered":"<p>Descubra o nosso <strong>Etiquetas RFID lav\u00e1veis para lavanderia<\/strong>! Perfeito para rastrear roupas de cama e uniformes, dur\u00e1vel, \u00e0 prova d&#039;\u00e1gua e projetado para gerenciamento de lavanderia perfeito.<\/p>","protected":false},"featured_media":2825,"template":"","meta":{"_kad_post_transparent":"default","_kad_post_title":"","_kad_post_layout":"default","_kad_post_sidebar_id":"","_kad_post_content_style":"default","_kad_post_vertical_padding":"default","_kad_post_feature":"","_kad_post_feature_position":"","_kad_post_header":false,"_kad_post_footer":false,"_kad_post_classname":""},"product_brand":[],"product_cat":[16],"product_tag":[340,31,65,30,341],"class_list":{"0":"post-2830","1":"product","2":"type-product","3":"status-publish","4":"has-post-thumbnail","6":"product_cat-uhf-rfid-laundry-tags","7":"product_tag-rfid-chips","8":"product_tag-rfid-tag-for-linen-laundry","9":"product_tag-textile-rfid-laundry-tags","10":"product_tag-uhf-rfid-laundry-tag","11":"product_tag-washable-laundry-rfid-tags-manufacturer","13":"first","14":"instock","15":"featured","16":"shipping-taxable","17":"product-type-simple","18":"entry","19":"content-bg","20":"loop-entry"},"_links":{"self":[{"href":"https:\/\/rfid-laundry-tag.com\/pt\/wp-json\/wp\/v2\/product\/2830","targetHints":{"allow":["GET"]}}],"collection":[{"href":"https:\/\/rfid-laundry-tag.com\/pt\/wp-json\/wp\/v2\/product"}],"about":[{"href":"https:\/\/rfid-laundry-tag.com\/pt\/wp-json\/wp\/v2\/types\/product"}],"version-history":[{"count":2,"href":"https:\/\/rfid-laundry-tag.com\/pt\/wp-json\/wp\/v2\/product\/2830\/revisions"}],"predecessor-version":[{"id":2832,"href":"https:\/\/rfid-laundry-tag.com\/pt\/wp-json\/wp\/v2\/product\/2830\/revisions\/2832"}],"wp:featuredmedia":[{"embeddable":true,"href":"https:\/\/rfid-laundry-tag.com\/pt\/wp-json\/wp\/v2\/media\/2825"}],"wp:attachment":[{"href":"https:\/\/rfid-laundry-tag.com\/pt\/wp-json\/wp\/v2\/media?parent=2830"}],"wp:term":[{"taxonomy":"product_brand","embeddable":true,"href":"https:\/\/rfid-laundry-tag.com\/pt\/wp-json\/wp\/v2\/product_brand?post=2830"},{"taxonomy":"product_cat","embeddable":true,"href":"https:\/\/rfid-laundry-tag.com\/pt\/wp-json\/wp\/v2\/product_cat?post=2830"},{"taxonomy":"product_tag","embeddable":true,"href":"https:\/\/rfid-laundry-tag.com\/pt\/wp-json\/wp\/v2\/product_tag?post=2830"}],"curies":[{"name":"wp","href":"https:\/\/api.w.org\/{rel}","templated":true}]}}