{"id":281,"date":"2024-06-26T09:42:03","date_gmt":"2024-06-26T09:42:03","guid":{"rendered":"https:\/\/rfid-laundry-tag.com\/?post_type=product&#038;p=281"},"modified":"2024-07-16T16:25:37","modified_gmt":"2024-07-16T16:25:37","slug":"uhf-rfid-wet-inlay","status":"publish","type":"product","link":"https:\/\/rfid-laundry-tag.com\/pt\/uhf-rfid-wet-inlay\/","title":{"rendered":"UHF RFID Inlay \u00famido"},"content":{"rendered":"<table class=\"all magic-1\" style=\"font-family: var(--global-body-font-family);\">\n<tbody>\n<tr>\n<td colspan=\"1\" rowspan=\"1\">\n<div class=\"magic-2\" data-spm-anchor-id=\"a2700.details.0.i124.27902306LbjcO6\"><b>Nome do produto<\/b><\/div>\n<\/td>\n<td colspan=\"1\" rowspan=\"1\">\n<div class=\"magic-3\">UHF RFID Inlay \u00famido<\/div>\n<\/td>\n<\/tr>\n<tr>\n<td colspan=\"1\" rowspan=\"1\">\n<div class=\"magic-2\"><b data-spm-anchor-id=\"a2700.pc-decorate.0.i1.2adc3333pGXB5C\">Material<\/b><\/div>\n<\/td>\n<td colspan=\"1\" rowspan=\"1\">\n<div class=\"magic-3\">Papel revestido, PET etc.<\/div>\n<\/td>\n<\/tr>\n<tr>\n<td colspan=\"1\" rowspan=\"1\">\n<div class=\"magic-2\"><b>Lasca<\/b><\/div>\n<\/td>\n<td colspan=\"1\" rowspan=\"1\">\n<div class=\"magic-3\">Alien\u00edgena H9<\/div>\n<\/td>\n<\/tr>\n<tr>\n<td colspan=\"1\" rowspan=\"1\">\n<div class=\"magic-2\"><b data-spm-anchor-id=\"a2700.pc-decorate.0.i7.2adc3333pGXB5C\">Cor<\/b><\/div>\n<\/td>\n<td colspan=\"1\" rowspan=\"1\">\n<div class=\"magic-3\">Branco<\/div>\n<\/td>\n<\/tr>\n<tr>\n<td colspan=\"1\" rowspan=\"1\">\n<div class=\"magic-2\"><b>Mem\u00f3ria do usu\u00e1rio<\/b><\/div>\n<\/td>\n<td colspan=\"1\" rowspan=\"1\">\n<div class=\"magic-3\">688 bits<\/div>\n<\/td>\n<\/tr>\n<tr>\n<td colspan=\"1\" rowspan=\"1\">\n<div class=\"magic-2\"><b>Mem\u00f3ria EPC<\/b><\/div>\n<\/td>\n<td colspan=\"1\" rowspan=\"1\">\n<div class=\"magic-3\" data-spm-anchor-id=\"a2700.details.0.i125.27902306LbjcO6\">496 bits<\/div>\n<\/td>\n<\/tr>\n<tr>\n<td colspan=\"1\" rowspan=\"1\">\n<div class=\"magic-2\"><b data-spm-anchor-id=\"a2700.pc-decorate.0.i18.2adc3333pGXB5C\">Protocolo<\/b><\/div>\n<\/td>\n<td colspan=\"1\" rowspan=\"1\">\n<div class=\"magic-3\">Global EPC Classe 1 Gen2 ISO\/IEC 18000-6C<\/div>\n<\/td>\n<\/tr>\n<tr>\n<td colspan=\"1\" rowspan=\"1\">\n<div class=\"magic-2\"><b data-spm-anchor-id=\"a2700.pc-decorate.0.i9.74c33333KAtYOv\">Frequ\u00eancia<\/b><\/div>\n<\/td>\n<td colspan=\"1\" rowspan=\"1\">\n<div class=\"magic-3\">860-960 MHz<\/div>\n<\/td>\n<\/tr>\n<tr>\n<td colspan=\"1\" rowspan=\"1\">\n<div class=\"magic-2\"><b>Alcance do leitor<\/b><\/div>\n<\/td>\n<td colspan=\"1\" rowspan=\"1\">\n<div class=\"magic-3\">6M (depende do ambiente e da dist\u00e2ncia de leitura e grava\u00e7\u00e3o)<\/div>\n<\/td>\n<\/tr>\n<tr>\n<td colspan=\"1\" rowspan=\"1\">\n<div class=\"magic-2\"><b data-spm-anchor-id=\"a2700.pc-decorate.0.i17.6f873333hkY330\">M\u00e9todo de trabalho<\/b><\/div>\n<\/td>\n<td colspan=\"1\" rowspan=\"1\">\n<div class=\"magic-3\">Passiva<\/div>\n<\/td>\n<\/tr>\n<tr>\n<td colspan=\"1\" rowspan=\"1\">\n<div class=\"magic-2\"><b>Trabalhando Reciclagem<\/b><\/div>\n<\/td>\n<td colspan=\"1\" rowspan=\"1\">\n<div class=\"magic-3\">&gt;100000 vezes<\/div>\n<\/td>\n<\/tr>\n<tr>\n<td colspan=\"1\" rowspan=\"1\">\n<div class=\"magic-2\"><b data-spm-anchor-id=\"a2700.pc-decorate.0.i51.200a3333J5VKbe\">Aplicativo<\/b><\/div>\n<\/td>\n<td colspan=\"1\" rowspan=\"1\">\n<div class=\"magic-3\">Rastreabilidade anti-falsifica\u00e7\u00e3o, transmiss\u00e3o de dados<\/div>\n<\/td>\n<\/tr>\n<\/tbody>\n<\/table>\n<div><\/div>\n<div class=\"auto-hide-last-sibling-br paragraph_9dc5f paragraph-element\">Aplica\u00e7\u00f5es, incluindo, mas n\u00e3o se limitando a:<\/div>\n<ol class=\"auto-hide-last-sibling-br\">\n<li>\n<div class=\"auto-hide-last-sibling-br paragraph_9dc5f paragraph-element\">Gerenciamento de estoque: essas etiquetas podem ser usadas para monitorar os n\u00edveis de estoque em armaz\u00e9ns e lojas de varejo, tornando o processo de gerenciamento de estoque mais eficiente e preciso.<\/div>\n<\/li>\n<li>\n<div class=\"auto-hide-last-sibling-br paragraph_9dc5f paragraph-element\">Gerenciamento da cadeia de suprimentos: ao etiquetar itens com etiquetas RFID, as empresas podem rastrear o movimento e o status dos produtos em toda a cadeia de suprimentos, da produ\u00e7\u00e3o \u00e0 venda, aumentando a transpar\u00eancia e a efici\u00eancia operacional.<\/div>\n<\/li>\n<li>\n<div class=\"auto-hide-last-sibling-br paragraph_9dc5f paragraph-element\">Gest\u00e3o Log\u00edstica: As etiquetas RFID simplificam o processo de rastreamento de remessas e gerenciamento de mercadorias durante o transporte. Elas fornecem informa\u00e7\u00f5es em tempo real sobre a localiza\u00e7\u00e3o e o status das mercadorias, reduzindo erros e atrasos.<\/div>\n<\/li>\n<li>\n<div class=\"auto-hide-last-sibling-br paragraph_9dc5f paragraph-element\">Cosm\u00e9ticos: As marcas podem usar etiquetas RFID para verifica\u00e7\u00e3o de autenticidade, ajudando a prevenir falsifica\u00e7\u00f5es e garantindo que os consumidores recebam produtos genu\u00ednos.<\/div>\n<\/li>\n<li>\n<div class=\"auto-hide-last-sibling-br paragraph_9dc5f paragraph-element\">Assist\u00eancia m\u00e9dica: as etiquetas RFID podem rastrear equipamentos m\u00e9dicos vitais, gerenciar estoques farmac\u00eauticos e registros de pacientes, proporcionando melhorias essenciais ao atendimento ao paciente e \u00e0 gest\u00e3o hospitalar.<\/div>\n<\/li>\n<li>\n<div class=\"auto-hide-last-sibling-br paragraph_9dc5f paragraph-element\">Vestu\u00e1rio: No setor de moda, as etiquetas RFID podem gerenciar estoque, combater roubos, gerenciar experi\u00eancias em provadores e fornecer dados para an\u00e1lise detalhada do comportamento do cliente.<\/div>\n<\/li>\n<li>\n<div class=\"auto-hide-last-sibling-br paragraph_9dc5f paragraph-element\">Joias: incrusta\u00e7\u00f5es RFID fornecem uma maneira eficiente de rastrear itens de alto valor, como joias. Elas tamb\u00e9m podem ajudar a autenticar as joias e evitar roubos.<\/div>\n<\/li>\n<li>\n<div class=\"auto-hide-last-sibling-br paragraph_9dc5f paragraph-element\">Rastreamento de ativos: as empresas usam etiquetas RFID para rastrear seus ativos, incluindo equipamentos, ve\u00edculos e outros itens valiosos, minimizando perdas e melhorando o gerenciamento geral de ativos.<\/div>\n<\/li>\n<\/ol>\n<div class=\"auto-hide-last-sibling-br paragraph_9dc5f paragraph-element\">Em resumo, os inlays RFID UHF e as etiquetas RFID UHF contribuem significativamente para melhorar a efici\u00eancia operacional, a precis\u00e3o e a seguran\u00e7a em v\u00e1rios setores.<\/div>","protected":false},"excerpt":{"rendered":"<p>Os inlays UHF RFID e as etiquetas RFID UHF desempenham de fato um papel crucial em v\u00e1rios setores devido ao seu desempenho robusto e ampla aplica\u00e7\u00e3o<\/p>","protected":false},"featured_media":282,"template":"","meta":{"_kad_post_transparent":"default","_kad_post_title":"","_kad_post_layout":"default","_kad_post_sidebar_id":"","_kad_post_content_style":"default","_kad_post_vertical_padding":"default","_kad_post_feature":"","_kad_post_feature_position":"","_kad_post_header":false,"_kad_post_footer":false,"_kad_post_classname":""},"product_brand":[],"product_cat":[54,189],"product_tag":[108,107],"class_list":{"0":"post-281","1":"product","2":"type-product","3":"status-publish","4":"has-post-thumbnail","6":"product_cat-hot-selling-rfid-tags","7":"product_cat-rfid-inlay","8":"product_tag-rfid-inlay","9":"product_tag-uhf-rfid-wet-inlay","11":"first","12":"instock","13":"shipping-taxable","14":"product-type-simple","15":"entry","16":"content-bg","17":"loop-entry"},"_links":{"self":[{"href":"https:\/\/rfid-laundry-tag.com\/pt\/wp-json\/wp\/v2\/product\/281","targetHints":{"allow":["GET"]}}],"collection":[{"href":"https:\/\/rfid-laundry-tag.com\/pt\/wp-json\/wp\/v2\/product"}],"about":[{"href":"https:\/\/rfid-laundry-tag.com\/pt\/wp-json\/wp\/v2\/types\/product"}],"version-history":[{"count":1,"href":"https:\/\/rfid-laundry-tag.com\/pt\/wp-json\/wp\/v2\/product\/281\/revisions"}],"predecessor-version":[{"id":721,"href":"https:\/\/rfid-laundry-tag.com\/pt\/wp-json\/wp\/v2\/product\/281\/revisions\/721"}],"wp:featuredmedia":[{"embeddable":true,"href":"https:\/\/rfid-laundry-tag.com\/pt\/wp-json\/wp\/v2\/media\/282"}],"wp:attachment":[{"href":"https:\/\/rfid-laundry-tag.com\/pt\/wp-json\/wp\/v2\/media?parent=281"}],"wp:term":[{"taxonomy":"product_brand","embeddable":true,"href":"https:\/\/rfid-laundry-tag.com\/pt\/wp-json\/wp\/v2\/product_brand?post=281"},{"taxonomy":"product_cat","embeddable":true,"href":"https:\/\/rfid-laundry-tag.com\/pt\/wp-json\/wp\/v2\/product_cat?post=281"},{"taxonomy":"product_tag","embeddable":true,"href":"https:\/\/rfid-laundry-tag.com\/pt\/wp-json\/wp\/v2\/product_tag?post=281"}],"curies":[{"name":"wp","href":"https:\/\/api.w.org\/{rel}","templated":true}]}}