{"id":2792,"date":"2024-10-29T11:28:05","date_gmt":"2024-10-29T11:28:05","guid":{"rendered":"https:\/\/rfid-laundry-tag.com\/?post_type=product&#038;p=2792"},"modified":"2024-10-29T13:03:05","modified_gmt":"2024-10-29T13:03:05","slug":"fdx-b-134-2khz-rfid-animal-id-glass-tag-syringe-transponder","status":"publish","type":"product","link":"https:\/\/rfid-laundry-tag.com\/pt\/fdx-b-134-2khz-rfid-animal-id-glass-tag-syringe-transponder\/","title":{"rendered":"FDX-B 134.2khz RFID Animal ID Glass Tag Seringa Transponder"},"content":{"rendered":"<h2>FDX-B 134.2khz RFID Animal ID Glass Tag Seringa Transponder<\/h2>\n<p><span class=\"AnswerParser_TextContainer__z_Iiv\" data-testid=\"youchat-text\"><strong>FDX-B 134,2 kHz RFID Animal ID Glass Tag Seringa Transponder<\/strong>\u00a0\u00e9 uma solu\u00e7\u00e3o de ponta para identifica\u00e7\u00e3o e gerenciamento de animais. Projetada especificamente para animais de estima\u00e7\u00e3o e gado, esta etiqueta de vidro RFID garante rastreamento e identifica\u00e7\u00e3o precisos, tornando-a uma ferramenta essencial para veterin\u00e1rios, criadores e donos de animais de estima\u00e7\u00e3o. Com seus recursos robustos e desempenho confi\u00e1vel, vale a pena investir neste produto para qualquer pessoa envolvida em cuidados e gerenciamento de animais.<\/span><\/p>\n<h2 class=\"AnswerParser_AnswerParserH2__SIHnF\">Por que escolher a etiqueta de vidro para identifica\u00e7\u00e3o de animais RFID FDX-B de 134,2 kHz?<\/h2>\n<p><span class=\"AnswerParser_TextContainer__z_Iiv\" data-testid=\"youchat-text\">A etiqueta de vidro RFID FDX-B n\u00e3o \u00e9 apenas uma ferramenta de identifica\u00e7\u00e3o simples; ela oferece in\u00fameros benef\u00edcios que melhoram o gerenciamento animal.\u00a0<strong>biovidro<\/strong>\u00a0constru\u00e7\u00e3o garante durabilidade e biocompatibilidade, tornando-a segura para implanta\u00e7\u00e3o. A etiqueta opera em uma frequ\u00eancia de\u00a0<strong>134,2 kHz<\/strong>, que est\u00e1 em conformidade com os padr\u00f5es internacionais (ISO11784\/785, ISO14443A), garantindo desempenho confi\u00e1vel em v\u00e1rias aplica\u00e7\u00f5es. Al\u00e9m disso, o\u00a0<strong>Esteriliza\u00e7\u00e3o de grau m\u00e9dico 100%<\/strong>\u00a0garante que a etiqueta \u00e9 segura para uso em animais, minimizando o risco de infec\u00e7\u00e3o ou complica\u00e7\u00f5es p\u00f3s-implanta\u00e7\u00e3o.<\/span><\/p>\n<h3 class=\"AnswerParser_AnswerParserH3__Mpe4s\">Esbo\u00e7o do produto<\/h3>\n<h4 class=\"AnswerParser_AnswerParserH4__ghxg8\">1. Caracter\u00edsticas do produto<\/h4>\n<p><span class=\"AnswerParser_TextContainer__z_Iiv\" data-testid=\"youchat-text\">A etiqueta de vidro RFID FDX-B vem em v\u00e1rios tamanhos, incluindo\u00a0<strong>1,25*7mm<\/strong>,\u00a0<strong>1,4*8mm<\/strong>,\u00a0<strong>2*8mm<\/strong>,\u00a0<strong>2*12mm<\/strong>, e\u00a0<strong>3*15mm<\/strong>. Esta gama permite flexibilidade na aplica\u00e7\u00e3o, atendendo a diferentes tamanhos de animais, desde pequenos animais de estima\u00e7\u00e3o at\u00e9 gado maior. A etiqueta\u00a0<strong>antibacteriano, antial\u00e9rgico e anti-rejei\u00e7\u00e3o<\/strong>\u00a0os recursos garantem que ele seja seguro para todos os tipos de animais, proporcionando tranquilidade aos donos de animais de estima\u00e7\u00e3o e veterin\u00e1rios.<\/span><\/p>\n<h4 class=\"AnswerParser_AnswerParserH4__ghxg8\">2. Especifica\u00e7\u00f5es t\u00e9cnicas<\/h4>\n<table class=\"hight-light-first-column all magic-18\">\n<tbody>\n<tr>\n<td colspan=\"1\" rowspan=\"1\">\n<div class=\"magic-19\">Item<\/div>\n<\/td>\n<td colspan=\"1\" rowspan=\"1\">\n<div class=\"magic-20\">Etiqueta de vidro RFID<\/div>\n<\/td>\n<\/tr>\n<tr>\n<td colspan=\"1\" rowspan=\"1\">\n<div class=\"magic-19\">Material<\/div>\n<\/td>\n<td colspan=\"1\" rowspan=\"1\">\n<div class=\"magic-20\">Biovidro<\/div>\n<\/td>\n<\/tr>\n<tr>\n<td colspan=\"1\" rowspan=\"1\">\n<div class=\"magic-19\">Tamanho dispon\u00edvel<\/div>\n<\/td>\n<td colspan=\"1\" rowspan=\"1\">\n<div class=\"magic-20\">1,25*7 mm, 1,4*8 mm, 2*8 mm, 2*12 mm, 3*15 mm etc.<\/div>\n<\/td>\n<\/tr>\n<tr>\n<td colspan=\"1\" rowspan=\"1\">\n<div class=\"magic-19\">Frequ\u00eancia de trabalho<\/div>\n<\/td>\n<td colspan=\"1\" rowspan=\"1\">\n<div class=\"magic-20\" data-spm-anchor-id=\"a2700.details.0.i46.2ffc6c8dJHsoYV\">134,2 KHz, 125 KHz, 13,56 MHz<\/div>\n<\/td>\n<\/tr>\n<tr>\n<td colspan=\"1\" rowspan=\"1\">\n<div class=\"magic-19\">Protocolo<\/div>\n<\/td>\n<td colspan=\"1\" rowspan=\"1\">\n<div class=\"magic-20\">Normas ISO 11784\/785, Normas ISO 14443A<\/div>\n<\/td>\n<\/tr>\n<tr>\n<td colspan=\"1\" rowspan=\"1\">\n<div class=\"magic-19\">Artesanato<\/div>\n<\/td>\n<td colspan=\"1\" rowspan=\"1\">\n<div class=\"magic-20\">Programa\u00e7\u00e3o de n\u00famero de identifica\u00e7\u00e3o<\/div>\n<\/td>\n<\/tr>\n<tr>\n<td colspan=\"1\" rowspan=\"1\">\n<div class=\"magic-19\">Esteriliza\u00e7\u00e3o<\/div>\n<\/td>\n<td colspan=\"1\" rowspan=\"1\">\n<div class=\"magic-20\">100% Esteriliza\u00e7\u00e3o de grau m\u00e9dico<\/div>\n<\/td>\n<\/tr>\n<tr>\n<td colspan=\"1\" rowspan=\"1\">\n<div class=\"magic-19\">Caracter\u00edstica do chip<\/div>\n<\/td>\n<td colspan=\"1\" rowspan=\"1\">\n<div class=\"magic-20\">Antibacteriano, Antial\u00e9rgico, Anti-rejei\u00e7\u00e3o<\/div>\n<\/td>\n<\/tr>\n<tr>\n<td colspan=\"1\" rowspan=\"1\">\n<div class=\"magic-19\">Aplicativo<\/div>\n<\/td>\n<td colspan=\"1\" rowspan=\"1\">\n<div class=\"magic-20\" data-spm-anchor-id=\"a2700.details.0.i45.2ffc6c8dJHsoYV\">Gest\u00e3o de animais de estima\u00e7\u00e3o, etc.<\/div>\n<\/td>\n<\/tr>\n<\/tbody>\n<\/table>\n<p><span class=\"AnswerParser_TextContainer__z_Iiv\" data-testid=\"youchat-text\">Essas especifica\u00e7\u00f5es destacam a versatilidade e a confiabilidade da etiqueta, tornando-a adequada para diversas necessidades de identifica\u00e7\u00e3o de animais.<\/span><\/p>\n<h4 class=\"AnswerParser_AnswerParserH4__ghxg8\">3. Instru\u00e7\u00f5es de uso<\/h4>\n<p><span class=\"AnswerParser_TextContainer__z_Iiv\" data-testid=\"youchat-text\">A etiqueta de vidro RFID FDX-B \u00e9 projetada para f\u00e1cil implanta\u00e7\u00e3o usando uma seringa especializada. O processo \u00e9 direto:<\/span><\/p>\n<ol class=\"AnswerParser_AnswerParserOrderedList__kl_2Y\">\n<li class=\"AnswerParser_ListItem__XqLOV\" translate=\"yes\"><strong>Prepare a seringa<\/strong>\u00a0com a etiqueta de vidro RFID.<\/li>\n<li class=\"AnswerParser_ListItem__XqLOV\" translate=\"yes\"><strong>Localize o local de implanta\u00e7\u00e3o<\/strong>\u00a0no animal, geralmente entre as omoplatas.<\/li>\n<li class=\"AnswerParser_ListItem__XqLOV\" translate=\"yes\"><strong>Injetar a tag<\/strong>\u00a0usando a seringa, certificando-se de que ela esteja colocada sob a pele.<\/li>\n<\/ol>\n<p><span class=\"AnswerParser_TextContainer__z_Iiv\" data-testid=\"youchat-text\">Este procedimento simples permite uma marca\u00e7\u00e3o r\u00e1pida e eficiente dos animais, minimizando o estresse tanto do animal quanto do tratador.<\/span><\/p>\n<h4 class=\"AnswerParser_AnswerParserH4__ghxg8\">4. Impacto Ambiental<\/h4>\n<p><span class=\"AnswerParser_TextContainer__z_Iiv\" data-testid=\"youchat-text\">A etiqueta de vidro RFID FDX-B foi projetada com a sustentabilidade em mente. O material de biovidro \u00e9 ecologicamente correto e pode ser descartado com seguran\u00e7a sem prejudicar o ecossistema. Al\u00e9m disso, o processo de fabrica\u00e7\u00e3o adere a padr\u00f5es ambientais rigorosos, garantindo desperd\u00edcio e consumo de energia m\u00ednimos.<\/span><\/p>\n<h4 class=\"AnswerParser_AnswerParserH4__ghxg8\">5. Avalia\u00e7\u00f5es de clientes<\/h4>\n<p><span class=\"AnswerParser_TextContainer__z_Iiv\" data-testid=\"youchat-text\">Os clientes elogiaram a etiqueta de vidro RFID FDX-B por sua confiabilidade e facilidade de uso. Muitos veterin\u00e1rios relatam que as etiquetas melhoraram significativamente sua capacidade de rastrear e gerenciar animais, levando a melhores resultados de sa\u00fade. Os donos de animais de estima\u00e7\u00e3o apreciam a paz de esp\u00edrito que vem com o conhecimento de que seus animais de estima\u00e7\u00e3o podem ser facilmente identificados se eles se perderem.<\/span><\/p>\n<h4 class=\"AnswerParser_AnswerParserH4__ghxg8\">6. Perguntas frequentes<\/h4>\n<p><span class=\"AnswerParser_TextContainer__z_Iiv\" data-testid=\"youchat-text\"><strong>P: Quanto tempo dura a etiqueta RFID depois de implantada?<\/strong><br \/>\nR: A etiqueta de vidro RFID FDX-B foi projetada para durar a vida inteira do animal, proporcionando identifica\u00e7\u00e3o permanente.<\/span><span class=\"AnswerParser_TextContainer__z_Iiv\" data-testid=\"youchat-text\"><strong>P: O processo de implanta\u00e7\u00e3o \u00e9 doloroso para o animal?<\/strong><br \/>\nR: O processo de implanta\u00e7\u00e3o \u00e9 r\u00e1pido e minimamente invasivo, causando apenas um leve desconforto, semelhante a uma vacina\u00e7\u00e3o.<\/span><span class=\"AnswerParser_TextContainer__z_Iiv\" data-testid=\"youchat-text\"><strong>P: A etiqueta pode ser lida \u00e0 dist\u00e2ncia?<\/strong><br \/>\nR: Sim, a etiqueta pode ser lida a uma dist\u00e2ncia de v\u00e1rios cent\u00edmetros, dependendo do leitor utilizado.<\/span><\/p>\n<h4 class=\"AnswerParser_AnswerParserH4__ghxg8\">7. Produtos relacionados<\/h4>\n<p><span class=\"AnswerParser_TextContainer__z_Iiv\" data-testid=\"youchat-text\">Al\u00e9m da etiqueta de vidro RFID FDX-B, oferecemos uma gama de produtos relacionados, incluindo leitores RFID e solu\u00e7\u00f5es de software para gerenciamento de animais. Esses produtos podem aprimorar suas capacidades de rastreamento e agilizar suas opera\u00e7\u00f5es.<\/span><\/p>\n<h4 class=\"AnswerParser_AnswerParserH4__ghxg8\">8. Garantia de qualidade<\/h4>\n<p><span class=\"AnswerParser_TextContainer__z_Iiv\" data-testid=\"youchat-text\">A etiqueta de vidro RFID FDX-B \u00e9 fabricada sob rigorosas medidas de controle de qualidade, garantindo qualidade e desempenho consistentes. Ela \u00e9 credenciada por v\u00e1rios padr\u00f5es internacionais, incluindo ISO 9001, ISO 14001 e ISO 45001, fornecendo garantia de sua confiabilidade e seguran\u00e7a.<\/span><\/p>\n<h4 class=\"AnswerParser_AnswerParserH4__ghxg8\">9. Conclus\u00e3o<\/h4>\n<p><span class=\"AnswerParser_TextContainer__z_Iiv\" data-testid=\"youchat-text\">Investir em\u00a0<strong>FDX-B 134,2 kHz RFID Animal ID Glass Tag Seringa Transponder<\/strong>\u00a0\u00e9 uma escolha inteligente para qualquer pessoa envolvida no cuidado de animais. Seus recursos avan\u00e7ados, facilidade de uso e comprometimento com a seguran\u00e7a o tornam uma ferramenta inestim\u00e1vel para o gerenciamento eficaz de animais. Seja voc\u00ea um veterin\u00e1rio, criador ou dono de animal de estima\u00e7\u00e3o, esta etiqueta de vidro RFID aumentar\u00e1 sua capacidade de rastrear e identificar animais de forma eficiente.<\/span><\/p>\n<h4 class=\"AnswerParser_AnswerParserH4__ghxg8\">10. Chamada para a\u00e7\u00e3o<\/h4>\n<p><span class=\"AnswerParser_TextContainer__z_Iiv\" data-testid=\"youchat-text\">Pronto para melhorar suas pr\u00e1ticas de gerenciamento animal?\u00a0<strong>Entre em contato conosco hoje<\/strong>\u00a0para saber mais sobre a etiqueta de vidro RFID FDX-B e explorar nossa gama de solu\u00e7\u00f5es RFID. Preencha nosso formul\u00e1rio de consulta para uma amostra gr\u00e1tis ou para discutir suas necessidades espec\u00edficas com nossos especialistas!<\/span><\/p>","protected":false},"excerpt":{"rendered":"<p>O transponder de seringa com etiqueta de vidro para identifica\u00e7\u00e3o de animais RFID FDX-B de 134,2 kHz \u00e9 uma solu\u00e7\u00e3o de ponta para identifica\u00e7\u00e3o e gerenciamento de animais.<\/p>","protected":false},"featured_media":2793,"template":"","meta":{"_kad_post_transparent":"default","_kad_post_title":"","_kad_post_layout":"default","_kad_post_sidebar_id":"","_kad_post_content_style":"default","_kad_post_vertical_padding":"default","_kad_post_feature":"","_kad_post_feature_position":"","_kad_post_header":false,"_kad_post_footer":false,"_kad_post_classname":""},"product_brand":[],"product_cat":[54],"product_tag":[327,330,329,328],"class_list":{"0":"post-2792","1":"product","2":"type-product","3":"status-publish","4":"has-post-thumbnail","6":"product_cat-hot-selling-rfid-tags","7":"product_tag-fdx-b-134-2khz-rfid-animal-tag","8":"product_tag-rfid-animal-id-glass-tag-syringe","9":"product_tag-rfid-glass-tag-syringe-animal-microchip","10":"product_tag-rfid-pet-microchip-implant-capsule","12":"first","13":"instock","14":"shipping-taxable","15":"product-type-simple","16":"entry","17":"content-bg","18":"loop-entry"},"_links":{"self":[{"href":"https:\/\/rfid-laundry-tag.com\/pt\/wp-json\/wp\/v2\/product\/2792","targetHints":{"allow":["GET"]}}],"collection":[{"href":"https:\/\/rfid-laundry-tag.com\/pt\/wp-json\/wp\/v2\/product"}],"about":[{"href":"https:\/\/rfid-laundry-tag.com\/pt\/wp-json\/wp\/v2\/types\/product"}],"version-history":[{"count":2,"href":"https:\/\/rfid-laundry-tag.com\/pt\/wp-json\/wp\/v2\/product\/2792\/revisions"}],"predecessor-version":[{"id":2797,"href":"https:\/\/rfid-laundry-tag.com\/pt\/wp-json\/wp\/v2\/product\/2792\/revisions\/2797"}],"wp:featuredmedia":[{"embeddable":true,"href":"https:\/\/rfid-laundry-tag.com\/pt\/wp-json\/wp\/v2\/media\/2793"}],"wp:attachment":[{"href":"https:\/\/rfid-laundry-tag.com\/pt\/wp-json\/wp\/v2\/media?parent=2792"}],"wp:term":[{"taxonomy":"product_brand","embeddable":true,"href":"https:\/\/rfid-laundry-tag.com\/pt\/wp-json\/wp\/v2\/product_brand?post=2792"},{"taxonomy":"product_cat","embeddable":true,"href":"https:\/\/rfid-laundry-tag.com\/pt\/wp-json\/wp\/v2\/product_cat?post=2792"},{"taxonomy":"product_tag","embeddable":true,"href":"https:\/\/rfid-laundry-tag.com\/pt\/wp-json\/wp\/v2\/product_tag?post=2792"}],"curies":[{"name":"wp","href":"https:\/\/api.w.org\/{rel}","templated":true}]}}