{"id":2790,"date":"2024-10-29T10:34:39","date_gmt":"2024-10-29T10:34:39","guid":{"rendered":"https:\/\/rfid-laundry-tag.com\/?post_type=product&#038;p=2790"},"modified":"2024-10-29T10:49:45","modified_gmt":"2024-10-29T10:49:45","slug":"rfid-pet-microchip-implant-capsule","status":"publish","type":"product","link":"https:\/\/rfid-laundry-tag.com\/pt\/rfid-pet-microchip-implant-capsule\/","title":{"rendered":"C\u00e1psula de implante de microchip RFID para animais de estima\u00e7\u00e3o"},"content":{"rendered":"<p><span class=\"AnswerParser_TextContainer__z_Iiv\" data-testid=\"youchat-text\"><strong>C\u00e1psula de implante de microchip RFID para animais de estima\u00e7\u00e3o<\/strong>\u00a0oferece uma solu\u00e7\u00e3o confi\u00e1vel e eficiente para donos de animais de estima\u00e7\u00e3o que buscam manter o controle de seus animais. Este produto inovador foi projetado para fornecer um m\u00e9todo de identifica\u00e7\u00e3o permanente que seja seguro e eficaz. Com sua tecnologia avan\u00e7ada e materiais de grau m\u00e9dico, este microchip \u00e9 essencial para a posse respons\u00e1vel de animais de estima\u00e7\u00e3o.<\/span><\/p>\n<h2 class=\"AnswerParser_AnswerParserH2__SIHnF\">Por que escolher a c\u00e1psula de implante de microchip RFID para animais de estima\u00e7\u00e3o?<\/h2>\n<p><span class=\"AnswerParser_TextContainer__z_Iiv\" data-testid=\"youchat-text\">A c\u00e1psula de implante de microchip RFID Pet n\u00e3o \u00e9 apenas um produto; \u00e9 um compromisso com a seguran\u00e7a do seu animal de estima\u00e7\u00e3o. Ao implantar este microchip, voc\u00ea garante que seu animal de estima\u00e7\u00e3o possa ser facilmente identificado se ele se perder. O microchip \u00e9 pequeno, dur\u00e1vel e feito de\u00a0<strong>biovidro<\/strong>, tornando-o seguro para implanta\u00e7\u00e3o. Com uma variedade de tamanhos dispon\u00edveis, incluindo\u00a0<strong>1,25*7mm<\/strong>,\u00a0<strong>2*12mm<\/strong>, e mais, pode ser usado para animais de estima\u00e7\u00e3o de todos os tamanhos, desde peixes pequenos at\u00e9 c\u00e3es grandes.<\/span><\/p>\n<h3 class=\"AnswerParser_AnswerParserH3__Mpe4s\">Principais benef\u00edcios:<\/h3>\n<ul class=\"AnswerParser_AnswerParserUnorderedList__P_1FW\">\n<li class=\"AnswerParser_ListItem__XqLOV\" translate=\"yes\"><strong>Identifica\u00e7\u00e3o Permanente<\/strong>: Ao contr\u00e1rio de coleiras ou etiquetas, o microchip n\u00e3o pode ser perdido ou removido.<\/li>\n<li class=\"AnswerParser_ListItem__XqLOV\" translate=\"yes\"><strong>Esteriliza\u00e7\u00e3o de grau m\u00e9dico<\/strong>:Cada c\u00e1psula passa por\u00a0<strong>Esteriliza\u00e7\u00e3o de grau m\u00e9dico 100%<\/strong>, garantindo a seguran\u00e7a durante a implanta\u00e7\u00e3o.<\/li>\n<li class=\"AnswerParser_ListItem__XqLOV\" translate=\"yes\"><strong>Caracter\u00edsticas antibacterianas e antial\u00e9rgicas<\/strong>: O chip foi projetado para minimizar o risco de infec\u00e7\u00e3o e rea\u00e7\u00f5es al\u00e9rgicas.<\/li>\n<\/ul>\n<h2 class=\"AnswerParser_AnswerParserH2__SIHnF\">Caracter\u00edsticas do produto<\/h2>\n<h3 class=\"AnswerParser_AnswerParserH3__Mpe4s\">1. Tecnologia avan\u00e7ada<\/h3>\n<p><span class=\"AnswerParser_TextContainer__z_Iiv\" data-testid=\"youchat-text\">A c\u00e1psula de implante de microchip RFID para animais de estima\u00e7\u00e3o opera em uma frequ\u00eancia de\u00a0<strong>134,2 KHz<\/strong>, cumprindo com o\u00a0<strong>Norma ISO 11784\/785<\/strong>\u00a0e\u00a0<strong>Norma ISO 14443A<\/strong>\u00a0protocolos. Isso garante compatibilidade com v\u00e1rios leitores RFID, facilitando a digitaliza\u00e7\u00e3o e a recupera\u00e7\u00e3o das informa\u00e7\u00f5es do seu animal de estima\u00e7\u00e3o.<\/span><\/p>\n<h3 class=\"AnswerParser_AnswerParserH3__Mpe4s\">2. Material dur\u00e1vel e seguro<\/h3>\n<p><span class=\"AnswerParser_TextContainer__z_Iiv\" data-testid=\"youchat-text\">Constru\u00eddo a partir de\u00a0<strong>biovidro<\/strong>, o microchip \u00e9 projetado para suportar os rigores do estilo de vida de um animal. O\u00a0<strong>revestimento de parileno<\/strong>\u00a0evita a migra\u00e7\u00e3o ap\u00f3s a implanta\u00e7\u00e3o, garantindo que o chip permane\u00e7a firmemente no lugar.<\/span><\/p>\n<h3 class=\"AnswerParser_AnswerParserH3__Mpe4s\">3. Op\u00e7\u00f5es de tamanho<\/h3>\n<p><span class=\"AnswerParser_TextContainer__z_Iiv\" data-testid=\"youchat-text\">Dispon\u00edvel em v\u00e1rios tamanhos, a c\u00e1psula de implante de microchip RFID para animais de estima\u00e7\u00e3o atende a diferentes animais:<\/span><\/p>\n<ul class=\"AnswerParser_AnswerParserUnorderedList__P_1FW\">\n<li class=\"AnswerParser_ListItem__XqLOV\" translate=\"yes\"><strong>1,25*7mm<\/strong>: Ideal para pequenos animais de estima\u00e7\u00e3o, como peixes e ratos.<\/li>\n<li class=\"AnswerParser_ListItem__XqLOV\" translate=\"yes\"><strong>2*12mm<\/strong>:Comumente usado para c\u00e3es, gatos e animais maiores.<\/li>\n<\/ul>\n<h3 class=\"AnswerParser_AnswerParserH3__Mpe4s\">4. F\u00e1cil Implanta\u00e7\u00e3o<\/h3>\n<p><span class=\"AnswerParser_TextContainer__z_Iiv\" data-testid=\"youchat-text\">O microchip pode ser facilmente implantado usando uma seringa, tornando o processo r\u00e1pido e indolor para seu animal de estima\u00e7\u00e3o. O\u00a0<strong>injetor<\/strong>\u00a0\u00e9 projetado para precis\u00e3o, garantindo que o chip seja colocado corretamente.<\/span><\/p>\n<h3 class=\"AnswerParser_AnswerParserH3__Mpe4s\">5. N\u00famero de identifica\u00e7\u00e3o program\u00e1vel<\/h3>\n<p><span class=\"AnswerParser_TextContainer__z_Iiv\" data-testid=\"youchat-text\">Cada microchip vem com um n\u00famero de ID exclusivo que pode ser programado para vincular \u00e0s informa\u00e7\u00f5es do seu animal de estima\u00e7\u00e3o, incluindo hist\u00f3rico m\u00e9dico e detalhes do propriet\u00e1rio. Esse recurso aumenta as chances de uma reuni\u00e3o bem-sucedida se seu animal de estima\u00e7\u00e3o desaparecer.<\/span><\/p>\n<h2 class=\"AnswerParser_AnswerParserH2__SIHnF\">Impacto Ambiental<\/h2>\n<p><span class=\"AnswerParser_TextContainer__z_Iiv\" data-testid=\"youchat-text\">A c\u00e1psula de implante de microchip RFID Pet foi projetada com a sustentabilidade em mente. Os materiais usados s\u00e3o ecologicamente corretos e o processo de fabrica\u00e7\u00e3o segue rigorosos\u00a0<strong>ISO 9001<\/strong>\u00a0e\u00a0<strong>ISO 14001<\/strong>\u00a0padr\u00f5es. Este compromisso com a qualidade e a sustentabilidade garante que voc\u00ea esteja fazendo uma escolha respons\u00e1vel para seu animal de estima\u00e7\u00e3o e para o planeta.<\/span><\/p>\n<h2 class=\"AnswerParser_AnswerParserH2__SIHnF\">Avalia\u00e7\u00f5es de clientes<\/h2>\n<p><span class=\"AnswerParser_TextContainer__z_Iiv\" data-testid=\"youchat-text\">Muitos donos de animais de estima\u00e7\u00e3o encontraram paz de esp\u00edrito ap\u00f3s implantar a C\u00e1psula RFID Pet Microchip em seus animais de estima\u00e7\u00e3o. Aqui est\u00e3o alguns depoimentos:<\/span><\/p>\n<ul class=\"AnswerParser_AnswerParserUnorderedList__P_1FW\">\n<li class=\"AnswerParser_ListItem__XqLOV\" translate=\"yes\"><strong>Sarah T.<\/strong>: \u201cEu estava preocupada com a possibilidade de minha gata se perder, mas agora me sinto muito melhor sabendo que ela tem um microchip. \u00c9 um pequeno pre\u00e7o a pagar pela seguran\u00e7a dela!\u201d<\/li>\n<li class=\"AnswerParser_ListItem__XqLOV\" translate=\"yes\"><strong>Jo\u00e3o D.<\/strong>: \u201cO processo de implanta\u00e7\u00e3o foi r\u00e1pido e f\u00e1cil. Eu recomendo fortemente este produto a todos os donos de animais de estima\u00e7\u00e3o.\u201d<\/li>\n<\/ul>\n<h2 class=\"AnswerParser_AnswerParserH2__SIHnF\">Perguntas frequentes<\/h2>\n<h3 class=\"AnswerParser_AnswerParserH3__Mpe4s\">Como funciona o microchip RFID para animais de estima\u00e7\u00e3o?<\/h3>\n<p><span class=\"AnswerParser_TextContainer__z_Iiv\" data-testid=\"youchat-text\">O microchip usa tecnologia de identifica\u00e7\u00e3o por radiofrequ\u00eancia para transmitir o n\u00famero de identifica\u00e7\u00e3o exclusivo do seu animal de estima\u00e7\u00e3o para um scanner. Essas informa\u00e7\u00f5es podem ent\u00e3o ser vinculadas aos seus detalhes de contato.<\/span><\/p>\n<h3 class=\"AnswerParser_AnswerParserH3__Mpe4s\">O processo de implanta\u00e7\u00e3o \u00e9 doloroso para meu animal de estima\u00e7\u00e3o?<\/h3>\n<p><span class=\"AnswerParser_TextContainer__z_Iiv\" data-testid=\"youchat-text\">A implanta\u00e7\u00e3o \u00e9 semelhante a uma vacina\u00e7\u00e3o de rotina e geralmente \u00e9 r\u00e1pida e indolor. A maioria dos animais de estima\u00e7\u00e3o sente desconforto m\u00ednimo.<\/span><\/p>\n<h3 class=\"AnswerParser_AnswerParserH3__Mpe4s\">O microchip pode ser removido?<\/h3>\n<p><span class=\"AnswerParser_TextContainer__z_Iiv\" data-testid=\"youchat-text\">N\u00e3o, o RFID Pet Microchip \u00e9 projetado para ser uma forma permanente de identifica\u00e7\u00e3o. Ele n\u00e3o pode ser removido depois de implantado.<\/span><\/p>\n<h3 class=\"AnswerParser_AnswerParserH3__Mpe4s\">E se meu animal de estima\u00e7\u00e3o se perder?<\/h3>\n<p><span class=\"AnswerParser_TextContainer__z_Iiv\" data-testid=\"youchat-text\">Se seu animal de estima\u00e7\u00e3o for encontrado e escaneado, o n\u00famero de identifica\u00e7\u00e3o exclusivo fornecer\u00e1 acesso \u00e0s suas informa\u00e7\u00f5es de contato, permitindo um reencontro r\u00e1pido.<\/span><\/p>\n<h2 class=\"AnswerParser_AnswerParserH2__SIHnF\">Conclus\u00e3o<\/h2>\n<p><span class=\"AnswerParser_TextContainer__z_Iiv\" data-testid=\"youchat-text\">Investir em\u00a0<strong>C\u00e1psula de implante de microchip RFID para animais de estima\u00e7\u00e3o<\/strong>\u00a0\u00e9 um passo proativo para garantir a seguran\u00e7a e o bem-estar do seu animal de estima\u00e7\u00e3o. Com sua tecnologia avan\u00e7ada, materiais dur\u00e1veis e facilidade de uso, este microchip \u00e9 uma ferramenta essencial para a posse respons\u00e1vel de animais de estima\u00e7\u00e3o. N\u00e3o espere at\u00e9 que seja tarde demais \u2014 garanta o futuro do seu animal de estima\u00e7\u00e3o hoje com esta solu\u00e7\u00e3o de identifica\u00e7\u00e3o confi\u00e1vel.<\/span><span class=\"AnswerParser_TextContainer__z_Iiv\" data-testid=\"youchat-text\">Para mais informa\u00e7\u00f5es ou para fazer um pedido, preencha nosso formul\u00e1rio de consulta. Seu animal de estima\u00e7\u00e3o merece o melhor!<\/span><\/p>","protected":false},"excerpt":{"rendered":"<p>A c\u00e1psula de implante de microchip RFID para animais de estima\u00e7\u00e3o oferece identifica\u00e7\u00e3o confi\u00e1vel e humana de animais com design de biovidro dur\u00e1vel, garantindo seguran\u00e7a e precis\u00e3o para v\u00e1rias esp\u00e9cies.<\/p>","protected":false},"featured_media":2787,"template":"","meta":{"_kad_post_transparent":"default","_kad_post_title":"","_kad_post_layout":"default","_kad_post_sidebar_id":"","_kad_post_content_style":"default","_kad_post_vertical_padding":"default","_kad_post_feature":"","_kad_post_feature_position":"","_kad_post_header":false,"_kad_post_footer":false,"_kad_post_classname":""},"product_brand":[],"product_cat":[54],"product_tag":[327,326,329,328],"class_list":{"0":"post-2790","1":"product","2":"type-product","3":"status-publish","4":"has-post-thumbnail","6":"product_cat-hot-selling-rfid-tags","7":"product_tag-fdx-b-134-2khz-rfid-animal-tag","8":"product_tag-rfid-animal-id-glass-tag","9":"product_tag-rfid-glass-tag-syringe-animal-microchip","10":"product_tag-rfid-pet-microchip-implant-capsule","12":"first","13":"instock","14":"shipping-taxable","15":"product-type-simple","16":"entry","17":"content-bg","18":"loop-entry"},"_links":{"self":[{"href":"https:\/\/rfid-laundry-tag.com\/pt\/wp-json\/wp\/v2\/product\/2790","targetHints":{"allow":["GET"]}}],"collection":[{"href":"https:\/\/rfid-laundry-tag.com\/pt\/wp-json\/wp\/v2\/product"}],"about":[{"href":"https:\/\/rfid-laundry-tag.com\/pt\/wp-json\/wp\/v2\/types\/product"}],"version-history":[{"count":1,"href":"https:\/\/rfid-laundry-tag.com\/pt\/wp-json\/wp\/v2\/product\/2790\/revisions"}],"predecessor-version":[{"id":2791,"href":"https:\/\/rfid-laundry-tag.com\/pt\/wp-json\/wp\/v2\/product\/2790\/revisions\/2791"}],"wp:featuredmedia":[{"embeddable":true,"href":"https:\/\/rfid-laundry-tag.com\/pt\/wp-json\/wp\/v2\/media\/2787"}],"wp:attachment":[{"href":"https:\/\/rfid-laundry-tag.com\/pt\/wp-json\/wp\/v2\/media?parent=2790"}],"wp:term":[{"taxonomy":"product_brand","embeddable":true,"href":"https:\/\/rfid-laundry-tag.com\/pt\/wp-json\/wp\/v2\/product_brand?post=2790"},{"taxonomy":"product_cat","embeddable":true,"href":"https:\/\/rfid-laundry-tag.com\/pt\/wp-json\/wp\/v2\/product_cat?post=2790"},{"taxonomy":"product_tag","embeddable":true,"href":"https:\/\/rfid-laundry-tag.com\/pt\/wp-json\/wp\/v2\/product_tag?post=2790"}],"curies":[{"name":"wp","href":"https:\/\/api.w.org\/{rel}","templated":true}]}}